{"id":69771,"date":"2012-08-06T10:13:16","date_gmt":"2012-08-06T15:13:16","guid":{"rendered":"https:\/\/www.bjultrasonic.com\/shop\/ultrasonic-biodiesel-reactor\/"},"modified":"2026-03-28T20:17:05","modified_gmt":"2026-03-29T01:17:05","slug":"ultrasonic-biodiesel-reactor","status":"publish","type":"product","link":"https:\/\/www.bjultrasonic.com\/de\/shop\/ultrasonic-biodiesel-reactor\/","title":{"rendered":"Ultraschall-Biodiesel-Reaktor"},"content":{"rendered":"<table class=\"table table-striped table-bordered\" border=\"0\" cellspacing=\"0\" cellpadding=\"0\">\n<tbody>\n<tr>\n<td valign=\"top\" width=\"82\">Typ<\/td>\n<td valign=\"top\" width=\"81\">Frequenz<br \/>\n(KHz)<\/td>\n<td valign=\"top\" width=\"60\">Leistung<\/td>\n<td valign=\"top\" width=\"60\">Durchmesser<br \/>\n(mm)<\/td>\n<td valign=\"top\" width=\"63\">L\u00e4nge<br \/>\n(mm)<\/td>\n<td valign=\"top\" width=\"90\">Statische Kapazit\u00e4t (pF\u00b110%)<\/td>\n<\/tr>\n<tr>\n<td valign=\"top\" width=\"82\"><a href=\"https:\/\/www.bjultrasonic.com\/de\/shop\/ultrasonic-biodiesel-reactor-bjr-500\/\">BJR-500<\/a><\/td>\n<td valign=\"top\" width=\"81\">27<\/td>\n<td valign=\"top\" width=\"68\">500<\/td>\n<td valign=\"top\" width=\"90\">\u03a673<\/td>\n<td valign=\"top\" width=\"63\">323<\/td>\n<td valign=\"top\" width=\"80\">68000<\/td>\n<\/tr>\n<tr>\n<td valign=\"top\" width=\"82\"><a href=\"https:\/\/www.bjultrasonic.com\/de\/shop\/ultrasonic-biodiesel-reactor-bjr-1000\/\">BJR-1000<\/a><\/td>\n<td valign=\"top\" width=\"81\">27<\/td>\n<td valign=\"top\" width=\"68\">1000<\/td>\n<td valign=\"top\" width=\"90\">\u03a673<\/td>\n<td valign=\"top\" width=\"63\">458<\/td>\n<td valign=\"top\" width=\"80\">68000<\/td>\n<\/tr>\n<tr>\n<td valign=\"top\" width=\"82\"><a href=\"https:\/\/www.bjultrasonic.com\/de\/shop\/ultrasonic-biodiesel-reactor-bjr-1100\/\">BJR-1100<\/a><\/td>\n<td valign=\"top\" width=\"81\">27<\/td>\n<td valign=\"top\" width=\"68\">1100<\/td>\n<td valign=\"top\" width=\"90\">\u03a673<\/td>\n<td valign=\"top\" width=\"63\">624<\/td>\n<td valign=\"top\" width=\"80\">68000<\/td>\n<\/tr>\n<tr>\n<td valign=\"top\" width=\"82\"><a href=\"https:\/\/www.bjultrasonic.com\/de\/shop\/ultrasonic-biodiesel-reactor-bjr-1200\/\">BJR-1200<\/a><\/td>\n<td valign=\"top\" width=\"81\">27<\/td>\n<td valign=\"top\" width=\"68\">1200<\/td>\n<td valign=\"top\" width=\"90\">\u03a673<\/td>\n<td valign=\"top\" width=\"63\">790<\/td>\n<td valign=\"top\" width=\"80\">68000<\/td>\n<\/tr>\n<tr>\n<td valign=\"top\" width=\"82\"><a href=\"https:\/\/www.bjultrasonic.com\/de\/shop\/ultrasonic-biodiesel-reactor-bjr-1300\/\">BJR-1300<\/a><\/td>\n<td valign=\"top\" width=\"81\">27<\/td>\n<td valign=\"top\" width=\"68\">1300<\/td>\n<td valign=\"top\" width=\"90\">\u03a673<\/td>\n<td valign=\"top\" width=\"63\">957<\/td>\n<td valign=\"top\" width=\"80\">68000<\/td>\n<\/tr>\n<tr>\n<td valign=\"top\" width=\"82\"><a href=\"https:\/\/www.bjultrasonic.com\/de\/shop\/ultrasonic-biodiesel-reactor-bjr-1500\/\">BJR-1500<\/a><\/td>\n<td valign=\"top\" width=\"81\">27<\/td>\n<td valign=\"top\" width=\"68\">1500<\/td>\n<td valign=\"top\" width=\"90\">\u03a673<\/td>\n<td valign=\"top\" width=\"63\">1123<\/td>\n<td valign=\"top\" width=\"80\">68000<\/td>\n<\/tr>\n<tr>\n<td valign=\"top\" width=\"82\"><a href=\"https:\/\/www.bjultrasonic.com\/de\/shop\/ultrasonic-biodiesel-reactor-bjr-2000\/\">BJR-2000<\/a><\/td>\n<td valign=\"top\" width=\"81\">27<\/td>\n<td valign=\"top\" width=\"68\">2000<\/td>\n<td valign=\"top\" width=\"90\">\u03a673<\/td>\n<td valign=\"top\" width=\"63\">910<\/td>\n<td valign=\"top\" width=\"80\">132000<\/td>\n<\/tr>\n<\/tbody>\n<\/table>\n<h3>Warum die besten Biodiesel-Verarbeitungssets Ultraschall-Biodieselreaktoren verwenden<\/h3>\n<p>Das Interesse an Biodiesel-Verarbeitungskits hat in den letzten Jahren stark zugenommen. Die M\u00f6glichkeit, eigenen Biodiesel herzustellen, ist ein gro\u00dfer Vorteil, besonders in Zeiten, in denen die Preise f\u00fcr Erd\u00f6lkraftstoff sehr hoch sind. Biodiesel gilt nicht nur wegen seines relativ niedrigeren Preises als beste Alternative zu Erd\u00f6lkraftstoff. Biodiesel ist umweltfreundlich, ungiftig und biologisch abbaubar.<\/p>\n<p>Durch die Verwendung von Biodiesel-Verarbeitungskits kann Kraftstoff, der in fast allen Dieselmotoren verwendet werden kann, einfach zu Hause hergestellt werden. Die Zutaten zur Herstellung von Biodiesel sind leicht zu beschaffen, und die Hauptzutat ist h\u00f6chstwahrscheinlich bereits in Ihrem Haushalt vorhanden. Die Hauptzutat von Biodiesel ist Pflanzen\u00f6l. Egal, ob das Pflanzen\u00f6l in Ihrer K\u00fcche neu oder gebraucht ist, es kann in Biodiesel umgewandelt werden.<\/p>\n<p>Die Zutaten durchlaufen mehrere Prozesse. Sie werden vermischt, getrennt, erhitzt, gewaschen, getrocknet und gefiltert. Alle diese Prozesse werden vom Biodiesel-Prozessor durchgef\u00fchrt. Sie m\u00fcssen nur die Zutaten in den Prozessor gie\u00dfen und die Maschine starten. Wenn der Biodiesel fertig ist, k\u00f6nnen Sie ihn entweder entnehmen, wenn Sie ihn bereits ben\u00f6tigen, oder im Prozessor belassen, bis Sie ihn verwenden m\u00f6chten. Die Aufbewahrung von Biodiesel in einem Biodiesel-Prozessor ist eine gute M\u00f6glichkeit, den Kraftstoff zu lagern. Der Prozessor kann die Qualit\u00e4t des hergestellten Biodiesels erhalten.<\/p>\n<p><img loading=\"lazy\" decoding=\"async\" title=\"Biodiesel Processor Kits\" src=\"\/\/www.bjultrasonic.com\/wp-content\/uploads\/2012\/08\/Biodiesel-Processor-Kits.jpg\" alt=\"Biodiesel Processor Kits\" width=\"628\" height=\"295\" \/><\/p>\n<p>Die Herstellung von Biodiesel ist nichts, wovor man Angst haben m\u00fcsste. Es ist einfach und sicher. Alle Zutaten sind ungiftig und alle Prozesse werden vom Biodiesel-Prozessor auf sichere und effiziente Weise ausgef\u00fchrt. Solange Sie den Deckel des Prozessors w\u00e4hrend der Biodieselproduktion nicht abnehmen, wird kein unerw\u00fcnschter Zwischenfall eintreten. W\u00e4hrend des Erhitzungsprozesses ist die Temperatur im Inneren des Prozessors extrem hoch. Wenn das \u00d6l versch\u00fcttet wird oder Ihre Haut ber\u00fchrt, kann dies zu Verbrennungen f\u00fchren.<\/p>\n<p>Biodiesel-Verarbeitungskits sind nicht teuer. Sie kosten weniger als tausend Dollar. Viele sind sogar f\u00fcr nur wenige hundert Dollar erh\u00e4ltlich. Der Preis eines Biodiesel-Prozessors ist im Vergleich zu den Einsparungen, die Sie erzielen werden, gering. Die Preise f\u00fcr Erd\u00f6lkraftstoff sind hoch und werden nur noch weiter steigen. Andererseits sind die Zutaten zur Herstellung von Biodiesel g\u00fcnstig. Wenn das verwendete Pflanzen\u00f6l nicht neu ist, sind die Einsparungen sogar noch gr\u00f6\u00dfer. Der Preis des selbst hergestellten Biodiesels betr\u00e4gt nur wenige Cent pro Liter. Das ist deutlich niedriger als die Preise f\u00fcr Erd\u00f6lkraftstoff.<\/p>\n<p>Jeder Biodiesel-Prozessor enth\u00e4lt einen Biodiesel-Reaktor. Es ist der Biodiesel-Reaktor, der die Produktion von Biodiesel beschleunigt. Er bewirkt Veresterung und Umesterung, die chemischen Reaktionen, die die Zutaten in Biodiesel umwandeln. Es gibt zwei Arten von Biodiesel-Reaktoren: Ultraschall-Biodiesel-Reaktor und Scher-Biodiesel-Reaktor. Von den beiden Typen ist der Ultraschall-Biodiesel-Reaktor besser.<\/p>\n<p>Der Ultraschall-Biodiesel-Reaktor produziert Biodiesel in der k\u00fcrzest m\u00f6glichen Zeit und auf die effizienteste Weise. Ultraschallwellen wirken auf die gemischten Zutaten ein und verursachen die Bildung und Implosion vieler winziger Bl\u00e4schen. Dies wird als Kavitation bezeichnet. Kavitation vermischt und erhitzt die Mischung gleichzeitig. Diese beiden Prozesse bewirken die Umesterung. Da ein Ultraschall-Biodiesel-Reaktor die Mischung gleichzeitig mischt und erhitzt, wird die ben\u00f6tigte Zeit zur Herstellung von Biodiesel erheblich reduziert. Daher werden die Mischungen durch Inline-Umesterung verarbeitet, anstatt sie chargenweise zu verarbeiten, was viel Zeit in Anspruch nimmt.<\/p>\n<p>Ultraschallwellen spielen eine sehr wichtige Rolle bei der Herstellung von Biodiesel. Sie sind sehr effektiv beim Mischen von Zutaten, die schwer zu kombinieren sind. Um Biodiesel herzustellen, m\u00fcssen die Zutaten gr\u00fcndlich vermischt werden. Wenn die Zutaten nicht richtig vermischt sind, wird entweder kein Biodiesel produziert oder der produzierte Biodiesel ist von geringer Qualit\u00e4t.<\/p>\n<p>Ultraschallwellen mischen und erhitzen die Zutaten. Wenn die Wellen mit den Zutaten in Kontakt kommen, bringen sie diese zu heftigen Vibrationen. Diese Vibrationen f\u00fchren zur Bildung von Kavitationsblasen. Wenn die Blasen implodieren, ziehen sich die Zutaten zusammen und vermischen sich. Diese Aktivit\u00e4t erh\u00f6ht die Temperatur der Mischung. Obwohl der Temperaturanstieg nicht gro\u00df ist, reicht er aus, um die Mischung reagieren zu lassen und die Reaktionszeit zu verk\u00fcrzen. Mit Hilfe von Ultraschallwellen wird Energie gespart, da die Temperatur nicht erh\u00f6ht werden muss.<\/p>\n<p>Ein Biodiesel-Prozessor mit Ultraschall-Biodiesel-Reaktor ist perfekt f\u00fcr jeden, der nicht Millionen Gallonen Biodiesel herstellen muss. Er ist der perfekte Prozessor f\u00fcr Sie, wenn Sie nur einige Gallonen Biodiesel auf einmal herstellen m\u00fcssen.<\/p>\n<h3>Vorteile<\/h3>\n<p><b>1. Reaktionszeit wird reduziert<\/b><\/p>\n<p>Ein Ultraschall-Biodieselreaktor verk\u00fcrzt die Reaktionszeit der Inhaltsstoffe erheblich. Dies geschieht durch das R\u00fchren der Inhaltsstoffe. Wenn die Inhaltsstoffe ger\u00fchrt werden, wird Methanol reduziert. Dies f\u00fchrt dazu, dass die Inhaltsstoffe aneinander haften und sich ordnungsgem\u00e4\u00df vermischen. Normalerweise wird eine Stunde ben\u00f6tigt, um die Inhaltsstoffe gr\u00fcndlich zu mischen. Mit Hilfe von Ultraschallwellen wird die ben\u00f6tigte Zeit auf weniger als eine Minute reduziert. Sobald die richtige Vermischung erfolgt ist, findet die Reaktion statt. Die R\u00fchrung durch Ultraschallwellen erh\u00f6ht auch die Qualit\u00e4t und Menge des produzierten Biodiesels.<\/p>\n<p>Jeder Ultraschall-Biodieselreaktor, den wir bei Beijing Ultrasonic haben, ist in der Lage, Veresterung und Umesterung durchzuf\u00fchren. Unsere Ultraschallreaktoren verursachen molekulare Kavitation. Dies vermischt die Inhaltsstoffe gr\u00fcndlich und f\u00fchrt zu einer vollst\u00e4ndigen Reaktion. Richtiges Mischen und Reagieren f\u00fchren zu einer gr\u00f6\u00dferen Menge an produziertem Biodiesel.<\/p>\n<p><b>2. Inline-Reaktoren sind einstellbar<\/b><\/p>\n<p>Ein Inline-Ultraschall-Biodieselreaktor erh\u00f6ht die Menge des produzierten Biodiesels durch kontinuierliche Durchflussverarbeitung anstelle der zeitaufw\u00e4ndigen Chargenverarbeitung. Die kontinuierliche Durchflussverarbeitung ist effizienter. Sie erfordert geringere Betriebskosten.<\/p>\n<p>Um Ihren Bed\u00fcrfnissen gerecht zu werden, k\u00f6nnen die Gr\u00f6\u00dfe und Kapazit\u00e4t unserer Inline-Ultraschall-Biodieselreaktoren angepasst werden. Die Anzahl der anzubringenden Reaktoren h\u00e4ngt von der Menge des zu produzierenden Biodiesels ab. Wenn mehr als ein Ultraschallreaktor ben\u00f6tigt wird, werden die Reaktoren in Reihe geschaltet.<\/p>\n<h3>Anwendungen<\/h3>\n<p>Ein Ultraschall-Biodieselreaktor hat mehrere Verwendungszwecke. Drei seiner Hauptanwendungen sind die folgenden:<\/p>\n<ul>\n<li>Zur Verarbeitung von Pflanzen\u00f6l, Alkohol und einem Katalysator zur Herstellung von Biodiesel<\/li>\n<li>Zur Reinigung von Tanks und Pipelines<\/li>\n<li>Zur Erzeugung chemischer Reaktionen wie Synthese und Trennung<\/li>\n<\/ul>\n<h3>Video<\/h3>\n<p><iframe loading=\"lazy\" title=\"Ultrasonic Reactors for Biodiesel Production\" width=\"500\" height=\"281\" src=\"https:\/\/www.youtube.com\/embed\/oe1tAvpuUjw?feature=oembed\" frameborder=\"0\" allow=\"accelerometer; autoplay; clipboard-write; encrypted-media; gyroscope; picture-in-picture; web-share\" referrerpolicy=\"strict-origin-when-cross-origin\" allowfullscreen><\/iframe><\/p>\n<p><iframe loading=\"lazy\" title=\"Biodiesel Processor Kits - Beijing Ultrasonic\" width=\"500\" height=\"281\" src=\"https:\/\/www.youtube.com\/embed\/OpgcM3CcI90?feature=oembed\" frameborder=\"0\" allow=\"accelerometer; autoplay; clipboard-write; encrypted-media; gyroscope; picture-in-picture; web-share\" referrerpolicy=\"strict-origin-when-cross-origin\" allowfullscreen><\/iframe><\/p>\n<h3>Verwandte Artikel<\/h3>\n<ul>\n<li><a href=\"https:\/\/www.bjultrasonic.com\/de\/learn-to-design-a-packed-bed-tubular-reactor\/\" target=\"_blank\" rel=\"noopener\">Lernen Sie, einen Festbett-R\u00f6hrenreaktor zu entwerfen<\/a><\/li>\n<li><a href=\"https:\/\/www.bjultrasonic.com\/de\/how-to-grow-algae-cheap-biodiesel-fuel\/\" target=\"_blank\" rel=\"noopener\">Wie man Algen z\u00fcchtet \u2013 g\u00fcnstiger Biodieselkraftstoff<\/a><\/li>\n<li><a href=\"https:\/\/www.bjultrasonic.com\/de\/what-is-the-difference-between-diesel-and-biodiesel\/\" target=\"_blank\" rel=\"noopener\">Unterschied zwischen Diesel und Biodiesel<\/a><\/li>\n<li><a href=\"https:\/\/www.bjultrasonic.com\/de\/what-is-a-biodiesel-reactor\/\" target=\"_blank\" rel=\"noopener\">Was ist ein Biodieselreaktor?<\/a><\/li>\n<li><a href=\"https:\/\/www.bjultrasonic.com\/de\/15-easy-steps-to-make-your-own-biodiesel-processor\/\" target=\"_blank\" rel=\"noopener\">15 einfache Schritte, um Ihren eigenen Biodieselprozessor herzustellen<\/a><\/li>\n<\/ul>\n<h3>Zahlung<\/h3>\n<p>Wir akzeptieren PayPal, T\/T &amp; Western Union.<\/p>\n<h3 class=\"shipping-methods\">Versand<\/h3>\n<p>Die Ware wird innerhalb von 48 Stunden nach Erhalt der vollen Zahlung versandt.<\/p>\n<ul>\n<li>Wir versenden die Ware an die Adresse, die in der PayPal-Zahlung angegeben ist. Bitte stellen Sie sicher, dass die Adresse in PayPal korrekt ist.<\/li>\n<li>Wir geben Ihnen die Sendungsverfolgungsnummer, nachdem wir die Ware versendet haben. In der Regel erhalten Sie die Ware innerhalb von f\u00fcnf Tagen.<\/li>\n<li>Wenn Sie Fragen haben, kontaktieren Sie uns bitte per E-Mail (unsere E-Mail-Adresse ist <a href=\"mailto:support@bjultrasonic.com\">support@bjultrasonic.com<\/a>)<\/li>\n<\/ul>\n<h3>Produktgarantie<\/h3>\n<p>Die Produktgarantiezeit betr\u00e4gt ein Jahr. Innerhalb der Garantiezeit k\u00f6nnen gekaufte Produkte kostenlose Wartung oder Austausch genie\u00dfen.<\/p>\n","protected":false},"excerpt":{"rendered":"<p>Ultraschallprozessoren f\u00fcr die Biodieselproduktion. Ultraschall-Biodieselreaktor produziert Biodiesel in k\u00fcrzester Zeit und auf effizienteste Weise.<\/p>\n","protected":false},"featured_media":42435,"comment_status":"open","ping_status":"closed","template":"","meta":[],"product_brand":[],"product_cat":[6276,6242],"product_tag":[],"class_list":{"0":"post-69771","1":"product","2":"type-product","3":"status-publish","4":"has-post-thumbnail","6":"product_cat-biodiesel-de","7":"product_cat-ultrasonic-processors-de","9":"first","10":"instock","11":"shipping-taxable","12":"product-type-external","13":"prodpage-classic"},"aioseo_notices":[],"_links":{"self":[{"href":"https:\/\/www.bjultrasonic.com\/de\/wp-json\/wp\/v2\/product\/69771","targetHints":{"allow":["GET"]}}],"collection":[{"href":"https:\/\/www.bjultrasonic.com\/de\/wp-json\/wp\/v2\/product"}],"about":[{"href":"https:\/\/www.bjultrasonic.com\/de\/wp-json\/wp\/v2\/types\/product"}],"replies":[{"embeddable":true,"href":"https:\/\/www.bjultrasonic.com\/de\/wp-json\/wp\/v2\/comments?post=69771"}],"wp:featuredmedia":[{"embeddable":true,"href":"https:\/\/www.bjultrasonic.com\/de\/wp-json\/wp\/v2\/media\/42435"}],"wp:attachment":[{"href":"https:\/\/www.bjultrasonic.com\/de\/wp-json\/wp\/v2\/media?parent=69771"}],"wp:term":[{"taxonomy":"product_brand","embeddable":true,"href":"https:\/\/www.bjultrasonic.com\/de\/wp-json\/wp\/v2\/product_brand?post=69771"},{"taxonomy":"product_cat","embeddable":true,"href":"https:\/\/www.bjultrasonic.com\/de\/wp-json\/wp\/v2\/product_cat?post=69771"},{"taxonomy":"product_tag","embeddable":true,"href":"https:\/\/www.bjultrasonic.com\/de\/wp-json\/wp\/v2\/product_tag?post=69771"}],"curies":[{"name":"wp","href":"https:\/\/api.w.org\/{rel}","templated":true}]}}