{"id":69791,"date":"2012-07-13T00:13:13","date_gmt":"2012-07-13T05:13:13","guid":{"rendered":"https:\/\/www.bjultrasonic.com\/shop\/ball-hemisphere-piezoelectric-ceramics\/"},"modified":"2026-03-28T20:17:03","modified_gmt":"2026-03-29T01:17:03","slug":"ball-hemisphere-piezoelectric-ceramics","status":"publish","type":"product","link":"https:\/\/www.bjultrasonic.com\/de\/shop\/ball-hemisphere-piezoelectric-ceramics\/","title":{"rendered":"Piezokeramische Kugel\/Hemisph\u00e4re"},"content":{"rendered":"<p><iframe loading=\"lazy\" title=\"Piezoelectric Ceramics | Piezoceramics\" width=\"500\" height=\"281\" src=\"https:\/\/www.youtube.com\/embed\/1Z8-9WdJKhQ?feature=oembed\" frameborder=\"0\" allow=\"accelerometer; autoplay; clipboard-write; encrypted-media; gyroscope; picture-in-picture; web-share\" referrerpolicy=\"strict-origin-when-cross-origin\" allowfullscreen><\/iframe><\/p>\n<h3>Wir k\u00f6nnen verschiedene piezoelektrische Keramiken nach Bedarf anpassen.<\/h3>\n<p>Das Material der piezoelektrischen Keramikkugel\/Halbkugel: PZT4, PZT5, PZT8 oder anderes gew\u00fcnschtes piezoelektrisches Material.<\/p>\n<p><img loading=\"lazy\" decoding=\"async\" class=\"alignnone wp-image-5012\" title=\"Piezoelectric Ceramic Ball Hemisphere\" src=\"\/\/www.bjultrasonic.com\/wp-content\/uploads\/2012\/07\/Piezoelectric-Ceramic-Ball-Hemisphere-2.jpg\" alt=\"Piezoelectric Ceramic Ball Hemisphere\" width=\"600\" height=\"359\" \/><\/p>\n<h2>Die Anwendungen der piezoelektrischen Keramikkugel\/Halbkugel<\/h2>\n<table id=\"wp-table-reloaded-id-120-no-1\" class=\"table table-striped table-bordered\">\n<tbody>\n<tr>\n<td>Ultraschallerfassung<\/td>\n<td>Behandlung Kunb<\/td>\n<td>Drucksensor<\/td>\n<\/tr>\n<tr>\n<td>biomedizinischer Sonar,<\/td>\n<td>Vibrationssensor<\/td>\n<td>Aktoren<\/td>\n<\/tr>\n<tr>\n<td>Stoffdispersion<\/td>\n<td>Drucksensor<\/td>\n<td>Thrombus beseitigen<\/td>\n<\/tr>\n<tr>\n<td>Ultraschall-Drucksensor<\/td>\n<td>Hochleistungsaktoren<\/td>\n<td>weitere Anwendungen<\/td>\n<\/tr>\n<\/tbody>\n<\/table>\n<h2>Standard-Spezifikation der piezoelektrischen Keramikkugel\/Halbkugel<\/h2>\n<table id=\"wp-table-reloaded-id-121-no-1\" class=\"table table-striped table-bordered\">\n<tbody>\n<tr>\n<td>Kugeldurchmesser (mm)<\/td>\n<td>Schlupfdurchmesser(mm)<\/td>\n<td>Dicke<\/td>\n<td>fr(MHz)<\/td>\n<td>Kr<\/td>\n<td>C(nf)<\/td>\n<td><\/td>\n<td><\/td>\n<\/tr>\n<tr>\n<td>P-33<\/td>\n<td>P-52<\/td>\n<td>P-81<\/td>\n<td><\/td>\n<td><\/td>\n<td><\/td>\n<td><\/td>\n<td><\/td>\n<\/tr>\n<tr>\n<td>5<\/td>\n<td>1.5<\/td>\n<td>0.5<\/td>\n<td>320<\/td>\n<td>0.4<\/td>\n<td>1.8<\/td>\n<td>3.5<\/td>\n<td><\/td>\n<\/tr>\n<tr>\n<td>10<\/td>\n<td>3<\/td>\n<td>0.8<\/td>\n<td>160<\/td>\n<td>0.4<\/td>\n<td>4.7<\/td>\n<td>8.8<\/td>\n<td><\/td>\n<\/tr>\n<tr>\n<td>15<\/td>\n<td>4<\/td>\n<td>1<\/td>\n<td>113<\/td>\n<td>0.4<\/td>\n<td>9.2<\/td>\n<td>17.3<\/td>\n<td><\/td>\n<\/tr>\n<tr>\n<td>20<\/td>\n<td>5<\/td>\n<td>1\uff5e1.5<\/td>\n<td>77<\/td>\n<td>0.4<\/td>\n<td>17.0<\/td>\n<td>32.0<\/td>\n<td><\/td>\n<\/tr>\n<tr>\n<td>25<\/td>\n<td>5<\/td>\n<td>1\uff5e1.5<\/td>\n<td>61<\/td>\n<td>0.4<\/td>\n<td>17.4<\/td>\n<td>32.8<\/td>\n<td><\/td>\n<\/tr>\n<tr>\n<td>30<\/td>\n<td>6<\/td>\n<td>1.5\uff5e3<\/td>\n<td>50<\/td>\n<td>0.4<\/td>\n<td>23.5<\/td>\n<td>44.3<\/td>\n<td><\/td>\n<\/tr>\n<tr>\n<td>40<\/td>\n<td>7<\/td>\n<td>2\uff5e4<\/td>\n<td>38<\/td>\n<td>0.4<\/td>\n<td>34.3<\/td>\n<td>64.6<\/td>\n<td><\/td>\n<\/tr>\n<tr>\n<td>50<\/td>\n<td>8<\/td>\n<td>2\uff5e4<\/td>\n<td>30<\/td>\n<td>0.4<\/td>\n<td>54.8<\/td>\n<td>103.2<\/td>\n<td><\/td>\n<\/tr>\n<tr>\n<td>12.5<\/td>\n<td>3.5<\/td>\n<td>2\uff5e5<\/td>\n<td>83<\/td>\n<td><\/td>\n<td>6.2<\/td>\n<td><\/td>\n<td>3.7<\/td>\n<\/tr>\n<tr>\n<td>25<\/td>\n<td>8<\/td>\n<td>2\uff5e5<\/td>\n<td><\/td>\n<td><\/td>\n<td>26.2<\/td>\n<td><\/td>\n<td>15.6<\/td>\n<\/tr>\n<tr>\n<td>37.5<\/td>\n<td>10<\/td>\n<td>2\uff5e5<\/td>\n<td><\/td>\n<td><\/td>\n<td><\/td>\n<td><\/td>\n<td>17.7<\/td>\n<\/tr>\n<tr>\n<td>50<\/td>\n<td>12<\/td>\n<td>3\uff5e6<\/td>\n<td><\/td>\n<td><\/td>\n<td><\/td>\n<td><\/td>\n<td>25.5<\/td>\n<\/tr>\n<tr>\n<td>Kugelf\u00f6rmige piezoelektrische Keramik:<br \/>\nAu\u00dfendurchmesser: 12mm\u2014100mm<br \/>\nDickenbereich: 0.3mm\u20146mmHalbkugelf\u00f6rmige piezoelektrische Keramik:Au\u00dfendurchmesser: 10mm\u2014160mm<br \/>\nDickenbereich: 0.6mm\u20146mmHinweis: Wir k\u00f6nnen verschiedene Gr\u00f6\u00dfen der piezoelektrischen Keramikkugel\/Halbkugel nach Bedarf entwerfen und anfertigen.<\/td>\n<td><\/td>\n<td><\/td>\n<td><\/td>\n<td><\/td>\n<td><\/td>\n<td><\/td>\n<td><\/td>\n<\/tr>\n<\/tbody>\n<\/table>\n<p><iframe loading=\"lazy\" title=\"Piezoceramic Ball\/ Hemisphere - Beijing Ultrasonic\" width=\"500\" height=\"281\" src=\"https:\/\/www.youtube.com\/embed\/cplC1OHVqNA?feature=oembed\" frameborder=\"0\" allow=\"accelerometer; autoplay; clipboard-write; encrypted-media; gyroscope; picture-in-picture; web-share\" referrerpolicy=\"strict-origin-when-cross-origin\" allowfullscreen><\/iframe><\/p>\n<h3>Zahlung<\/h3>\n<p>Wir akzeptieren PayPal, T\/T &#038; Western Union.<\/p>\n<h3 class=\"shipping-methods\">Versand<\/h3>\n<p>Die Ware wird innerhalb von 48 Stunden nach Erhalt der vollst\u00e4ndigen Zahlung versandt.<\/p>\n<ul>\n<li>Wir versenden die Ware an die in der PayPal-Zahlung angegebene Adresse. Bitte stellen Sie sicher, dass die Adresse in PayPal korrekt ist.<\/li>\n<li>Wir geben Ihnen die Sendungsnummer, nachdem wir die Ware versendet haben. In der Regel erhalten Sie die Ware innerhalb von f\u00fcnf Tagen.<\/li>\n<li>Wenn Sie Fragen haben, kontaktieren Sie uns bitte per E-Mail (unsere E-Mail-Adresse ist <a href=\"mailto:support@bjultrasonic.com\">support@bjultrasonic.com<\/a>)<\/li>\n<\/ul>\n<h3>Produktgarantie<\/h3>\n<p>Die Produktgarantiezeit betr\u00e4gt ein Jahr. Innerhalb der Garantiezeit k\u00f6nnen gekaufte Produkte kostenlos gewartet oder umgetauscht werden.<\/p>\n","protected":false},"excerpt":{"rendered":"<p>Wir k\u00f6nnen verschiedene piezoelektrische Keramiken nach Bedarf anpassen. Das Material der piezoelektrischen Keramikkugel\/Halbkugel: PZT4, PZT5, PZT8 oder anderes gew\u00fcnschtes piezoelektrisches Material. Die Anwendungen der piezoelektrischen Keramikkugel\/Halbkugel Ultraschallerfassung Behandlung Kunb Drucksensor biomedizinischer Sonar, Vibrationssensor Aktoren Stoffdispersion Drucksensor Thrombus beseitigen Ultraschall-Drucksensor Hochleistungsaktoren weitere Anwendungen Standard-Spezifikation der piezoelektrischen Keramikkugel\/Halbkugel Kugeldurchmesser (mm) Schlupfdurchmesser(mm) Dicke fr(MHz) Kr C(nf) P-33 P-52<\/p>\n","protected":false},"featured_media":23761,"comment_status":"open","ping_status":"closed","template":"","meta":[],"product_brand":[],"product_cat":[5648,5674],"product_tag":[],"class_list":{"0":"post-69791","1":"product","2":"type-product","3":"status-publish","4":"has-post-thumbnail","6":"product_cat-piezoelectric-ceramic-de","7":"product_cat-ball-hemisphere-piezoelectric-ceramics-de","9":"first","10":"instock","11":"shipping-taxable","12":"product-type-external","13":"prodpage-classic"},"aioseo_notices":[],"_links":{"self":[{"href":"https:\/\/www.bjultrasonic.com\/de\/wp-json\/wp\/v2\/product\/69791","targetHints":{"allow":["GET"]}}],"collection":[{"href":"https:\/\/www.bjultrasonic.com\/de\/wp-json\/wp\/v2\/product"}],"about":[{"href":"https:\/\/www.bjultrasonic.com\/de\/wp-json\/wp\/v2\/types\/product"}],"replies":[{"embeddable":true,"href":"https:\/\/www.bjultrasonic.com\/de\/wp-json\/wp\/v2\/comments?post=69791"}],"wp:featuredmedia":[{"embeddable":true,"href":"https:\/\/www.bjultrasonic.com\/de\/wp-json\/wp\/v2\/media\/23761"}],"wp:attachment":[{"href":"https:\/\/www.bjultrasonic.com\/de\/wp-json\/wp\/v2\/media?parent=69791"}],"wp:term":[{"taxonomy":"product_brand","embeddable":true,"href":"https:\/\/www.bjultrasonic.com\/de\/wp-json\/wp\/v2\/product_brand?post=69791"},{"taxonomy":"product_cat","embeddable":true,"href":"https:\/\/www.bjultrasonic.com\/de\/wp-json\/wp\/v2\/product_cat?post=69791"},{"taxonomy":"product_tag","embeddable":true,"href":"https:\/\/www.bjultrasonic.com\/de\/wp-json\/wp\/v2\/product_tag?post=69791"}],"curies":[{"name":"wp","href":"https:\/\/api.w.org\/{rel}","templated":true}]}}