{"id":69831,"date":"2012-07-12T22:49:31","date_gmt":"2012-07-13T03:49:31","guid":{"rendered":"https:\/\/www.bjultrasonic.com\/shop\/disc-piezoelectric-ceramics\/"},"modified":"2026-03-28T20:16:38","modified_gmt":"2026-03-29T01:16:38","slug":"disc-piezoelectric-ceramics","status":"publish","type":"product","link":"https:\/\/www.bjultrasonic.com\/de\/shop\/disc-piezoelectric-ceramics\/","title":{"rendered":"Piezokeramische Scheibe"},"content":{"rendered":"<p><iframe loading=\"lazy\" title=\"Piezoelectric Ceramics | Piezoceramics\" width=\"500\" height=\"281\" src=\"https:\/\/www.youtube.com\/embed\/1Z8-9WdJKhQ?feature=oembed\" frameborder=\"0\" allow=\"accelerometer; autoplay; clipboard-write; encrypted-media; gyroscope; picture-in-picture; web-share\" referrerpolicy=\"strict-origin-when-cross-origin\" allowfullscreen><\/iframe><\/p>\n<h3>Wir k\u00f6nnen verschiedene piezokeramische Scheiben nach Bedarf anpassen.<\/h3>\n<p>Das Material der 8&#215;2 piezokeramischen Scheiben: <strong>PZT5<\/strong><\/p>\n<p><img loading=\"lazy\" decoding=\"async\" class=\"alignnone wp-image-23759 size-full\" src=\"https:\/\/www.bjultrasonic.com\/wp-content\/uploads\/2012\/07\/Piezoceramic-Disc-2.jpg\" alt=\"Piezoceramic-Disc 2\" width=\"700\" height=\"525\" \/><\/p>\n<p><img loading=\"lazy\" decoding=\"async\" class=\"alignnone size-full wp-image-5007\" src=\"\/\/www.bjultrasonic.com\/wp-content\/uploads\/2012\/07\/Piezoelectric-Ceramic-Disc-4.jpg\" alt=\"Piezoelectric Ceramic Disc (4)\" width=\"600\" height=\"359\" \/><\/p>\n<h2>Anwendungen der piezokeramischen Scheibe<\/h2>\n<table id=\"wp-table-reloaded-id-115-no-1\" class=\"table table-striped table-bordered\">\n<tbody>\n<tr>\n<td>Piezo-Transducer-Vibration<\/td>\n<td>Zerst\u00e4uber-Transducer<\/td>\n<td>Stoffdispersion<\/td>\n<\/tr>\n<tr>\n<td>Sonar-Transducer<\/td>\n<td>Ultraschallsensor<\/td>\n<td>Wanddickensensor<\/td>\n<\/tr>\n<tr>\n<td>Materialspannungssensor<\/td>\n<td>Drucksensor<\/td>\n<td>Biomedizinische Sonde<\/td>\n<\/tr>\n<tr>\n<td>Piezoelektrische Energiegewinnung<\/td>\n<td>Fischfinder-Transducer<\/td>\n<td>Kompressionssensor<\/td>\n<\/tr>\n<tr>\n<td>Piezo-Ausdehnungssensor<\/td>\n<td>Kosmetik-Transducer<\/td>\n<td>Ultraschallmischung<\/td>\n<\/tr>\n<tr>\n<td>Ultraschallmedizin<\/td>\n<td>Ultraschallreinigung<\/td>\n<td>Weitere Anwendungen<\/td>\n<\/tr>\n<\/tbody>\n<\/table>\n<h2>Standard-Spezifikation der piezokeramischen Scheibe<\/h2>\n<table id=\"wp-table-reloaded-id-116-no-1\" class=\"table table-striped table-bordered\">\n<tbody>\n<tr>\n<td>Gr\u00f6\u00dfe<br \/>\n(mm)<\/td>\n<td>Dickenfrequenz<br \/>\nft(MHz)(\u00b15%)<\/td>\n<td>Kapazit\u00e4tC<br \/>\n(pf)(\u00b115%)<\/td>\n<td>ImpedanzZt<br \/>\n(\u03a9)<\/td>\n<td>Elektromechanischer<br \/>\nKopplungsfaktorKt (%)<\/td>\n<td>Piezoelektrisches<br \/>\nMaterial<\/td>\n<\/tr>\n<tr>\n<td>8\u00d71<\/td>\n<td>2.0<\/td>\n<td>530<\/td>\n<td><\/td>\n<td>\u226543<\/td>\n<td>PZT5<\/td>\n<\/tr>\n<tr>\n<td>8\u00d72<\/td>\n<td>1.0<\/td>\n<td>263<\/td>\n<td><\/td>\n<td>\u226543<\/td>\n<td>PZT5<\/td>\n<\/tr>\n<tr>\n<td>10\u00d71<\/td>\n<td>2.0<\/td>\n<td>840<\/td>\n<td><\/td>\n<td>\u226544<\/td>\n<td>PZT5<\/td>\n<\/tr>\n<tr>\n<td>10\u00d72<\/td>\n<td>1.0<\/td>\n<td>420<\/td>\n<td><\/td>\n<td>\u226544<\/td>\n<td>PZT5<\/td>\n<\/tr>\n<tr>\n<td>15\u00d71<\/td>\n<td>2.0<\/td>\n<td>1970<\/td>\n<td><\/td>\n<td>\u226543<\/td>\n<td>PZT5<\/td>\n<\/tr>\n<tr>\n<td>15\u00d72<\/td>\n<td>1.0<\/td>\n<td>980<\/td>\n<td><\/td>\n<td>\u226543<\/td>\n<td>PZT5<\/td>\n<\/tr>\n<tr>\n<td>16\u00d71<\/td>\n<td>2.0<\/td>\n<td>2200<\/td>\n<td><\/td>\n<td>\u226545<\/td>\n<td>PZT5<\/td>\n<\/tr>\n<tr>\n<td>16\u00d72<\/td>\n<td>1.0<\/td>\n<td>1100<\/td>\n<td><\/td>\n<td>\u226545<\/td>\n<td>PZT5<\/td>\n<\/tr>\n<tr>\n<td>20\u00d71<\/td>\n<td>2.0<\/td>\n<td>3560<\/td>\n<td><\/td>\n<td>\u226543<\/td>\n<td>PZT5<\/td>\n<\/tr>\n<tr>\n<td>20\u00d72<\/td>\n<td>1.0<\/td>\n<td>1780<\/td>\n<td><\/td>\n<td>\u226543<\/td>\n<td>PZT5<\/td>\n<\/tr>\n<tr>\n<td>25\u00d71<\/td>\n<td>2.0<\/td>\n<td>4600<\/td>\n<td><\/td>\n<td>\u226543<\/td>\n<td>PZT5<\/td>\n<\/tr>\n<tr>\n<td>25\u00d72<\/td>\n<td>1.0<\/td>\n<td>2300<\/td>\n<td><\/td>\n<td>\u226543<\/td>\n<td>PZT5<\/td>\n<\/tr>\n<tr>\n<td>16\u00d70.4<\/td>\n<td>5.0<\/td>\n<td>5400<\/td>\n<td>\u22645<\/td>\n<td>\u226545<\/td>\n<td>PZT4<\/td>\n<\/tr>\n<tr>\n<td>16\u00d72.1<\/td>\n<td>1.0<\/td>\n<td>1000<\/td>\n<td>\u22644<\/td>\n<td>\u226545<\/td>\n<td>PZT4<\/td>\n<\/tr>\n<tr>\n<td>20\u00d72.0<\/td>\n<td>1.0<\/td>\n<td>1650<\/td>\n<td>\u22644<\/td>\n<td>\u226545<\/td>\n<td>PZT4<\/td>\n<\/tr>\n<tr>\n<td>25\u00d70.4<\/td>\n<td>5.0<\/td>\n<td>12800<\/td>\n<td>\u22644<\/td>\n<td>\u226545<\/td>\n<td>PZT4<\/td>\n<\/tr>\n<tr>\n<td>25\u00d71.0<\/td>\n<td>2.0<\/td>\n<td>5800<\/td>\n<td>\u22644<\/td>\n<td>\u226545<\/td>\n<td>PZT4<\/td>\n<\/tr>\n<tr>\n<td>25\u00d72.0<\/td>\n<td>1.0<\/td>\n<td>2700<\/td>\n<td>\u22644<\/td>\n<td>\u226545<\/td>\n<td>PZT4<\/td>\n<\/tr>\n<tr>\n<td>28\u00d71.0<\/td>\n<td>1.0<\/td>\n<td>6940<\/td>\n<td>\u22644<\/td>\n<td>\u226545<\/td>\n<td>PZT4<\/td>\n<\/tr>\n<tr>\n<td>28\u00d71.7<\/td>\n<td>1.2<\/td>\n<td>3880<\/td>\n<td>\u22643<\/td>\n<td>\u226545<\/td>\n<td>PZT4<\/td>\n<\/tr>\n<tr>\n<td>28\u00d72.0<\/td>\n<td>1.0<\/td>\n<td>3300<\/td>\n<td>\u22643<\/td>\n<td>\u226545<\/td>\n<td>PZT4<\/td>\n<\/tr>\n<tr>\n<td>50\u00d72.0<\/td>\n<td>1.0<\/td>\n<td>10000<\/td>\n<td>\u22643<\/td>\n<td>\u226545<\/td>\n<td>PZT4<\/td>\n<\/tr>\n<tr>\n<td>60\u00d72.0<\/td>\n<td>1.0<\/td>\n<td>14500<\/td>\n<td>\u22643<\/td>\n<td>\u226545<\/td>\n<td>PZT4<\/td>\n<\/tr>\n<tr>\n<td>Au\u00dfendurchmesserbereich: 3mm&#8212;80mm<br \/>\nDickenbereich: 0,1mm&#8212;20mmHinweis:<br \/>\nWir k\u00f6nnen verschiedene Gr\u00f6\u00dfen von scheibenf\u00f6rmiger piezokeramischer Keramik nach Bedarf entwerfen und anpassen.<\/td>\n<td><\/td>\n<td><\/td>\n<td><\/td>\n<td><\/td>\n<td><\/td>\n<\/tr>\n<\/tbody>\n<\/table>\n<p><iframe loading=\"lazy\" title=\"Piezoelectric Ceramic Discs | Piezoceramic Disk\" width=\"500\" height=\"281\" src=\"https:\/\/www.youtube.com\/embed\/jV2Q1wB3p-k?feature=oembed\" frameborder=\"0\" allow=\"accelerometer; autoplay; clipboard-write; encrypted-media; gyroscope; picture-in-picture; web-share\" referrerpolicy=\"strict-origin-when-cross-origin\" allowfullscreen><\/iframe><\/p>\n<h3>Zahlung<\/h3>\n<p>Wir akzeptieren PayPal, T\/T &#038; Western Union.<\/p>\n<h3 class=\"shipping-methods\">Versand<\/h3>\n<p>Die Ware wird innerhalb von 48 Stunden nach Erhalt der vollen Zahlung versendet.<\/p>\n<ul>\n<li>Wir versenden die Ware an die bei der PayPal-Zahlung angegebene Adresse. Bitte stellen Sie sicher, dass die Adresse in PayPal korrekt ist.<\/li>\n<li>Wir geben Ihnen die Tracking-Nummer, nachdem wir die Ware versendet haben. In der Regel erhalten Sie die Ware innerhalb von f\u00fcnf Tagen.<\/li>\n<li>Wenn Sie Fragen haben, kontaktieren Sie uns bitte per E-Mail (unsere E-Mail-Adresse ist <a href=\"mailto:support@bjultrasonic.com\">support@bjultrasonic.com<\/a>)<\/li>\n<\/ul>\n<h3>Produktgarantie<\/h3>\n<p>Die Produktgarantiezeit betr\u00e4gt ein Jahr. Innerhalb der Garantiezeit k\u00f6nnen gekaufte Produkte kostenlos gewartet oder ausgetauscht werden.<\/p>\n","protected":false},"excerpt":{"rendered":"<p><a href=\"https:\/\/www.bjultrasonic.com\/de\/category\/piezoelectric-ceramic-de\/piezoceramic-discs-de\/\">Piezokeramische Scheiben<\/a> f\u00fcr <a href=\"https:\/\/www.bjultrasonic.com\/de\/shop\/ultrasonic-beauty-transducer\/\">Beauty-Transducer<\/a>, <a href=\"https:\/\/www.bjultrasonic.com\/de\/category\/ultrasonic-atomizer-de\/\">Ultraschallvernebler<\/a>, <a href=\"https:\/\/www.bjultrasonic.com\/de\/category\/ultrasonic-cleaning-system-de\/\">Ultraschallreiniger<\/a> und andere Anwendungen.<\/p>\n","protected":false},"featured_media":23764,"comment_status":"open","ping_status":"closed","template":"","meta":[],"product_brand":[],"product_cat":[5648,5718],"product_tag":[],"class_list":{"0":"post-69831","1":"product","2":"type-product","3":"status-publish","4":"has-post-thumbnail","6":"product_cat-piezoelectric-ceramic-de","7":"product_cat-piezoceramic-discs-de","9":"first","10":"instock","11":"shipping-taxable","12":"product-type-external","13":"prodpage-classic"},"aioseo_notices":[],"_links":{"self":[{"href":"https:\/\/www.bjultrasonic.com\/de\/wp-json\/wp\/v2\/product\/69831","targetHints":{"allow":["GET"]}}],"collection":[{"href":"https:\/\/www.bjultrasonic.com\/de\/wp-json\/wp\/v2\/product"}],"about":[{"href":"https:\/\/www.bjultrasonic.com\/de\/wp-json\/wp\/v2\/types\/product"}],"replies":[{"embeddable":true,"href":"https:\/\/www.bjultrasonic.com\/de\/wp-json\/wp\/v2\/comments?post=69831"}],"wp:featuredmedia":[{"embeddable":true,"href":"https:\/\/www.bjultrasonic.com\/de\/wp-json\/wp\/v2\/media\/23764"}],"wp:attachment":[{"href":"https:\/\/www.bjultrasonic.com\/de\/wp-json\/wp\/v2\/media?parent=69831"}],"wp:term":[{"taxonomy":"product_brand","embeddable":true,"href":"https:\/\/www.bjultrasonic.com\/de\/wp-json\/wp\/v2\/product_brand?post=69831"},{"taxonomy":"product_cat","embeddable":true,"href":"https:\/\/www.bjultrasonic.com\/de\/wp-json\/wp\/v2\/product_cat?post=69831"},{"taxonomy":"product_tag","embeddable":true,"href":"https:\/\/www.bjultrasonic.com\/de\/wp-json\/wp\/v2\/product_tag?post=69831"}],"curies":[{"name":"wp","href":"https:\/\/api.w.org\/{rel}","templated":true}]}}