{"id":69871,"date":"2012-07-12T22:20:52","date_gmt":"2012-07-13T03:20:52","guid":{"rendered":"https:\/\/www.bjultrasonic.com\/shop\/tube-piezoelectric-ceramics\/"},"modified":"2026-03-28T20:16:11","modified_gmt":"2026-03-29T01:16:11","slug":"tube-piezoelectric-ceramics","status":"publish","type":"product","link":"https:\/\/www.bjultrasonic.com\/de\/shop\/tube-piezoelectric-ceramics\/","title":{"rendered":"Piezokeramisches Rohr"},"content":{"rendered":"<p><iframe loading=\"lazy\" title=\"Piezoceramic Tube\" width=\"500\" height=\"281\" src=\"https:\/\/www.youtube.com\/embed\/m1kSZ7ICcOQ?feature=oembed\" frameborder=\"0\" allow=\"accelerometer; autoplay; clipboard-write; encrypted-media; gyroscope; picture-in-picture; web-share\" referrerpolicy=\"strict-origin-when-cross-origin\" allowfullscreen><\/iframe><\/p>\n<h3>Wir k\u00f6nnen verschiedene piezoelektrische Keramiken nach Bedarf anpassen.<\/h3>\n<p>Das Material der Piezokeramikr\u00f6hre: PZT4, PZT5, PZT8 oder andere gew\u00fcnschte piezoelektrische Materialien<\/p>\n<p><img loading=\"lazy\" decoding=\"async\" class=\" wp-image-1238 alignnone\" title=\"Tube Piezoelectric Ceramics\" src=\"\/\/www.bjultrasonic.com\/wp-content\/uploads\/2012\/07\/tube-piezoelectric-ceramics.jpg\" alt=\"Tube Piezoelectric Ceramics\" width=\"601\" height=\"459\" \/><\/p>\n<h2>Anwendungen von Piezokeramikr\u00f6hren<\/h2>\n<table id=\"wp-table-reloaded-id-111-no-1\" class=\"table table-striped table-bordered\">\n<tbody>\n<tr>\n<td>Piezo-Transducer-Vibration<\/td>\n<td>Akustik<\/td>\n<td>Stoffdispersion<\/td>\n<\/tr>\n<tr>\n<td>Fl\u00fcssigkeitstransmissionsmedium<\/td>\n<td>Gastransmissionsmedium<\/td>\n<td>Wanddickensensor<\/td>\n<\/tr>\n<tr>\n<td>Materialspannungssensor<\/td>\n<td>\u00d6lbrunnenbaggerung<\/td>\n<td>Biomedizinische Sonde<\/td>\n<\/tr>\n<tr>\n<td>Piezoelektrische Energiegewinnung<\/td>\n<td>Fischfinder-Transducer<\/td>\n<td>Drucksensor<\/td>\n<\/tr>\n<tr>\n<td>Unterwasserlautsprecher<\/td>\n<td>Sonarboje<\/td>\n<td>Passives Sonar-Array<\/td>\n<\/tr>\n<tr>\n<td>Torpedo<\/td>\n<td>\u00d6lbrunnendetektor<\/td>\n<td>Weitere Anwendungen<\/td>\n<\/tr>\n<\/tbody>\n<\/table>\n<h3>Video zu R\u00f6hrenpiezokeramik<\/h3>\n<p><iframe loading=\"lazy\" title=\"Piezoelectric Ceramic Tube | Piezoceramic Tube\" width=\"500\" height=\"281\" src=\"https:\/\/www.youtube.com\/embed\/ETIEN0YGcL8?feature=oembed\" frameborder=\"0\" allow=\"accelerometer; autoplay; clipboard-write; encrypted-media; gyroscope; picture-in-picture; web-share\" referrerpolicy=\"strict-origin-when-cross-origin\" allowfullscreen><\/iframe><\/p>\n<h2>Standard-Spezifikationen von Piezokeramikr\u00f6hren<\/h2>\n<table id=\"wp-table-reloaded-id-112-no-1\" class=\"table table-striped table-bordered\">\n<tbody>\n<tr>\n<td>Abmessungen (mm) Au\u00dfendurchmesser x Innendurchmesser x H\u00f6he<\/td>\n<td>fm (kHz)<\/td>\n<td>fn (kHz)<\/td>\n<td>Kapazit\u00e4t (pF)<\/td>\n<td>tg\u03b4 (%)<\/td>\n<\/tr>\n<tr>\n<td>12*9*6<\/td>\n<td>70<\/td>\n<td>72<\/td>\n<td>5860<\/td>\n<td>0.3<\/td>\n<\/tr>\n<tr>\n<td>15*13*3.2<\/td>\n<td>64<\/td>\n<td>68<\/td>\n<td>3700<\/td>\n<td>1.7<\/td>\n<\/tr>\n<tr>\n<td>18*15*15<\/td>\n<td>63<\/td>\n<td>64<\/td>\n<td>5940<\/td>\n<td>0.2<\/td>\n<\/tr>\n<tr>\n<td>18*15*20<\/td>\n<td>63<\/td>\n<td>64<\/td>\n<td>5836<\/td>\n<td>0.2<\/td>\n<\/tr>\n<tr>\n<td>20*17*15<\/td>\n<td>46.9<\/td>\n<td>50<\/td>\n<td>14109<\/td>\n<td>1.5<\/td>\n<\/tr>\n<tr>\n<td>24*20*20<\/td>\n<td>47<\/td>\n<td>49<\/td>\n<td>12830<\/td>\n<td>2.0<\/td>\n<\/tr>\n<tr>\n<td>34*30*20<\/td>\n<td>30<\/td>\n<td>32<\/td>\n<td>1510<\/td>\n<td>0.2<\/td>\n<\/tr>\n<tr>\n<td>40*32*37<\/td>\n<td>25<\/td>\n<td>25.3<\/td>\n<td>21200<\/td>\n<td>1.5<\/td>\n<\/tr>\n<tr>\n<td>44*38*29<\/td>\n<td>22.1<\/td>\n<td>24<\/td>\n<td>23120<\/td>\n<td>1.5<\/td>\n<\/tr>\n<tr>\n<td>51*45*36<\/td>\n<td>20<\/td>\n<td>20.5<\/td>\n<td>18010<\/td>\n<td>1.5<\/td>\n<\/tr>\n<tr>\n<td>53*45*41<\/td>\n<td>18<\/td>\n<td>22<\/td>\n<td>3060<\/td>\n<td>0.2<\/td>\n<\/tr>\n<tr>\n<td>69*63*25<\/td>\n<td>16<\/td>\n<td>18<\/td>\n<td>16040<\/td>\n<td>0.5<\/td>\n<\/tr>\n<tr>\n<td>76*68*40<\/td>\n<td>15<\/td>\n<td>15<\/td>\n<td>19730<\/td>\n<td>0.5<\/td>\n<\/tr>\n<tr>\n<td>80*60*150<\/td>\n<td>17<\/td>\n<td>18.5<\/td>\n<td>34420<\/td>\n<td>0.25<\/td>\n<\/tr>\n<tr>\n<td>142*132*80<\/td>\n<td>8<\/td>\n<td>8<\/td>\n<td>8636<\/td>\n<td>0.35<\/td>\n<\/tr>\n<tr>\n<td>Au\u00dfendurchmesserbereich: 6mm\u2013150mm<br \/>\nInnendurchmesserbereich: 5mm\u2013130mm<br \/>\nL\u00e4ngenbereich: 5mm\u2013100mm<br \/>\nHinweis:<br \/>\nWir k\u00f6nnen verschiedene Gr\u00f6\u00dfen von R\u00f6hrenpiezokeramik nach Bedarf entwerfen und anpassen.<\/td>\n<td><\/td>\n<td><\/td>\n<td><\/td>\n<td><\/td>\n<\/tr>\n<\/tbody>\n<\/table>\n<h3>Zahlung<\/h3>\n<p>Wir akzeptieren PayPal, T\/T &#038; Western Union.<\/p>\n<h3 class=\"shipping-methods\">Versand<\/h3>\n<p>Die Ware wird innerhalb von 48 Stunden nach Erhalt der vollen Zahlung versendet.<\/p>\n<ul>\n<li>Wir versenden die Ware an die in der PayPal-Zahlung angegebene Adresse. Bitte stellen Sie sicher, dass die Adresse in PayPal korrekt ist.<\/li>\n<li>Wir geben Ihnen die Sendungsverfolgungsnummer, nachdem wir die Ware versendet haben. In der Regel erhalten Sie die Ware innerhalb von f\u00fcnf Tagen.<\/li>\n<li>Wenn Sie Fragen haben, kontaktieren Sie uns bitte per E-Mail (unsere E-Mail-Adresse ist <a href=\"mailto:support@bjultrasonic.com\">support@bjultrasonic.com<\/a>).<\/li>\n<\/ul>\n<h3>Produktgarantie<\/h3>\n<p>Die Produktgarantiezeit betr\u00e4gt ein Jahr. Innerhalb der Garantiezeit k\u00f6nnen gekaufte Produkte kostenlos gewartet oder ausgetauscht werden.<\/p>\n","protected":false},"excerpt":{"rendered":"<p>Wir k\u00f6nnen verschiedene piezoelektrische Keramiken nach Bedarf anpassen. Das Material der Piezokeramikr\u00f6hre: PZT4, PZT5, PZT8 oder andere gew\u00fcnschte piezoelektrische Materialien Anwendungen von Piezokeramikr\u00f6hren Piezo-Transducer-Vibration Akustik Stoffdispersion Fl\u00fcssigkeitstransmissionsmedium Gastransmissionsmedium Wanddickensensor Materialspannungssensor \u00d6lbrunnenbaggerung Biomedizinische Sonde Piezoelektrische Energiegewinnung Fischfinder-Transducer Drucksensor Unterwasserlautsprecher Sonarboje Passives Sonar-Array Torpedo \u00d6lbrunnendetektor Weitere Anwendungen Video zu R\u00f6hrenpiezokeramik Standard-Spezifikationen von Piezokeramikr\u00f6hren Abmessungen (mm) Au\u00dfendurchmesser x<\/p>\n","protected":false},"featured_media":23756,"comment_status":"open","ping_status":"closed","template":"","meta":[],"product_brand":[],"product_cat":[5648,5794],"product_tag":[],"class_list":{"0":"post-69871","1":"product","2":"type-product","3":"status-publish","4":"has-post-thumbnail","6":"product_cat-piezoelectric-ceramic-de","7":"product_cat-tube-piezoelectric-ceramics-de","9":"first","10":"instock","11":"shipping-taxable","12":"product-type-external","13":"prodpage-classic"},"aioseo_notices":[],"_links":{"self":[{"href":"https:\/\/www.bjultrasonic.com\/de\/wp-json\/wp\/v2\/product\/69871","targetHints":{"allow":["GET"]}}],"collection":[{"href":"https:\/\/www.bjultrasonic.com\/de\/wp-json\/wp\/v2\/product"}],"about":[{"href":"https:\/\/www.bjultrasonic.com\/de\/wp-json\/wp\/v2\/types\/product"}],"replies":[{"embeddable":true,"href":"https:\/\/www.bjultrasonic.com\/de\/wp-json\/wp\/v2\/comments?post=69871"}],"wp:featuredmedia":[{"embeddable":true,"href":"https:\/\/www.bjultrasonic.com\/de\/wp-json\/wp\/v2\/media\/23756"}],"wp:attachment":[{"href":"https:\/\/www.bjultrasonic.com\/de\/wp-json\/wp\/v2\/media?parent=69871"}],"wp:term":[{"taxonomy":"product_brand","embeddable":true,"href":"https:\/\/www.bjultrasonic.com\/de\/wp-json\/wp\/v2\/product_brand?post=69871"},{"taxonomy":"product_cat","embeddable":true,"href":"https:\/\/www.bjultrasonic.com\/de\/wp-json\/wp\/v2\/product_cat?post=69871"},{"taxonomy":"product_tag","embeddable":true,"href":"https:\/\/www.bjultrasonic.com\/de\/wp-json\/wp\/v2\/product_tag?post=69871"}],"curies":[{"name":"wp","href":"https:\/\/api.w.org\/{rel}","templated":true}]}}