{"id":69891,"date":"2012-07-12T16:42:35","date_gmt":"2012-07-12T21:42:35","guid":{"rendered":"https:\/\/www.bjultrasonic.com\/shop\/ultrasonic-vibrating-screen-transducer\/"},"modified":"2026-03-28T20:16:10","modified_gmt":"2026-03-29T01:16:10","slug":"ultrasonic-vibrating-screen-transducer","status":"publish","type":"product","link":"https:\/\/www.bjultrasonic.com\/de\/shop\/ultrasonic-vibrating-screen-transducer\/","title":{"rendered":"Ultraschall-Vibrationstransducer"},"content":{"rendered":"<p>Ultraschall-Vibrationstransducer besteht aus Dichtung, <a href=\"https:\/\/www.bjultrasonic.com\/de\/category\/piezoelectric-ceramic-de\/\">Piezokeramik<\/a>, Elektrodenst\u00fcck, Strahlkopf, Vorspannungsschrauben und Isoliergeh\u00e4use.<\/p>\n<h3>Merkmale des Ultraschall-Vibrationstransducers f\u00fcr Feinstpulversieb<\/h3>\n<ul>\n<li>Erm\u00f6glicht gleichzeitig hochpr\u00e4zises Sieben mit hoher Maschenweite und Kontrolle eines engen Partikelgr\u00f6\u00dfenbereichs.<\/li>\n<li>Kann einlagig und mehrlagig sein.<\/li>\n<li>Selbstreinigungsfunktion des Siebes: bei Sieben gr\u00f6\u00dfer als 500 Mesh keine Verstopfung der Maschen, keine Verringerung der Siebeffizienz.<\/li>\n<li>L\u00f6st Probleme beim Sieben wie starke Adsorption, Neigung zur Agglomeration, Elektrostatik, hohe Pr\u00e4zision, hohe Dichte, hohes spezifisches Gewicht bei leichten Materialien usw.<\/li>\n<li>Die Siebgenauigkeit kann um 1-70 % verbessert werden, die Ausbeute kann um das 0,5- bis 10-fache steigen.<\/li>\n<\/ul>\n<h3>Anwendung<\/h3>\n<ul>\n<li>Chemische Industrie: Harze, Beschichtungen, Industriechemikalien, Pharmazeutika, Kosmetika, Farben, Pulver usw.<\/li>\n<li>Lebensmittelindustrie: Zuckerpulver, St\u00e4rke, Salz, Reismehl, Milchpulver, Sojamehl, Eipulver, Sojasauce, S\u00e4fte usw.<\/li>\n<li>Metall, Metallurgie, Bergbau: Aluminiumpulver, Bleipulver, Kupferpulver, Erze, Elektrodenpulver, Legierungspulver, Mangandioxid, Elektrolytkupferpulver, elektromagnetische Materialien, Polierpulver, feuerfeste Materialien, Kaolin, Kalk, Aluminiumoxid, schweres Calciumcarbonat, Quarzsand usw.<\/li>\n<li>Umweltbehandlung: Alt\u00f6l, Abwasser, F\u00e4rbereiabwasser, Additive, Aktivkohle usw.<\/li>\n<\/ul>\n<h3>Ultraschall-Vibrationssiebmaschine<\/h3>\n<p><iframe loading=\"lazy\" title=\"Ultrasonic Vibrating Sieve Machine - Beijing Ultrasonic\" width=\"500\" height=\"281\" src=\"https:\/\/www.youtube.com\/embed\/PEkryRhyJXY?feature=oembed\" frameborder=\"0\" allow=\"accelerometer; autoplay; clipboard-write; encrypted-media; gyroscope; picture-in-picture; web-share\" referrerpolicy=\"strict-origin-when-cross-origin\" allowfullscreen><\/iframe><\/p>\n<h3>Zahlung<\/h3>\n<p>Wir akzeptieren PayPal, T\/T &#038; Western Union.<\/p>\n<h3>Versand<\/h3>\n<p>Die Ware wird innerhalb von 48 Stunden nach Eingang der vollst\u00e4ndigen Zahlung versandt.<\/p>\n<ul>\n<li>Wir versenden die Ware an die in der PayPal-Zahlung angegebene Adresse. Bitte stellen Sie sicher, dass die Adresse bei PayPal korrekt ist.<\/li>\n<li>Wir geben Ihnen die Sendungsverfolgungsnummer, nachdem wir die Ware verschickt haben. In der Regel erhalten Sie die Ware innerhalb von f\u00fcnf Tagen.<\/li>\n<li>Wenn Sie Fragen haben, kontaktieren Sie uns bitte per E-Mail (unsere E-Mail-Adresse ist <a href=\"mailto:support@bjultrasonic.com\">support@bjultrasonic.com<\/a>).<\/li>\n<\/ul>\n<h3>Produktgarantie<\/h3>\n<p>Die Produktgarantiezeit betr\u00e4gt ein Jahr. Innerhalb der Garantiezeit k\u00f6nnen gekaufte Produkte kostenlos gewartet oder ausgetauscht werden.<\/p>\n","protected":false},"excerpt":{"rendered":"<p>Ultrasonischer Vibrationswandler besteht aus Dichtung, piezoelektrischer Keramik, Elektrodenst\u00fcck, Strahlungskopf, Vorspannschrauben und Isoliergeh\u00e4use.<\/p>\n","protected":false},"featured_media":4845,"comment_status":"open","ping_status":"closed","template":"","meta":[],"product_brand":[],"product_cat":[6313],"product_tag":[],"class_list":{"0":"post-69891","1":"product","2":"type-product","3":"status-publish","4":"has-post-thumbnail","6":"product_cat-ultrasonic-transducer-de","8":"first","9":"instock","10":"shipping-taxable","11":"product-type-external","12":"prodpage-classic"},"aioseo_notices":[],"_links":{"self":[{"href":"https:\/\/www.bjultrasonic.com\/de\/wp-json\/wp\/v2\/product\/69891","targetHints":{"allow":["GET"]}}],"collection":[{"href":"https:\/\/www.bjultrasonic.com\/de\/wp-json\/wp\/v2\/product"}],"about":[{"href":"https:\/\/www.bjultrasonic.com\/de\/wp-json\/wp\/v2\/types\/product"}],"replies":[{"embeddable":true,"href":"https:\/\/www.bjultrasonic.com\/de\/wp-json\/wp\/v2\/comments?post=69891"}],"wp:featuredmedia":[{"embeddable":true,"href":"https:\/\/www.bjultrasonic.com\/de\/wp-json\/wp\/v2\/media\/4845"}],"wp:attachment":[{"href":"https:\/\/www.bjultrasonic.com\/de\/wp-json\/wp\/v2\/media?parent=69891"}],"wp:term":[{"taxonomy":"product_brand","embeddable":true,"href":"https:\/\/www.bjultrasonic.com\/de\/wp-json\/wp\/v2\/product_brand?post=69891"},{"taxonomy":"product_cat","embeddable":true,"href":"https:\/\/www.bjultrasonic.com\/de\/wp-json\/wp\/v2\/product_cat?post=69891"},{"taxonomy":"product_tag","embeddable":true,"href":"https:\/\/www.bjultrasonic.com\/de\/wp-json\/wp\/v2\/product_tag?post=69891"}],"curies":[{"name":"wp","href":"https:\/\/api.w.org\/{rel}","templated":true}]}}