{"id":69991,"date":"2012-05-28T22:35:02","date_gmt":"2012-05-29T03:35:02","guid":{"rendered":"https:\/\/www.bjultrasonic.com\/shop\/80khz-ultrasonic-generator\/"},"modified":"2026-03-28T20:15:05","modified_gmt":"2026-03-29T01:15:05","slug":"80khz-ultrasonic-generator","status":"publish","type":"product","link":"https:\/\/www.bjultrasonic.com\/de\/shop\/80khz-ultrasonic-generator\/","title":{"rendered":"\u00dcber 50 kHz 600W Digitaler Ultraschallgenerator"},"content":{"rendered":"<h3>Um die Waren rechtzeitig zu liefern:<\/h3>\n<ul>\n<li>Bitte teilen Sie uns bei der Bestellung mit, welche Spannung (220V oder 120V) und welche Frequenz Sie ben\u00f6tigen.<\/li>\n<li>Bitte geben Sie uns die Lieferadresse im Detail an. Inklusive Adresse, Postleitzahl und Telefonnummer.<\/li>\n<li>Wenn Ihr Auftrag mehr als 21 kg wiegt, kontaktieren Sie uns bitte, um den g\u00fcnstigsten Frachtpreis zu erhalten.<\/li>\n<\/ul>\n<h3>Anmerkungen<\/h3>\n<ul>\n<li><a href=\"https:\/\/www.bjultrasonic.com\/de\/category\/ultrasonic-generator-de\/\">Ultraschallgeneratoren<\/a> sind kundenspezifische Produkte. Bitte <a href=\"https:\/\/www.bjultrasonic.com\/contact\/\">kontaktieren Sie f\u00fcr den Preis unseren Vertriebsmitarbeiter<\/a>. Wir werden Ihnen schnell antworten.<\/li>\n<li>Wir k\u00f6nnen verschiedene Ultraschallgeneratoren basierend auf <strong>Frequenz<\/strong> und <strong>Spannung<\/strong> entwerfen und anpassen.<\/li>\n<\/ul>\n<p><img loading=\"lazy\" decoding=\"async\" class=\"alignnone wp-image-5021\" title=\"Ultrasonic Signal Generator\" src=\"https:\/\/www.bjultrasonic.com\/wp-content\/uploads\/2012\/05\/Ultrasonic-Signal-Generator.jpg\" alt=\"Ultraschallsignalgenerator\" width=\"600\" height=\"450\" \/><\/p>\n<h3>Interne Struktur des digitalen Ultraschallgenerators<\/h3>\n<p><img loading=\"lazy\" decoding=\"async\" src=\"https:\/\/www.bjultrasonic.com\/wp-content\/uploads\/2018\/07\/Internal-Structure-Of-Digital-Ultrasonic-Generator.png\" alt=\"Interne Struktur des digitalen Ultraschallgenerators\" width=\"650\" height=\"578\" \/><\/p>\n<h3>Um die Waren rechtzeitig zu liefern:<\/h3>\n<ul>\n<li>Bitte teilen Sie uns bei der Bestellung mit, welche Spannung (220V oder 120V) und welche Frequenz Sie ben\u00f6tigen.<\/li>\n<li>Bitte geben Sie uns die Lieferadresse im Detail an. Inklusive Adresse, Postleitzahl und Telefonnummer.<\/li>\n<li>Wenn Ihr Auftrag mehr als 21 kg wiegt, kontaktieren Sie uns bitte, um den g\u00fcnstigsten Frachtpreis zu erhalten.<\/li>\n<\/ul>\n<p>Der Ultraschallgenerator ist ein unverzichtbarer Teil der <a href=\"https:\/\/www.bjultrasonic.com\/de\/category\/ultrasonic-cleaning-system-de\/\">Ultraschallreinigungsmaschine<\/a>. Die Qualit\u00e4t des Ultraschallgenerators entscheidet direkt \u00fcber die Reinigungswirkung des Ultraschallreinigungssystems. Digitale Ultraschallgeneratoren werden eigenst\u00e4ndig von Beijing Ultrasonic erforscht und entwickelt.<\/p>\n<h3>Typische Merkmale des Ultraschallgenerators<\/h3>\n<ul>\n<li>Programmiersteuerung mit Tasten und digitaler Anzeige der Einstellungen. Wir k\u00f6nnen den Arbeitszustand auf dem Display sehen (wie Arbeitsfrequenz, Arbeitsstrom).<\/li>\n<li>Einsatz digitaler Steuerungstechnik, perfekter Schaltungsdesign, stabile Leistungsabgabe.<\/li>\n<li>\u00dcberstromschutz, \u00dcberhitzungsschutz, \u00dcberspannungsschutz.<\/li>\n<li>Hoch- und Niederspannungsschaltung vollst\u00e4ndig getrennt, Betriebssicherheit.<\/li>\n<li>Die Ultraschallleistung, Timer und Frequenz k\u00f6nnen nach Bedarf eingestellt werden, um verschiedenen Produktreinigungen gerecht zu werden.<br \/>\n(Zeitsteuerung: 0-59&#8217;59&#8220;)<br \/>\n(Leistungssteuerungsbereich: 0-100%)<\/li>\n<li>Effizientes K\u00fchlsystem.<\/li>\n<li>Frequenzwischfunktion.<\/li>\n<\/ul>\n<h3>Ultraschallfrequenzgenerator | Ultraschallsignalgenerator | Ultraschallwellengenerator Video<\/h3>\n<p><iframe loading=\"lazy\" title=\"Ultrasonic Signal Generator Circuit - Beijing Ultrasonic\" width=\"500\" height=\"281\" src=\"https:\/\/www.youtube.com\/embed\/A9JdQN5e5G8?feature=oembed\" frameborder=\"0\" allow=\"accelerometer; autoplay; clipboard-write; encrypted-media; gyroscope; picture-in-picture; web-share\" referrerpolicy=\"strict-origin-when-cross-origin\" allowfullscreen><\/iframe><\/p>\n<h3>Ultraschallgenerator Schaltplan<\/h3>\n<div id=\"attachment_1253\" style=\"width: 640px\" class=\"wp-caption alignnone\"><a href=\"https:\/\/www.bjultrasonic.com\/wp-content\/uploads\/2012\/07\/Ultrasonic-Generator-Schematic.jpg\" data-lightbox=\"image\"><img loading=\"lazy\" decoding=\"async\" aria-describedby=\"caption-attachment-1253\" title=\"Ultrasonic Generator Schematic\" src=\"\/\/www.bjultrasonic.com\/wp-content\/uploads\/2012\/07\/Ultrasonic-Generator-Schematic.jpg\" alt=\"Schaltplan Ultraschallgenerator\" width=\"630\" height=\"266\" \/><\/a><p id=\"caption-attachment-1253\" class=\"wp-caption-text\">Ultraschallgenerator Schaltplan<\/p><\/div>\n","protected":false},"excerpt":{"rendered":"<p>Digital <a href=\"https:\/\/www.bjultrasonic.com\/de\/category\/ultrasonic-generator-de\/\">Ultraschallgenerator<\/a>, auch Ultraschallgenerator-Kit genannt, verwendet fortschrittliche Mikrocomputersteuerungstechnik und neue Schaltungsgeometrie. Sie k\u00f6nnen die Ultraschallfrequenz, Timer und Leistung nach Ihren Anforderungen einstellen.<\/p>\n","protected":false},"featured_media":19242,"comment_status":"open","ping_status":"closed","template":"","meta":[],"product_brand":[],"product_cat":[6053],"product_tag":[],"class_list":{"0":"post-69991","1":"product","2":"type-product","3":"status-publish","4":"has-post-thumbnail","6":"product_cat-ultrasonic-digital-generator-de","8":"first","9":"instock","10":"shipping-taxable","11":"purchasable","12":"product-type-simple","13":"prodpage-classic"},"aioseo_notices":[],"_links":{"self":[{"href":"https:\/\/www.bjultrasonic.com\/de\/wp-json\/wp\/v2\/product\/69991","targetHints":{"allow":["GET"]}}],"collection":[{"href":"https:\/\/www.bjultrasonic.com\/de\/wp-json\/wp\/v2\/product"}],"about":[{"href":"https:\/\/www.bjultrasonic.com\/de\/wp-json\/wp\/v2\/types\/product"}],"replies":[{"embeddable":true,"href":"https:\/\/www.bjultrasonic.com\/de\/wp-json\/wp\/v2\/comments?post=69991"}],"wp:featuredmedia":[{"embeddable":true,"href":"https:\/\/www.bjultrasonic.com\/de\/wp-json\/wp\/v2\/media\/19242"}],"wp:attachment":[{"href":"https:\/\/www.bjultrasonic.com\/de\/wp-json\/wp\/v2\/media?parent=69991"}],"wp:term":[{"taxonomy":"product_brand","embeddable":true,"href":"https:\/\/www.bjultrasonic.com\/de\/wp-json\/wp\/v2\/product_brand?post=69991"},{"taxonomy":"product_cat","embeddable":true,"href":"https:\/\/www.bjultrasonic.com\/de\/wp-json\/wp\/v2\/product_cat?post=69991"},{"taxonomy":"product_tag","embeddable":true,"href":"https:\/\/www.bjultrasonic.com\/de\/wp-json\/wp\/v2\/product_tag?post=69991"}],"curies":[{"name":"wp","href":"https:\/\/api.w.org\/{rel}","templated":true}]}}