{"id":70051,"date":"2012-05-28T22:23:33","date_gmt":"2012-05-29T03:23:33","guid":{"rendered":"https:\/\/www.bjultrasonic.com\/shop\/2000w-ultrasonic-generator\/"},"modified":"2026-03-28T20:14:36","modified_gmt":"2026-03-29T01:14:36","slug":"2000w-ultrasonic-generator","status":"publish","type":"product","link":"https:\/\/www.bjultrasonic.com\/de\/shop\/2000w-ultrasonic-generator\/","title":{"rendered":"2000W Digitaler Ultraschallgenerator unter 45 kHz"},"content":{"rendered":"<h3>Um die Waren rechtzeitig zu liefern:<\/h3>\n<ul>\n<li>Bitte teilen Sie uns bei der Bestellung mit, welche Spannung (220V oder 120V) und welche Frequenz Sie ben\u00f6tigen.<\/li>\n<li>Bitte geben Sie uns die Lieferadresse im Detail an. Dazu geh\u00f6ren Adresse, Postleitzahl und Telefonnummer.<\/li>\n<li>Wenn Ihr Auftrag schwerer als 21 kg ist, kontaktieren Sie uns bitte f\u00fcr den g\u00fcnstigsten Frachtpreis.<\/li>\n<\/ul>\n<h3>Bemerkungen<\/h3>\n<ul>\n<li><a href=\"https:\/\/www.bjultrasonic.com\/de\/category\/ultrasonic-generator-de\/\">Ultraschallgeneratoren<\/a> sind ma\u00dfgefertigte Produkte. F\u00fcr den Preis wenden Sie sich bitte an <a href=\"https:\/\/www.bjultrasonic.com\/contact\/\">unseren Vertriebsmitarbeiter<\/a>. Wir werden Ihnen bald antworten.<\/li>\n<li>Wir k\u00f6nnen verschiedene Ultraschallgeneratoren basierend auf <strong>Frequenz<\/strong> und <strong>Spannung<\/strong> entwerfen und anpassen.<\/li>\n<\/ul>\n<p><img loading=\"lazy\" decoding=\"async\" class=\"alignnone wp-image-5021\" title=\"Ultraschallsignalgenerator\" src=\"https:\/\/www.bjultrasonic.com\/wp-content\/uploads\/2012\/05\/Ultrasonic-Signal-Generator.jpg\" alt=\"Ultraschallsignalgenerator\" width=\"600\" height=\"450\" \/><\/p>\n<h3>Interne Struktur des digitalen Ultraschallgenerators<\/h3>\n<p><img loading=\"lazy\" decoding=\"async\" src=\"https:\/\/www.bjultrasonic.com\/wp-content\/uploads\/2018\/07\/Internal-Structure-Of-Digital-Ultrasonic-Generator.png\" alt=\"Interne Struktur des digitalen Ultraschallgenerators\" width=\"650\" height=\"578\" \/><\/p>\n<h3>Haupttechnische Parameter des 2000W Ultraschallgenerators<\/h3>\n<ul>\n<li><strong>Abmessungen<\/strong>: 300mm*360mm*160mm (L*B*H)<\/li>\n<li><strong>Arbeitsstrom<\/strong>: 7A<\/li>\n<li><strong>Arbeitsspannung<\/strong>: 200V-240V\/50HZ, 100V-120V\/60HZ<\/li>\n<li><strong>Frequenz<\/strong>: von 20kHz bis 40kHz (z.B. 20kHz, 25kHz, 28kHz, 30kHz, 33kHz, 40kHz)<\/li>\n<\/ul>\n<p>Der Ultraschallgenerator ist ein unverzichtbarer Bestandteil der <a href=\"https:\/\/www.bjultrasonic.com\/de\/category\/ultrasonic-cleaning-system-de\/\">Ultraschallreinigungsmaschine<\/a>. Die Qualit\u00e4t des Ultraschallgenerators entscheidet direkt \u00fcber den Reinigungseffekt des Ultraschallreinigungssystems. Digitale Ultraschallgeneratoren werden von Beijing Ultrasonic eigenst\u00e4ndig erforscht und entwickelt.<\/p>\n<h3>Typische Merkmale des Ultraschallgenerators<\/h3>\n<ul>\n<li>Programmsteuerung per Tastendruck mit digitaler Anzeige der Einstellungen; wir k\u00f6nnen den Arbeitszustand auf dem Display sehen (z.B. Arbeitsfrequenz, Arbeitsstrom).<\/li>\n<li>Einsatz digitaler Steuerungstechnologie, perfektes Schaltungsdesign, stabile Leistungsabgabe.<\/li>\n<li>\u00dcberstromschutz, \u00dcberhitzungsschutz, \u00dcberspannungsschutz.<\/li>\n<li>Hoch- und Niederspannungsschaltungen sind vollst\u00e4ndig getrennt, Betriebssicherheit.<\/li>\n<li>Die Ultraschallleistung, Timer und Frequenz k\u00f6nnen nach Bedarf angepasst werden, um verschiedenen Reinigungsanforderungen gerecht zu werden.<br \/>\n(Zeitsteuerung: 0-59&#8217;59&#8220;)<br \/>\n(Leistungsregelbereich: 0-100%)<\/li>\n<li>Effizientes K\u00fchlsystem.<\/li>\n<li>Frequenzwischfunktion.<\/li>\n<\/ul>\n<h3>Ultraschallfrequenzgenerator | Ultraschallsignalgenerator | Ultraschallwellengenerator Video<\/h3>\n<p><iframe loading=\"lazy\" title=\"Ultrasonic Signal Generator Circuit - Beijing Ultrasonic\" width=\"500\" height=\"281\" src=\"https:\/\/www.youtube.com\/embed\/A9JdQN5e5G8?feature=oembed\" frameborder=\"0\" allow=\"accelerometer; autoplay; clipboard-write; encrypted-media; gyroscope; picture-in-picture; web-share\" referrerpolicy=\"strict-origin-when-cross-origin\" allowfullscreen><\/iframe><\/p>\n<h3>Ultraschallgenerator Schaltplan<\/h3>\n<div id=\"attachment_1253\" style=\"width: 640px\" class=\"wp-caption alignnone\"><a href=\"https:\/\/www.bjultrasonic.com\/wp-content\/uploads\/2012\/07\/Ultrasonic-Generator-Schematic.jpg\" data-lightbox=\"image\"><img loading=\"lazy\" decoding=\"async\" aria-describedby=\"caption-attachment-1253\" title=\"Ultraschallgenerator Schaltplan\" src=\"\/\/www.bjultrasonic.com\/wp-content\/uploads\/2012\/07\/Ultrasonic-Generator-Schematic.jpg\" alt=\"Ultraschallgenerator Schaltplan\" width=\"630\" height=\"266\" \/><\/a><p id=\"caption-attachment-1253\" class=\"wp-caption-text\">Ultraschallgenerator Schaltplan<\/p><\/div>\n","protected":false},"excerpt":{"rendered":"<p>Digitaler <a href=\"https:\/\/www.bjultrasonic.com\/de\/category\/ultrasonic-generator-de\/\">Ultraschallgenerator<\/a>, auch Ultraschallgenerator-Kit genannt, verwendet die fortschrittliche Mikrocomputer-Steuerungstechnologie und neue Schaltungstopologie, sodass Sie Ultraschallfrequenz, Timer und Leistung nach Ihren Anforderungen einstellen k\u00f6nnen.<\/p>\n","protected":false},"featured_media":19245,"comment_status":"open","ping_status":"closed","template":"","meta":[],"product_brand":[],"product_cat":[6053],"product_tag":[],"class_list":{"0":"post-70051","1":"product","2":"type-product","3":"status-publish","4":"has-post-thumbnail","6":"product_cat-ultrasonic-digital-generator-de","8":"first","9":"instock","10":"shipping-taxable","11":"purchasable","12":"product-type-simple","13":"prodpage-classic"},"aioseo_notices":[],"_links":{"self":[{"href":"https:\/\/www.bjultrasonic.com\/de\/wp-json\/wp\/v2\/product\/70051","targetHints":{"allow":["GET"]}}],"collection":[{"href":"https:\/\/www.bjultrasonic.com\/de\/wp-json\/wp\/v2\/product"}],"about":[{"href":"https:\/\/www.bjultrasonic.com\/de\/wp-json\/wp\/v2\/types\/product"}],"replies":[{"embeddable":true,"href":"https:\/\/www.bjultrasonic.com\/de\/wp-json\/wp\/v2\/comments?post=70051"}],"wp:featuredmedia":[{"embeddable":true,"href":"https:\/\/www.bjultrasonic.com\/de\/wp-json\/wp\/v2\/media\/19245"}],"wp:attachment":[{"href":"https:\/\/www.bjultrasonic.com\/de\/wp-json\/wp\/v2\/media?parent=70051"}],"wp:term":[{"taxonomy":"product_brand","embeddable":true,"href":"https:\/\/www.bjultrasonic.com\/de\/wp-json\/wp\/v2\/product_brand?post=70051"},{"taxonomy":"product_cat","embeddable":true,"href":"https:\/\/www.bjultrasonic.com\/de\/wp-json\/wp\/v2\/product_cat?post=70051"},{"taxonomy":"product_tag","embeddable":true,"href":"https:\/\/www.bjultrasonic.com\/de\/wp-json\/wp\/v2\/product_tag?post=70051"}],"curies":[{"name":"wp","href":"https:\/\/api.w.org\/{rel}","templated":true}]}}