{"id":70411,"date":"2012-04-30T02:19:42","date_gmt":"2012-04-30T07:19:42","guid":{"rendered":"https:\/\/www.bjultrasonic.com\/shop\/3l-digital-ultrasonic-cleaner-with-timer\/"},"modified":"2026-03-28T20:11:22","modified_gmt":"2026-03-29T01:11:22","slug":"3l-digital-ultrasonic-cleaner-with-timer","status":"publish","type":"product","link":"https:\/\/www.bjultrasonic.com\/de\/shop\/3l-digital-ultrasonic-cleaner-with-timer\/","title":{"rendered":"3L Digitaler Ultraschallreiniger mit Timer"},"content":{"rendered":"<h2>Spezifikation des 3L digitalen Ultraschallreinigers mit Timer<\/h2>\n<table class=\"table table-striped table-bordered\"   id=\"wp-table-reloaded-id-84-no-1\">\n<tbody>\n<tr>\n<td>Typ<\/td>\n<td>BJUCDT3<\/td>\n<\/tr>\n<tr>\n<td>Tankvolumen<\/td>\n<td>3L<\/td>\n<\/tr>\n<tr>\n<td>Leistung<\/td>\n<td>120W<\/td>\n<\/tr>\n<tr>\n<td>Frequenz<\/td>\n<td>40kHz<\/td>\n<\/tr>\n<tr>\n<td>Tankgr\u00f6\u00dfe (mm)<\/td>\n<td>240*140*100 (L*B*H)<\/td>\n<\/tr>\n<tr>\n<td>Ger\u00e4tegr\u00f6\u00dfe (mm)<\/td>\n<td>270*170*240 (L*B*H)<\/td>\n<\/tr>\n<tr>\n<td>Spannung<\/td>\n<td>110VAC\u2014240VAC<\/td>\n<\/tr>\n<tr>\n<td>Funktionen<\/td>\n<td>Timer (1-99 Min.),<\/td>\n<\/tr>\n<tr>\n<td>Korb<\/td>\n<td>Edelstahlkorb<\/td>\n<\/tr>\n<tr>\n<td>Einheitsgewicht<\/td>\n<td>3,8 kg<\/td>\n<\/tr>\n<\/tbody>\n<\/table>\n<h3>Beschreibung des digitalen Ultraschallreinigers<\/h3>\n<ul>\n<li>Die gesamte Ultraschallreinigungsmaschine ist aus Edelstahl gefertigt, \u00e4sthetisch und praktisch.<\/li>\n<li>Verwendung von Hoch-Q-Ultraschallwandlern. Starke Leistung.<\/li>\n<li>Hohe Qualit\u00e4t des Verbindungsprozesses. Die Ultraschallwandler werden mit Epoxidkleber befestigt.<\/li>\n<li>Die Zeit kann nach Bedarf eingestellt werden.<\/li>\n<\/ul>\n<h3>Anwendung des Ultraschallreinigers<\/h3>\n<ul>\n<li><strong>Maschinenbauindustrie<\/strong>: Entfernung von Korrosionsschutz\u00f6l; Reinigung von Messwerkzeugen; Reinigung von Maschinenteilen, Motoren, Vergasern und Automobilteilen;<\/li>\n<li><strong>Oberfl\u00e4chenbehandlungsindustrie<\/strong>: Entfernung von \u00d6l und Rost vor dem Beschichten; Reinigung vor der Ionenbeschichtung; Phosphatierung; Entkohlung; Entfernung von Zunder; Entfernung von Poliermitteln; Aktivierungsbehandlung der Metalloberfl\u00e4che von Werkst\u00fccken, usw.<\/li>\n<li><strong>Instrumentenindustrie<\/strong>: Hochreinigungsreinigung von Pr\u00e4zisionsteilen vor der Montage.<\/li>\n<li><strong>Elektronikindustrie<\/strong>: Entfernung von Kolophonium von Leiterplatten, L\u00f6tstellen; Reinigung von Hochspannungskontakten und anderen mechanischen und elektronischen Komponenten, usw.<\/li>\n<li><strong>Medizinindustrie<\/strong>: Reinigung und Desinfektion, Sterilisation von medizinischen Ger\u00e4ten, Reinigung von Laborgef\u00e4\u00dfen, usw.<\/li>\n<li><strong>Halbleiterindustrie<\/strong>: Hochreinigungsreinigung von Halbleiterwafern.<\/li>\n<li><strong>Uhren- und Schmuckindustrie<\/strong>: Entfernung von \u00d6l, Schmutz, Oxidschichten, Poliermitteln, usw.<\/li>\n<li><strong>Chemische, biologische Industrie<\/strong>: Reinigung von Laborgef\u00e4\u00dfen.<\/li>\n<li><strong>Optische Industrie<\/strong>: Entfernung von \u00d6l, Schwei\u00df, Staub von optischen Bauteilen, usw.<\/li>\n<li><strong>Textil- und Druckindustrie<\/strong>: Reinigung von Textilspindeln, Spinnd\u00fcsen, usw.<\/li>\n<li><strong>\u00d6lchemische Industrie<\/strong>: Reinigung und Freisp\u00fclen von Metallgittern, chemischen Beh\u00e4ltern, Schaltern, usw.<\/li>\n<\/ul>\n<h3>Video zum digitalen Ultraschallreiniger mit Timer und Heizung<\/h3>\n<p><iframe loading=\"lazy\" title=\"Digital Ultrasonic Cleaner with Timer and Heater\" width=\"500\" height=\"281\" src=\"https:\/\/www.youtube.com\/embed\/SdW_EZ2X140?feature=oembed\" frameborder=\"0\" allow=\"accelerometer; autoplay; clipboard-write; encrypted-media; gyroscope; picture-in-picture; web-share\" referrerpolicy=\"strict-origin-when-cross-origin\" allowfullscreen><\/iframe><\/p>\n<h3>Zahlung<\/h3>\n<p>Wir akzeptieren PayPal, T\/T &#038; Western Union.<\/p>\n<h3 class=\"shipping-methods\">Versand<\/h3>\n<p>Die Ware wird innerhalb von 48 Stunden nach Erhalt der vollst\u00e4ndigen Zahlung versendet.<\/p>\n<ul>\n<li>Wir versenden die Ware an die bei der PayPal-Zahlung angegebene Adresse. Bitte stellen Sie sicher, dass die Adresse in PayPal korrekt ist.<\/li>\n<li>Wir geben Ihnen die Sendungsverfolgungsnummer, nachdem wir die Ware versendet haben. In der Regel erhalten Sie die Ware innerhalb von f\u00fcnf Tagen.<\/li>\n<li>Wenn Sie Fragen haben, kontaktieren Sie uns bitte per E-Mail (unsere E-Mail-Adresse ist <a href=\"mailto:support@bjultrasonic.com\">support@bjultrasonic.com<\/a>).<\/li>\n<\/ul>\n<h3>Produktgarantie<\/h3>\n<p>Die Produktgarantiezeit betr\u00e4gt ein Jahr. Innerhalb der Garantiezeit k\u00f6nnen gekaufte Produkte kostenlos gewartet oder ausgetauscht werden.<\/p>\n","protected":false},"excerpt":{"rendered":"<p><a href=\"https:\/\/www.bjultrasonic.com\/de\/category\/ultrasonic-cleaning-system-de\/digital-ultrasonic-cleaner-de\/\">Digitale Ultraschallreiniger<\/a> werden h\u00e4ufig zum Reinigen von Schmuck, Uhren, Halsketten, Ohrringen, Ringen, Armb\u00e4ndern, M\u00fcnzen, Uhrarmb\u00e4ndern, Brillen, Sonnenbrillen, Kontaktlinsenzubeh\u00f6r, Zahnprothesen, K\u00e4mmen, Zahnb\u00fcrsten, Geschirr und so weiter eingesetzt.<\/p>\n","protected":false},"featured_media":1075,"comment_status":"open","ping_status":"closed","template":"","meta":[],"product_brand":[],"product_cat":[5835],"product_tag":[],"class_list":{"0":"post-70411","1":"product","2":"type-product","3":"status-publish","4":"has-post-thumbnail","6":"product_cat-digital-ultrasonic-cleaner-de","8":"first","9":"outofstock","10":"shipping-taxable","11":"purchasable","12":"product-type-simple","13":"prodpage-classic"},"aioseo_notices":[],"_links":{"self":[{"href":"https:\/\/www.bjultrasonic.com\/de\/wp-json\/wp\/v2\/product\/70411","targetHints":{"allow":["GET"]}}],"collection":[{"href":"https:\/\/www.bjultrasonic.com\/de\/wp-json\/wp\/v2\/product"}],"about":[{"href":"https:\/\/www.bjultrasonic.com\/de\/wp-json\/wp\/v2\/types\/product"}],"replies":[{"embeddable":true,"href":"https:\/\/www.bjultrasonic.com\/de\/wp-json\/wp\/v2\/comments?post=70411"}],"wp:featuredmedia":[{"embeddable":true,"href":"https:\/\/www.bjultrasonic.com\/de\/wp-json\/wp\/v2\/media\/1075"}],"wp:attachment":[{"href":"https:\/\/www.bjultrasonic.com\/de\/wp-json\/wp\/v2\/media?parent=70411"}],"wp:term":[{"taxonomy":"product_brand","embeddable":true,"href":"https:\/\/www.bjultrasonic.com\/de\/wp-json\/wp\/v2\/product_brand?post=70411"},{"taxonomy":"product_cat","embeddable":true,"href":"https:\/\/www.bjultrasonic.com\/de\/wp-json\/wp\/v2\/product_cat?post=70411"},{"taxonomy":"product_tag","embeddable":true,"href":"https:\/\/www.bjultrasonic.com\/de\/wp-json\/wp\/v2\/product_tag?post=70411"}],"curies":[{"name":"wp","href":"https:\/\/api.w.org\/{rel}","templated":true}]}}