{"id":70551,"date":"2012-04-29T07:22:45","date_gmt":"2012-04-29T12:22:45","guid":{"rendered":"https:\/\/www.bjultrasonic.com\/shop\/0-4l-digital-ultrasonic-cleaner-with-timer\/"},"modified":"2026-03-28T20:09:58","modified_gmt":"2026-03-29T01:09:58","slug":"0-4l-digital-ultrasonic-cleaner-with-timer","status":"publish","type":"product","link":"https:\/\/www.bjultrasonic.com\/de\/shop\/0-4l-digital-ultrasonic-cleaner-with-timer\/","title":{"rendered":"0,4L Digitaler Ultraschallreiniger mit Timer"},"content":{"rendered":"<h2>Spezifikation des 0,4L Digitalen Ultraschallreinigers mit Timer<\/h2>\n<table class=\"table table-striped table-bordered\"   id=\"wp-table-reloaded-id-77-no-1\">\n<tbody>\n<tr>\n<td>Typ<\/td>\n<td>BJUCDT0.4<\/td>\n<\/tr>\n<tr>\n<td>Tankkapazit\u00e4t<\/td>\n<td>0,4L<\/td>\n<\/tr>\n<tr>\n<td>Leistung<\/td>\n<td>35W<\/td>\n<\/tr>\n<tr>\n<td>Frequenz<\/td>\n<td>40kHz<\/td>\n<\/tr>\n<tr>\n<td>Tankgr\u00f6\u00dfe (mm)<\/td>\n<td>155 x 80 x 40mm (L*B*H)<\/td>\n<\/tr>\n<tr>\n<td>Ger\u00e4tegr\u00f6\u00dfe (mm)<\/td>\n<td>205*115*90mm<\/td>\n<\/tr>\n<tr>\n<td>Spannung<\/td>\n<td>220V\/110V<\/td>\n<\/tr>\n<tr>\n<td>Funktionen<\/td>\n<td>Timer (0-3 Min.)<\/td>\n<\/tr>\n<tr>\n<td>Einheitsgewicht<\/td>\n<td>0,8kg<\/td>\n<\/tr>\n<\/tbody>\n<\/table>\n<h3>Bemerkungen<\/h3>\n<p>Bitte teilen Sie uns bei Ihrer Bestellung mit, welche Spannung Sie ben\u00f6tigen.<\/p>\n<h3>Beschreibung des Digitalen Ultraschallreinigers<\/h3>\n<ul>\n<li>Verwendung von Hoch-Q-Ultraschallwandlern. Starke Leistung.<\/li>\n<li>Hohe Qualit\u00e4t des Verbindungsprozesses. Der Ultraschallwandler wird mit Epoxidharz befestigt.<\/li>\n<li>Die Zeit kann nach Bedarf zwischen 0 und 3 Minuten eingestellt werden.<\/li>\n<\/ul>\n<p><iframe loading=\"lazy\" title=\"How to Use an Ultrasonic Cleaner - Beijing Ultrasonic\" width=\"500\" height=\"281\" src=\"https:\/\/www.youtube.com\/embed\/YTCghUcjfyU?feature=oembed\" frameborder=\"0\" allow=\"accelerometer; autoplay; clipboard-write; encrypted-media; gyroscope; picture-in-picture; web-share\" referrerpolicy=\"strict-origin-when-cross-origin\" allowfullscreen><\/iframe><\/p>\n<h3>Anwendung des Ultraschallreinigers<\/h3>\n<ul>\n<li>Reinigung von Schmuck und Uhren, Halsketten, Ohrringen, Ringen, Armb\u00e4ndern, M\u00fcnzen, Uhrenarmb\u00e4ndern usw.<\/li>\n<li>Reinigung der Augenpflege: Brillen, Sonnenbrillen, Kontaktlinsenzubeh\u00f6r.<\/li>\n<li>Reinigung der t\u00e4glichen K\u00f6rperpflege: Zahnprothesen, K\u00e4mme, Zahnb\u00fcrsten, Essgeschirr.<\/li>\n<\/ul>\n<h3>Zahlung<\/h3>\n<p>Wir akzeptieren PayPal, T\/T &amp; Western Union.<\/p>\n<h3 class=\"shipping-methods\">Versand<\/h3>\n<p>Die Ware wird innerhalb von 48 Stunden nach Erhalt der vollen Zahlung versendet.<\/p>\n<ul>\n<li>Wir versenden die Ware an die in der PayPal-Zahlung angegebene Adresse. Bitte stellen Sie sicher, dass die Adresse in PayPal korrekt ist.<\/li>\n<li>Wir geben Ihnen die Sendungsverfolgungsnummer, nachdem wir die Ware versendet haben. In der Regel erhalten Sie die Ware innerhalb von f\u00fcnf Tagen.<\/li>\n<li>Wenn Sie Fragen haben, kontaktieren Sie uns bitte per E-Mail (unsere E-Mail-Adresse ist <a href=\"mailto:support@bjultrasonic.com\">support@bjultrasonic.com<\/a>).<\/li>\n<\/ul>\n<h3>Produktgarantie<\/h3>\n<p>Die Produktgarantiezeit betr\u00e4gt ein Jahr. Innerhalb der Garantiezeit k\u00f6nnen gekaufte Produkte kostenlose Wartung oder Austausch in Anspruch nehmen.<\/p>\n","protected":false},"excerpt":{"rendered":"<p><a href=\"https:\/\/www.bjultrasonic.com\/de\/category\/ultrasonic-cleaning-system-de\/digital-ultrasonic-cleaner-de\/\">Digitale Ultraschallreiniger<\/a> werden h\u00e4ufig zum Reinigen von Schmuck, Uhren, Halsketten, Ohrringen, Ringen, Armb\u00e4ndern, M\u00fcnzen, Uhrarmb\u00e4ndern, Brillen, Sonnenbrillen, Kontaktlinsenzubeh\u00f6r, Zahnprothesen, K\u00e4mmen, Zahnb\u00fcrsten, Geschirr und so weiter verwendet.<\/p>\n","protected":false},"featured_media":1036,"comment_status":"open","ping_status":"closed","template":"","meta":[],"product_brand":[],"product_cat":[5835],"product_tag":[],"class_list":{"0":"post-70551","1":"product","2":"type-product","3":"status-publish","4":"has-post-thumbnail","6":"product_cat-digital-ultrasonic-cleaner-de","8":"first","9":"outofstock","10":"shipping-taxable","11":"purchasable","12":"product-type-simple","13":"prodpage-classic"},"aioseo_notices":[],"_links":{"self":[{"href":"https:\/\/www.bjultrasonic.com\/de\/wp-json\/wp\/v2\/product\/70551","targetHints":{"allow":["GET"]}}],"collection":[{"href":"https:\/\/www.bjultrasonic.com\/de\/wp-json\/wp\/v2\/product"}],"about":[{"href":"https:\/\/www.bjultrasonic.com\/de\/wp-json\/wp\/v2\/types\/product"}],"replies":[{"embeddable":true,"href":"https:\/\/www.bjultrasonic.com\/de\/wp-json\/wp\/v2\/comments?post=70551"}],"wp:featuredmedia":[{"embeddable":true,"href":"https:\/\/www.bjultrasonic.com\/de\/wp-json\/wp\/v2\/media\/1036"}],"wp:attachment":[{"href":"https:\/\/www.bjultrasonic.com\/de\/wp-json\/wp\/v2\/media?parent=70551"}],"wp:term":[{"taxonomy":"product_brand","embeddable":true,"href":"https:\/\/www.bjultrasonic.com\/de\/wp-json\/wp\/v2\/product_brand?post=70551"},{"taxonomy":"product_cat","embeddable":true,"href":"https:\/\/www.bjultrasonic.com\/de\/wp-json\/wp\/v2\/product_cat?post=70551"},{"taxonomy":"product_tag","embeddable":true,"href":"https:\/\/www.bjultrasonic.com\/de\/wp-json\/wp\/v2\/product_tag?post=70551"}],"curies":[{"name":"wp","href":"https:\/\/api.w.org\/{rel}","templated":true}]}}