{"id":70571,"date":"2012-04-29T00:33:33","date_gmt":"2012-04-29T05:33:33","guid":{"rendered":"https:\/\/www.bjultrasonic.com\/shop\/1800w-ultrasonic-cleaner\/"},"modified":"2026-03-28T20:09:34","modified_gmt":"2026-03-29T01:09:34","slug":"1800w-ultrasonic-cleaner","status":"publish","type":"product","link":"https:\/\/www.bjultrasonic.com\/de\/shop\/1800w-ultrasonic-cleaner\/","title":{"rendered":"1800W Industrie-Ultraschallreinigungsmaschine"},"content":{"rendered":"<h2>Spezifikationen des 1800W Ultraschallreinigers<\/h2>\n<table class=\"table table-striped table-bordered\"   id=\"wp-table-reloaded-id-76-no-1\">\n<tbody>\n<tr>\n<td>Typ<\/td>\n<td>BJUC1800<\/td>\n<\/tr>\n<tr>\n<td>Ultraschallleistung<\/td>\n<td>1800W<\/td>\n<\/tr>\n<tr>\n<td>Heizleistung<\/td>\n<td>5000W<\/td>\n<\/tr>\n<tr>\n<td>Frequenz<\/td>\n<td>40kHz\/28kHz<\/td>\n<\/tr>\n<tr>\n<td>Beckengr\u00f6\u00dfe (mm)<\/td>\n<td>700 \u00d7 380 \u00d7 400 (L*B*H)<\/td>\n<\/tr>\n<tr>\n<td>Ger\u00e4tegr\u00f6\u00dfe<\/td>\n<td>800 \u00d7 650 \u00d7 675 (L*B*H)<\/td>\n<\/tr>\n<tr>\n<td>Spannung<\/td>\n<td>220V\/380V<\/td>\n<\/tr>\n<tr>\n<td>Funktionen<\/td>\n<td>Timer, Heizung<\/td>\n<\/tr>\n<tr>\n<td>Korb<\/td>\n<td>Edelstahlkorb<\/td>\n<\/tr>\n<\/tbody>\n<\/table>\n<h3>Hinweise<\/h3>\n<ul>\n<li>1800W Ultraschallreinigungsmaschinen sind kundenspezifische Produkte. Bitte kontaktieren Sie f\u00fcr den Preis unseren Vertriebsmitarbeiter (<a href=\"https:\/\/www.bjultrasonic.com\/contact\/\" target=\"_blank\" rel=\"noopener\">Kontaktformular<\/a>). Wir antworten Ihnen umgehend.<\/li>\n<li>Wir k\u00f6nnen basierend auf Anforderungen verschiedene Ultraschallreiniger entwerfen und anpassen.<\/li>\n<\/ul>\n<h3>Ultraschallreinigungsbecken &#038; Ultraschallgenerator f\u00fcr Reinigungsbecken<\/h3>\n<p><iframe loading=\"lazy\" title=\"Ultrasonic Cleaning Tank for Sale\" width=\"500\" height=\"281\" src=\"https:\/\/www.youtube.com\/embed\/tMUV4LCcNvA?feature=oembed\" frameborder=\"0\" allow=\"accelerometer; autoplay; clipboard-write; encrypted-media; gyroscope; picture-in-picture; web-share\" referrerpolicy=\"strict-origin-when-cross-origin\" allowfullscreen><\/iframe><\/p>\n<h3>Die typischen Merkmale dieses Typs von Ultraschallreiniger<\/h3>\n<ul>\n<li>Verwendung hochwertiger Edelstahlbleche und Komponenten: Vollst\u00e4ndig aus Edelstahl, ansprechendes Aussehen und langlebig.<\/li>\n<li>Heiz- und Temperaturregelvorrichtung, Temperaturbereich 10 ~ 100 \u00b0C.<\/li>\n<li>Verwendung hochwertiger Wandler, starke Ultraschallleistungsabgabe.<\/li>\n<li>Reinigungsbecken und Generator mit Spaltungsdesign, einfach zu bedienen.<\/li>\n<li>Verwendung neuer Schaltungen, Leistung und Timer des Generators sind einstellbar.<\/li>\n<li>Ultraschallvibrationsmodi mit Boden- und Randvibration, geeignet f\u00fcr verschiedene Anforderungen.<\/li>\n<\/ul>\n<h3>Anwendung der Ultraschallreinigungsmaschine<\/h3>\n<ul>\n<li><strong>Maschinenbauindustrie<\/strong>: Entfernen von Korrosionsschutz\u00f6l; Reinigen von Messwerkzeugen; Reinigen von Maschinenteilen, Motoren, Vergasern und Automobilteilen.<\/li>\n<li><strong>Oberfl\u00e4chenbehandlungsindustrie<\/strong>: Entfetten vor dem Plattieren, Entrosten; Reinigen vor der Ionenplattierung; Phosphatbehandlung; Entkohlen; Entzundern; Entfernen von Poliermitteln; Aktivierungsbehandlung der Metalloberfl\u00e4che von Werkst\u00fccken usw.<\/li>\n<li><strong>Instrumentenindustrie<\/strong>: Hochreinigung von Pr\u00e4zisionsteilen vor der Montage.<\/li>\n<li><strong>Elektronikindustrie<\/strong>: Entfernen von Kolophonium auf Leiterplatten, L\u00f6tstellen; Reinigen von Hochspannungskontakten und anderen mechanischen und elektronischen Bauteilen usw.<\/li>\n<li><strong>Medizinindustrie<\/strong>: Reinigung und Desinfektion, Sterilisation von medizinischen Ger\u00e4ten, Reinigen von Versuchsgef\u00e4\u00dfen usw.<\/li>\n<li><strong>Halbleiterindustrie<\/strong>: Hochreinigung von Halbleiterwafern.<\/li>\n<li><strong>Uhren- und Schmuckindustrie<\/strong>: Entfernen von \u00d6l, Schmutz, Oxidschicht, Poliermitteln usw.<\/li>\n<li><strong>Chemische, Biologische Industrie<\/strong>: Reinigen von Versuchsgef\u00e4\u00dfen.<\/li>\n<li><strong>Optische Industrie<\/strong>: Entfetten optischer Ger\u00e4te, Entfernen von Schwei\u00df, Staub usw.<\/li>\n<li><strong>Textil- und Druckindustrie<\/strong>: Reinigen von Textilspindeln, Spinnd\u00fcsen usw.<\/li>\n<li><strong>Erd\u00f6lchemische Industrie<\/strong>: Reinigen und Freisp\u00fclen von Metallgittern, chemischen Beh\u00e4ltern, Schaltern usw.<\/li>\n<\/ul>\n<p><img loading=\"lazy\" decoding=\"async\" class=\"alignnone size-full wp-image-1011\" title=\"300W Ultrasonic Cleaner\" alt=\"300W Ultraschallreiniger\" src=\"\/\/www.bjultrasonic.com\/wp-content\/uploads\/2012\/04\/201242911111.jpg\" width=\"456\" height=\"269\" \/><\/p>\n<h3>Zahlung<\/h3>\n<p>Wir akzeptieren derzeit nur Zahlungen per <strong>PayPal<\/strong>, <strong>T\/T<\/strong> und <strong>Western Union<\/strong>.<\/p>\n<h3 class=\"shipping-methods\">Versand<\/h3>\n<p>Die Ware wird innerhalb von 48 Stunden nach Erhalt der vollst\u00e4ndigen Zahlung versandt.<\/p>\n<ul>\n<li>Wir versenden die Ware an die in der PayPal-Zahlung angegebene Adresse. Bitte stellen Sie sicher, dass die Adresse in PayPal korrekt ist.<\/li>\n<li>Wir geben Ihnen die Sendungsverfolgungsnummer, nachdem wir die Ware verschickt haben. In der Regel erhalten Sie die Ware innerhalb von f\u00fcnf Tagen.<\/li>\n<li>Wenn Sie Fragen haben, kontaktieren Sie uns bitte per E-Mail (unsere E-Mail-Adresse ist <a href=\"mailto:support@bjultrasonic.com\">support@bjultrasonic.com<\/a>).<\/li>\n<\/ul>\n<h3 align=\"left\">Produktgarantie<\/h3>\n<p>Die Produktgarantiezeit betr\u00e4gt ein Jahr. Innerhalb der Garantiezeit k\u00f6nnen gekaufte Produkte kostenlose Wartung oder Austausch in Anspruch nehmen.<\/p>\n","protected":false},"excerpt":{"rendered":"<p><a href=\"https:\/\/www.bjultrasonic.com\/de\/category\/ultrasonic-cleaning-system-de\/big-ultrasonic-cleaning-machine-de\/\">Industrielle Ultraschallreiniger<\/a> hergestellt von Beijing Ultrasonic. Wir k\u00f6nnen verschiedene <a href=\"https:\/\/www.bjultrasonic.com\/de\/category\/ultrasonic-cleaning-system-de\/big-ultrasonic-cleaning-machine-de\/\">industrielle Ultraschallreinigungsmaschinen<\/a> nach Bedarf entwerfen und anpassen.<\/p>\n","protected":false},"featured_media":23719,"comment_status":"open","ping_status":"closed","template":"","meta":[],"product_brand":[],"product_cat":[5951],"product_tag":[],"class_list":{"0":"post-70571","1":"product","2":"type-product","3":"status-publish","4":"has-post-thumbnail","6":"product_cat-big-ultrasonic-cleaning-machine-de","8":"first","9":"instock","10":"shipping-taxable","11":"product-type-external","12":"prodpage-classic"},"aioseo_notices":[],"_links":{"self":[{"href":"https:\/\/www.bjultrasonic.com\/de\/wp-json\/wp\/v2\/product\/70571","targetHints":{"allow":["GET"]}}],"collection":[{"href":"https:\/\/www.bjultrasonic.com\/de\/wp-json\/wp\/v2\/product"}],"about":[{"href":"https:\/\/www.bjultrasonic.com\/de\/wp-json\/wp\/v2\/types\/product"}],"replies":[{"embeddable":true,"href":"https:\/\/www.bjultrasonic.com\/de\/wp-json\/wp\/v2\/comments?post=70571"}],"wp:featuredmedia":[{"embeddable":true,"href":"https:\/\/www.bjultrasonic.com\/de\/wp-json\/wp\/v2\/media\/23719"}],"wp:attachment":[{"href":"https:\/\/www.bjultrasonic.com\/de\/wp-json\/wp\/v2\/media?parent=70571"}],"wp:term":[{"taxonomy":"product_brand","embeddable":true,"href":"https:\/\/www.bjultrasonic.com\/de\/wp-json\/wp\/v2\/product_brand?post=70571"},{"taxonomy":"product_cat","embeddable":true,"href":"https:\/\/www.bjultrasonic.com\/de\/wp-json\/wp\/v2\/product_cat?post=70571"},{"taxonomy":"product_tag","embeddable":true,"href":"https:\/\/www.bjultrasonic.com\/de\/wp-json\/wp\/v2\/product_tag?post=70571"}],"curies":[{"name":"wp","href":"https:\/\/api.w.org\/{rel}","templated":true}]}}