{"id":70651,"date":"2012-04-29T00:15:30","date_gmt":"2012-04-29T05:15:30","guid":{"rendered":"https:\/\/www.bjultrasonic.com\/shop\/600w-ultrasonic-cleaner\/"},"modified":"2026-03-28T20:09:05","modified_gmt":"2026-03-29T01:09:05","slug":"600w-ultrasonic-cleaner","status":"publish","type":"product","link":"https:\/\/www.bjultrasonic.com\/de\/shop\/600w-ultrasonic-cleaner\/","title":{"rendered":"600W Industrielle Ultraschallreinigungsmaschine"},"content":{"rendered":"<h2>Spezifikation des 600W Ultraschallreinigers<\/h2>\n<table class=\"table table-striped table-bordered\"   id=\"wp-table-reloaded-id-72-no-1\">\n<tbody>\n<tr>\n<td>Typ<\/td>\n<td>BJUC600<\/td>\n<\/tr>\n<tr>\n<td>Ultraschallleistung<\/td>\n<td>600W<\/td>\n<\/tr>\n<tr>\n<td>Heizleistung<\/td>\n<td>2000W<\/td>\n<\/tr>\n<tr>\n<td>Frequenz<\/td>\n<td>40kHz\/28kHz<\/td>\n<\/tr>\n<tr>\n<td>Beh\u00e4ltergr\u00f6\u00dfe (mm)<\/td>\n<td>400*300*300 (L*B*H)<\/td>\n<\/tr>\n<tr>\n<td>Ger\u00e4tegr\u00f6\u00dfe<\/td>\n<td>520 \u00d7 430 \u00d7 600 (L*B*H)<\/td>\n<\/tr>\n<tr>\n<td>Spannung<\/td>\n<td>220V AC<\/td>\n<\/tr>\n<tr>\n<td>Funktionen<\/td>\n<td>Timer, Heizung<\/td>\n<\/tr>\n<tr>\n<td>Korb<\/td>\n<td>Edelstahlkorb<\/td>\n<\/tr>\n<\/tbody>\n<\/table>\n<h3>Hinweise<\/h3>\n<ul>\n<li>Die 600W Ultraschallreinigungsmaschine ist ein kundenspezifisches Produkt. Bitte kontaktieren Sie f\u00fcr den Preis unseren Vertriebsbeauftragten (<a href=\"https:\/\/www.bjultrasonic.com\/contact\/\" target=\"_blank\" rel=\"noopener\">Kontaktformular<\/a>). Wir werden Ihnen umgehend antworten.<\/li>\n<li>Wir k\u00f6nnen auf Basis von Anforderungen verschiedene Ultraschallreinigungsmaschinen entwerfen und anpassen.<\/li>\n<\/ul>\n<h3>Die typischen Eigenschaften dieser Art von Ultraschallreinigungsmaschine<\/h3>\n<ul>\n<li>Verwendung hochwertiger Edelstahlbleche und Komponenten: Vollst\u00e4ndig aus Edelstahl, sch\u00f6nes und langlebiges Erscheinungsbild.<\/li>\n<li>Heiz- und Temperaturregelvorrichtung, Temperaturbereich 10 ~ 100 \u00b0C.<\/li>\n<li>Verwendet hochwertige Wandler, starke Ultraschallleistungsabgabe.<\/li>\n<li>Reinigungsbeh\u00e4lter und Generator sind im Trennungsdesign ausgef\u00fchrt, einfach zu bedienen.<\/li>\n<li>Verwendung einer neuen Schaltung, Leistung und Timer des Generators sind einstellbar.<\/li>\n<li>Ultraschallschwingungsmodi umfassen Boden- und Randschwingung, geeignet f\u00fcr verschiedene Anforderungen.<\/li>\n<\/ul>\n<h3>Ultraschallreinigungsbeh\u00e4lter &amp; Ultraschallgenerator f\u00fcr Reinigungsbeh\u00e4lter<\/h3>\n<p><iframe loading=\"lazy\" title=\"Ultrasonic Cleaning Tank for Sale\" width=\"500\" height=\"281\" src=\"https:\/\/www.youtube.com\/embed\/tMUV4LCcNvA?feature=oembed\" frameborder=\"0\" allow=\"accelerometer; autoplay; clipboard-write; encrypted-media; gyroscope; picture-in-picture; web-share\" referrerpolicy=\"strict-origin-when-cross-origin\" allowfullscreen><\/iframe><\/p>\n<h3>Anwendung der Ultraschallreinigungsmaschine<\/h3>\n<ul>\n<li><strong>Maschinenbauindustrie<\/strong>: Entfernung von Korrosionsschutz\u00f6l; Reinigung von Messwerkzeugen; Reinigung von Maschinenteilen, Motoren, Vergasern und Autoteilen;<\/li>\n<li><strong>Oberfl\u00e4chenbehandlungsindustrie<\/strong>: Entfernung von \u00d6l oder Rost vor der Beschichtung; Reinigung vor der Ionenbeschichtung; Phosphatierung; Entkohlung; Entzundern; Entfernung von Poliermitteln; Aktivierungsbehandlung der Metalloberfl\u00e4che von Werkst\u00fccken usw.<\/li>\n<li><strong>Instrumentenindustrie<\/strong>: Hochreinigungsreinigung von Pr\u00e4zisionsteilen vor der Montage.<\/li>\n<li><strong>Elektronikindustrie<\/strong>: Entfernung von Kolophonium, L\u00f6tstellen von Leiterplatten; Reinigung von Hochspannungskontakten und anderen mechanischen und elektronischen Bauteilen usw.<\/li>\n<li><strong>Medizinindustrie<\/strong>: Reinigung und Desinfektion, Sterilisation von medizinischen Ger\u00e4ten, Reinigung von Versuchsgef\u00e4\u00dfen usw.<\/li>\n<li><strong>Halbleiterindustrie<\/strong>: Hochreinigungsreinigung von Halbleiter-Wafern.<\/li>\n<li><strong>Uhren- und Schmuckindustrie<\/strong>: Entfernung von \u00d6l, Schmutz, Oxidschicht, Poliermitteln usw.<\/li>\n<li><strong>Chemische, biologische Industrie<\/strong>: Reinigung von Versuchsgef\u00e4\u00dfen.<\/li>\n<li><strong>Optikindustrie<\/strong>: Entfernung von \u00d6l, Schwei\u00df, Staub usw. von optischen Bauteilen.<\/li>\n<li><strong>Textil- und Druckindustrie<\/strong>: Reinigung von Textilspindeln, Spinnd\u00fcsen usw.<\/li>\n<li><strong>\u00d6lchemische Industrie<\/strong>: Reinigung und Durchsp\u00fclen von Metallgittern, chemischen Beh\u00e4ltern, Schaltern usw.<\/li>\n<\/ul>\n<p><img loading=\"lazy\" decoding=\"async\" class=\"alignnone size-full wp-image-1011\" title=\"300W Ultraschallreiniger\" alt=\"300W Ultraschallreiniger\" src=\"\/\/www.bjultrasonic.com\/wp-content\/uploads\/2012\/04\/201242911111.jpg\" width=\"456\" height=\"269\" \/><\/p>\n<h3>Zahlung<\/h3>\n<p>Wir akzeptieren derzeit nur Zahlungen per <strong>Paypal<\/strong>, <strong>T\/T<\/strong> und <strong>Western Union<\/strong>.<\/p>\n<h3 class=\"shipping-methods\">Versand<\/h3>\n<p>Die Ware wird innerhalb von 48 Stunden nach Eingang der vollst\u00e4ndigen Zahlung versandt.<\/p>\n<ul>\n<li>Wir versenden die Ware an die in der PayPal-Zahlung angegebene Adresse. Bitte stellen Sie sicher, dass die Adresse in PayPal korrekt ist.<\/li>\n<li>Wir geben Ihnen die Sendungsverfolgungsnummer, nachdem wir die Ware versendet haben. Im Allgemeinen erhalten Sie die Ware innerhalb von f\u00fcnf Tagen.<\/li>\n<li>Wenn Sie Fragen haben, kontaktieren Sie uns bitte per E-Mail (unsere E-Mail-Adresse ist <a href=\"mailto:support@bjultrasonic.com\">support@bjultrasonic.com<\/a>).<\/li>\n<\/ul>\n<h3 align=\"left\">Produktgarantie<\/h3>\n<p>Die Produktgarantiezeit betr\u00e4gt ein Jahr. Innerhalb der Garantiezeit k\u00f6nnen gekaufte Produkte kostenlose Wartung oder Austausch in Anspruch nehmen.<\/p>\n","protected":false},"excerpt":{"rendered":"<p><a href=\"https:\/\/www.bjultrasonic.com\/de\/category\/ultrasonic-cleaning-system-de\/big-ultrasonic-cleaning-machine-de\/\">Industrieller Ultraschallreiniger<\/a> hergestellt von Beijing Ultrasonic. Wir k\u00f6nnen verschiedene <a href=\"https:\/\/www.bjultrasonic.com\/de\/category\/ultrasonic-cleaning-system-de\/big-ultrasonic-cleaning-machine-de\/\">industrielle Ultraschallreinigungsmaschinen<\/a> nach Bedarf entwerfen und anpassen.<\/p>\n","protected":false},"featured_media":23725,"comment_status":"open","ping_status":"closed","template":"","meta":[],"product_brand":[],"product_cat":[5951],"product_tag":[],"class_list":{"0":"post-70651","1":"product","2":"type-product","3":"status-publish","4":"has-post-thumbnail","6":"product_cat-big-ultrasonic-cleaning-machine-de","8":"first","9":"instock","10":"shipping-taxable","11":"product-type-external","12":"prodpage-classic"},"aioseo_notices":[],"_links":{"self":[{"href":"https:\/\/www.bjultrasonic.com\/de\/wp-json\/wp\/v2\/product\/70651","targetHints":{"allow":["GET"]}}],"collection":[{"href":"https:\/\/www.bjultrasonic.com\/de\/wp-json\/wp\/v2\/product"}],"about":[{"href":"https:\/\/www.bjultrasonic.com\/de\/wp-json\/wp\/v2\/types\/product"}],"replies":[{"embeddable":true,"href":"https:\/\/www.bjultrasonic.com\/de\/wp-json\/wp\/v2\/comments?post=70651"}],"wp:featuredmedia":[{"embeddable":true,"href":"https:\/\/www.bjultrasonic.com\/de\/wp-json\/wp\/v2\/media\/23725"}],"wp:attachment":[{"href":"https:\/\/www.bjultrasonic.com\/de\/wp-json\/wp\/v2\/media?parent=70651"}],"wp:term":[{"taxonomy":"product_brand","embeddable":true,"href":"https:\/\/www.bjultrasonic.com\/de\/wp-json\/wp\/v2\/product_brand?post=70651"},{"taxonomy":"product_cat","embeddable":true,"href":"https:\/\/www.bjultrasonic.com\/de\/wp-json\/wp\/v2\/product_cat?post=70651"},{"taxonomy":"product_tag","embeddable":true,"href":"https:\/\/www.bjultrasonic.com\/de\/wp-json\/wp\/v2\/product_tag?post=70651"}],"curies":[{"name":"wp","href":"https:\/\/api.w.org\/{rel}","templated":true}]}}