{"id":70731,"date":"2012-04-28T10:54:20","date_gmt":"2012-04-28T15:54:20","guid":{"rendered":"https:\/\/www.bjultrasonic.com\/shop\/20l-480w-mechanical-ultrasonic-cleaner-with-timer-and-heating\/"},"modified":"2026-03-28T20:08:13","modified_gmt":"2026-03-29T01:08:13","slug":"20l-480w-mechanical-ultrasonic-cleaner-with-timer-and-heating","status":"publish","type":"product","link":"https:\/\/www.bjultrasonic.com\/de\/shop\/20l-480w-mechanical-ultrasonic-cleaner-with-timer-and-heating\/","title":{"rendered":"20L 480W Ultraschallreiniger mit mechanischem Timer und Heizung"},"content":{"rendered":"<h2>Spezifikationen des 20L 480W Ultraschallreinigers mit mechanischem Timer und Heizung<\/h2>\n<table class=\"table table-striped table-bordered\"   id=\"wp-table-reloaded-id-68-no-1\">\n<tbody>\n<tr>\n<td>Typ<\/td>\n<td>BJUCMTH20<\/td>\n<\/tr>\n<tr>\n<td>Tankvolumen<\/td>\n<td>20L<\/td>\n<\/tr>\n<tr>\n<td>Leistung<\/td>\n<td>480W<\/td>\n<\/tr>\n<tr>\n<td>Frequenz<\/td>\n<td>40KHz<\/td>\n<\/tr>\n<tr>\n<td>Tankgr\u00f6\u00dfe(mm)<\/td>\n<td>530*325*150(L*B*H)<\/td>\n<\/tr>\n<tr>\n<td>Ger\u00e4tegr\u00f6\u00dfe(mm)<\/td>\n<td>550*330*310(L*B*H)<\/td>\n<\/tr>\n<tr>\n<td>Spannung<\/td>\n<td>110VAC\u2014240VAC<\/td>\n<\/tr>\n<tr>\n<td>Funktionen<\/td>\n<td>Timer, Heizung<\/td>\n<\/tr>\n<tr>\n<td>Korb<\/td>\n<td>Edelstahlkorb<\/td>\n<\/tr>\n<tr>\n<td>Einheitsgewicht<\/td>\n<td>14kg<\/td>\n<\/tr>\n<\/tbody>\n<\/table>\n<h3>Hinweise<\/h3>\n<p>Bitte teilen Sie uns bei Ihrer Bestellung mit, welche Spannung Sie ben\u00f6tigen.<\/p>\n<h3>Video zum Ultraschallreiniger mit mechanischem Timer<\/h3>\n<p><iframe loading=\"lazy\" title=\"Ultrasonic Cleaner with Mechanical Timer - Beijing Ultrasonic\" width=\"500\" height=\"281\" src=\"https:\/\/www.youtube.com\/embed\/UJRL1Qg9sgo?feature=oembed\" frameborder=\"0\" allow=\"accelerometer; autoplay; clipboard-write; encrypted-media; gyroscope; picture-in-picture; web-share\" referrerpolicy=\"strict-origin-when-cross-origin\" allowfullscreen><\/iframe><\/p>\n<h3>Beschreibung des mechanischen Ultraschallreinigers<\/h3>\n<ul>\n<li>Die gesamte Ultraschallreinigungsmaschine besteht aus Edelstahl, \u00e4sthetisch und praktisch.<\/li>\n<li>Verwendung hochwertiger <a href=\"https:\/\/www.bjultrasonic.com\/de\/category\/ultrasonic-transducer-de\/\">Ultraschallwandler<\/a>. Starke Leistung.<\/li>\n<li>Hohe Qualit\u00e4t des Verbindungsprozesses. Die Ultraschallwandler werden mit Epoxidkleber befestigt.<\/li>\n<li>Zeit und Heizung k\u00f6nnen nach Bedarf eingestellt werden.<\/li>\n<\/ul>\n<h3>Anwendung des Ultraschallreinigers<\/h3>\n<ul>\n<li><strong>Maschinenbauindustrie<\/strong>: Entfernung von Korrosionsschutz\u00f6l; Reinigung von Messwerkzeugen; Reinigung von Maschinenteilen, Motoren, Vergasern und Automobilteilen;<\/li>\n<li><strong>Oberfl\u00e4chenbehandlungsindustrie<\/strong>: Entfettung oder Entrostung vor dem Beschichten; Reinigung vor der Ionenbeschichtung; Phosphatierung; Entkohlung; Entzundern; Entfernung von Poliermitteln; Aktivierungsbehandlung der Metalloberfl\u00e4che von Werkst\u00fccken usw.<\/li>\n<li><strong>Instrumentenindustrie<\/strong>: Hochreinigungsreinigung von Pr\u00e4zisionsteilen vor der Montage.<\/li>\n<li><strong>Elektronikindustrie<\/strong>: Entfernung von Kolophonium von Leiterplatten, L\u00f6tstellen; Reinigung von Hochspannungskontakten und anderen mechanischen und elektronischen Bauteilen usw.<\/li>\n<li><strong>Medizinindustrie<\/strong>: Reinigung und Desinfektion, Sterilisation von medizinischen Ger\u00e4ten, Reinigung von Laborgef\u00e4\u00dfen usw.<\/li>\n<li><strong>Halbleiterindustrie<\/strong>: Hochreinigungsreinigung von Halbleiterwafern.<\/li>\n<li><strong>Uhren- und Schmuckindustrie<\/strong>: Entfernung von \u00d6l, Schmutz, Oxidschichten, Poliermitteln usw.<\/li>\n<li><strong>Chemische, biologische Industrie<\/strong>: Reinigung von Laborgef\u00e4\u00dfen.<\/li>\n<li> <strong>Optische Industrie<\/strong>: Entfettung von optischen Bauteilen, Entfernung von Schwei\u00df, Staub usw.<\/li>\n<li> <strong>Textil- und Druckindustrie<\/strong>: Reinigung von Textilspindeln, Spinnd\u00fcsen usw.<\/li>\n<li> <strong>\u00d6lchemische Industrie<\/strong>: Reinigung und Freisp\u00fclen von Metallgittern, chemischen Beh\u00e4ltern, Schaltern usw.<\/li>\n<\/ul>\n<h3>Zahlung<\/h3>\n<p>Wir akzeptieren derzeit PayPal, T\/T &amp; Western Union.<\/p>\n<h3 class=\"shipping-methods\">Versand<\/h3>\n<p>Die Ware wird innerhalb von 48 Stunden nach Erhalt der vollen Zahlung versendet.<\/p>\n<ul>\n<li>Wir versenden die Ware an die bei der PayPal-Zahlung angegebene Adresse. Bitte stellen Sie sicher, dass die Adresse bei PayPal korrekt ist.<\/li>\n<li>Wir geben Ihnen die Sendungsverfolgungsnummer, nachdem wir die Ware versendet haben. In der Regel erhalten Sie die Ware innerhalb von f\u00fcnf Tagen.<\/li>\n<li>Wenn Sie Fragen haben, kontaktieren Sie uns bitte per E-Mail (unsere E-Mail-Adresse ist <a href=\"mailto:support@bjultrasonic.com\">support@bjultrasonic.com<\/a>).<\/li>\n<\/ul>\n<h3 align=\"left\">Produktgarantie<\/h3>\n<p>Die Produktgarantie betr\u00e4gt ein Jahr. Innerhalb der Garantiezeit k\u00f6nnen gekaufte Produkte kostenlos gewartet oder ausgetauscht werden.<\/p>\n","protected":false},"excerpt":{"rendered":"<p><a href=\"https:\/\/www.bjultrasonic.com\/de\/category\/ultrasonic-cleaning-system-de\/mechanical-ultrasonic-cleaner-de\/\">Ultraschallreiniger mit mechanischem Timer<\/a> hergestellt von Beijing Ultrasonic. Hochwertiger Edelstahlk\u00f6rper, Timer und Heizung sind einstellbar.<\/p>\n","protected":false},"featured_media":5002,"comment_status":"open","ping_status":"closed","template":"","meta":[],"product_brand":[],"product_cat":[5979],"product_tag":[],"class_list":{"0":"post-70731","1":"product","2":"type-product","3":"status-publish","4":"has-post-thumbnail","6":"product_cat-mechanical-ultrasonic-cleaner-de","8":"first","9":"outofstock","10":"shipping-taxable","11":"purchasable","12":"product-type-simple","13":"prodpage-classic"},"aioseo_notices":[],"_links":{"self":[{"href":"https:\/\/www.bjultrasonic.com\/de\/wp-json\/wp\/v2\/product\/70731","targetHints":{"allow":["GET"]}}],"collection":[{"href":"https:\/\/www.bjultrasonic.com\/de\/wp-json\/wp\/v2\/product"}],"about":[{"href":"https:\/\/www.bjultrasonic.com\/de\/wp-json\/wp\/v2\/types\/product"}],"replies":[{"embeddable":true,"href":"https:\/\/www.bjultrasonic.com\/de\/wp-json\/wp\/v2\/comments?post=70731"}],"wp:featuredmedia":[{"embeddable":true,"href":"https:\/\/www.bjultrasonic.com\/de\/wp-json\/wp\/v2\/media\/5002"}],"wp:attachment":[{"href":"https:\/\/www.bjultrasonic.com\/de\/wp-json\/wp\/v2\/media?parent=70731"}],"wp:term":[{"taxonomy":"product_brand","embeddable":true,"href":"https:\/\/www.bjultrasonic.com\/de\/wp-json\/wp\/v2\/product_brand?post=70731"},{"taxonomy":"product_cat","embeddable":true,"href":"https:\/\/www.bjultrasonic.com\/de\/wp-json\/wp\/v2\/product_cat?post=70731"},{"taxonomy":"product_tag","embeddable":true,"href":"https:\/\/www.bjultrasonic.com\/de\/wp-json\/wp\/v2\/product_tag?post=70731"}],"curies":[{"name":"wp","href":"https:\/\/api.w.org\/{rel}","templated":true}]}}