{"id":71151,"date":"2012-04-27T05:14:37","date_gmt":"2012-04-27T10:14:37","guid":{"rendered":"https:\/\/www.bjultrasonic.com\/shop\/300w-ultrasonic-generator\/"},"modified":"2026-03-28T20:04:30","modified_gmt":"2026-03-29T01:04:30","slug":"300w-ultrasonic-generator","status":"publish","type":"product","link":"https:\/\/www.bjultrasonic.com\/de\/shop\/300w-ultrasonic-generator\/","title":{"rendered":"300W Digitaler Ultraschallgenerator unter 45 kHz"},"content":{"rendered":"<h3>Um die Waren rechtzeitig zu liefern:<\/h3>\n<ul>\n<li>Bitte teilen Sie uns bei der Bestellung mit, welche Spannung (220 V oder 120 V) und welche Frequenz Sie ben\u00f6tigen.<\/li>\n<li>Bitte geben Sie uns die Lieferadresse im Detail an. Einschlie\u00dflich Adresse, Postleitzahl und Telefonnummer.<\/li>\n<li>Wenn Ihr Auftrag schwerer als 21 kg ist, kontaktieren Sie uns bitte, um den g\u00fcnstigsten Frachtpreis zu erhalten.<\/li>\n<\/ul>\n<h3>Bemerkungen<\/h3>\n<ul>\n<li><a href=\"https:\/\/www.bjultrasonic.com\/de\/category\/ultrasonic-generator-de\/\">Ultraschallgeneratoren<\/a> sind ma\u00dfgeschneiderte Produkte. F\u00fcr den Preis kontaktieren Sie bitte <a href=\"https:\/\/www.bjultrasonic.com\/contact\/\">unseren Vertriebsmitarbeiter<\/a>. Wir werden Ihnen bald antworten.<\/li>\n<li>Wir k\u00f6nnen verschiedene Ultraschallgeneratoren basierend auf <strong>Frequenz<\/strong> und <strong>Spannung<\/strong> entwerfen und anpassen.<\/li>\n<\/ul>\n<p><img loading=\"lazy\" decoding=\"async\" class=\"alignnone wp-image-5021\" title=\"Ultrasonic Signal Generator\" src=\"https:\/\/www.bjultrasonic.com\/wp-content\/uploads\/2012\/05\/Ultrasonic-Signal-Generator.jpg\" alt=\"Ultrasonic Signal Generator\" width=\"600\" height=\"450\" \/><\/p>\n<h3>Innenstruktur des digitalen Ultraschallgenerators<\/h3>\n<p><img loading=\"lazy\" decoding=\"async\" src=\"https:\/\/www.bjultrasonic.com\/wp-content\/uploads\/2018\/07\/Internal-Structure-Of-Digital-Ultrasonic-Generator.png\" alt=\"Internal Structure Of Digital Ultrasonic Generator\" width=\"650\" height=\"578\" \/><\/p>\n<h3>Haupttechnische Parameter des 300W Ultraschallgenerators<\/h3>\n<ul>\n<li><strong>Gr\u00f6\u00dfe<\/strong>: 300 mm * 360 mm * 160 mm (L*B*H)<\/li>\n<li><strong>Arbeitsstrom<\/strong>: 1,2 A<\/li>\n<li><strong>Arbeitsspannung<\/strong>: 200 V\u2013240 V\/50 Hz, 100 V\u2013120 V\/60 Hz<\/li>\n<li><strong>Frequenz<\/strong>: von 20 kHz bis 40 kHz (z.B. 20 kHz, 25 kHz, 28 kHz, 30 kHz, 33 kHz, 40 kHz)<\/li>\n<\/ul>\n<p>Der Ultraschallgenerator ist ein unverzichtbarer Teil der <a href=\"https:\/\/www.bjultrasonic.com\/de\/category\/ultrasonic-cleaning-system-de\/\">Ultraschallreinigungsmaschine<\/a>. Die Qualit\u00e4t des Ultraschallgenerators bestimmt direkt den Reinigungseffekt des Ultraschallreinigungssystems. Digitale Ultraschallgeneratoren werden von Beijing Ultrasonic eigenst\u00e4ndig erforscht und entwickelt.<\/p>\n<h3>Typische Merkmale des Ultraschallgenerators<\/h3>\n<ul>\n<li>Tastaturprogrammierung mit digitaler Anzeige der Einstellungen; wir k\u00f6nnen den Arbeitszustand auf dem Display sehen (z.B. Arbeitsfrequenz, Arbeitsstrom).<\/li>\n<li>Verwendung digitaler Steuerungstechnologie, perfekter Schaltungsentwurf, Stabilit\u00e4t der Leistungsausgabe.<\/li>\n<li>\u00dcberstromschutz, \u00dcberhitzungsschutz, \u00dcberspannungsschutz.<\/li>\n<li>Hoch- und Niederspannungsschaltungen sind vollst\u00e4ndig getrennt, Betriebssicherheit.<\/li>\n<li>Die Ultraschallleistung, Zeitsteuerung und Frequenz k\u00f6nnen nach Bedarf eingestellt werden, um unterschiedliche Produktreinigungen zu erf\u00fcllen.<br \/>\n(Zeitsteuerung: 0\u201359&#8217;59&#8220;)<br \/>\n(Leistungssteuerungsbereich: 0\u2013100%)<\/li>\n<li>Effizientes K\u00fchlsystem.<\/li>\n<li>Frequenzwischfunktion.<\/li>\n<\/ul>\n<h3>Ultraschallfrequenzgenerator<\/h3>\n<p><iframe loading=\"lazy\" title=\"Ultrasonic Signal Generator Circuit - Beijing Ultrasonic\" width=\"500\" height=\"281\" src=\"https:\/\/www.youtube.com\/embed\/A9JdQN5e5G8?feature=oembed\" frameborder=\"0\" allow=\"accelerometer; autoplay; clipboard-write; encrypted-media; gyroscope; picture-in-picture; web-share\" referrerpolicy=\"strict-origin-when-cross-origin\" allowfullscreen><\/iframe><\/p>\n<h3>Schaltplan des Ultraschallgenerators<\/h3>\n<div id=\"attachment_1253\" style=\"width: 640px\" class=\"wp-caption alignnone\"><a href=\"https:\/\/www.bjultrasonic.com\/wp-content\/uploads\/2012\/07\/Ultrasonic-Generator-Schematic.jpg\" data-lightbox=\"image\"><img loading=\"lazy\" decoding=\"async\" aria-describedby=\"caption-attachment-1253\" title=\"Ultrasonic Generator Schematic\" src=\"\/\/www.bjultrasonic.com\/wp-content\/uploads\/2012\/07\/Ultrasonic-Generator-Schematic.jpg\" alt=\"Ultrasonic Generator Schematic\" width=\"630\" height=\"266\" \/><\/a><p id=\"caption-attachment-1253\" class=\"wp-caption-text\">Schaltplan des Ultraschallgenerators<\/p><\/div>\n","protected":false},"excerpt":{"rendered":"<p>Digitaler <a href=\"https:\/\/www.bjultrasonic.com\/de\/category\/ultrasonic-generator-de\/\">Ultraschallgenerator<\/a>, auch Ultraschallgenerator-Kit genannt, verwendet fortschrittliche Mikrocomputersteuerungstechnik und neue Schaltungsgeometrie. Sie k\u00f6nnen die Ultraschallfrequenz, Timer und Leistung nach Ihren W\u00fcnschen einstellen.<\/p>\n","protected":false},"featured_media":19251,"comment_status":"open","ping_status":"closed","template":"","meta":[],"product_brand":[],"product_cat":[6053],"product_tag":[],"class_list":{"0":"post-71151","1":"product","2":"type-product","3":"status-publish","4":"has-post-thumbnail","6":"product_cat-ultrasonic-digital-generator-de","8":"first","9":"instock","10":"shipping-taxable","11":"purchasable","12":"product-type-simple","13":"prodpage-classic"},"aioseo_notices":[],"_links":{"self":[{"href":"https:\/\/www.bjultrasonic.com\/de\/wp-json\/wp\/v2\/product\/71151","targetHints":{"allow":["GET"]}}],"collection":[{"href":"https:\/\/www.bjultrasonic.com\/de\/wp-json\/wp\/v2\/product"}],"about":[{"href":"https:\/\/www.bjultrasonic.com\/de\/wp-json\/wp\/v2\/types\/product"}],"replies":[{"embeddable":true,"href":"https:\/\/www.bjultrasonic.com\/de\/wp-json\/wp\/v2\/comments?post=71151"}],"wp:featuredmedia":[{"embeddable":true,"href":"https:\/\/www.bjultrasonic.com\/de\/wp-json\/wp\/v2\/media\/19251"}],"wp:attachment":[{"href":"https:\/\/www.bjultrasonic.com\/de\/wp-json\/wp\/v2\/media?parent=71151"}],"wp:term":[{"taxonomy":"product_brand","embeddable":true,"href":"https:\/\/www.bjultrasonic.com\/de\/wp-json\/wp\/v2\/product_brand?post=71151"},{"taxonomy":"product_cat","embeddable":true,"href":"https:\/\/www.bjultrasonic.com\/de\/wp-json\/wp\/v2\/product_cat?post=71151"},{"taxonomy":"product_tag","embeddable":true,"href":"https:\/\/www.bjultrasonic.com\/de\/wp-json\/wp\/v2\/product_tag?post=71151"}],"curies":[{"name":"wp","href":"https:\/\/api.w.org\/{rel}","templated":true}]}}