{"id":71171,"date":"2012-04-27T04:07:09","date_gmt":"2012-04-27T09:07:09","guid":{"rendered":"https:\/\/www.bjultrasonic.com\/shop\/1800w-ultrasonic-immersible-transducer\/"},"modified":"2026-03-28T20:04:06","modified_gmt":"2026-03-29T01:04:06","slug":"1800w-ultrasonic-immersible-transducer","status":"publish","type":"product","link":"https:\/\/www.bjultrasonic.com\/de\/shop\/1800w-ultrasonic-immersible-transducer\/","title":{"rendered":"1800W Ultraschall Unterwasserwandler f\u00fcr die Reinigung"},"content":{"rendered":"<ul>\n<li><strong>Leistung<\/strong>: 1800 W (inklusive 30 St\u00fcck 60 W <a href=\"https:\/\/www.bjultrasonic.com\/de\/category\/ultrasonic-transducer-de\/\">Ultraschallreinigungswandler<\/a>)<\/li>\n<li><strong>Abmessungen<\/strong>: 650*400*100 mm L*B*H<\/li>\n<li><strong>Material<\/strong>: 304 Edelstahl.<\/li>\n<li>Schwingungsfl\u00e4che hartverchromt.<\/li>\n<li><strong>Frequenz<\/strong>: 25 kHz, 28 kHz oder 40 kHz. Bei Bedarf an anderen Frequenzen kontaktieren Sie uns bitte.<\/li>\n<\/ul>\n<p><img loading=\"lazy\" decoding=\"async\" src=\"https:\/\/www.bjultrasonic.com\/wp-content\/uploads\/2018\/08\/Waterproof-ultrasonic-immersible-transducers.jpg\" alt=\"\" width=\"600\" height=\"600\" \/><\/p>\n<h3>Hinweise<\/h3>\n<ul>\n<li>Ultraschall-Tauchwandler sind kundenspezifische Produkte. Bitte kontaktieren Sie f\u00fcr den Preis unseren Vertrieb (<a href=\"https:\/\/www.bjultrasonic.com\/contact\/\" target=\"_blank\" rel=\"noopener\">Kontaktformular<\/a>). Wir antworten Ihnen umgehend.<\/li>\n<li>Wir k\u00f6nnen verschiedene Ultraschall-Tauchwandler nach Anforderung entwerfen und anfertigen.<\/li>\n<\/ul>\n<h3>Video zu Ultraschall-Tauchwandlern<\/h3>\n<p><iframe loading=\"lazy\" title=\"Immersible Ultrasonic Transducers - Beijing Ultrasonic\" width=\"500\" height=\"281\" src=\"https:\/\/www.youtube.com\/embed\/KFyC5dbLC7Y?feature=oembed\" frameborder=\"0\" allow=\"accelerometer; autoplay; clipboard-write; encrypted-media; gyroscope; picture-in-picture; web-share\" referrerpolicy=\"strict-origin-when-cross-origin\" allowfullscreen><\/iframe><\/p>\n<h3>Merkmale von Ultraschall-Tauchwandlern<\/h3>\n<ul>\n<li>Vollst\u00e4ndige Edelstahlkonstruktion: s\u00e4urebest\u00e4ndig und alkalibest\u00e4ndig, kunstvoll und langlebig.<\/li>\n<li>Verwendung einer Spaltbauweise: Hochfrequenzverbindung mit Steckverbinder zwischen Ultraschall-Tauchwandler und Ultraschallgenerator, praktisch und wartungsfreundlich.<\/li>\n<li>Viele Montagem\u00f6glichkeiten f\u00fcr den Ultraschall-Tauchwandler: Kann je nach Bedarf am <strong>Boden<\/strong>, an der <strong>Oberfl\u00e4che<\/strong>, an der <strong>Seite<\/strong> oder an der <strong>Oberseite<\/strong> des Reinigungstanks angebracht werden.\n<div id=\"attachment_853\" style=\"width: 252px\" class=\"wp-caption alignnone\"><img loading=\"lazy\" decoding=\"async\" aria-describedby=\"caption-attachment-853\" class=\"size-full wp-image-853\" title=\"die Art der Montage von Ultraschall-Tauchwandlern\" src=\"\/\/www.bjultrasonic.com\/wp-content\/uploads\/2012\/04\/20124274.jpg\" alt=\"die Art der Montage von Ultraschall-Tauchwandlern\" width=\"242\" height=\"155\" \/><p id=\"caption-attachment-853\" class=\"wp-caption-text\">Art der Montage von Ultraschall-Tauchwandlern<\/p><\/div><\/li>\n<\/ul>\n<h3>Anwendung von Ultraschall-Tauchwandlern<\/h3>\n<ul>\n<li>Vorbehandlung von Teilen vor dem Galvanisieren, Entfernen von \u00d6l und Schmutz von metallischen mechanischen Teilen, Reinigung von Halbleiter-Siliziumchips, Brillengestellen und Glasgef\u00e4\u00dfen.<\/li>\n<li>Linsen, Sonnenbrillen, Kurzsichtigkeitsspiegel und Prismen, Mikroskope, Kameras, Glasger\u00e4te usw.<\/li>\n<\/ul>\n<h3>Weitere Bilder von Ultraschall-Tauchwandlern<\/h3>\n<div id=\"attachment_856\" style=\"width: 460px\" class=\"wp-caption alignnone\"><a href=\"https:\/\/www.bjultrasonic.com\/wp-content\/uploads\/2012\/04\/20124272.jpg\" data-lightbox=\"image\"><img loading=\"lazy\" decoding=\"async\" aria-describedby=\"caption-attachment-856\" class=\"size-full wp-image-856 \" title=\"Schwingungseffekte von Ultraschall-Tauchwandlern\" src=\"\/\/www.bjultrasonic.com\/wp-content\/uploads\/2012\/04\/20124272.jpg\" alt=\"Schwingungseffekte von Ultraschall-Tauchwandlern\" width=\"450\" height=\"337\" srcset=\"https:\/\/www.bjultrasonic.com\/wp-content\/uploads\/2012\/04\/20124272.jpg 1500w, https:\/\/www.bjultrasonic.com\/wp-content\/uploads\/2012\/04\/20124272-1170x878.jpg 1170w\" sizes=\"auto, (max-width: 450px) 100vw, 450px\" \/><\/a><p id=\"caption-attachment-856\" class=\"wp-caption-text\">Schwingungseffekte von Ultraschall-Tauchwandlern<\/p><\/div>\n<hr \/>\n<div id=\"attachment_857\" style=\"width: 460px\" class=\"wp-caption alignnone\"><a href=\"https:\/\/www.bjultrasonic.com\/wp-content\/uploads\/2012\/04\/20124273.jpg\" data-lightbox=\"image\"><img loading=\"lazy\" decoding=\"async\" aria-describedby=\"caption-attachment-857\" class=\"size-full wp-image-857 \" title=\"Innenansicht eines Ultraschall-Tauchwandlers\" src=\"\/\/www.bjultrasonic.com\/wp-content\/uploads\/2012\/04\/20124273.jpg\" alt=\"Innenansicht eines Ultraschall-Tauchwandlers\" width=\"450\" height=\"350\" \/><\/a><p id=\"caption-attachment-857\" class=\"wp-caption-text\">Innenansicht eines Ultraschall-Tauchwandlers<\/p><\/div>\n<h3>Zahlung<\/h3>\n<p>Wir akzeptieren PayPal, T\/T &amp; Western Union.<\/p>\n<h3 class=\"shipping-methods\">Versand<\/h3>\n<p>Die Ware wird innerhalb von 48 Stunden nach Erhalt der vollst\u00e4ndigen Zahlung versendet.<\/p>\n<ul>\n<li>Wir versenden die Ware an die bei der PayPal-Zahlung angegebene Adresse. Bitte stellen Sie sicher, dass die Adresse bei PayPal korrekt ist.<\/li>\n<li>Wir geben Ihnen die Sendungsverfolgungsnummer, nachdem wir die Ware versendet haben. In der Regel erhalten Sie die Ware innerhalb von f\u00fcnf Tagen.<\/li>\n<li>Bei Fragen kontaktieren Sie uns bitte per E-Mail (unsere E-Mail-Adresse ist <a href=\"mailto:support@bjultrasonic.com\">support@bjultrasonic.com<\/a>).<\/li>\n<\/ul>\n<h3 align=\"left\">Produktgarantie<\/h3>\n<p>Die Produktgarantie betr\u00e4gt ein Jahr. Innerhalb der Garantiezeit k\u00f6nnen gekaufte Produkte kostenlos gewartet oder ausgetauscht werden.<\/p>\n","protected":false},"excerpt":{"rendered":"<ul>\n<li>1800W Tauch-Ultraschallreiniger<\/li>\n<li>1800W Tauch-Array-Transducer<\/li>\n<li>1800W Eintauchbare Ultraschallreinigungstransducer<\/li>\n<li>1800W Eintauchbares Ultraschall-Transducersystem<\/li>\n<li>1800W Phased-Array-Ultraschalltransducer<\/li>\n<li>1800W Unterwasser-Ultraschallreiniger<\/li>\n<li>1800W Ultraschall-Eintauchtransducer<\/li>\n<li>1800W Unterwasser-Ultraschall-Piezotransducer<\/li>\n<li>1800W Ultraschall-Eintauchtransducerplatte<\/li>\n<li>1800W Wasserdichter Ultraschall-Eintauchtransducer<\/li>\n<li>1800W Wasserdichter Piezo-Ultraschalltransducer<\/li>\n<\/ul>\n","protected":false},"featured_media":19460,"comment_status":"open","ping_status":"closed","template":"","meta":[],"product_brand":[],"product_cat":[5932],"product_tag":[],"class_list":{"0":"post-71171","1":"product","2":"type-product","3":"status-publish","4":"has-post-thumbnail","6":"product_cat-ultrasonic-immersible-transducer-de","8":"first","9":"instock","10":"shipping-taxable","11":"product-type-external","12":"prodpage-classic"},"aioseo_notices":[],"_links":{"self":[{"href":"https:\/\/www.bjultrasonic.com\/de\/wp-json\/wp\/v2\/product\/71171","targetHints":{"allow":["GET"]}}],"collection":[{"href":"https:\/\/www.bjultrasonic.com\/de\/wp-json\/wp\/v2\/product"}],"about":[{"href":"https:\/\/www.bjultrasonic.com\/de\/wp-json\/wp\/v2\/types\/product"}],"replies":[{"embeddable":true,"href":"https:\/\/www.bjultrasonic.com\/de\/wp-json\/wp\/v2\/comments?post=71171"}],"wp:featuredmedia":[{"embeddable":true,"href":"https:\/\/www.bjultrasonic.com\/de\/wp-json\/wp\/v2\/media\/19460"}],"wp:attachment":[{"href":"https:\/\/www.bjultrasonic.com\/de\/wp-json\/wp\/v2\/media?parent=71171"}],"wp:term":[{"taxonomy":"product_brand","embeddable":true,"href":"https:\/\/www.bjultrasonic.com\/de\/wp-json\/wp\/v2\/product_brand?post=71171"},{"taxonomy":"product_cat","embeddable":true,"href":"https:\/\/www.bjultrasonic.com\/de\/wp-json\/wp\/v2\/product_cat?post=71171"},{"taxonomy":"product_tag","embeddable":true,"href":"https:\/\/www.bjultrasonic.com\/de\/wp-json\/wp\/v2\/product_tag?post=71171"}],"curies":[{"name":"wp","href":"https:\/\/api.w.org\/{rel}","templated":true}]}}