{"id":71271,"date":"2012-04-27T02:59:26","date_gmt":"2012-04-27T07:59:26","guid":{"rendered":"https:\/\/www.bjultrasonic.com\/shop\/300w-ultrasonic-immersible-transducer\/"},"modified":"2026-03-28T20:03:13","modified_gmt":"2026-03-29T01:03:13","slug":"300w-ultrasonic-immersible-transducer","status":"publish","type":"product","link":"https:\/\/www.bjultrasonic.com\/de\/shop\/300w-ultrasonic-immersible-transducer\/","title":{"rendered":"300 Watt eintauchbarer Ultraschallwandler f\u00fcr die Reinigung"},"content":{"rendered":"<ul>\n<li><strong>Leistung<\/strong>: 300 W (inklusive 5 St\u00fcck 60 W <a href=\"https:\/\/www.bjultrasonic.com\/de\/category\/ultrasonic-transducer-de\/\">Ultraschallreinigungswandler<\/a>)<\/li>\n<li><strong>Abmessungen<\/strong>: 200*200*100 mm L*B*H<\/li>\n<li><strong>Material<\/strong>: Edelstahl 304.<\/li>\n<li>Hartverchromte Schwingungsoberfl\u00e4che.<\/li>\n<li><strong>Frequenz<\/strong>: 25 kHz, 28 kHz oder 40 kHz. Bei Bedarf an anderen Frequenzen kontaktieren Sie uns bitte.<\/li>\n<\/ul>\n<p><img loading=\"lazy\" decoding=\"async\" src=\"https:\/\/www.bjultrasonic.com\/wp-content\/uploads\/2018\/08\/Waterproof-ultrasonic-immersible-transducers.jpg\" alt=\"\" width=\"600\" height=\"600\" \/><\/p>\n<h3>Hinweise<\/h3>\n<ul>\n<li>Eintauch-Ultraschallwandler sind kundenspezifische Produkte. Bitte kontaktieren Sie f\u00fcr den Preis unseren Vertrieb (<a href=\"https:\/\/www.bjultrasonic.com\/contact\/\" target=\"_blank\" rel=\"noopener\">Kontaktformular<\/a>). Wir antworten Ihnen umgehend.<\/li>\n<li>Wir k\u00f6nnen verschiedene Eintauch-Ultraschallwandler nach Anforderungen entwerfen und anpassen.<\/li>\n<\/ul>\n<h3>Video zum Eintauch-Ultraschallwandler<\/h3>\n<p><iframe loading=\"lazy\" title=\"Submersible Ultrasonic Transducer - Beijing Ultrasonic\" width=\"500\" height=\"281\" src=\"https:\/\/www.youtube.com\/embed\/7zQnWPu-HG4?feature=oembed\" frameborder=\"0\" allow=\"accelerometer; autoplay; clipboard-write; encrypted-media; gyroscope; picture-in-picture; web-share\" referrerpolicy=\"strict-origin-when-cross-origin\" allowfullscreen><\/iframe><\/p>\n<h3>Merkmale des Eintauch-Ultraschallwandlers<\/h3>\n<ul>\n<li>Vollst\u00e4ndige Edelstahlkonstruktion: s\u00e4urebest\u00e4ndig und alkalibest\u00e4ndig, kunstvoll und langlebig.<\/li>\n<li>Verwendung einer Spaltbauweise: Hochfrequenzverbindung mit Buchse zwischen Wandler und Ultraschallgenerator, n\u00fctzlich und wartungsfreundlich.<\/li>\n<li>Viele Installationsm\u00f6glichkeiten f\u00fcr den Eintauch-Ultraschallwandler: nach Bedarf am <strong>Boden<\/strong>, an der <strong>Oberfl\u00e4che<\/strong>, der <strong>Seite<\/strong> oder der <strong>Oberseite<\/strong> des Reinigungstanks montierbar.\n<div id=\"attachment_853\" style=\"width: 252px\" class=\"wp-caption alignnone\"><img loading=\"lazy\" decoding=\"async\" aria-describedby=\"caption-attachment-853\" class=\"size-full wp-image-853\" title=\"the Type of Ultrasonic Immersible Transducer Installation\" src=\"\/\/www.bjultrasonic.com\/wp-content\/uploads\/2012\/04\/20124274.jpg\" alt=\"the type of ultrasonic immersible transducer installation\" width=\"242\" height=\"155\" \/><p id=\"caption-attachment-853\" class=\"wp-caption-text\">Art der Installation des Eintauch-Ultraschallwandlers<\/p><\/div><\/li>\n<\/ul>\n<h3>Anwendung des Eintauch-Ultraschallwandlers<\/h3>\n<ul>\n<li>Vorbehandlung vor dem Plattieren von Teilen, Entfernung von \u00d6l und Schmutz an metallischen Bauteilen, Reinigung von Halbleiter-Si-Wafern, Brillengestellen und Glasgef\u00e4\u00dfen.<\/li>\n<li>Linsen, Sonnenbrillen, Kurzsichtigkeitsspiegel und Prismen, Mikroskope, Kameras, Glasger\u00e4te usw.<\/li>\n<\/ul>\n<h3>Weitere Bilder des Eintauch-Ultraschallwandlers<\/h3>\n<div id=\"attachment_856\" style=\"width: 460px\" class=\"wp-caption alignnone\"><a href=\"https:\/\/www.bjultrasonic.com\/wp-content\/uploads\/2012\/04\/20124272.jpg\" data-lightbox=\"image\"><img loading=\"lazy\" decoding=\"async\" aria-describedby=\"caption-attachment-856\" class=\"size-full wp-image-856 \" title=\"vibration effects of ultrasonic immersible transducer\" src=\"\/\/www.bjultrasonic.com\/wp-content\/uploads\/2012\/04\/20124272.jpg\" alt=\"vibration effects of ultrasonic immersible transducer\" width=\"450\" height=\"337\" srcset=\"https:\/\/www.bjultrasonic.com\/wp-content\/uploads\/2012\/04\/20124272.jpg 1500w, https:\/\/www.bjultrasonic.com\/wp-content\/uploads\/2012\/04\/20124272-1170x878.jpg 1170w\" sizes=\"auto, (max-width: 450px) 100vw, 450px\" \/><\/a><p id=\"caption-attachment-856\" class=\"wp-caption-text\">Schwingungseffekte des Eintauch-Ultraschallwandlers<\/p><\/div>\n<hr \/>\n<div id=\"attachment_857\" style=\"width: 460px\" class=\"wp-caption alignnone\"><a href=\"https:\/\/www.bjultrasonic.com\/wp-content\/uploads\/2012\/04\/20124273.jpg\" data-lightbox=\"image\"><img loading=\"lazy\" decoding=\"async\" aria-describedby=\"caption-attachment-857\" class=\"size-full wp-image-857 \" title=\"Inside of Ultrasonic Immersible Transducer\" src=\"\/\/www.bjultrasonic.com\/wp-content\/uploads\/2012\/04\/20124273.jpg\" alt=\"Inside of Ultrasonic Immersible Transducer\" width=\"450\" height=\"350\" \/><\/a><p id=\"caption-attachment-857\" class=\"wp-caption-text\">Innenansicht des Eintauch-Ultraschallwandlers<\/p><\/div>\n<h3>Zahlung<\/h3>\n<p>Wir akzeptieren PayPal, T\/T &amp; Western Union.<\/p>\n<h3 class=\"shipping-methods\">Versand<\/h3>\n<p>Die Ware wird innerhalb von 48 Stunden nach Erhalt der vollst\u00e4ndigen Zahlung versendet.<\/p>\n<ul>\n<li>Wir versenden die Ware an die in der PayPal-Zahlung angegebene Adresse. Bitte stellen Sie sicher, dass die Adresse bei PayPal korrekt ist.<\/li>\n<li>Wir geben Ihnen die Sendungsverfolgungsnummer, nachdem wir die Ware versendet haben. In der Regel erhalten Sie die Ware innerhalb von f\u00fcnf Tagen.<\/li>\n<li>Bei Fragen kontaktieren Sie uns bitte per E-Mail (unsere E-Mail-Adresse ist <a href=\"mailto:support@bjultrasonic.com\">support@bjultrasonic.com<\/a>)<\/li>\n<\/ul>\n<h3 align=\"left\">Produktgarantie<\/h3>\n<p>Die Produktgarantie betr\u00e4gt ein Jahr. Innerhalb der Garantiezeit genie\u00dfen gekaufte Produkte kostenlose Wartung oder Austausch.<\/p>\n","protected":false},"excerpt":{"rendered":"<ul>\n<li>300W Tauch-Ultraschallreiniger<\/li>\n<li>300W Tauch-Array-Transducer<\/li>\n<li>300W Eintauchbare Ultraschallreinigungstransducer<\/li>\n<li>300W Eintauchbares Ultraschalltransducersystem<\/li>\n<li>300W Phased-Array-Ultraschalltransducer<\/li>\n<li>300W Unterwasser-Ultraschallreiniger<\/li>\n<li>300W Eintauchbarer Ultraschalltransducer<\/li>\n<li>300W Unterwasser-Ultraschall-Piezotransducer<\/li>\n<li>300W Eintauch-Ultraschalltransducerplatte<\/li>\n<li>300W Wasserdichter eintauchbarer Ultraschalltransducer<\/li>\n<li>300W Wasserdichter Piezo-Ultraschalltransducer<\/li>\n<\/ul>\n","protected":false},"featured_media":19469,"comment_status":"open","ping_status":"closed","template":"","meta":[],"product_brand":[],"product_cat":[5932],"product_tag":[],"class_list":{"0":"post-71271","1":"product","2":"type-product","3":"status-publish","4":"has-post-thumbnail","6":"product_cat-ultrasonic-immersible-transducer-de","8":"first","9":"instock","10":"shipping-taxable","11":"purchasable","12":"product-type-simple","13":"prodpage-classic"},"aioseo_notices":[],"_links":{"self":[{"href":"https:\/\/www.bjultrasonic.com\/de\/wp-json\/wp\/v2\/product\/71271","targetHints":{"allow":["GET"]}}],"collection":[{"href":"https:\/\/www.bjultrasonic.com\/de\/wp-json\/wp\/v2\/product"}],"about":[{"href":"https:\/\/www.bjultrasonic.com\/de\/wp-json\/wp\/v2\/types\/product"}],"replies":[{"embeddable":true,"href":"https:\/\/www.bjultrasonic.com\/de\/wp-json\/wp\/v2\/comments?post=71271"}],"wp:featuredmedia":[{"embeddable":true,"href":"https:\/\/www.bjultrasonic.com\/de\/wp-json\/wp\/v2\/media\/19469"}],"wp:attachment":[{"href":"https:\/\/www.bjultrasonic.com\/de\/wp-json\/wp\/v2\/media?parent=71271"}],"wp:term":[{"taxonomy":"product_brand","embeddable":true,"href":"https:\/\/www.bjultrasonic.com\/de\/wp-json\/wp\/v2\/product_brand?post=71271"},{"taxonomy":"product_cat","embeddable":true,"href":"https:\/\/www.bjultrasonic.com\/de\/wp-json\/wp\/v2\/product_cat?post=71271"},{"taxonomy":"product_tag","embeddable":true,"href":"https:\/\/www.bjultrasonic.com\/de\/wp-json\/wp\/v2\/product_tag?post=71271"}],"curies":[{"name":"wp","href":"https:\/\/api.w.org\/{rel}","templated":true}]}}