{"id":71571,"date":"2012-04-06T22:33:41","date_gmt":"2012-04-07T03:33:41","guid":{"rendered":"https:\/\/www.bjultrasonic.com\/shop\/5pcs-42175-ring-piezoelectric-ceramic\/"},"modified":"2026-03-28T20:00:26","modified_gmt":"2026-03-29T01:00:26","slug":"5pcs-42175-ring-piezoelectric-ceramic","status":"publish","type":"product","link":"https:\/\/www.bjultrasonic.com\/de\/shop\/5pcs-42175-ring-piezoelectric-ceramic\/","title":{"rendered":"5STK 42*17*5 Piezokeramik-Ring"},"content":{"rendered":"<p><iframe loading=\"lazy\" title=\"Piezoelectric Ceramics | Piezoceramics\" width=\"500\" height=\"281\" src=\"https:\/\/www.youtube.com\/embed\/1Z8-9WdJKhQ?feature=oembed\" frameborder=\"0\" allow=\"accelerometer; autoplay; clipboard-write; encrypted-media; gyroscope; picture-in-picture; web-share\" referrerpolicy=\"strict-origin-when-cross-origin\" allowfullscreen><\/iframe><\/p>\n<h3>Wir k\u00f6nnen verschiedene piezoelektrische Keramiken nach Ihren Anforderungen anpassen.<\/h3>\n<p>Material der piezoelektrischen Keramik: PZT4, PZT5, PZT8 oder anderes gew\u00fcnschtes piezoelektrisches Material.<\/p>\n<h2>Spezifikation von 5 St\u00fcck 42*17*5 Piezoelektrischer Keramikring<\/h2>\n<table id=\"wp-table-reloaded-id-37-no-1\" class=\"table table-striped table-bordered\">\n<tbody>\n<tr>\n<td>Gr\u00f6\u00dfe (Au\u00dfendurchmesser * Innendurchmesser * Dicke)<\/td>\n<td>42*17*5<\/td>\n<\/tr>\n<tr>\n<td>Kapazit\u00e4t (pF)<\/td>\n<td>2110\u00b110%<\/td>\n<\/tr>\n<tr>\n<td>Radialfrequenz fr (kHz)<\/td>\n<td>39\u00b15%<\/td>\n<\/tr>\n<tr>\n<td>Resonanzimpedanz zm<\/td>\n<td>\u226415<\/td>\n<\/tr>\n<tr>\n<td>Dickenfrequenz Ft (kHz)<\/td>\n<td>410<\/td>\n<\/tr>\n<tr>\n<td>Kopplungsmodul Kr (%)<\/td>\n<td>\u226545<\/td>\n<\/tr>\n<tr>\n<td>Qualit\u00e4tsfaktor (Qm)<\/td>\n<td>\u2265800<\/td>\n<\/tr>\n<tr>\n<td>Gewicht von 5 St\u00fcck<\/td>\n<td>1kg<\/td>\n<\/tr>\n<\/tbody>\n<\/table>\n<h3>Anwendung von piezoelektrischer Keramik:<\/h3>\n<ul>\n<li>Ultraschallsensor<\/li>\n<li>Ultraschallwandler<\/li>\n<li>Medizinsensor<\/li>\n<li>Vibrationssensor<\/li>\n<li>Drucksensor<\/li>\n<li>Kompressionssensor und andere<\/li>\n<\/ul>\n<p><strong>Hinweis: Senden Sie uns eine E-Mail, um eine Beratung zu erhalten, wenn Sie keine passende Gr\u00f6\u00dfe f\u00fcr Ihre Anfrage finden.<\/strong><\/p>\n<h3>Zahlung<\/h3>\n<p>Wir akzeptieren PayPal, T\/T &#038; Western Union.<\/p>\n<h3 class=\"shipping-methods\">Versand<\/h3>\n<p>Die Ware wird innerhalb von 48 Stunden nach Erhalt der vollst\u00e4ndigen Zahlung versendet.<\/p>\n<ul>\n<li>Wir versenden die Ware an die in der PayPal-Zahlung angegebene Adresse. Bitte stellen Sie sicher, dass die Adresse in PayPal korrekt ist.<\/li>\n<li>Wir geben Ihnen die Sendungsverfolgungsnummer, nachdem wir die Ware versendet haben. In der Regel erhalten Sie die Ware innerhalb von f\u00fcnf Tagen.<\/li>\n<li>Wenn Sie Fragen haben, kontaktieren Sie uns bitte per E-Mail (unsere E-Mail-Adresse ist <a href=\"mailto:support@bjultrasonic.com\">support@bjultrasonic.com<\/a>)<\/li>\n<\/ul>\n<h3 align=\"left\">Produktgarantie<\/h3>\n<p>Die Produktgarantiezeit betr\u00e4gt ein Jahr. Innerhalb der Garantiezeit k\u00f6nnen gekaufte Produkte kostenlose Wartung oder Austausch erhalten.<\/p>\n","protected":false},"excerpt":{"rendered":"<p><a href=\"https:\/\/www.bjultrasonic.com\/de\/category\/piezoelectric-ceramic-de\/ring-piezoelectric-ceramics-de\/\">Piezokeramikring<\/a> (piezokeramischer Ring) hergestellt von Beijing Ultrasonic \u2013 professioneller <a href=\"https:\/\/www.bjultrasonic.com\/de\/category\/piezoelectric-ceramic-de\/\">Piezokeramik<\/a>-Lieferant &amp; Hersteller.<\/p>\n","protected":false},"featured_media":572,"comment_status":"open","ping_status":"closed","template":"","meta":[],"product_brand":[],"product_cat":[5648,5733],"product_tag":[],"class_list":{"0":"post-71571","1":"product","2":"type-product","3":"status-publish","4":"has-post-thumbnail","6":"product_cat-piezoelectric-ceramic-de","7":"product_cat-ring-piezoelectric-ceramics-de","9":"first","10":"outofstock","11":"shipping-taxable","12":"purchasable","13":"product-type-simple","14":"prodpage-classic"},"aioseo_notices":[],"_links":{"self":[{"href":"https:\/\/www.bjultrasonic.com\/de\/wp-json\/wp\/v2\/product\/71571","targetHints":{"allow":["GET"]}}],"collection":[{"href":"https:\/\/www.bjultrasonic.com\/de\/wp-json\/wp\/v2\/product"}],"about":[{"href":"https:\/\/www.bjultrasonic.com\/de\/wp-json\/wp\/v2\/types\/product"}],"replies":[{"embeddable":true,"href":"https:\/\/www.bjultrasonic.com\/de\/wp-json\/wp\/v2\/comments?post=71571"}],"wp:featuredmedia":[{"embeddable":true,"href":"https:\/\/www.bjultrasonic.com\/de\/wp-json\/wp\/v2\/media\/572"}],"wp:attachment":[{"href":"https:\/\/www.bjultrasonic.com\/de\/wp-json\/wp\/v2\/media?parent=71571"}],"wp:term":[{"taxonomy":"product_brand","embeddable":true,"href":"https:\/\/www.bjultrasonic.com\/de\/wp-json\/wp\/v2\/product_brand?post=71571"},{"taxonomy":"product_cat","embeddable":true,"href":"https:\/\/www.bjultrasonic.com\/de\/wp-json\/wp\/v2\/product_cat?post=71571"},{"taxonomy":"product_tag","embeddable":true,"href":"https:\/\/www.bjultrasonic.com\/de\/wp-json\/wp\/v2\/product_tag?post=71571"}],"curies":[{"name":"wp","href":"https:\/\/api.w.org\/{rel}","templated":true}]}}