{"id":72051,"date":"2012-03-27T04:19:20","date_gmt":"2012-03-27T09:19:20","guid":{"rendered":"https:\/\/www.bjultrasonic.com\/shop\/120w-110v-ultrasonic-pcb-generator\/"},"modified":"2026-03-28T19:56:15","modified_gmt":"2026-03-29T00:56:15","slug":"120w-110v-ultrasonic-pcb-generator","status":"publish","type":"product","link":"https:\/\/www.bjultrasonic.com\/de\/shop\/120w-110v-ultrasonic-pcb-generator\/","title":{"rendered":"110V 120W Ultraschall-Piezowandler-Treiberkreis"},"content":{"rendered":"<h2>Spezifikation des 120W\/110V Ultraschallgenerator-PCB<\/h2>\n<table id=\"wp-table-reloaded-id-23-no-1\" class=\"table table-striped table-bordered\">\n<tbody>\n<tr>\n<td>Frequenz<\/td>\n<td>40 KHz, 25kHz und 28kHz.<\/td>\n<\/tr>\n<tr>\n<td>Leistung<\/td>\n<td>120W<\/td>\n<\/tr>\n<tr>\n<td>Antrieb des Wandlers<\/td>\n<td>\n<ul>\n<li>Ein 50W-Wandler<\/li>\n<li>ein 60W-Wandler<\/li>\n<li>ein 100W-Wandler<\/li>\n<li>zwei 50W-Wandler<\/li>\n<li>zwei 60W-Wandler<\/li>\n<\/ul>\n<\/td>\n<\/tr>\n<tr>\n<td>Stromversorgung<\/td>\n<td>Eingang: 100V~120V AC<\/td>\n<\/tr>\n<tr>\n<td>Gewicht<\/td>\n<td>300g\/St\u00fcck<\/td>\n<\/tr>\n<\/tbody>\n<\/table>\n<h3>Wie man den Ultraschallwandler mit dem Ultraschallgenerator-Schaltkreis verbindet<\/h3>\n<p><img loading=\"lazy\" decoding=\"async\" class=\"alignnone size-full wp-image-19267\" src=\"https:\/\/www.bjultrasonic.com\/wp-content\/uploads\/2012\/03\/How-to-Connect-Ultrasonic-Transducer-with-Ultrasonic-Generator-Circuit.jpg\" alt=\"\" width=\"700\" height=\"412\" \/><\/p>\n<ul>\n<li>Der <a href=\"https:\/\/www.bjultrasonic.com\/de\/category\/ultrasonic-generator-de\/\">Ultraschallgenerator<\/a> darf im Leerlauf nicht eingeschaltet werden.<\/li>\n<li>Nach der Installation darf erst eingeschaltet werden, wenn die Reinigungsfl\u00fcssigkeit eingef\u00fcllt ist.<\/li>\n<li>Der <a href=\"https:\/\/www.bjultrasonic.com\/de\/category\/ultrasonic-transducer-de\/\">Ultraschallwandler<\/a> hat zwei Anschlussfahnen. Der positive Pol liegt in der Mitte der beiden Keramikscheiben. Der negative Pol befindet sich nahe der unteren Metallst\u00fctze. Bitte bei der Verkabelung nicht verwechseln.<\/li>\n<li>Die gr\u00f6\u00dfere Seite mit der Schraub\u00f6ffnung im Keramikwandler, die die Schwingungsfunktion hat, kann am Boden der Reinigungsmaschine befestigt werden. Bitte stellen Sie sicher, dass die Reinigungsmaschine sicher geerdet ist.<\/li>\n<li>Der Keramikwandler sollte mit speziellem Wandlerkleber oder AB-Klebestift am Boden der Reinigungsmaschine befestigt werden, wobei die Wirkung etwas schlechter ist, oder mit Epoxidharz im Verh\u00e4ltnis 10:4.<\/li>\n<li>Die Betriebsspannung der Leiterplatte betr\u00e4gt 600V. Die Ausgangsspannung zum Wandler betr\u00e4gt 1100V. Bitte stellen Sie sicher, dass die Reinigungsmaschine sicher geerdet ist. Bitte sorgen Sie f\u00fcr einen Fehlerstromschutzschalter an der Stromversorgung, um die Sicherheit zu gew\u00e4hrleisten.<\/li>\n<\/ul>\n<h3>Zahlung<\/h3>\n<p>Wir akzeptieren PayPal, T\/T &amp; Western Union.<\/p>\n<h3 class=\"shipping-methods\">Versand<\/h3>\n<p>Die Ware wird innerhalb von 48 Stunden nach Erhalt der vollen Zahlung versendet.<\/p>\n<ul>\n<li>Wir versenden die Ware an die bei der PayPal-Zahlung angegebene Adresse. Bitte stellen Sie sicher, dass die Adresse in PayPal korrekt ist.<\/li>\n<li>Wir geben Ihnen die Sendungsverfolgungsnummer, nachdem wir die Ware versendet haben. In der Regel erhalten Sie die Ware innerhalb von f\u00fcnf Tagen.<\/li>\n<li>Wenn Sie Fragen haben, kontaktieren Sie uns bitte per E-Mail (unsere E-Mail-Adresse ist <a href=\"mailto:support@bjultrasonic.com\">support@bjultrasonic.com<\/a>).<\/li>\n<\/ul>\n<h3 align=\"left\">Produktgarantie<\/h3>\n<p>Die Produktgarantiezeit betr\u00e4gt ein Jahr. Innerhalb der Garantiezeit genie\u00dfen gekaufte Produkte kostenlose Wartung oder Austausch.<\/p>\n<h3>Video-Playlist: Ultraschallwandler-Treiber<\/h3>\n<p><iframe loading=\"lazy\" width=\"560\" height=\"315\" src=\"https:\/\/www.youtube.com\/embed\/videoseries?list=PLLrjMYkO0_NG56zqmQN9W9F1Xf9eev6dc\" frameborder=\"0\" allow=\"autoplay; encrypted-media\" allowfullscreen><\/iframe><\/p>\n","protected":false},"excerpt":{"rendered":"<p>Ultraschallgenerator-Schaltung, auch genannt <a href=\"https:\/\/www.bjultrasonic.com\/de\/category\/ultrasonic-transducer-de\/\">Ultraschallwandler<\/a> Treiberschaltung oder <a href=\"https:\/\/www.bjultrasonic.com\/de\/category\/ultrasonic-generator-de\/ultrasonic-generator-circuits-de\/\">Ultraschallreiniger-Leistungstreiberplatine<\/a>. Sie liefert eine <a href=\"https:\/\/www.bjultrasonic.com\/de\/category\/ultrasonic-generator-de\/\">Ultraschallfrequenz<\/a>, um die Ultraschallwandler in <a href=\"https:\/\/www.bjultrasonic.com\/de\/category\/ultrasonic-cleaning-system-de\/\">Ultraschallreinigern<\/a> anzutreiben.<\/p>\n","protected":false},"featured_media":19255,"comment_status":"open","ping_status":"closed","template":"","meta":[],"product_brand":[],"product_cat":[6109],"product_tag":[],"class_list":{"0":"post-72051","1":"product","2":"type-product","3":"status-publish","4":"has-post-thumbnail","6":"product_cat-ultrasonic-generator-circuits-de","8":"first","9":"instock","10":"shipping-taxable","11":"purchasable","12":"product-type-simple","13":"prodpage-classic"},"aioseo_notices":[],"_links":{"self":[{"href":"https:\/\/www.bjultrasonic.com\/de\/wp-json\/wp\/v2\/product\/72051","targetHints":{"allow":["GET"]}}],"collection":[{"href":"https:\/\/www.bjultrasonic.com\/de\/wp-json\/wp\/v2\/product"}],"about":[{"href":"https:\/\/www.bjultrasonic.com\/de\/wp-json\/wp\/v2\/types\/product"}],"replies":[{"embeddable":true,"href":"https:\/\/www.bjultrasonic.com\/de\/wp-json\/wp\/v2\/comments?post=72051"}],"wp:featuredmedia":[{"embeddable":true,"href":"https:\/\/www.bjultrasonic.com\/de\/wp-json\/wp\/v2\/media\/19255"}],"wp:attachment":[{"href":"https:\/\/www.bjultrasonic.com\/de\/wp-json\/wp\/v2\/media?parent=72051"}],"wp:term":[{"taxonomy":"product_brand","embeddable":true,"href":"https:\/\/www.bjultrasonic.com\/de\/wp-json\/wp\/v2\/product_brand?post=72051"},{"taxonomy":"product_cat","embeddable":true,"href":"https:\/\/www.bjultrasonic.com\/de\/wp-json\/wp\/v2\/product_cat?post=72051"},{"taxonomy":"product_tag","embeddable":true,"href":"https:\/\/www.bjultrasonic.com\/de\/wp-json\/wp\/v2\/product_tag?post=72051"}],"curies":[{"name":"wp","href":"https:\/\/api.w.org\/{rel}","templated":true}]}}