{"id":72091,"date":"2012-03-27T04:15:13","date_gmt":"2012-03-27T09:15:13","guid":{"rendered":"https:\/\/www.bjultrasonic.com\/shop\/60w-110v-ultrasonic-pcb-generator\/"},"modified":"2026-03-28T19:55:48","modified_gmt":"2026-03-29T00:55:48","slug":"60w-110v-ultrasonic-pcb-generator","status":"publish","type":"product","link":"https:\/\/www.bjultrasonic.com\/de\/shop\/60w-110v-ultrasonic-pcb-generator\/","title":{"rendered":"110V 60W Ultraschallgenerator-Schaltung"},"content":{"rendered":"<h2>Spezifikationen des 60W\/110V Ultraschallgenerator-PCBs<\/h2>\n<table id=\"wp-table-reloaded-id-21-no-1\" class=\"table table-striped table-bordered\">\n<tbody>\n<tr>\n<td>Frequenz<\/td>\n<td>40 KHz, 25khz und 28khz.<\/td>\n<\/tr>\n<tr>\n<td>Leistung<\/td>\n<td>60w<\/td>\n<\/tr>\n<tr>\n<td>Angetriebener Wandler<\/td>\n<td>Ein 50W-Wandler oder ein 60W-Wandler<\/td>\n<\/tr>\n<tr>\n<td>Stromversorgung<\/td>\n<td>Eingang: 100V~120V AC<\/td>\n<\/tr>\n<tr>\n<td>Gewicht<\/td>\n<td>300g\/St\u00fcck<\/td>\n<\/tr>\n<\/tbody>\n<\/table>\n<h3>Wie man einen Ultraschallwandler mit dem Ultraschallgenerator-Schaltkreis verbindet<\/h3>\n<p><img loading=\"lazy\" decoding=\"async\" class=\"alignnone size-full wp-image-19267\" src=\"https:\/\/www.bjultrasonic.com\/wp-content\/uploads\/2012\/03\/How-to-Connect-Ultrasonic-Transducer-with-Ultrasonic-Generator-Circuit.jpg\" alt=\"\" width=\"700\" height=\"412\" \/><\/p>\n<ul>\n<li>Der <a href=\"https:\/\/www.bjultrasonic.com\/de\/category\/ultrasonic-generator-de\/\">Ultraschallgenerator<\/a> darf im Leerlauf nicht eingeschaltet werden.<\/li>\n<li>Nach der Installation darf erst eingeschaltet werden, wenn Reinigungsfl\u00fcssigkeit eingef\u00fcllt ist.<\/li>\n<li>Der <a href=\"https:\/\/www.bjultrasonic.com\/de\/category\/ultrasonic-transducer-de\/\">Ultraschallwandler<\/a> hat zwei Anschlussfahnen. Der positive Pol liegt in der Mitte zwischen zwei Keramikscheiben. Der negative Pol befindet sich nahe der unteren Metallst\u00fctze. Bitte die Verkabelung nicht vertauschen.<\/li>\n<li>Die gr\u00f6\u00dfere Seite mit der Schraubbohrung beim Keramikwandler, die der Schwingung dient, kann am Boden der Reinigungsmaschine befestigt werden. Bitte stellen Sie sicher, dass die Reinigungsmaschine sicher geerdet ist.<\/li>\n<li>Der Keramikwandler sollte mit speziellem Wandlerkleber oder AB-Klebestift (die Wirkung ist jedoch etwas schlechter) am Boden der Reinigungsmaschine befestigt werden, oder mit Epoxidharz im Verh\u00e4ltnis 10:4.<\/li>\n<li>Die Betriebsspannung der Leiterplatte betr\u00e4gt 600V. Die Ausgangsspannung zum Wandler betr\u00e4gt 1100 V. Bitte stellen Sie sicher, dass die Reinigungsmaschine sicher geerdet ist. Bitte sorgen Sie f\u00fcr einen FI-Schutzschalter (Fehlerstromschutzschalter) im Stromkreis, um die Sicherheit zu gew\u00e4hrleisten.<\/li>\n<\/ul>\n<h3>Zahlung<\/h3>\n<p>Wir akzeptieren PayPal, T\/T &amp; Western Union.<\/p>\n<h3 class=\"shipping-methods\">Versand<\/h3>\n<p>Die Ware wird innerhalb von 48 Stunden nach Eingang der vollen Zahlung versendet.<\/p>\n<ul>\n<li>Wir versenden die Ware an die bei der PayPal-Zahlung angegebene Adresse. Bitte stellen Sie sicher, dass die Adresse in PayPal korrekt ist.<\/li>\n<li>Wir geben Ihnen die Sendungsverfolgungsnummer, nachdem wir die Ware versendet haben. In der Regel erhalten Sie die Ware innerhalb von f\u00fcnf Tagen.<\/li>\n<li>Wenn Sie Fragen haben, kontaktieren Sie uns bitte per E-Mail (unsere E-Mail-Adresse ist <a href=\"mailto:support@bjultrasonic.com\">support@bjultrasonic.com<\/a>).<\/li>\n<\/ul>\n<h3 align=\"left\">Produktgarantie<\/h3>\n<p>Die Produktgarantie betr\u00e4gt ein Jahr. Innerhalb der Garantiezeit genie\u00dfen gekaufte Produkte kostenlose Wartung oder Austausch.<\/p>\n<h3>Video-Playlist: Ultraschallwandler-Treiber<\/h3>\n<p><iframe loading=\"lazy\" width=\"560\" height=\"315\" src=\"https:\/\/www.youtube.com\/embed\/videoseries?list=PLLrjMYkO0_NG56zqmQN9W9F1Xf9eev6dc\" frameborder=\"0\" allow=\"autoplay; encrypted-media\" allowfullscreen><\/iframe><\/p>\n","protected":false},"excerpt":{"rendered":"<p>Ultrasonik-Generator-Schaltung, auch genannt <a href=\"https:\/\/www.bjultrasonic.com\/de\/category\/ultrasonic-transducer-de\/\">Ultraschallwandler<\/a>-Treiber-Schaltung oder <a href=\"https:\/\/www.bjultrasonic.com\/de\/category\/ultrasonic-generator-de\/ultrasonic-generator-circuits-de\/\">Ultraschallreinigungsger\u00e4t-Stromversorgungs-Treiber-Platine<\/a>. Sie liefert eine <a href=\"https:\/\/www.bjultrasonic.com\/de\/category\/ultrasonic-generator-de\/\">Ultraschallfrequenz<\/a> zur Ansteuerung der Ultraschallwandler in <a href=\"https:\/\/www.bjultrasonic.com\/de\/category\/ultrasonic-cleaning-system-de\/\">Ultraschallreinigungsger\u00e4ten<\/a>.<\/p>\n","protected":false},"featured_media":19261,"comment_status":"open","ping_status":"closed","template":"","meta":[],"product_brand":[],"product_cat":[6109],"product_tag":[],"class_list":{"0":"post-72091","1":"product","2":"type-product","3":"status-publish","4":"has-post-thumbnail","6":"product_cat-ultrasonic-generator-circuits-de","8":"first","9":"instock","10":"shipping-taxable","11":"purchasable","12":"product-type-simple","13":"prodpage-classic"},"aioseo_notices":[],"_links":{"self":[{"href":"https:\/\/www.bjultrasonic.com\/de\/wp-json\/wp\/v2\/product\/72091","targetHints":{"allow":["GET"]}}],"collection":[{"href":"https:\/\/www.bjultrasonic.com\/de\/wp-json\/wp\/v2\/product"}],"about":[{"href":"https:\/\/www.bjultrasonic.com\/de\/wp-json\/wp\/v2\/types\/product"}],"replies":[{"embeddable":true,"href":"https:\/\/www.bjultrasonic.com\/de\/wp-json\/wp\/v2\/comments?post=72091"}],"wp:featuredmedia":[{"embeddable":true,"href":"https:\/\/www.bjultrasonic.com\/de\/wp-json\/wp\/v2\/media\/19261"}],"wp:attachment":[{"href":"https:\/\/www.bjultrasonic.com\/de\/wp-json\/wp\/v2\/media?parent=72091"}],"wp:term":[{"taxonomy":"product_brand","embeddable":true,"href":"https:\/\/www.bjultrasonic.com\/de\/wp-json\/wp\/v2\/product_brand?post=72091"},{"taxonomy":"product_cat","embeddable":true,"href":"https:\/\/www.bjultrasonic.com\/de\/wp-json\/wp\/v2\/product_cat?post=72091"},{"taxonomy":"product_tag","embeddable":true,"href":"https:\/\/www.bjultrasonic.com\/de\/wp-json\/wp\/v2\/product_tag?post=72091"}],"curies":[{"name":"wp","href":"https:\/\/api.w.org\/{rel}","templated":true}]}}