{"id":72151,"date":"2012-03-19T03:52:04","date_gmt":"2012-03-19T08:52:04","guid":{"rendered":"https:\/\/www.bjultrasonic.com\/shop\/25khz-100w-ultrasonic-cleaning-transducer\/"},"modified":"2026-03-28T19:55:18","modified_gmt":"2026-03-29T00:55:18","slug":"25khz-100w-ultrasonic-cleaning-transducer","status":"publish","type":"product","link":"https:\/\/www.bjultrasonic.com\/de\/shop\/25khz-100w-ultrasonic-cleaning-transducer\/","title":{"rendered":"25KHz 100W Piezoelektrischer Ultraschallreinigungs-Wandler (PZT-4)"},"content":{"rendered":"<p><iframe loading=\"lazy\" title=\"25KHz 100W Piezoelectric Ultrasonic Cleaning Transducer (PZT-4)\" width=\"500\" height=\"281\" src=\"https:\/\/www.youtube.com\/embed\/FdQZt5hUFFA?feature=oembed\" frameborder=\"0\" allow=\"accelerometer; autoplay; clipboard-write; encrypted-media; gyroscope; picture-in-picture; web-share\" referrerpolicy=\"strict-origin-when-cross-origin\" allowfullscreen><\/iframe><\/p>\n<h2>Spezifikation des 25KHz 100W Ultraschall-Reinigungswandlers<\/h2>\n<table id=\"wp-table-reloaded-id-3-no-1\" class=\"table table-striped table-bordered\">\n<tbody>\n<tr>\n<td>Typ<\/td>\n<td>BJC-25100T- 68HS PZT-4<\/td>\n<\/tr>\n<tr>\n<td>Frequenz<\/td>\n<td>25KHz \u00b1 1KHz<\/td>\n<\/tr>\n<tr>\n<td>Leistung<\/td>\n<td>100W<\/td>\n<\/tr>\n<tr>\n<td>Kapazit\u00e4t<\/td>\n<td>6600pf (pzt4)<\/td>\n<\/tr>\n<tr>\n<td>Abstrahlfl\u00e4che<\/td>\n<td>68mm<\/td>\n<\/tr>\n<tr>\n<td>Resonanzwiderstand<\/td>\n<td>10-20\u03a9<\/td>\n<\/tr>\n<tr>\n<td>L\u00e4nge<\/td>\n<td>77mm<\/td>\n<\/tr>\n<tr>\n<td>Stromversorgung<\/td>\n<td>Eingang: 100V~130V oder 220V~240V AC<\/td>\n<\/tr>\n<tr>\n<td>Gewicht<\/td>\n<td>720g\/St\u00fcck<\/td>\n<\/tr>\n<\/tbody>\n<\/table>\n<p><strong><a href=\"https:\/\/drive.google.com\/file\/d\/1pXEpP5HbetTukpQtZKV4hyTdlMm0aYkt\/view\" target=\"_blank\" rel=\"noopener\">Spezifikation und Angebot<\/a> f\u00fcr alle Ultraschall-Reinigungswandler herunterladen.<\/strong><\/p>\n<h3>Benennungsmethoden f\u00fcr Ultraschall-Reinigungswandler<\/h3>\n<p><a href=\"https:\/\/www.bjultrasonic.com\/wp-content\/uploads\/2012\/10\/Naming-Methods-of-Ultrasonic-Cleaning-Transducer.jpg\" data-lightbox=\"image\"><img loading=\"lazy\" decoding=\"async\" title=\"Benennungsmethoden f\u00fcr Ultraschall-Reinigungswandler\" src=\"\/\/www.bjultrasonic.com\/wp-content\/uploads\/2012\/10\/Naming-Methods-of-Ultrasonic-Cleaning-Transducer.jpg\" alt=\"Benennungsmethoden f\u00fcr Ultraschall-Reinigungswandler\" width=\"442\" height=\"399\" \/><\/a><\/p>\n<h3>Struktur des Ultraschall-Reinigungswandlers<\/h3>\n<p><a href=\"https:\/\/www.bjultrasonic.com\/wp-content\/uploads\/2012\/03\/2012319111.jpg\" data-lightbox=\"image\"><img loading=\"lazy\" decoding=\"async\" class=\"alignnone\" title=\"Struktur des Ultraschall-Reinigungswandlers\" src=\"\/\/www.bjultrasonic.com\/wp-content\/uploads\/2012\/10\/Ultrasonic-Cleaning-Transducer-Structure.jpg\" alt=\"Struktur des Ultraschall-Reinigungswandlers\" width=\"546\" height=\"203\" \/><\/a><\/p>\n<h3>Hauptmerkmale<\/h3>\n<ul>\n<li>Hohe Effizienz: Hoher mechanischer Q-Faktor, Wandlungseffizienz zwischen Strom und Schall \u00fcber 95%.<\/li>\n<li>Hohe Amplitude: Die Wandlerfestigkeit wird durch direkte Befestigung des Hochgeschwindigkeitsschwingers mit Schrauben am Boden der Reinigungsrinne verbessert. Im Vergleich zu einem magnetostriktiven Schwinger kann die Amplitude um \u00fcber 50% erh\u00f6ht werden.<\/li>\n<li>Gute W\u00e4rmebest\u00e4ndigkeit: Gro\u00dfer Arbeitstemperaturbereich, niedriger Resonanzwiderstand und geringe W\u00e4rmeentwicklung.<\/li>\n<li>Gute Konstruktion: Schraubenbefestigung, einfache Montage, hohe Zuverl\u00e4ssigkeit.<\/li>\n<\/ul>\n<h3>Hochleistungs-Ultraschallwandler<\/h3>\n<p><iframe loading=\"lazy\" title=\"High Power Piezoelectric Ultrasonic Transducer - Beijing Ultrasonic\" width=\"500\" height=\"281\" src=\"https:\/\/www.youtube.com\/embed\/TBLGTvZgOw4?feature=oembed\" frameborder=\"0\" allow=\"accelerometer; autoplay; clipboard-write; encrypted-media; gyroscope; picture-in-picture; web-share\" referrerpolicy=\"strict-origin-when-cross-origin\" allowfullscreen><\/iframe><\/p>\n<h3>Zahlung<\/h3>\n<p>Wir akzeptieren PayPal, T\/T &amp; Western Union.<\/p>\n<h3 class=\"shipping-methods\">Versand<\/h3>\n<p>Die Ware wird innerhalb von 48 Stunden nach Erhalt der vollen Zahlung versendet.<\/p>\n<ul>\n<li>Wir versenden die Ware an die in der PayPal-Zahlung angegebene Adresse. Bitte stellen Sie sicher, dass die Adresse in PayPal korrekt ist.<\/li>\n<li>Wir geben Ihnen die Sendungsverfolgungsnummer, nachdem wir die Ware versendet haben. In der Regel erhalten Sie die Ware innerhalb von f\u00fcnf Tagen.<\/li>\n<li>Wenn Sie Fragen haben, kontaktieren Sie uns bitte per E-Mail (unsere E-Mail-Adresse ist <a href=\"mailto:support@bjultrasonic.com\">support@bjultrasonic.com<\/a>).<\/li>\n<\/ul>\n<h3 align=\"left\">Produktgarantie<\/h3>\n<p>Die Produktgarantiezeit betr\u00e4gt ein Jahr. Innerhalb der Garantiezeit k\u00f6nnen gekaufte Produkte kostenlos gewartet oder umgetauscht werden.<\/p>\n","protected":false},"excerpt":{"rendered":"<p><a href=\"https:\/\/www.bjultrasonic.com\/de\/category\/ultrasonic-transducer-de\/\">Piezoelektrischer Wandler<\/a> f\u00fcr die Ultraschallreinigung ist ein wichtiger Bestandteil einer <a href=\"https:\/\/www.bjultrasonic.com\/de\/category\/ultrasonic-cleaning-system-de\/\">Ultraschallreinigungsanlage<\/a>. Der Ultraschallwandler wandelt elektrische Energie vom <a href=\"https:\/\/www.bjultrasonic.com\/de\/category\/ultrasonic-generator-de\/\">Ultraschallgenerator<\/a> in <a href=\"https:\/\/www.bjultrasonic.com\/de\/uses-of-ultrasonic-waves\/\">Ultraschallwellen<\/a> um.<\/p>\n","protected":false},"featured_media":19379,"comment_status":"open","ping_status":"closed","template":"","meta":[],"product_brand":[],"product_cat":[6313],"product_tag":[],"class_list":{"0":"post-72151","1":"product","2":"type-product","3":"status-publish","4":"has-post-thumbnail","6":"product_cat-ultrasonic-transducer-de","8":"first","9":"instock","10":"shipping-taxable","11":"purchasable","12":"product-type-simple","13":"prodpage-classic"},"aioseo_notices":[],"_links":{"self":[{"href":"https:\/\/www.bjultrasonic.com\/de\/wp-json\/wp\/v2\/product\/72151","targetHints":{"allow":["GET"]}}],"collection":[{"href":"https:\/\/www.bjultrasonic.com\/de\/wp-json\/wp\/v2\/product"}],"about":[{"href":"https:\/\/www.bjultrasonic.com\/de\/wp-json\/wp\/v2\/types\/product"}],"replies":[{"embeddable":true,"href":"https:\/\/www.bjultrasonic.com\/de\/wp-json\/wp\/v2\/comments?post=72151"}],"wp:featuredmedia":[{"embeddable":true,"href":"https:\/\/www.bjultrasonic.com\/de\/wp-json\/wp\/v2\/media\/19379"}],"wp:attachment":[{"href":"https:\/\/www.bjultrasonic.com\/de\/wp-json\/wp\/v2\/media?parent=72151"}],"wp:term":[{"taxonomy":"product_brand","embeddable":true,"href":"https:\/\/www.bjultrasonic.com\/de\/wp-json\/wp\/v2\/product_brand?post=72151"},{"taxonomy":"product_cat","embeddable":true,"href":"https:\/\/www.bjultrasonic.com\/de\/wp-json\/wp\/v2\/product_cat?post=72151"},{"taxonomy":"product_tag","embeddable":true,"href":"https:\/\/www.bjultrasonic.com\/de\/wp-json\/wp\/v2\/product_tag?post=72151"}],"curies":[{"name":"wp","href":"https:\/\/api.w.org\/{rel}","templated":true}]}}