{"id":72451,"date":"2012-03-19T02:35:54","date_gmt":"2012-03-19T07:35:54","guid":{"rendered":"https:\/\/www.bjultrasonic.com\/shop\/28khz-60w-ultrasonic-cleaning-transducer\/"},"modified":"2026-03-28T19:52:35","modified_gmt":"2026-03-29T00:52:35","slug":"28khz-60w-ultrasonic-cleaning-transducer","status":"publish","type":"product","link":"https:\/\/www.bjultrasonic.com\/de\/shop\/28khz-60w-ultrasonic-cleaning-transducer\/","title":{"rendered":"28KHz 60W piezoelektrischer Ultraschall-Reinigungstransducer (PZT-4)"},"content":{"rendered":"<h2>Spezifikation des 28KHz 60W Ultraschallreinigungswandlers<\/h2>\n<table id=\"wp-table-reloaded-id-6-no-1\" class=\"table table-striped table-bordered\">\n<tbody>\n<tr>\n<td>Typ<\/td>\n<td>BJC-2860T- 59HS PZT-4<\/td>\n<\/tr>\n<tr>\n<td>Frequenz<\/td>\n<td>28KHz \u00b1 1KHz<\/td>\n<\/tr>\n<tr>\n<td>Leistung<\/td>\n<td>60W<\/td>\n<\/tr>\n<tr>\n<td>Kapazit\u00e4t<\/td>\n<td>3800pf (pzt4)<\/td>\n<\/tr>\n<tr>\n<td>Abstrahlfl\u00e4che<\/td>\n<td>59mm<\/td>\n<\/tr>\n<tr>\n<td>Resonanzwiderstand<\/td>\n<td>10-20\u03a9<\/td>\n<\/tr>\n<tr>\n<td>L\u00e4nge<\/td>\n<td>68mm<\/td>\n<\/tr>\n<tr>\n<td>Stromversorgung<\/td>\n<td>Eingang: 100V~130V oder 220V~240V AC<\/td>\n<\/tr>\n<tr>\n<td>Gewicht<\/td>\n<td>500g\/St\u00fcck<\/td>\n<\/tr>\n<\/tbody>\n<\/table>\n<p><strong><a href=\"https:\/\/drive.google.com\/file\/d\/1pXEpP5HbetTukpQtZKV4hyTdlMm0aYkt\/view\" target=\"_blank\" rel=\"noopener\">Herunterladen<\/a> Spezifikation und Angebot aller Ultraschallreinigungswandler.<\/strong><\/p>\n<h3>Benennungsmethoden f\u00fcr Ultraschallreinigungswandler<\/h3>\n<p><a href=\"https:\/\/www.bjultrasonic.com\/wp-content\/uploads\/2012\/10\/Naming-Methods-of-Ultrasonic-Cleaning-Transducer.jpg\" data-lightbox=\"image\"><img loading=\"lazy\" decoding=\"async\" title=\"Benennungsmethoden f\u00fcr Ultraschallreinigungswandler\" src=\"\/\/www.bjultrasonic.com\/wp-content\/uploads\/2012\/10\/Naming-Methods-of-Ultrasonic-Cleaning-Transducer.jpg\" alt=\"Benennungsmethoden f\u00fcr Ultraschallreinigungswandler\" width=\"442\" height=\"399\" \/><\/a><\/p>\n<h3>Aufbau des Ultraschallreinigungswandlers<\/h3>\n<p><a href=\"https:\/\/www.bjultrasonic.com\/wp-content\/uploads\/2012\/03\/2012319111.jpg\" data-lightbox=\"image\"><img loading=\"lazy\" decoding=\"async\" class=\"alignnone\" title=\"Aufbau des Ultraschallreinigungswandlers\" src=\"\/\/www.bjultrasonic.com\/wp-content\/uploads\/2012\/10\/Ultrasonic-Cleaning-Transducer-Structure.jpg\" alt=\"Aufbau des Ultraschallreinigungswandlers\" width=\"546\" height=\"203\" \/><\/a><\/p>\n<h3>Hauptmerkmale<\/h3>\n<ul>\n<li>Hohe Effizienz: hoher mechanischer Q-Faktor, Wirkungsgrad der Umwandlung von elektrischer in akustische Energie \u00fcber 95%.<\/li>\n<li>Hohe Amplitude: Die Festigkeit des Wandlers wird verbessert, indem der Hochgeschwindigkeitsschwinger direkt mit einer Schraube am Boden des Reinigungsbeckens befestigt wird. Im Vergleich zu einem magnetostriktiven Schwinger kann die Amplitude um \u00fcber 50% gesteigert werden.<\/li>\n<li>Gute Hitzebest\u00e4ndigkeit: Gro\u00dfer Arbeitsbereich, niedriger Resonanzwiderstand und geringe W\u00e4rmeentwicklung.<\/li>\n<li>Gute Konstruktion: Durch Schrauben befestigt, einfach zu montieren, hohe Zuverl\u00e4ssigkeit.<\/li>\n<\/ul>\n<h3>Videoplaylist: Ultraschallwandler<\/h3>\n<p><iframe loading=\"lazy\" title=\"Dual-frequency Piezoelectric Ultrasonic Transducer for Ultrasonic Cleaner\" width=\"500\" height=\"281\" src=\"https:\/\/www.youtube.com\/embed\/3zVdE1GihAE?list=PL2F5F3AB3579FB4A9\" frameborder=\"0\" allow=\"accelerometer; autoplay; clipboard-write; encrypted-media; gyroscope; picture-in-picture; web-share\" referrerpolicy=\"strict-origin-when-cross-origin\" allowfullscreen><\/iframe><\/p>\n<h3>Hochleistungs-Ultraschallwandler<\/h3>\n<p><iframe loading=\"lazy\" title=\"High Power Piezoelectric Ultrasonic Transducer - Beijing Ultrasonic\" width=\"500\" height=\"281\" src=\"https:\/\/www.youtube.com\/embed\/TBLGTvZgOw4?feature=oembed\" frameborder=\"0\" allow=\"accelerometer; autoplay; clipboard-write; encrypted-media; gyroscope; picture-in-picture; web-share\" referrerpolicy=\"strict-origin-when-cross-origin\" allowfullscreen><\/iframe><\/p>\n<h3>Zahlung<\/h3>\n<p>Wir akzeptieren PayPal, T\/T &amp; Western Union.<\/p>\n<h3 class=\"shipping-methods\">Versand<\/h3>\n<p>Die Ware wird innerhalb von 48 Stunden nach Erhalt der vollst\u00e4ndigen Zahlung versendet.<\/p>\n<ul>\n<li>Wir versenden die Ware an die im PayPal-Zahlungsvorgang angegebene Adresse. Bitte stellen Sie sicher, dass die Adresse in PayPal korrekt ist.<\/li>\n<li>Wir geben Ihnen die Sendungsverfolgungsnummer, nachdem wir die Ware versandt haben. In der Regel erhalten Sie die Ware innerhalb von f\u00fcnf Tagen.<\/li>\n<li>Wenn Sie Fragen haben, kontaktieren Sie uns bitte per E-Mail (unsere E-Mail-Adresse ist <a href=\"mailto:support@bjultrasonic.com\">support@bjultrasonic.com<\/a>)<\/li>\n<\/ul>\n<h3 align=\"left\">Produktgarantie<\/h3>\n<p>Die Produktgarantiezeit betr\u00e4gt ein Jahr. Innerhalb der Garantiezeit k\u00f6nnen gekaufte Produkte kostenlos gewartet oder ausgetauscht werden.<\/p>\n","protected":false},"excerpt":{"rendered":"<p><a href=\"https:\/\/www.bjultrasonic.com\/de\/category\/ultrasonic-transducer-de\/\">Piezoelektrischer Wandler<\/a> f\u00fcr die Ultraschallreinigung ist ein wichtiger Bestandteil einer <a href=\"https:\/\/www.bjultrasonic.com\/de\/category\/ultrasonic-cleaning-system-de\/\">Ultraschallreinigungsanlage<\/a>. Der Ultraschallwandler wandelt elektrische Energie vom <a href=\"https:\/\/www.bjultrasonic.com\/de\/category\/ultrasonic-generator-de\/\">Ultraschallgenerator<\/a> in <a href=\"https:\/\/www.bjultrasonic.com\/de\/uses-of-ultrasonic-waves\/\">Ultraschallwellen<\/a> um.<\/p>\n","protected":false},"featured_media":19387,"comment_status":"open","ping_status":"closed","template":"","meta":[],"product_brand":[],"product_cat":[6313],"product_tag":[],"class_list":{"0":"post-72451","1":"product","2":"type-product","3":"status-publish","4":"has-post-thumbnail","6":"product_cat-ultrasonic-transducer-de","8":"first","9":"instock","10":"shipping-taxable","11":"purchasable","12":"product-type-simple","13":"prodpage-classic"},"aioseo_notices":[],"_links":{"self":[{"href":"https:\/\/www.bjultrasonic.com\/de\/wp-json\/wp\/v2\/product\/72451","targetHints":{"allow":["GET"]}}],"collection":[{"href":"https:\/\/www.bjultrasonic.com\/de\/wp-json\/wp\/v2\/product"}],"about":[{"href":"https:\/\/www.bjultrasonic.com\/de\/wp-json\/wp\/v2\/types\/product"}],"replies":[{"embeddable":true,"href":"https:\/\/www.bjultrasonic.com\/de\/wp-json\/wp\/v2\/comments?post=72451"}],"wp:featuredmedia":[{"embeddable":true,"href":"https:\/\/www.bjultrasonic.com\/de\/wp-json\/wp\/v2\/media\/19387"}],"wp:attachment":[{"href":"https:\/\/www.bjultrasonic.com\/de\/wp-json\/wp\/v2\/media?parent=72451"}],"wp:term":[{"taxonomy":"product_brand","embeddable":true,"href":"https:\/\/www.bjultrasonic.com\/de\/wp-json\/wp\/v2\/product_brand?post=72451"},{"taxonomy":"product_cat","embeddable":true,"href":"https:\/\/www.bjultrasonic.com\/de\/wp-json\/wp\/v2\/product_cat?post=72451"},{"taxonomy":"product_tag","embeddable":true,"href":"https:\/\/www.bjultrasonic.com\/de\/wp-json\/wp\/v2\/product_tag?post=72451"}],"curies":[{"name":"wp","href":"https:\/\/api.w.org\/{rel}","templated":true}]}}