{"id":72749,"date":"2022-09-24T11:05:39","date_gmt":"2022-09-24T16:05:39","guid":{"rendered":"https:\/\/www.bjultrasonic.com\/ultrasonic-generator-technical-specification\/"},"modified":"2026-03-12T09:30:51","modified_gmt":"2026-03-12T14:30:51","slug":"ultrasonic-generator-technical-specification","status":"publish","type":"page","link":"https:\/\/www.bjultrasonic.com\/es\/ultrasonic-generator-technical-specification\/","title":{"rendered":"Resumen T\u00e9cnico del Generador Ultras\u00f3nico"},"content":{"rendered":"<p><a href=\"https:\/\/www.bjultrasonic.com\/es\/category\/ultrasonic-generator-es\/\">Los generadores ultras\u00f3nicos<\/a> son el componente central de los <a href=\"https:\/\/www.bjultrasonic.com\/es\/category\/ultrasonic-cleaning-system-es\/\">sistemas de limpieza ultras\u00f3nica<\/a>, encargados de convertir la energ\u00eda el\u00e9ctrica en las se\u00f1ales el\u00e9ctricas de alta frecuencia que impulsan los transductores. Estos transductores luego convierten las se\u00f1ales el\u00e9ctricas en vibraciones mec\u00e1nicas, creando el efecto de cavitaci\u00f3n en la soluci\u00f3n de limpieza que elimina los contaminantes. El rendimiento y la fiabilidad del generador ultras\u00f3nico son cruciales para una limpieza efectiva y eficiente. Este art\u00edculo explorar\u00e1 los aspectos t\u00e9cnicos de los generadores ultras\u00f3nicos, particularmente los ofrecidos por Beijing Ultrasonic, incluyendo sus caracter\u00edsticas, especificaciones y procedimientos de ajuste.<\/p>\n<h3>1. Caracter\u00edsticas y Funciones del Generador Ultras\u00f3nico<\/h3>\n<p>Los generadores de Beijing Ultrasonic est\u00e1n dise\u00f1ados con avanzada tecnolog\u00eda de control por microcomputadora, ofreciendo una gama de caracter\u00edsticas y funciones que mejoran su rendimiento y fiabilidad. Una caracter\u00edstica clave es el seguimiento autom\u00e1tico de frecuencia, habilitado por la s\u00edntesis digital de frecuencia. Esto asegura que el generador siempre opere a la frecuencia m\u00e1s adecuada para el transductor conectado, optimizando el proceso de limpieza. Esta caracter\u00edstica elimina la necesidad de sintonizaci\u00f3n manual de frecuencia y garantiza resultados de limpieza consistentes.<\/p>\n<p>Adem\u00e1s, los generadores est\u00e1n equipados con mecanismos de protecci\u00f3n integral contra sobrecalentamiento y exceso de corriente. Estas salvaguardas son cr\u00edticas para prevenir da\u00f1os al generador y al sistema de limpieza ultras\u00f3nica, incluso durante operaciones prolongadas. El ajuste digital de la potencia ultras\u00f3nica permite flexibilidad y eficiencia en la limpieza de diferentes tipos de objetos y contaminantes. La potencia de salida se puede controlar con precisi\u00f3n del 0% al 100%, asegurando una limpieza \u00f3ptima sin causar da\u00f1o a piezas sensibles.<\/p>\n<p>Un temporizador preciso tambi\u00e9n est\u00e1 integrado en el generador, lo que permite un control preciso del ciclo de limpieza y previene tanto la limpieza insuficiente como la excesiva. El riesgo de erosi\u00f3n por cavitaci\u00f3n, que puede ocurrir con una exposici\u00f3n prolongada al ultrasonido, se mitiga con la funci\u00f3n del temporizador. Adem\u00e1s, el generador incluye un conector de control externo, que permite la integraci\u00f3n con otros dispositivos de control. Por \u00faltimo, la unidad cuenta con una pantalla de frecuencia, que permite a los operadores monitorear la frecuencia de operaci\u00f3n en tiempo real.<\/p>\n<h3>2. Par\u00e1metros T\u00e9cnicos del Generador Ultras\u00f3nico<\/h3>\n<p>Los generadores de Beijing Ultrasonic est\u00e1n dise\u00f1ados con par\u00e1metros espec\u00edficos para garantizar un rendimiento eficiente y fiable. El voltaje de trabajo de estas unidades es de 220V \u00b110%, haci\u00e9ndolos compatibles con fuentes de alimentaci\u00f3n est\u00e1ndar. La frecuencia de trabajo est\u00e1 disponible en diferentes rangos, incluyendo 28 kHz, 40 kHz, 80 kHz y 135 kHz, cada una con una tolerancia de \u00b15%.<\/p>\n<p>La corriente de trabajo var\u00eda dependiendo de la potencia de salida del generador. A continuaci\u00f3n se muestra una tabla que muestra la relaci\u00f3n entre la potencia de salida y la corriente de trabajo:<\/p>\n<table class=\"table table-striped table-bordered\">\n<thead>\n<tr>\n<th align=\"left\">Potencia (W)<\/th>\n<th align=\"left\">Corriente de Trabajo (A)<\/th>\n<\/tr>\n<\/thead>\n<tbody>\n<tr>\n<td align=\"left\">300<\/td>\n<td align=\"left\">1.2<\/td>\n<\/tr>\n<tr>\n<td align=\"left\">600<\/td>\n<td align=\"left\">2.5<\/td>\n<\/tr>\n<tr>\n<td align=\"left\">900<\/td>\n<td align=\"left\">3.5<\/td>\n<\/tr>\n<tr>\n<td align=\"left\">1200<\/td>\n<td align=\"left\">4.5<\/td>\n<\/tr>\n<tr>\n<td align=\"left\">1500<\/td>\n<td align=\"left\">5-5.5<\/td>\n<\/tr>\n<tr>\n<td align=\"left\">1800<\/td>\n<td align=\"left\">6-6.5<\/td>\n<\/tr>\n<tr>\n<td align=\"left\">2000<\/td>\n<td align=\"left\">6.5-7<\/td>\n<\/tr>\n<tr>\n<td align=\"left\">2400<\/td>\n<td align=\"left\">7.5-8<\/td>\n<\/tr>\n<\/tbody>\n<\/table>\n<p>Es importante se\u00f1alar que el dispositivo no debe operarse continuamente a su corriente de trabajo m\u00e1xima para garantizar su longevidad y fiabilidad. El rango de control de potencia es del 0 al 100%, proporcionando flexibilidad en la limpieza de diferentes tipos de materiales. El control de tiempo se puede ajustar de 0 a 59 minutos y 59 segundos, mientras que el rango de temperatura ambiente para operaci\u00f3n es de 0 a 40 \u00b0C, con un rango de humedad relativa del 40% al 90%. El generador incluye protecci\u00f3n interna contra sobrecalentamiento de la carcasa, que se activa a 65 \u00b0C.<\/p>\n<p>Las dimensiones f\u00edsicas del generador ultras\u00f3nico tambi\u00e9n var\u00edan seg\u00fan su potencia nominal. Para generadores con una potencia nominal inferior a 1200W, las dimensiones son 300mm x 360mm x 160mm (L x A x H). Para aquellos de 1500W o m\u00e1s, las dimensiones son 500mm x 360mm x 160mm.<\/p>\n<h3>3. Opciones de Generadores Ultras\u00f3nicos de Beijing Ultrasonic<\/h3>\n<p>Beijing Ultrasonic ofrece una gama completa de generadores ultras\u00f3nicos para satisfacer diversos requisitos de limpieza. Estos incluyen generadores con potencias de salida que van desde 300W hasta 2400W, con frecuencias por debajo de 45kHz y por encima de 50 kHz. Tambi\u00e9n hay disponible un generador ultras\u00f3nico digital de tres frecuencias, que permite una mayor flexibilidad en la limpieza.<\/p>\n<div class=\"woocommerce columns-6\"><\/div>\n<h3>4. Panel Frontal del Generador Ultras\u00f3nico<\/h3>\n<p><img loading=\"lazy\" decoding=\"async\" class=\"alignnone wp-image-1513 size-full\" src=\"https:\/\/www.bjultrasonic.com\/wp-content\/uploads\/2013\/04\/Ultrasonic-Generator-Front-Panel.jpg\" alt=\"Panel Frontal del Generador Ultras\u00f3nico\" width=\"661\" height=\"473\" \/><\/p>\n<p>El panel frontal del generador de Beijing Ultrasonic est\u00e1 dise\u00f1ado para una operaci\u00f3n y monitoreo f\u00e1ciles para el usuario. Incluye una ventana de visualizaci\u00f3n, que muestra valores de potencia, tiempo, condiciones de trabajo y cualquier mensaje de error. Los botones de potencia permiten ajustar la potencia de salida, con un bot\u00f3n para aumentar la potencia y otro para disminuirla. De manera similar, los botones de tiempo permiten al usuario ajustar el tiempo de trabajo, con botones para aumentar y disminuir.<\/p>\n<p>Tambi\u00e9n hay un bot\u00f3n de barrido en el panel que permite a los usuarios elegir entre modos de frecuencia normal y de barrido, permitiendo diferentes patrones de limpieza. El bot\u00f3n de encendido\/apagado permite al usuario pausar y reanudar la operaci\u00f3n del generador.<\/p>\n<h3>5. Ajuste de Frecuencia<\/h3>\n<p>El ajuste de frecuencia es esencial para igualar la salida del generador a la frecuencia resonante del transductor. Para ajustar la frecuencia del generador ultras\u00f3nico de Beijing, se debe abrir la carcasa para acceder a los componentes internos. Localice el bot\u00f3n azul, que permite ajustar la corriente que el transductor puede manejar. Por ejemplo, un transductor de 28 kHz tiene un rango de frecuencia de 27 kHz a 31 kHz, mientras que un transductor de 40 kHz tiene un rango de frecuencia de 38 kHz a 42 kHz.<\/p>\n<p><img loading=\"lazy\" decoding=\"async\" class=\"wp-image-1515 size-full\" title=\"Ajuste de frecuencia del generador ultras\u00f3nico\" src=\"https:\/\/www.bjultrasonic.com\/wp-content\/uploads\/2013\/04\/Ultrasonic-Generator-Frequency-Adjustment.jpg\" alt=\"Ajuste de frecuencia del generador ultras\u00f3nico\" width=\"199\" height=\"144\" \/><\/p>\n<h3>6. Ajuste de corriente<\/h3>\n<p>El ajuste de corriente es crucial para garantizar un rendimiento \u00f3ptimo y prevenir da\u00f1os al generador. Los generadores ultras\u00f3nicos de Beijing utilizan un sistema controlado por computadora para la depuraci\u00f3n. A continuaci\u00f3n se detallan los pasos para ajustar la corriente:<\/p>\n<ol>\n<li>Conecte la fuente de alimentaci\u00f3n.<\/li>\n<li>Conecte un amper\u00edmetro con capacidad de 10A al terminal de entrada de la fuente de alimentaci\u00f3n.<\/li>\n<li>Encienda la alimentaci\u00f3n y verifique la lectura del amper\u00edmetro. Para un generador de 1200W, la lectura debe ser inferior a 5A.<\/li>\n<li>Muestre la frecuencia en la ventana del generador. Esta debe ser la frecuencia de trabajo normal.<\/li>\n<li>Encuentre la corriente de trabajo m\u00e1xima dentro del rango de frecuencia especificado del transductor.<\/li>\n<li>Si la corriente y la frecuencia son bajas, reduzca la inductancia de acoplamiento ampliando el entrehierro del n\u00facleo magn\u00e9tico. Esto se hace colocando l\u00e1minas de papel de cebada en el entrehierro.<\/li>\n<li>Si la corriente y la frecuencia son altas, aumente la inductancia de acoplamiento reduciendo el entrehierro del n\u00facleo magn\u00e9tico.<\/li>\n<li>Siempre apague la fuente de alimentaci\u00f3n antes de ajustar el entrehierro del n\u00facleo magn\u00e9tico y monitoree los cambios en la corriente.<\/li>\n<li>Ajuste la corriente a 4-4.5A y la frecuencia al rango de 27.8 kHz a 29 kHz.<\/li>\n<li>Reajuste la frecuencia despu\u00e9s de cada ajuste para asegurar que la corriente de trabajo siempre est\u00e9 en el punto m\u00e1ximo.<\/li>\n<\/ol>\n<p><img loading=\"lazy\" decoding=\"async\" class=\"wp-image-1516 size-full\" title=\"Ajuste de corriente del generador ultras\u00f3nico\" src=\"https:\/\/www.bjultrasonic.com\/wp-content\/uploads\/2013\/04\/Ultrasonic-Generator-Current-Adjustment.jpg\" alt=\"Ajuste de corriente del generador ultras\u00f3nico\" width=\"202\" height=\"182\" \/><\/p>\n<p>Reducir la inductancia de acoplamiento aumenta la frecuencia arm\u00f3nica y la corriente, mientras que aumentar la inductancia de acoplamiento las disminuye. Al ajustar, aseg\u00farese de que la frecuencia de operaci\u00f3n no sea demasiado baja y que la corriente no exceda la corriente nominal del generador, ya que esto puede da\u00f1ar el tubo de potencia.<\/p>\n<p>En conclusi\u00f3n, los generadores ultras\u00f3nicos de Beijing Ultrasonic est\u00e1n dise\u00f1ados con tecnolog\u00eda avanzada para proporcionar un rendimiento confiable y eficiente en aplicaciones de limpieza ultras\u00f3nica. El seguimiento autom\u00e1tico de frecuencia, los mecanismos de protecci\u00f3n integrales, las funciones ajustables de potencia y temporizador, y la gama de modelos disponibles garantizan que haya una opci\u00f3n ideal para diversas necesidades de limpieza. Los procedimientos detallados de ajuste proporcionados tanto para frecuencia como para corriente aseguran la operaci\u00f3n optimizada del generador ultras\u00f3nico.<\/p>\n<p>&nbsp;<\/p>\n","protected":false},"excerpt":{"rendered":"<p>Los generadores ultras\u00f3nicos son el componente central de los sistemas de limpieza ultras\u00f3nica, encargados de convertir la energ\u00eda el\u00e9ctrica en las se\u00f1ales el\u00e9ctricas de alta frecuencia que impulsan los transductores. Estos transductores luego convierten las se\u00f1ales el\u00e9ctricas en vibraciones mec\u00e1nicas, creando el efecto de cavitaci\u00f3n en la soluci\u00f3n de limpieza que elimina los contaminantes. El<\/p>\n","protected":false},"author":1,"featured_media":19242,"parent":0,"menu_order":3,"comment_status":"closed","ping_status":"closed","template":"","meta":{"footnotes":""},"class_list":["post-72749","page","type-page","status-publish","has-post-thumbnail","hentry","prodpage-classic"],"aioseo_notices":[],"_links":{"self":[{"href":"https:\/\/www.bjultrasonic.com\/es\/wp-json\/wp\/v2\/pages\/72749","targetHints":{"allow":["GET"]}}],"collection":[{"href":"https:\/\/www.bjultrasonic.com\/es\/wp-json\/wp\/v2\/pages"}],"about":[{"href":"https:\/\/www.bjultrasonic.com\/es\/wp-json\/wp\/v2\/types\/page"}],"author":[{"embeddable":true,"href":"https:\/\/www.bjultrasonic.com\/es\/wp-json\/wp\/v2\/users\/1"}],"replies":[{"embeddable":true,"href":"https:\/\/www.bjultrasonic.com\/es\/wp-json\/wp\/v2\/comments?post=72749"}],"version-history":[{"count":0,"href":"https:\/\/www.bjultrasonic.com\/es\/wp-json\/wp\/v2\/pages\/72749\/revisions"}],"wp:featuredmedia":[{"embeddable":true,"href":"https:\/\/www.bjultrasonic.com\/es\/wp-json\/wp\/v2\/media\/19242"}],"wp:attachment":[{"href":"https:\/\/www.bjultrasonic.com\/es\/wp-json\/wp\/v2\/media?parent=72749"}],"curies":[{"name":"wp","href":"https:\/\/api.w.org\/{rel}","templated":true}]}}