{"id":73077,"date":"2012-04-28T19:12:36","date_gmt":"2012-04-29T02:12:36","guid":{"rendered":"https:\/\/www.bjultrasonic.com\/contact\/"},"modified":"2026-03-31T00:57:45","modified_gmt":"2026-03-31T05:57:45","slug":"contact","status":"publish","type":"page","link":"https:\/\/www.bjultrasonic.com\/es\/contact\/","title":{"rendered":"Cont\u00e1ctenos"},"content":{"rendered":"<p>\u00a1Siempre estamos aqu\u00ed para ayudar! Ya sea que tenga una consulta sobre nuestros <a href=\"https:\/\/www.bjultrasonic.com\/shop\/\">productos ultras\u00f3nicos<\/a>, necesite una soluci\u00f3n OEM personalizada o requiera asistencia con precios y pago, nuestro equipo dedicado est\u00e1 listo para asistirle. Por favor, complete el formulario de contacto a continuaci\u00f3n, y nos aseguraremos de que su mensaje sea respondido dentro de 2 d\u00edas laborables. Para asuntos urgentes, no dude en contactarnos directamente por tel\u00e9fono o WhatsApp.<\/p>\n","protected":false},"excerpt":{"rendered":"<p>\u00a1Siempre estamos aqu\u00ed para ayudar! Ya sea que tenga una consulta sobre nuestros productos ultras\u00f3nicos, necesite una soluci\u00f3n OEM personalizada o requiera asistencia con precios y pago, nuestro equipo dedicado est\u00e1 listo para asistirle. Por favor, complete el formulario de contacto a continuaci\u00f3n, y nos aseguraremos de que su mensaje sea respondido dentro de 2<\/p>\n","protected":false},"author":1,"featured_media":0,"parent":0,"menu_order":8,"comment_status":"closed","ping_status":"closed","template":"","meta":{"footnotes":""},"class_list":["post-73077","page","type-page","status-publish","hentry","prodpage-classic"],"aioseo_notices":[],"_links":{"self":[{"href":"https:\/\/www.bjultrasonic.com\/es\/wp-json\/wp\/v2\/pages\/73077","targetHints":{"allow":["GET"]}}],"collection":[{"href":"https:\/\/www.bjultrasonic.com\/es\/wp-json\/wp\/v2\/pages"}],"about":[{"href":"https:\/\/www.bjultrasonic.com\/es\/wp-json\/wp\/v2\/types\/page"}],"author":[{"embeddable":true,"href":"https:\/\/www.bjultrasonic.com\/es\/wp-json\/wp\/v2\/users\/1"}],"replies":[{"embeddable":true,"href":"https:\/\/www.bjultrasonic.com\/es\/wp-json\/wp\/v2\/comments?post=73077"}],"version-history":[{"count":0,"href":"https:\/\/www.bjultrasonic.com\/es\/wp-json\/wp\/v2\/pages\/73077\/revisions"}],"wp:attachment":[{"href":"https:\/\/www.bjultrasonic.com\/es\/wp-json\/wp\/v2\/media?parent=73077"}],"curies":[{"name":"wp","href":"https:\/\/api.w.org\/{rel}","templated":true}]}}