{"id":65303,"date":"2024-04-02T02:04:45","date_gmt":"2024-04-02T07:04:45","guid":{"rendered":"https:\/\/www.bjultrasonic.com\/shop\/digital-ultrasonic-sound-level-meter\/"},"modified":"2026-03-28T20:58:11","modified_gmt":"2026-03-29T01:58:11","slug":"digital-ultrasonic-sound-level-meter","status":"publish","type":"product","link":"https:\/\/www.bjultrasonic.com\/es\/shop\/digital-ultrasonic-sound-level-meter\/","title":{"rendered":"Medidor de Nivel de Sonido Ultras\u00f3nico Digital"},"content":{"rendered":"<p>La intensidad del ultrasonido, tambi\u00e9n conocida como potencia ac\u00fastica, dentro de un campo sonoro l\u00edquido es un factor crucial en los sistemas ultras\u00f3nicos. Afecta directamente el rendimiento de limpieza de los equipos de limpieza y la eficiencia de los procesadores ultras\u00f3nicos. Un medidor de intensidad sonora permite medir r\u00e1pida y convenientemente la intensidad del campo sonoro en cualquier momento y lugar, mostrando claramente el valor de la potencia ac\u00fastica.<\/p>\n<p>Los probadores de potencia ultras\u00f3nica est\u00e1n disponibles en modelos port\u00e1tiles y de monitoreo en l\u00ednea para adaptarse a diversas necesidades de aplicaci\u00f3n.<\/p>\n<p>Los medidores de intensidad sonora ultras\u00f3nica (o son\u00f3metros) utilizan el efecto piezoel\u00e9ctrico de las cer\u00e1micas piezoel\u00e9ctricas. Esto significa que cuando se aplica una fuerza a la cer\u00e1mica, esta convierte esa fuerza en una se\u00f1al el\u00e9ctrica. Bajo las mismas condiciones, una fuerza m\u00e1s fuerte produce un voltaje m\u00e1s alto. Si la fuerza cambia peri\u00f3dicamente, la cer\u00e1mica piezoel\u00e9ctrica emitir\u00e1 una se\u00f1al de voltaje de CA con la misma frecuencia. Debido a la cavitaci\u00f3n y otras formas de interferencia, la forma de onda de voltaje real es una combinaci\u00f3n de una onda principal y m\u00faltiples ondas secundarias. El analizador de frecuencia (energ\u00eda) ultras\u00f3nica de alta precisi\u00f3n de nuestra empresa permite a los usuarios ver la forma de onda de operaci\u00f3n real y leer directamente el valor de la intensidad sonora.<\/p>\n<h3>Caracter\u00edsticas principales<\/h3>\n<ul>\n<li>Medici\u00f3n autom\u00e1tica con un solo toque que muestra autom\u00e1ticamente la intensidad sonora y la forma de onda.<\/li>\n<li>Pantalla digital tanto del valor de intensidad sonora como de la frecuencia.<\/li>\n<li>Una pantalla LCD a color de 3.2 pulgadas con una resoluci\u00f3n de 320&#215;240 y retroiluminaci\u00f3n LED.<\/li>\n<li>Una bater\u00eda de litio incorporada de 2300mAh y un adaptador de corriente externo.<\/li>\n<li>Apagado autom\u00e1tico despu\u00e9s de 10 minutos sin entrada de se\u00f1al.<\/li>\n<\/ul>\n<h3>Preguntas frecuentes<\/h3>\n<p><strong>Los datos siempre muestran cero.<\/strong><\/p>\n<p>A: Cuando la sonda est\u00e1 en el aire, el medidor de intensidad sonora mostrar\u00e1 inmediatamente un valor de intensidad sonora en tiempo real de 0 W\/cm\u00b2 y se apagar\u00e1 autom\u00e1ticamente despu\u00e9s de un minuto.<\/p>\n<p><strong>Las lecturas parecen ser inexactas.<\/strong><\/p>\n<p>A: La intensidad sonora del ultrasonido es un concepto complejo. No se puede calcular simplemente dividiendo la potencia total por el \u00e1rea de radiaci\u00f3n; debe medirse. Nuestros medidores de intensidad sonora se calibran utilizando una intensidad sonora est\u00e1ndar antes de salir de f\u00e1brica, lo que garantiza que los valores medidos sean precisos. Hay un l\u00edmite para la intensidad sonora; una vez que se alcanza cierto umbral en el agua, agregar m\u00e1s transductores o aumentar la potencia puede no llevar a un aumento lineal en la intensidad sonora, o incluso a ning\u00fan cambio en absoluto.<\/p>\n<p><strong>Los dispositivos de alta frecuencia no se pueden medir.<\/strong><\/p>\n<p>A: Nuestros medidores de intensidad sonora est\u00e1n dise\u00f1ados para m\u00e1quinas de limpieza ultras\u00f3nica est\u00e1ndar, cubriendo un rango de frecuencia principal de 10-200kHz. Las mediciones tomadas fuera de este rango ser\u00e1n inexactas. Esto se puede abordar de dos maneras:<\/p>\n<ul>\n<li>Informarnos del rango de frecuencia espec\u00edfico que necesita medir, y podemos crear una pantalla y una sonda personalizadas.<\/li>\n<li>Utilizar un osciloscopio para mediciones relativas. La sonda se puede conectar directamente al osciloscopio y la intensidad sonora se puede comparar leyendo la se\u00f1al en el dominio del tiempo del osciloscopio. Este m\u00e9todo no proporciona un valor absoluto de intensidad sonora, pero permite una comparaci\u00f3n entre mediciones.<\/li>\n<\/ul>\n<p><strong>La lectura es anormal; aparece una lectura incluso cuando no est\u00e1 en l\u00edquido.<\/strong><\/p>\n<p>A: Este problema indica da\u00f1o en la unidad de visualizaci\u00f3n y requiere devoluci\u00f3n a nuestra empresa para reparaci\u00f3n.<\/p>\n<p><strong>La pantalla est\u00e1 negra sin visualizaci\u00f3n.<\/strong><\/p>\n<p>A: El instrumento tiene un modo de ahorro de energ\u00eda. La pantalla se apagar\u00e1 si la intensidad sonora medida es de 0 W\/cm\u00b2 durante un minuto. Si presionar el bot\u00f3n de encendido\/apagado no restaura la visualizaci\u00f3n, intente reemplazar la bater\u00eda. Si la pantalla permanece apagada, esto indica que la pantalla est\u00e1 da\u00f1ada y requiere devoluci\u00f3n a nuestra f\u00e1brica para reparaci\u00f3n.<\/p>\n<p><strong>Las lecturas var\u00edan mucho cuando se usan dos dispositivos simult\u00e1neamente.<\/strong><\/p>\n<p>A: Nuestro equipo ultras\u00f3nico se calibra con un campo sonoro est\u00e1ndar antes del env\u00edo. En la limpieza ultras\u00f3nica, las ondas sonoras se reflejan en las paredes del contenedor y la superficie del agua, lo que hace que la intensidad sonora var\u00ede en toda la m\u00e1quina de limpieza. Esto crea un campo de ondas estacionarias, donde la intensidad sonora es m\u00ednima en los nodos y m\u00e1xima en los antinodos.<\/p>\n<p>Por ejemplo, en una m\u00e1quina de limpieza de 28kHz, la longitud de onda del sonido en el agua es de 5.4cm, con dos nodos y dos antinodos por longitud de onda. Esto significa que la distancia entre un nodo y un antinodo es de 1.3cm. Para una m\u00e1quina de 40kHz, esta distancia es de 0.9cm.<\/p>\n<p>Por lo tanto, cuando se usan dos medidores de intensidad sonora, es esencial que est\u00e9n midiendo el mismo punto para comparar las lecturas con precisi\u00f3n. Dada la proximidad de los nodos y antinodos, las mediciones manuales son propensas a errores debido al movimiento inevitable, alterando el campo sonoro. Nuestra empresa recomienda utilizar un m\u00e9todo de sujeci\u00f3n mec\u00e1nica para asegurar la sonda y garantizar ubicaciones de medici\u00f3n consistentes. Este entorno controlado permite una comparaci\u00f3n significativa entre los dos dispositivos.<\/p>\n<p><strong>Los valores var\u00edan mucho cuando se prueban en diferentes puntos del mismo tanque.<\/strong><\/p>\n<p>A: Las m\u00e1quinas de limpieza ultras\u00f3nica generalmente utilizan transductores montados en la pared adheridos al fondo o a los lados del tanque. El proceso de instalaci\u00f3n, las especificaciones de tama\u00f1o y la consistencia de estos transductores pueden contribuir a un campo sonoro desigual dentro del tanque de limpieza, lo que lleva a variaciones en la intensidad sonora en diferentes puntos y, por lo tanto, a diferentes valores medidos.<\/p>\n<p><strong>\u00bfCon qu\u00e9 frecuencia necesita recalibraci\u00f3n el instrumento y c\u00f3mo se determina?<\/strong><\/p>\n<p>A: Seg\u00fan el est\u00e1ndar de calibraci\u00f3n del transductor de detecci\u00f3n, este tipo de producto debe calibrarse una vez al a\u00f1o.<\/p>\n<p><strong>Hay ruido inusual en la unidad de visualizaci\u00f3n.<\/strong><\/p>\n<p>A: Esto puede ser causado por componentes internos sueltos. Se recomienda devolver la unidad para inspecci\u00f3n y reparaci\u00f3n.<\/p>\n","protected":false},"excerpt":{"rendered":"<p>El medidor digital de nivel de sonido ultras\u00f3nico es un dispositivo utilizado para medir la intensidad del ultrasonido en l\u00edquidos. Se utiliza principalmente para medir aplicaciones industriales como la limpieza ultras\u00f3nica y la sonoqu\u00edmica ultras\u00f3nica. Los principales par\u00e1metros de medici\u00f3n son la intensidad ultras\u00f3nica, la forma de onda ultras\u00f3nica, la frecuencia de trabajo, la intensidad m\u00e1xima, la intensidad m\u00ednima y el tiempo de medici\u00f3n.<\/p>\n","protected":false},"featured_media":42067,"comment_status":"closed","ping_status":"closed","template":"","meta":[],"product_brand":[],"product_cat":[6235],"product_tag":[],"class_list":{"0":"post-65303","1":"product","2":"type-product","3":"status-publish","4":"has-post-thumbnail","6":"product_cat-ultrasonic-meter-es","8":"first","9":"instock","10":"shipping-taxable","11":"product-type-external","12":"prodpage-classic"},"aioseo_notices":[],"_links":{"self":[{"href":"https:\/\/www.bjultrasonic.com\/es\/wp-json\/wp\/v2\/product\/65303","targetHints":{"allow":["GET"]}}],"collection":[{"href":"https:\/\/www.bjultrasonic.com\/es\/wp-json\/wp\/v2\/product"}],"about":[{"href":"https:\/\/www.bjultrasonic.com\/es\/wp-json\/wp\/v2\/types\/product"}],"replies":[{"embeddable":true,"href":"https:\/\/www.bjultrasonic.com\/es\/wp-json\/wp\/v2\/comments?post=65303"}],"wp:featuredmedia":[{"embeddable":true,"href":"https:\/\/www.bjultrasonic.com\/es\/wp-json\/wp\/v2\/media\/42067"}],"wp:attachment":[{"href":"https:\/\/www.bjultrasonic.com\/es\/wp-json\/wp\/v2\/media?parent=65303"}],"wp:term":[{"taxonomy":"product_brand","embeddable":true,"href":"https:\/\/www.bjultrasonic.com\/es\/wp-json\/wp\/v2\/product_brand?post=65303"},{"taxonomy":"product_cat","embeddable":true,"href":"https:\/\/www.bjultrasonic.com\/es\/wp-json\/wp\/v2\/product_cat?post=65303"},{"taxonomy":"product_tag","embeddable":true,"href":"https:\/\/www.bjultrasonic.com\/es\/wp-json\/wp\/v2\/product_tag?post=65303"}],"curies":[{"name":"wp","href":"https:\/\/api.w.org\/{rel}","templated":true}]}}