{"id":65325,"date":"2022-08-10T06:03:06","date_gmt":"2022-08-10T11:03:06","guid":{"rendered":"https:\/\/www.bjultrasonic.com\/shop\/ultrasonic-welding-machine\/"},"modified":"2026-03-28T20:57:44","modified_gmt":"2026-03-29T01:57:44","slug":"ultrasonic-welding-machine","status":"publish","type":"product","link":"https:\/\/www.bjultrasonic.com\/es\/shop\/ultrasonic-welding-machine\/","title":{"rendered":"M\u00e1quina de Soldadura Ultras\u00f3nica para Pl\u00e1sticos y Metales"},"content":{"rendered":"<p><img loading=\"lazy\" decoding=\"async\" class=\"alignnone size-full wp-image-24642\" src=\"https:\/\/www.bjultrasonic.com\/wp-content\/uploads\/2022\/08\/Ultrasonic-Welding-Machine-7.jpg\" alt=\"M\u00e1quina de soldadura por ultrasonidos 7\" width=\"700\" height=\"561\" \/><\/p>\n<h3>Aplicaci\u00f3n<\/h3>\n<p>Soldadura de pl\u00e1sticos, soldadura de telas no tejidas, soldadura de metales, etc.<\/p>\n<p>M\u00e1quina de soldadura por ultrasonidos para pl\u00e1sticos de losas de tarjetas de clasificaci\u00f3n PSA, temporizador de pulso encendido\/apagado, ajuste preciso de potencia para garantizar una alta soldadura, el equipo puede trabajar de forma intermitente, tambi\u00e9n puede funcionar sin carga, para satisfacer diferentes necesidades de soldadura. Dise\u00f1o de cabezal plano\/N95 m\u00e1s reciente, peque\u00f1o y bonito, buena l\u00ednea de visi\u00f3n de operaci\u00f3n, nuevo dise\u00f1o de caja el\u00e9ctrica del generador ultras\u00f3nico, protecci\u00f3n inteligente, rendimiento estable, equipo fiable, larga vida \u00fatil.<\/p>\n<h3>Caracter\u00edsticas<\/h3>\n<ul>\n<li>Utiliza circuito autoexcitado, en el trabajo, para rastrear los cambios en los par\u00e1metros del transductor, maximizando el rendimiento del transductor y la cabeza de herramienta;<\/li>\n<li>Tubo de alta potencia importado, resistente a choques de alta corriente, aumenta la estabilidad del trabajo del generador ultras\u00f3nico.<\/li>\n<li>Utiliza pantalla digital de frecuencia, la frecuencia se puede ajustar finamente, se puede observar con precisi\u00f3n la frecuencia de funcionamiento del generador.<\/li>\n<li>F\u00e1cil de operar, se puede aplicar a diferentes especificaciones del transductor y el molde. Amplia gama de materiales de soldadura<\/li>\n<\/ul>\n<h3>V\u00eddeo<\/h3>\n<p><iframe loading=\"lazy\" title=\"Ultrasonic Plastic Welding Machine Supplier\" width=\"500\" height=\"281\" src=\"https:\/\/www.youtube.com\/embed\/rSEf_GwBZQg?feature=oembed\" frameborder=\"0\" allow=\"accelerometer; autoplay; clipboard-write; encrypted-media; gyroscope; picture-in-picture; web-share\" referrerpolicy=\"strict-origin-when-cross-origin\" allowfullscreen><\/iframe><\/p>\n<p><iframe loading=\"lazy\" title=\"Plastic Ultrasonic Welding Machine Manufacturers\" width=\"500\" height=\"281\" src=\"https:\/\/www.youtube.com\/embed\/ntAp1KwSp-k?feature=oembed\" frameborder=\"0\" allow=\"accelerometer; autoplay; clipboard-write; encrypted-media; gyroscope; picture-in-picture; web-share\" referrerpolicy=\"strict-origin-when-cross-origin\" allowfullscreen><\/iframe><\/p>\n<p><iframe loading=\"lazy\" title=\"Ultrasonic Welding Machine\" width=\"500\" height=\"281\" src=\"https:\/\/www.youtube.com\/embed\/uB5-z1eBeCA?feature=oembed\" frameborder=\"0\" allow=\"accelerometer; autoplay; clipboard-write; encrypted-media; gyroscope; picture-in-picture; web-share\" referrerpolicy=\"strict-origin-when-cross-origin\" allowfullscreen><\/iframe><\/p>\n<p><strong>N\u00famero de modelo\uff1aBJSU-15<\/strong><\/p>\n<ul>\n<li>Frecuencia\uff1a15K<\/li>\n<li>Potencia\uff1a2600W<\/li>\n<li>Voltaje de operaci\u00f3n\uff1aAC220V\/50Hz<\/li>\n<li>Rango de frecuencia\uff1a15 Khz<\/li>\n<\/ul>\n<p><strong>N\u00famero de modelo\uff1aBJSU-20<\/strong><\/p>\n<ul>\n<li>Frecuencia\uff1a20K<\/li>\n<li>Potencia\uff1a2000W\/2600W<\/li>\n<li>Voltaje de operaci\u00f3n\uff1aAC220V\/50Hz<\/li>\n<li>Rango de frecuencia\uff1a20Khz<\/li>\n<\/ul>\n","protected":false},"excerpt":{"rendered":"<p>Una m\u00e1quina de soldadura ultras\u00f3nica es una herramienta especializada que utiliza ondas sonoras de alta frecuencia para unir materiales termopl\u00e1sticos. Es una t\u00e9cnica de soldadura no destructiva, eficiente y precisa que no requiere calor, adhesivos ni disolventes.<\/p>\n","protected":false},"featured_media":24636,"comment_status":"closed","ping_status":"closed","template":"","meta":[],"product_brand":[],"product_cat":[5620],"product_tag":[],"class_list":{"0":"post-65325","1":"product","2":"type-product","3":"status-publish","4":"has-post-thumbnail","6":"product_cat-ultrasonic-welding-equipment-es","8":"first","9":"instock","10":"shipping-taxable","11":"product-type-external","12":"prodpage-classic"},"aioseo_notices":[],"_links":{"self":[{"href":"https:\/\/www.bjultrasonic.com\/es\/wp-json\/wp\/v2\/product\/65325","targetHints":{"allow":["GET"]}}],"collection":[{"href":"https:\/\/www.bjultrasonic.com\/es\/wp-json\/wp\/v2\/product"}],"about":[{"href":"https:\/\/www.bjultrasonic.com\/es\/wp-json\/wp\/v2\/types\/product"}],"replies":[{"embeddable":true,"href":"https:\/\/www.bjultrasonic.com\/es\/wp-json\/wp\/v2\/comments?post=65325"}],"wp:featuredmedia":[{"embeddable":true,"href":"https:\/\/www.bjultrasonic.com\/es\/wp-json\/wp\/v2\/media\/24636"}],"wp:attachment":[{"href":"https:\/\/www.bjultrasonic.com\/es\/wp-json\/wp\/v2\/media?parent=65325"}],"wp:term":[{"taxonomy":"product_brand","embeddable":true,"href":"https:\/\/www.bjultrasonic.com\/es\/wp-json\/wp\/v2\/product_brand?post=65325"},{"taxonomy":"product_cat","embeddable":true,"href":"https:\/\/www.bjultrasonic.com\/es\/wp-json\/wp\/v2\/product_cat?post=65325"},{"taxonomy":"product_tag","embeddable":true,"href":"https:\/\/www.bjultrasonic.com\/es\/wp-json\/wp\/v2\/product_tag?post=65325"}],"curies":[{"name":"wp","href":"https:\/\/api.w.org\/{rel}","templated":true}]}}