{"id":65425,"date":"2021-03-22T08:50:41","date_gmt":"2021-03-22T13:50:41","guid":{"rendered":"https:\/\/www.bjultrasonic.com\/shop\/900ml-ultrasonic-humidifier\/"},"modified":"2026-03-28T20:56:52","modified_gmt":"2026-03-29T01:56:52","slug":"900ml-ultrasonic-humidifier","status":"publish","type":"product","link":"https:\/\/www.bjultrasonic.com\/es\/shop\/900ml-ultrasonic-humidifier\/","title":{"rendered":"Humidificador ultras\u00f3nico de 900ML"},"content":{"rendered":"<table class=\"table table-striped table-bordered\">\n<tbody>\n<tr>\n<td width=\"284\">Tipo<\/td>\n<td width=\"284\">BJAR900<\/td>\n<\/tr>\n<tr>\n<td width=\"284\">Cantidad de atomizaci\u00f3n<\/td>\n<td width=\"284\">&gt;900ML<\/td>\n<\/tr>\n<tr>\n<td width=\"284\">Tama\u00f1o<\/td>\n<td width=\"284\">150*41*44mm L*A*H<\/td>\n<\/tr>\n<tr>\n<td width=\"284\">Frecuencia de trabajo<\/td>\n<td width=\"284\">1700\u00b150(KHZ)<\/td>\n<\/tr>\n<tr>\n<td width=\"284\">Di\u00e1metro de la cer\u00e1mica piezoel\u00e9ctrica<\/td>\n<td width=\"284\">20mm<\/td>\n<\/tr>\n<tr>\n<td width=\"284\">Temperatura de trabajo<\/td>\n<td width=\"284\">1\uff5e45\u2103<\/td>\n<\/tr>\n<tr>\n<td width=\"284\">Nivel de agua<\/td>\n<td width=\"284\">40mm-80mm<\/td>\n<\/tr>\n<tr>\n<td width=\"284\">Voltaje de trabajo<\/td>\n<td width=\"284\">36V AC<\/td>\n<\/tr>\n<tr>\n<td width=\"284\">Corriente de trabajo<\/td>\n<td width=\"284\">2.2A<\/td>\n<\/tr>\n<tr>\n<td width=\"284\">Potencia:<\/td>\n<td width=\"284\">80W<\/td>\n<\/tr>\n<tr>\n<td width=\"284\">Material<\/td>\n<td width=\"284\">Acero inoxidable<\/td>\n<\/tr>\n<tr>\n<td width=\"284\">Sensor de nivel de agua<\/td>\n<td width=\"284\">Altura 12mm<\/td>\n<\/tr>\n<tr>\n<td width=\"284\">Cable<\/td>\n<td width=\"284\">Longitud 5m<\/td>\n<\/tr>\n<tr>\n<td width=\"284\">Voltaje de entrada<\/td>\n<td width=\"284\">AC 220V\/50HZ<\/p>\n<p>120V\/60HZ<\/td>\n<\/tr>\n<\/tbody>\n<\/table>\n<h3>Videos de Humidificador Ultras\u00f3nico<\/h3>\n<p><iframe loading=\"lazy\" title=\"Ultrasonic Humidifier\" width=\"500\" height=\"281\" src=\"https:\/\/www.youtube.com\/embed\/videoseries?list=PLLrjMYkO0_NEpofnqW3MnsGQ-KMwpBJul\" frameborder=\"0\" allow=\"accelerometer; autoplay; clipboard-write; encrypted-media; gyroscope; picture-in-picture; web-share\" referrerpolicy=\"strict-origin-when-cross-origin\" allowfullscreen><\/iframe><\/p>\n","protected":false},"excerpt":{"rendered":"<p><a href=\"https:\/\/www.bjultrasonic.com\/es\/category\/ultrasonic-atomizer-es\/\">Humidificador ultras\u00f3nico<\/a> utiliza energ\u00eda ultras\u00f3nica para transformar l\u00edquidos en part\u00edculas similares a nubes. El humidificador ultras\u00f3nico tambi\u00e9n se conoce como atomizador ultras\u00f3nico, <a href=\"https:\/\/www.bjultrasonic.com\/es\/shop\/ultrasonic-atomizing-transducer\/\">creador de niebla ultras\u00f3nico<\/a>, nebulizador ultras\u00f3nico.<\/p>\n","protected":false},"featured_media":23787,"comment_status":"open","ping_status":"closed","template":"","meta":[],"product_brand":[],"product_cat":[6208],"product_tag":[],"class_list":{"0":"post-65425","1":"product","2":"type-product","3":"status-publish","4":"has-post-thumbnail","6":"product_cat-ultrasonic-atomizer-es","8":"first","9":"instock","10":"featured","11":"shipping-taxable","12":"purchasable","13":"product-type-simple","14":"prodpage-classic"},"aioseo_notices":[],"_links":{"self":[{"href":"https:\/\/www.bjultrasonic.com\/es\/wp-json\/wp\/v2\/product\/65425","targetHints":{"allow":["GET"]}}],"collection":[{"href":"https:\/\/www.bjultrasonic.com\/es\/wp-json\/wp\/v2\/product"}],"about":[{"href":"https:\/\/www.bjultrasonic.com\/es\/wp-json\/wp\/v2\/types\/product"}],"replies":[{"embeddable":true,"href":"https:\/\/www.bjultrasonic.com\/es\/wp-json\/wp\/v2\/comments?post=65425"}],"wp:featuredmedia":[{"embeddable":true,"href":"https:\/\/www.bjultrasonic.com\/es\/wp-json\/wp\/v2\/media\/23787"}],"wp:attachment":[{"href":"https:\/\/www.bjultrasonic.com\/es\/wp-json\/wp\/v2\/media?parent=65425"}],"wp:term":[{"taxonomy":"product_brand","embeddable":true,"href":"https:\/\/www.bjultrasonic.com\/es\/wp-json\/wp\/v2\/product_brand?post=65425"},{"taxonomy":"product_cat","embeddable":true,"href":"https:\/\/www.bjultrasonic.com\/es\/wp-json\/wp\/v2\/product_cat?post=65425"},{"taxonomy":"product_tag","embeddable":true,"href":"https:\/\/www.bjultrasonic.com\/es\/wp-json\/wp\/v2\/product_tag?post=65425"}],"curies":[{"name":"wp","href":"https:\/\/api.w.org\/{rel}","templated":true}]}}