{"id":65505,"date":"2021-03-17T10:23:32","date_gmt":"2021-03-17T15:23:32","guid":{"rendered":"https:\/\/www.bjultrasonic.com\/shop\/40khz-100khz-40w-dual-frequency-ultrasonic-transducer-pzt-4\/"},"modified":"2026-03-28T20:56:23","modified_gmt":"2026-03-29T01:56:23","slug":"40khz-100khz-40w-dual-frequency-ultrasonic-transducer-pzt-4","status":"publish","type":"product","link":"https:\/\/www.bjultrasonic.com\/es\/shop\/40khz-100khz-40w-dual-frequency-ultrasonic-transducer-pzt-4\/","title":{"rendered":"Transductor ultras\u00f3nico de doble frecuencia de 40KHz\/100KHz y 40W (PZT-4)"},"content":{"rendered":"<h2>Especificaci\u00f3n del Transductor Ultras\u00f3nico de Doble Frecuencia 40KHz\/100KHz 40W (PZT-4)<\/h2>\n<table class=\"table table-striped table-bordered\">\n<tbody>\n<tr>\n<td width=\"220\">Tipo<\/td>\n<td width=\"346\">BJC-40100T- 40HN PZT-4<\/td>\n<\/tr>\n<tr>\n<td width=\"220\">Frecuencia<\/td>\n<td width=\"346\">40 (100) KHz +\/- 1KHz<\/td>\n<\/tr>\n<tr>\n<td width=\"220\">Potencia<\/td>\n<td width=\"346\">40w<\/td>\n<\/tr>\n<tr>\n<td width=\"220\">Capacidad<\/td>\n<td width=\"346\">3200pf\u00b110%<\/td>\n<\/tr>\n<tr>\n<td width=\"220\">Superficie Radiante<\/td>\n<td width=\"346\">40mm<\/td>\n<\/tr>\n<tr>\n<td width=\"220\">Resistencia de Resonancia<\/td>\n<td width=\"346\">10-20\u03a9 &lt;35<\/td>\n<\/tr>\n<tr>\n<td width=\"220\">Longitud<\/td>\n<td width=\"346\">54mm<\/td>\n<\/tr>\n<tr>\n<td width=\"220\">Fuente de Alimentaci\u00f3n<\/td>\n<td width=\"346\">100V~130V o 220V~240V AC<\/td>\n<\/tr>\n<tr>\n<td width=\"220\">Peso<\/td>\n<td width=\"346\">110g\/pieza<\/td>\n<\/tr>\n<tr>\n<td width=\"220\">Tipo<\/td>\n<td width=\"346\">Tipo Cuerno<\/td>\n<\/tr>\n<\/tbody>\n<\/table>\n<h2><strong style=\"font-size: 16px;\"><a href=\"https:\/\/drive.google.com\/file\/d\/1pXEpP5HbetTukpQtZKV4hyTdlMm0aYkt\/view\" target=\"_blank\" rel=\"noopener\">Descargar<\/a> Especificaci\u00f3n y cotizaci\u00f3n de Todos los Transductores de Limpieza Ultras\u00f3nica.<\/strong><\/h2>\n<h3>M\u00e9todos de Nomenclatura del Transductor de Limpieza Ultras\u00f3nica<\/h3>\n<p><a href=\"https:\/\/www.bjultrasonic.com\/wp-content\/uploads\/2012\/10\/Naming-Methods-of-Ultrasonic-Cleaning-Transducer.jpg\" data-lightbox=\"image\"><img loading=\"lazy\" decoding=\"async\" title=\"M\u00e9todos de Nomenclatura del Transductor de Limpieza Ultras\u00f3nica\" src=\"\/\/www.bjultrasonic.com\/wp-content\/uploads\/2012\/10\/Naming-Methods-of-Ultrasonic-Cleaning-Transducer.jpg\" alt=\"M\u00e9todos de Nomenclatura del Transductor de Limpieza Ultras\u00f3nica\" width=\"442\" height=\"399\" \/><\/a><\/p>\n<h3>Estructura del Transductor de Limpieza Ultras\u00f3nica<\/h3>\n<p><a href=\"https:\/\/www.bjultrasonic.com\/wp-content\/uploads\/2012\/03\/2012319111.jpg\" data-lightbox=\"image\"><img loading=\"lazy\" decoding=\"async\" class=\"alignnone\" title=\"Estructura del Transductor de Limpieza Ultras\u00f3nica\" src=\"\/\/www.bjultrasonic.com\/wp-content\/uploads\/2012\/10\/Ultrasonic-Cleaning-Transducer-Structure.jpg\" alt=\"Estructura del Transductor de Limpieza Ultras\u00f3nica\" width=\"546\" height=\"203\" \/><\/a><\/p>\n<h3>Caracter\u00edsticas Principales<\/h3>\n<ul>\n<li>Alta eficiencia: alto par\u00e1metro mec\u00e1nico Q, eficiencia de transducci\u00f3n entre electricidad y sonido superior al 95%.<\/li>\n<li>Alta amplitud: la resistencia del transductor se mejora fijando el vibrador de alta velocidad directamente en la base del canal de lavado con pernos. En comparaci\u00f3n con un vibrador de expansi\u00f3n magn\u00e9tica, su amplitud puede mejorarse en m\u00e1s del 50%.<\/li>\n<li>Buena resistencia al calor: amplio rango de temperatura de trabajo, baja impedancia de resonancia y baja generaci\u00f3n de calor.<\/li>\n<li>Buena construcci\u00f3n: fijado con pernos, f\u00e1cil de ensamblar, alta fiabilidad.<\/li>\n<\/ul>\n<h3>Lista de Reproducci\u00f3n de Video: Transductores Ultras\u00f3nicos<\/h3>\n<p><iframe loading=\"lazy\" title=\"Dual-frequency Piezoelectric Ultrasonic Transducer for Ultrasonic Cleaner\" width=\"500\" height=\"281\" src=\"https:\/\/www.youtube.com\/embed\/3zVdE1GihAE?list=PL2F5F3AB3579FB4A9\" frameborder=\"0\" allow=\"accelerometer; autoplay; clipboard-write; encrypted-media; gyroscope; picture-in-picture; web-share\" referrerpolicy=\"strict-origin-when-cross-origin\" allowfullscreen><\/iframe><\/p>\n<h3>Transductor Ultras\u00f3nico de Alta Potencia<\/h3>\n<p><iframe loading=\"lazy\" title=\"High Power Piezoelectric Ultrasonic Transducer - Beijing Ultrasonic\" width=\"500\" height=\"281\" src=\"https:\/\/www.youtube.com\/embed\/TBLGTvZgOw4?feature=oembed\" frameborder=\"0\" allow=\"accelerometer; autoplay; clipboard-write; encrypted-media; gyroscope; picture-in-picture; web-share\" referrerpolicy=\"strict-origin-when-cross-origin\" allowfullscreen><\/iframe><\/p>\n<h3>Pago<\/h3>\n<p>Aceptamos PayPal, Transferencia Bancaria (T\/T) y Western Union.<\/p>\n<h3 class=\"shipping-methods\">Env\u00edo<\/h3>\n<p>La mercanc\u00eda se enviar\u00e1 dentro de las 48 horas posteriores a la recepci\u00f3n del pago completo.<\/p>\n<ul>\n<li>Enviamos la mercanc\u00eda a la direcci\u00f3n proporcionada en el pago de PayPal. Por favor, aseg\u00farese de que la direcci\u00f3n en PayPal sea correcta.<\/li>\n<li>Le proporcionaremos el n\u00famero de seguimiento una vez enviada la mercanc\u00eda; por lo general, recibir\u00e1 la mercanc\u00eda en un plazo de cinco d\u00edas.<\/li>\n<li>Si tiene alguna pregunta, por favor cont\u00e1ctenos por correo electr\u00f3nico (nuestra direcci\u00f3n de correo electr\u00f3nico es <a href=\"mailto:support@bjultrasonic.com\">support@bjultrasonic.com<\/a>)<\/li>\n<\/ul>\n<h3 align=\"left\">Garant\u00eda del Producto<\/h3>\n<p>El per\u00edodo de garant\u00eda del producto es de un a\u00f1o. Dentro del per\u00edodo de garant\u00eda, los productos comprados pueden disfrutar de mantenimiento gratuito o cambio.<\/p>\n","protected":false},"excerpt":{"rendered":"<p><a href=\"https:\/\/www.bjultrasonic.com\/es\/category\/ultrasonic-transducer-es\/\">Transductor piezoel\u00e9ctrico<\/a> para limpieza ultras\u00f3nica es una parte importante de un <a href=\"https:\/\/www.bjultrasonic.com\/es\/category\/ultrasonic-cleaning-system-es\/\">limpiador ultras\u00f3nico<\/a>, el transductor ultras\u00f3nico convierte la energ\u00eda el\u00e9ctrica del <a href=\"https:\/\/www.bjultrasonic.com\/es\/category\/ultrasonic-generator-es\/\">generador ultras\u00f3nico<\/a> en <a href=\"https:\/\/www.bjultrasonic.com\/es\/uses-of-ultrasonic-waves\/\">ondas ultras\u00f3nicas<\/a>.<\/p>\n","protected":false},"featured_media":23749,"comment_status":"open","ping_status":"closed","template":"","meta":[],"product_brand":[],"product_cat":[6329],"product_tag":[],"class_list":{"0":"post-65505","1":"product","2":"type-product","3":"status-publish","4":"has-post-thumbnail","6":"product_cat-ultrasonic-transducer-es","8":"first","9":"instock","10":"shipping-taxable","11":"purchasable","12":"product-type-simple","13":"prodpage-classic"},"aioseo_notices":[],"_links":{"self":[{"href":"https:\/\/www.bjultrasonic.com\/es\/wp-json\/wp\/v2\/product\/65505","targetHints":{"allow":["GET"]}}],"collection":[{"href":"https:\/\/www.bjultrasonic.com\/es\/wp-json\/wp\/v2\/product"}],"about":[{"href":"https:\/\/www.bjultrasonic.com\/es\/wp-json\/wp\/v2\/types\/product"}],"replies":[{"embeddable":true,"href":"https:\/\/www.bjultrasonic.com\/es\/wp-json\/wp\/v2\/comments?post=65505"}],"wp:featuredmedia":[{"embeddable":true,"href":"https:\/\/www.bjultrasonic.com\/es\/wp-json\/wp\/v2\/media\/23749"}],"wp:attachment":[{"href":"https:\/\/www.bjultrasonic.com\/es\/wp-json\/wp\/v2\/media?parent=65505"}],"wp:term":[{"taxonomy":"product_brand","embeddable":true,"href":"https:\/\/www.bjultrasonic.com\/es\/wp-json\/wp\/v2\/product_brand?post=65505"},{"taxonomy":"product_cat","embeddable":true,"href":"https:\/\/www.bjultrasonic.com\/es\/wp-json\/wp\/v2\/product_cat?post=65505"},{"taxonomy":"product_tag","embeddable":true,"href":"https:\/\/www.bjultrasonic.com\/es\/wp-json\/wp\/v2\/product_tag?post=65505"}],"curies":[{"name":"wp","href":"https:\/\/api.w.org\/{rel}","templated":true}]}}