{"id":65585,"date":"2021-03-16T02:47:49","date_gmt":"2021-03-16T07:47:49","guid":{"rendered":"https:\/\/www.bjultrasonic.com\/shop\/three-tanks-industrial-ultrasonic-cleaners\/"},"modified":"2026-03-28T20:55:32","modified_gmt":"2026-03-29T01:55:32","slug":"three-tanks-industrial-ultrasonic-cleaners","status":"publish","type":"product","link":"https:\/\/www.bjultrasonic.com\/es\/shop\/three-tanks-industrial-ultrasonic-cleaners\/","title":{"rendered":"Tres Tanques Limpiadores Ultras\u00f3nicos Industriales"},"content":{"rendered":"<h3>Especificaciones (Podemos personalizar cualquier tama\u00f1o seg\u00fan sea necesario)<\/h3>\n<table class=\"table table-striped table-bordered\">\n<tbody>\n<tr>\n<td> Tipo<\/td>\n<td>Frecuencia<\/p>\n<p>(KHz)<\/td>\n<td>Transductor ultras\u00f3nico<\/p>\n<p>(PCS)<\/td>\n<td>Volumen<\/p>\n<p>(L)<\/td>\n<td>Potencia ultras\u00f3nica<\/p>\n<p>(W)<\/td>\n<td>Tama\u00f1o del tanque<\/p>\n<p>(L*W*H MM)<\/td>\n<td>Potencia de calentamiento<\/p>\n<p>(W)<\/td>\n<td>Temporizador<\/p>\n<p>(MIN)<\/td>\n<td>Secado<\/td>\n<td>Filtro<\/td>\n<td>Enjuague<\/td>\n<\/tr>\n<tr>\n<td>BJCTE38<\/td>\n<td>28 o 40k u otro<\/td>\n<td>12<\/td>\n<td>38<\/td>\n<td>600<\/td>\n<td>500*300*250<\/td>\n<td>1500<\/td>\n<td>1~99\uff08h\uff09<\/td>\n<td>S\u00cd<\/td>\n<td>S\u00cd<\/td>\n<td>S\u00cd<\/td>\n<\/tr>\n<tr>\n<td>BJCTE53<\/td>\n<td>28 o 40k u otro<\/td>\n<td>18<\/td>\n<td>53<\/td>\n<td>900<\/td>\n<td>500*350*300<\/td>\n<td>1500<\/td>\n<td>1~99\uff08h\uff09<\/td>\n<td>S\u00cd<\/td>\n<td>S\u00cd<\/td>\n<td>S\u00cd<\/td>\n<\/tr>\n<tr>\n<td>BJCTE78<\/td>\n<td>28 o 40k u otro<\/td>\n<td>24<\/td>\n<td>78<\/td>\n<td>1200<\/td>\n<td>550*400*350<\/td>\n<td>3000<\/td>\n<td>1~99\uff08h\uff09<\/td>\n<td>S\u00cd<\/td>\n<td>S\u00cd<\/td>\n<td>S\u00cd<\/td>\n<\/tr>\n<tr>\n<td>BJCTE88<\/td>\n<td>28 o 40k u otro<\/td>\n<td>24<\/td>\n<td>88<\/td>\n<td>1200<\/td>\n<td>550*400*400<\/td>\n<td>3000<\/td>\n<td>1~99\uff08h\uff09<\/td>\n<td>S\u00cd<\/td>\n<td>S\u00cd<\/td>\n<td>S\u00cd<\/td>\n<\/tr>\n<tr>\n<td>BJCTE99<\/td>\n<td>28 o 40k u otro<\/td>\n<td>30<\/td>\n<td>99<\/td>\n<td>1500<\/td>\n<td>550*450*400<\/td>\n<td>3000<\/td>\n<td>1~99\uff08h\uff09<\/td>\n<td>S\u00cd<\/td>\n<td>S\u00cd<\/td>\n<td>S\u00cd<\/td>\n<\/tr>\n<tr>\n<td>BJCTE135<\/td>\n<td>28 o 40k u otro<\/td>\n<td>36<\/td>\n<td>135<\/td>\n<td>1800<\/td>\n<td>600*500*450<\/td>\n<td>4500<\/td>\n<td>1~99\uff08h\uff09<\/td>\n<td>S\u00cd<\/td>\n<td>S\u00cd<\/td>\n<td>S\u00cd<\/td>\n<\/tr>\n<tr>\n<td>BJCTE175<\/td>\n<td>28 o 40k u otro<\/td>\n<td>48<\/td>\n<td>175<\/td>\n<td>2400<\/td>\n<td>700*500*550<\/td>\n<td>6000<\/td>\n<td>1~99\uff08h\uff09<\/td>\n<td>S\u00cd<\/td>\n<td>S\u00cd<\/td>\n<td>S\u00cd<\/td>\n<\/tr>\n<tr>\n<td>BJCTE264<\/td>\n<td>28 o 40k u otro<\/td>\n<td>60<\/td>\n<td>264<\/td>\n<td>3000<\/td>\n<td>800*600*550<\/td>\n<td>9000<\/td>\n<td>1~99\uff08h\uff09<\/td>\n<td>S\u00cd<\/td>\n<td>S\u00cd<\/td>\n<td>S\u00cd<\/td>\n<\/tr>\n<tr>\n<td>BJCTE360<\/td>\n<td>28 o 40k u otro<\/td>\n<td>72<\/td>\n<td>360<\/td>\n<td>3600<\/td>\n<td>1000*600*600<\/td>\n<td>12000<\/td>\n<td>1~99\uff08h\uff09<\/td>\n<td>S\u00cd<\/td>\n<td>S\u00cd<\/td>\n<td>S\u00cd<\/td>\n<\/tr>\n<tr>\n<td>BJCTE540<\/td>\n<td>28 o 40k u otro<\/td>\n<td>108<\/td>\n<td>540<\/td>\n<td>5400<\/td>\n<td>1000*900*600<\/td>\n<td>18000<\/td>\n<td>1~99\uff08h\uff09<\/td>\n<td>S\u00cd<\/td>\n<td>S\u00cd<\/td>\n<td>S\u00cd<\/td>\n<\/tr>\n<tr>\n<td>BJCTE960<\/td>\n<td>28 o 40k u otro<\/td>\n<td>144<\/td>\n<td>960<\/td>\n<td>7200<\/td>\n<td>1200*1000*800<\/td>\n<td>27000<\/td>\n<td>1~99\uff08h\uff09<\/td>\n<td>S\u00cd<\/td>\n<td>S\u00cd<\/td>\n<td>S\u00cd<\/td>\n<\/tr>\n<\/tbody>\n<\/table>\n<p>Utiliza adhesivo epoxi de alta calidad. No se desprende f\u00e1cilmente.<br \/>\nUni\u00f3n del transductor ultras\u00f3nico mediante estampado. Granallado. Lavado y secado. Proceso de roscado<\/p>\n<p><img loading=\"lazy\" decoding=\"async\" class=\"alignnone size-full wp-image-23706\" src=\"https:\/\/www.bjultrasonic.com\/wp-content\/uploads\/2021\/03\/Bond-ultrasonic-transducer-by-using-stamping.jpg\" alt=\"Uni\u00f3n del transductor ultras\u00f3nico mediante estampado\" width=\"700\" height=\"398\" \/><\/p>\n","protected":false},"excerpt":{"rendered":"<h3>Limpieza Ultras\u00f3nica + Enjuague + Secado + Filtro<\/h3>\n<ol>\n<li>Material del Tanque: Tanque de acero inoxidable 304. Moldeado por estampado de matriz abierta sin soldaduras.<\/li>\n<li>Espesor del Tanque: 3mm de larga duraci\u00f3n<\/li>\n<li>Tiempo de Trabajo: Ajuste de 0 a 90 minutos<\/li>\n<li>Control de Temperatura: 0 a 80 Grados<\/li>\n<li>Potencia: Ajustable<\/li>\n<li>Frecuencia: Cable seg\u00fan requerimiento<\/li>\n<li>Est\u00e1ndar industrial, cable de alimentaci\u00f3n robusto, resistente al calor, resistente al ablandamiento<\/li>\n<li>Alta precisi\u00f3n: Debido a que la energ\u00eda ultras\u00f3nica puede pasar a trav\u00e9s de peque\u00f1as grietas y agujeros, puede aplicarse a la limpieza de cualquier pieza o conjunto de piezas. Para piezas de precisi\u00f3n o conjuntos que requieren limpieza, la limpieza ultras\u00f3nica a menudo se convierte en el \u00fanico m\u00e9todo de limpieza que puede cumplir con los requisitos t\u00e9cnicos especiales;<\/li>\n<li>R\u00e1pida: La limpieza ultras\u00f3nica es mucho m\u00e1s r\u00e1pida en t\u00e9rminos de desempolvado y eliminaci\u00f3n de incrustaciones de piezas en comparaci\u00f3n con los m\u00e9todos de limpieza regulares. No es necesario desmontar el conjunto para realizar la limpieza. La ventaja de la limpieza ultras\u00f3nica de ahorrar mano de obra tiende a convertirla en la forma de limpieza m\u00e1s econ\u00f3mica;<\/li>\n<li>Consistencia: Ya sea que la pieza a limpiar sea grande o peque\u00f1a, simple o compleja, \u00fanica o en lote, o en una l\u00ednea de montaje autom\u00e1tica, el uso de la limpieza ultras\u00f3nica puede lograr una uniformidad de limpieza incomparable con la limpieza manual.<\/li>\n<li>Dise\u00f1o: El dise\u00f1o del producto es hermoso y sencillo, la carcasa est\u00e1 hecha de acero inoxidable de alta calidad con relieve. El rendimiento antiox\u00eddante es bueno; El tanque de limpieza est\u00e1 hecho de acero inoxidable SUS304 de alta calidad estampado, sin soldaduras, el rendimiento a prueba de agua es bueno.<\/li>\n<li>Circuito: El circuito de alimentaci\u00f3n utiliza los nuevos osciladores OS, control preciso de la frecuencia de vibraci\u00f3n y tiene funci\u00f3n de retroalimentaci\u00f3n de recolecci\u00f3n, la salida ultras\u00f3nica es m\u00e1s estable y confiable.<\/li>\n<li>Transductor Ultras\u00f3nico: El transductor ultras\u00f3nico adopta una estructura completa de aluminio de mayor duraci\u00f3n, reduce el calentamiento y la salida es estable.<\/li>\n<\/ol>\n","protected":false},"featured_media":23712,"comment_status":"closed","ping_status":"closed","template":"","meta":[],"product_brand":[],"product_cat":[5955],"product_tag":[],"class_list":{"0":"post-65585","1":"product","2":"type-product","3":"status-publish","4":"has-post-thumbnail","6":"product_cat-big-ultrasonic-cleaning-machine-es","8":"first","9":"instock","10":"shipping-taxable","11":"product-type-external","12":"prodpage-classic"},"aioseo_notices":[],"_links":{"self":[{"href":"https:\/\/www.bjultrasonic.com\/es\/wp-json\/wp\/v2\/product\/65585","targetHints":{"allow":["GET"]}}],"collection":[{"href":"https:\/\/www.bjultrasonic.com\/es\/wp-json\/wp\/v2\/product"}],"about":[{"href":"https:\/\/www.bjultrasonic.com\/es\/wp-json\/wp\/v2\/types\/product"}],"replies":[{"embeddable":true,"href":"https:\/\/www.bjultrasonic.com\/es\/wp-json\/wp\/v2\/comments?post=65585"}],"wp:featuredmedia":[{"embeddable":true,"href":"https:\/\/www.bjultrasonic.com\/es\/wp-json\/wp\/v2\/media\/23712"}],"wp:attachment":[{"href":"https:\/\/www.bjultrasonic.com\/es\/wp-json\/wp\/v2\/media?parent=65585"}],"wp:term":[{"taxonomy":"product_brand","embeddable":true,"href":"https:\/\/www.bjultrasonic.com\/es\/wp-json\/wp\/v2\/product_brand?post=65585"},{"taxonomy":"product_cat","embeddable":true,"href":"https:\/\/www.bjultrasonic.com\/es\/wp-json\/wp\/v2\/product_cat?post=65585"},{"taxonomy":"product_tag","embeddable":true,"href":"https:\/\/www.bjultrasonic.com\/es\/wp-json\/wp\/v2\/product_tag?post=65585"}],"curies":[{"name":"wp","href":"https:\/\/api.w.org\/{rel}","templated":true}]}}