{"id":65625,"date":"2021-03-16T02:36:21","date_gmt":"2021-03-16T07:36:21","guid":{"rendered":"https:\/\/www.bjultrasonic.com\/shop\/single-tank-industrial-ultrasonic-cleaners\/"},"modified":"2026-03-28T20:55:03","modified_gmt":"2026-03-29T01:55:03","slug":"single-tank-industrial-ultrasonic-cleaners","status":"publish","type":"product","link":"https:\/\/www.bjultrasonic.com\/es\/shop\/single-tank-industrial-ultrasonic-cleaners\/","title":{"rendered":"Lavadoras Ultras\u00f3nicas Industriales de Tanque \u00danico"},"content":{"rendered":"<h3>Especificaciones (Podemos personalizar cualquier tama\u00f1o seg\u00fan sea necesario)<\/h3>\n<table class=\"table table-striped table-bordered\">\n<tbody>\n<tr>\n<td> Tipo<\/td>\n<td>Frecuencia<\/p>\n<p>(KHz)<\/td>\n<td>Transductor ultras\u00f3nico<\/p>\n<p>(PCS)<\/td>\n<td>Volumen<\/p>\n<p>(L)<\/td>\n<td>Potencia ultras\u00f3nica<\/p>\n<p>(W)<\/td>\n<td>Tama\u00f1o del tanque<\/p>\n<p>(L*W*H MM)<\/td>\n<td>Tama\u00f1o de la m\u00e1quina<\/p>\n<p>(L*W*H MM)<\/td>\n<td>Potencia de calentamiento<\/p>\n<p>(W)<\/td>\n<td>Temporizador<\/p>\n<p>(MIN)<\/td>\n<td>Temperatura<\/p>\n<p>(\u2103)<\/td>\n<\/tr>\n<tr>\n<td>BJCE2400<\/td>\n<td>28K 40K u otro<\/td>\n<td>48<\/td>\n<td>175<\/td>\n<td>2400<\/td>\n<td>700*500*500<\/td>\n<td>880*680*750<\/td>\n<td>4500<\/td>\n<td>0~99\uff08h\uff09<\/td>\n<td>20~95<\/td>\n<\/tr>\n<tr>\n<td>BJCE3000<\/td>\n<td><\/td>\n<td>60<\/td>\n<td>264<\/td>\n<td>3000<\/td>\n<td>800*600*550<\/td>\n<td>980*780*800<\/td>\n<td>6000<\/td>\n<td>0~99\uff08h\uff09<\/td>\n<td>20~95<\/td>\n<\/tr>\n<tr>\n<td>BJCE3600<\/td>\n<td><\/td>\n<td>72<\/td>\n<td>330<\/td>\n<td>3600<\/td>\n<td>1000*600*550<\/td>\n<td>1180*780*800<\/td>\n<td>6000<\/td>\n<td>0~99\uff08h\uff09<\/td>\n<td>20~95<\/td>\n<\/tr>\n<tr>\n<td>BJCE4200<\/td>\n<td><\/td>\n<td>84<\/td>\n<td>385<\/td>\n<td>0-4200<\/td>\n<td>1000*700*550<\/td>\n<td>1180*880*800<\/td>\n<td>9000<\/td>\n<td>0~99\uff08h\uff09<\/td>\n<td>20~95<\/td>\n<\/tr>\n<tr>\n<td>BJCE4800<\/td>\n<td><\/td>\n<td>96<\/td>\n<td>450<\/td>\n<td>0-4800<\/td>\n<td>1000*750*600<\/td>\n<td>1180*930*850<\/td>\n<td>9000<\/td>\n<td>0~99\uff08h\uff09<\/td>\n<td>20~95<\/td>\n<\/tr>\n<tr>\n<td>BJCE5400<\/td>\n<td><\/td>\n<td>108<\/td>\n<td>540<\/td>\n<td>0-5400<\/td>\n<td>1000*900*600<\/td>\n<td>1180*1080*850<\/td>\n<td>10500<\/td>\n<td>0~99\uff08h\uff09<\/td>\n<td>20~95<\/td>\n<\/tr>\n<tr>\n<td>BJCE6000<\/td>\n<td><\/td>\n<td>120<\/td>\n<td>570<\/td>\n<td>0-6000<\/td>\n<td>1000*950*600<\/td>\n<td>1180*1130*850<\/td>\n<td>10500<\/td>\n<td>0~99\uff08h\uff09<\/td>\n<td>20~95<\/td>\n<\/tr>\n<tr>\n<td>BJCE6600<\/td>\n<td><\/td>\n<td>132<\/td>\n<td>650<\/td>\n<td>0-6600<\/td>\n<td>1000*1000*650<\/td>\n<td>1180*1180*900<\/td>\n<td>12000<\/td>\n<td>0~99\uff08h\uff09<\/td>\n<td>20~95<\/td>\n<\/tr>\n<tr>\n<td>BJCE7200<\/td>\n<td><\/td>\n<td>144<\/td>\n<td>715<\/td>\n<td>0-7200<\/td>\n<td>1100*1000*650<\/td>\n<td>1280*1180*900<\/td>\n<td>12000<\/td>\n<td>0~99\uff08h\uff09<\/td>\n<td>20~95<\/td>\n<\/tr>\n<tr>\n<td colspan=\"2\">BJCE10800<\/td>\n<td>216<\/td>\n<td>975<\/td>\n<td>0-10800<\/td>\n<td>1500*1000*650<\/td>\n<td>1680*1180*900<\/td>\n<td>12000<\/td>\n<td>0~99\uff08h\uff09<\/td>\n<td>20~95<\/td>\n<\/tr>\n<\/tbody>\n<\/table>\n<p>Utiliza adhesivo epoxi de alta calidad. No se desprende f\u00e1cilmente.<br \/>\nUni\u00f3n del transductor ultras\u00f3nico mediante estampado. Granallado. Lavado y secado. Proceso de roscado<\/p>\n<p><img loading=\"lazy\" decoding=\"async\" class=\"alignnone size-full wp-image-23706\" src=\"https:\/\/www.bjultrasonic.com\/wp-content\/uploads\/2021\/03\/Bond-ultrasonic-transducer-by-using-stamping.jpg\" alt=\"Uni\u00f3n del transductor ultras\u00f3nico mediante estampado\" width=\"700\" height=\"398\" \/><\/p>\n","protected":false},"excerpt":{"rendered":"<p>Podemos personalizar diferentes tama\u00f1os de tanques de limpieza seg\u00fan sea necesario.<\/p>\n<ol>\n<li>Material del tanque: Tanque de acero inoxidable 304. Moldeado por estampado de matriz abierta sin soldaduras.<\/li>\n<li>Espesor del tanque: 3mm de larga duraci\u00f3n<\/li>\n<li>Tiempo de trabajo: Ajuste de 0-90 minutos<\/li>\n<li>Control de temperatura: 0-80 grados<\/li>\n<li>Potencia: Ajustable<\/li>\n<li>Frecuencia: Cable seg\u00fan sea necesario<\/li>\n<li>Est\u00e1ndar industrial, cable de alimentaci\u00f3n grueso resistente al calor, resistente al ablandamiento<\/li>\n<li>Alta precisi\u00f3n: Debido a que la energ\u00eda ultras\u00f3nica puede pasar a trav\u00e9s de peque\u00f1as grietas y agujeros, se puede aplicar en la limpieza de cualquier pieza o conjunto de piezas. Para piezas de precisi\u00f3n o conjuntos que requieren limpieza, la limpieza ultras\u00f3nica a menudo se convierte en el \u00fanico m\u00e9todo de limpieza que puede cumplir con los requisitos t\u00e9cnicos especiales;<\/li>\n<li>R\u00e1pido: La limpieza ultras\u00f3nica es mucho m\u00e1s r\u00e1pida en comparaci\u00f3n con los m\u00e9todos de limpieza regulares en t\u00e9rminos de eliminaci\u00f3n de polvo e incrustaciones de las piezas. No es necesario desmontar el conjunto para realizar la limpieza. La ventaja de la limpieza ultras\u00f3nica de ahorrar mano de obra tiende a convertirla en el m\u00e9todo de limpieza m\u00e1s econ\u00f3mico;<\/li>\n<li>Consistencia: Ya sea que las piezas a limpiar sean grandes o peque\u00f1as, simples o complejas, individuales o en lotes, o en una l\u00ednea de montaje autom\u00e1tica, el uso de limpieza ultras\u00f3nica puede lograr una uniformidad de limpieza incomparable con la limpieza manual.<\/li>\n<li>Dise\u00f1o: El dise\u00f1o del producto es hermoso y sencillo, la carcasa est\u00e1 hecha de acero inoxidable de alta calidad con estampado en relieve. El rendimiento antioxido es bueno; El tanque de limpieza est\u00e1 hecho de acero inoxidable SUS304 de alta calidad estampado, sin soldaduras, el rendimiento de impermeabilidad es bueno.<\/li>\n<li>Circuito: El circuito de alimentaci\u00f3n utiliza nuevos osciladores OS, control preciso de la frecuencia de vibraci\u00f3n y tiene funci\u00f3n de retroalimentaci\u00f3n de recolecci\u00f3n, la salida ultras\u00f3nica es m\u00e1s estable y confiable.<\/li>\n<li>Transductor ultras\u00f3nico: El transductor ultras\u00f3nico adopta una estructura completa de aluminio de mayor duraci\u00f3n, reduce el calentamiento y tiene una salida estable.<\/li>\n<\/ol>\n","protected":false},"featured_media":23715,"comment_status":"closed","ping_status":"closed","template":"","meta":[],"product_brand":[],"product_cat":[5955],"product_tag":[],"class_list":{"0":"post-65625","1":"product","2":"type-product","3":"status-publish","4":"has-post-thumbnail","6":"product_cat-big-ultrasonic-cleaning-machine-es","8":"first","9":"instock","10":"shipping-taxable","11":"product-type-external","12":"prodpage-classic"},"aioseo_notices":[],"_links":{"self":[{"href":"https:\/\/www.bjultrasonic.com\/es\/wp-json\/wp\/v2\/product\/65625","targetHints":{"allow":["GET"]}}],"collection":[{"href":"https:\/\/www.bjultrasonic.com\/es\/wp-json\/wp\/v2\/product"}],"about":[{"href":"https:\/\/www.bjultrasonic.com\/es\/wp-json\/wp\/v2\/types\/product"}],"replies":[{"embeddable":true,"href":"https:\/\/www.bjultrasonic.com\/es\/wp-json\/wp\/v2\/comments?post=65625"}],"wp:featuredmedia":[{"embeddable":true,"href":"https:\/\/www.bjultrasonic.com\/es\/wp-json\/wp\/v2\/media\/23715"}],"wp:attachment":[{"href":"https:\/\/www.bjultrasonic.com\/es\/wp-json\/wp\/v2\/media?parent=65625"}],"wp:term":[{"taxonomy":"product_brand","embeddable":true,"href":"https:\/\/www.bjultrasonic.com\/es\/wp-json\/wp\/v2\/product_brand?post=65625"},{"taxonomy":"product_cat","embeddable":true,"href":"https:\/\/www.bjultrasonic.com\/es\/wp-json\/wp\/v2\/product_cat?post=65625"},{"taxonomy":"product_tag","embeddable":true,"href":"https:\/\/www.bjultrasonic.com\/es\/wp-json\/wp\/v2\/product_tag?post=65625"}],"curies":[{"name":"wp","href":"https:\/\/api.w.org\/{rel}","templated":true}]}}