{"id":65685,"date":"2018-12-17T06:44:58","date_gmt":"2018-12-17T11:44:58","guid":{"rendered":"https:\/\/www.bjultrasonic.com\/shop\/19l-mechanical-ultrasonic-cleaner-with-time-and-temperature-control\/"},"modified":"2026-03-28T20:54:37","modified_gmt":"2026-03-29T01:54:37","slug":"19l-mechanical-ultrasonic-cleaner-with-time-and-temperature-control","status":"publish","type":"product","link":"https:\/\/www.bjultrasonic.com\/es\/shop\/19l-mechanical-ultrasonic-cleaner-with-time-and-temperature-control\/","title":{"rendered":"Limpieza Ultras\u00f3nica Mec\u00e1nica de 19L Con Control de Tiempo y Temperatura"},"content":{"rendered":"<table class=\"table table-striped table-bordered\">\n<tbody>\n<tr>\n<td width=\"284\">\n<p>Tipo<\/p>\n<\/td>\n<td width=\"284\">\n<p>BJUCMTH19<\/p>\n<\/td>\n<\/tr>\n<tr>\n<td width=\"284\">\n<p>Capacidad del Tanque<\/p>\n<\/td>\n<td width=\"284\">\n<p>19L<\/p>\n<\/td>\n<\/tr>\n<tr>\n<td width=\"284\">\n<p>Potencia Ultras\u00f3nica<\/p>\n<\/td>\n<td width=\"284\">\n<p>420W<\/p>\n<\/td>\n<\/tr>\n<tr>\n<td width=\"284\">\n<p>Potencia de Calentamiento<\/p>\n<\/td>\n<td width=\"284\">\n<p>600W<\/p>\n<\/td>\n<\/tr>\n<tr>\n<td width=\"284\">\n<p>Frecuencia<\/p>\n<\/td>\n<td width=\"284\">\n<p>40KHZ<\/p>\n<\/td>\n<\/tr>\n<tr>\n<td width=\"284\">\n<p>Temporizador<\/p>\n<\/td>\n<td width=\"284\">\n<p>0-30 mins<\/p>\n<\/td>\n<\/tr>\n<tr>\n<td width=\"284\">\n<p>Temperatura<\/p>\n<\/td>\n<td width=\"284\">\n<p>&lt; 80 Grados C<\/p>\n<\/td>\n<\/tr>\n<tr>\n<td width=\"284\">\n<p>Tama\u00f1o del Tanque<\/p>\n<\/td>\n<td width=\"284\">\n<p>330*300*200 mm L*An*Al<\/p>\n<\/td>\n<\/tr>\n<tr>\n<td width=\"284\">\n<p>Tama\u00f1o de la M\u00e1quina<\/p>\n<\/td>\n<td width=\"284\">\n<p>360*330*320 mm L*An*Al<\/p>\n<\/td>\n<\/tr>\n<tr>\n<td width=\"284\">\n<p>Desag\u00fce<\/p>\n<\/td>\n<td width=\"284\">\n<p>S\u00ed<\/p>\n<\/td>\n<\/tr>\n<tr>\n<td width=\"284\">\n<p>Tapa<\/p>\n<\/td>\n<td width=\"284\">\n<p>S\u00ed<\/p>\n<\/td>\n<\/tr>\n<tr>\n<td width=\"284\">\n<p>Peso Unitario<\/p>\n<\/td>\n<td width=\"284\">\n<p>12kg<\/p>\n<\/td>\n<\/tr>\n<\/tbody>\n<\/table>\n<h3>Funciones<\/h3>\n<ul>\n<li>Temporizador: Ajustable de 1 a 30 minutos.<\/li>\n<li>Temperatura: Ajustable de 20 a 80\u2103.<\/li>\n<li>Material: El tanque y la m\u00e1quina son de acero inoxidable.<\/li>\n<li>Ventajas del producto: Tanque de limpieza por estampado, soldadura impecable.<\/li>\n<li>Calidad de los componentes: Utiliza <a href=\"https:\/\/www.bjultrasonic.com\/es\/category\/ultrasonic-transducer-es\/\">transductor ultras\u00f3nico<\/a> de alta calidad. Potencia fuerte.<\/li>\n<li>Alta calidad del proceso de uni\u00f3n. Se pega el transductor ultras\u00f3nico utilizando adhesivo epoxi.<\/li>\n<li>Sistema de drenaje: Los modelos de 6L y superiores est\u00e1n equipados con v\u00e1lvula de bola de drenaje.<\/li>\n<li>Sistema de refrigeraci\u00f3n: Los modelos de 10L o m\u00e1s est\u00e1n equipados con ventilador de refrigeraci\u00f3n de alta eficiencia.<\/li>\n<\/ul>\n<p><img loading=\"lazy\" decoding=\"async\" src=\"https:\/\/www.bjultrasonic.com\/wp-content\/uploads\/2018\/12\/Mechanical-Ultrasonic-Cleaner-With-Time-and-Temperature-Control-Package-1.jpg\" alt=\"Lavadora Ultras\u00f3nica Mec\u00e1nica con Control de Tiempo y Temperatura - Empaque\" width=\"742\" height=\"294\" \/><\/p>\n","protected":false},"excerpt":{"rendered":"<p><a href=\"https:\/\/www.bjultrasonic.com\/es\/category\/ultrasonic-cleaning-system-es\/mechanical-ultrasonic-cleaner-es\/\">Lavadora ultras\u00f3nica mec\u00e1nica<\/a> fabricada por Beijing Ultrasonic. Utiliza transductor ultras\u00f3nico de alta calidad. Potencia fuerte.<\/p>\n","protected":false},"featured_media":20159,"comment_status":"open","ping_status":"closed","template":"","meta":[],"product_brand":[],"product_cat":[5982],"product_tag":[],"class_list":{"0":"post-65685","1":"product","2":"type-product","3":"status-publish","4":"has-post-thumbnail","6":"product_cat-mechanical-ultrasonic-cleaner-es","8":"first","9":"instock","10":"shipping-taxable","11":"purchasable","12":"product-type-simple","13":"prodpage-classic"},"aioseo_notices":[],"_links":{"self":[{"href":"https:\/\/www.bjultrasonic.com\/es\/wp-json\/wp\/v2\/product\/65685","targetHints":{"allow":["GET"]}}],"collection":[{"href":"https:\/\/www.bjultrasonic.com\/es\/wp-json\/wp\/v2\/product"}],"about":[{"href":"https:\/\/www.bjultrasonic.com\/es\/wp-json\/wp\/v2\/types\/product"}],"replies":[{"embeddable":true,"href":"https:\/\/www.bjultrasonic.com\/es\/wp-json\/wp\/v2\/comments?post=65685"}],"wp:featuredmedia":[{"embeddable":true,"href":"https:\/\/www.bjultrasonic.com\/es\/wp-json\/wp\/v2\/media\/20159"}],"wp:attachment":[{"href":"https:\/\/www.bjultrasonic.com\/es\/wp-json\/wp\/v2\/media?parent=65685"}],"wp:term":[{"taxonomy":"product_brand","embeddable":true,"href":"https:\/\/www.bjultrasonic.com\/es\/wp-json\/wp\/v2\/product_brand?post=65685"},{"taxonomy":"product_cat","embeddable":true,"href":"https:\/\/www.bjultrasonic.com\/es\/wp-json\/wp\/v2\/product_cat?post=65685"},{"taxonomy":"product_tag","embeddable":true,"href":"https:\/\/www.bjultrasonic.com\/es\/wp-json\/wp\/v2\/product_tag?post=65685"}],"curies":[{"name":"wp","href":"https:\/\/api.w.org\/{rel}","templated":true}]}}