{"id":65845,"date":"2018-12-17T06:18:56","date_gmt":"2018-12-17T11:18:56","guid":{"rendered":"https:\/\/www.bjultrasonic.com\/shop\/1-3l-mechanical-ultrasonic-cleaner-with-time-control\/"},"modified":"2026-03-28T20:53:18","modified_gmt":"2026-03-29T01:53:18","slug":"1-3l-mechanical-ultrasonic-cleaner-with-time-control","status":"publish","type":"product","link":"https:\/\/www.bjultrasonic.com\/es\/shop\/1-3l-mechanical-ultrasonic-cleaner-with-time-control\/","title":{"rendered":"1.3L Limpiador Ultras\u00f3nico Mec\u00e1nico con Control de Tiempo"},"content":{"rendered":"<table class=\"table table-striped table-bordered\">\n<tbody>\n<tr>\n<td width=\"293\">Tipo<\/td>\n<td width=\"356\">BJUCMT1.3<\/td>\n<\/tr>\n<tr>\n<td width=\"293\">Capacidad del tanque<\/td>\n<td width=\"356\">1.3L<\/td>\n<\/tr>\n<tr>\n<td width=\"293\">Potencia ultras\u00f3nica<\/td>\n<td width=\"356\">60W<\/td>\n<\/tr>\n<tr>\n<td width=\"293\">Frecuencia<\/td>\n<td width=\"356\">40KHz<\/td>\n<\/tr>\n<tr>\n<td width=\"293\">Tama\u00f1o del tanque (mm)<\/td>\n<td width=\"356\">150*140*65(L*A*H)<\/td>\n<\/tr>\n<tr>\n<td width=\"293\">Tama\u00f1o de la m\u00e1quina (mm)<\/td>\n<td width=\"356\">180*170*140(L*A*H)<\/td>\n<\/tr>\n<tr>\n<td width=\"293\">Voltaje<\/td>\n<td width=\"356\">110VAC\u2014240VAC<\/td>\n<\/tr>\n<tr>\n<td width=\"293\">Temporizador<\/td>\n<td width=\"356\">0-30min<\/td>\n<\/tr>\n<tr>\n<td width=\"293\">Tapa<\/td>\n<td width=\"356\">S\u00ed<\/td>\n<\/tr>\n<tr>\n<td width=\"293\">Drenaje<\/td>\n<td width=\"356\">NO<\/td>\n<\/tr>\n<tr>\n<td width=\"293\">Peso unitario<\/td>\n<td width=\"356\">2.5kg<\/td>\n<\/tr>\n<\/tbody>\n<\/table>\n<h3>Funciones<\/h3>\n<ul>\n<li>Temporizador: ajustable de 1 a 30 minutos.<\/li>\n<li>Material: El tanque y la m\u00e1quina son de acero inoxidable.<\/li>\n<li>Ventajas del producto: Tanque de limpieza mediante estampado, soldadura sin defectos.<\/li>\n<li>Calidad de los componentes: Utiliza <a href=\"https:\/\/www.bjultrasonic.com\/es\/category\/ultrasonic-transducer-es\/\">transductores ultras\u00f3nicos<\/a> de alta calidad. Potencia elevada.<\/li>\n<li>Alta calidad en el proceso de uni\u00f3n. Los transductores ultras\u00f3nicos se adhieren utilizando pegamento epoxi.<\/li>\n<li>Sistema de drenaje: Los modelos de 6L y superiores est\u00e1n equipados con v\u00e1lvula de bola de drenaje.<\/li>\n<li>Sistema de refrigeraci\u00f3n: Los modelos de 10L o m\u00e1s est\u00e1n equipados con un ventilador de refrigeraci\u00f3n de alta eficiencia.<\/li>\n<\/ul>\n<p><img loading=\"lazy\" decoding=\"async\" src=\"https:\/\/www.bjultrasonic.com\/wp-content\/uploads\/2018\/12\/Mechanical-Ultrasonic-Cleaner-With-Time-Control-Package-1.jpg\" alt=\"Lavadora ultras\u00f3nica mec\u00e1nica con control de tiempo\" width=\"742\" height=\"324\" \/><\/p>\n","protected":false},"excerpt":{"rendered":"<p><a href=\"https:\/\/www.bjultrasonic.com\/es\/category\/ultrasonic-cleaning-system-es\/mechanical-ultrasonic-cleaner-es\/\">Limpiador ultras\u00f3nico mec\u00e1nico<\/a> fabricado por Beijing Ultrasonic. Utiliza transductores ultras\u00f3nicos de alta calidad. Potencia fuerte.<\/p>\n","protected":false},"featured_media":20027,"comment_status":"open","ping_status":"closed","template":"","meta":[],"product_brand":[],"product_cat":[5982],"product_tag":[],"class_list":{"0":"post-65845","1":"product","2":"type-product","3":"status-publish","4":"has-post-thumbnail","6":"product_cat-mechanical-ultrasonic-cleaner-es","8":"first","9":"instock","10":"shipping-taxable","11":"purchasable","12":"product-type-simple","13":"prodpage-classic"},"aioseo_notices":[],"_links":{"self":[{"href":"https:\/\/www.bjultrasonic.com\/es\/wp-json\/wp\/v2\/product\/65845","targetHints":{"allow":["GET"]}}],"collection":[{"href":"https:\/\/www.bjultrasonic.com\/es\/wp-json\/wp\/v2\/product"}],"about":[{"href":"https:\/\/www.bjultrasonic.com\/es\/wp-json\/wp\/v2\/types\/product"}],"replies":[{"embeddable":true,"href":"https:\/\/www.bjultrasonic.com\/es\/wp-json\/wp\/v2\/comments?post=65845"}],"wp:featuredmedia":[{"embeddable":true,"href":"https:\/\/www.bjultrasonic.com\/es\/wp-json\/wp\/v2\/media\/20027"}],"wp:attachment":[{"href":"https:\/\/www.bjultrasonic.com\/es\/wp-json\/wp\/v2\/media?parent=65845"}],"wp:term":[{"taxonomy":"product_brand","embeddable":true,"href":"https:\/\/www.bjultrasonic.com\/es\/wp-json\/wp\/v2\/product_brand?post=65845"},{"taxonomy":"product_cat","embeddable":true,"href":"https:\/\/www.bjultrasonic.com\/es\/wp-json\/wp\/v2\/product_cat?post=65845"},{"taxonomy":"product_tag","embeddable":true,"href":"https:\/\/www.bjultrasonic.com\/es\/wp-json\/wp\/v2\/product_tag?post=65845"}],"curies":[{"name":"wp","href":"https:\/\/api.w.org\/{rel}","templated":true}]}}