{"id":65945,"date":"2018-12-17T06:10:57","date_gmt":"2018-12-17T11:10:57","guid":{"rendered":"https:\/\/www.bjultrasonic.com\/shop\/22l-mechanical-ultrasonic-cleaner-with-time-control\/"},"modified":"2026-03-28T20:52:22","modified_gmt":"2026-03-29T01:52:22","slug":"22l-mechanical-ultrasonic-cleaner-with-time-control","status":"publish","type":"product","link":"https:\/\/www.bjultrasonic.com\/es\/shop\/22l-mechanical-ultrasonic-cleaner-with-time-control\/","title":{"rendered":"Limpiador ultras\u00f3nico mec\u00e1nico de 22L con control de tiempo"},"content":{"rendered":"<table class=\"table table-striped table-bordered\">\n<tbody>\n<tr>\n<td width=\"284\">\n<p>Tipo<\/p>\n<\/td>\n<td width=\"284\">\n<p>BJUCMT22<\/p>\n<\/td>\n<\/tr>\n<tr>\n<td width=\"284\">\n<p>Capacidad del tanque<\/p>\n<\/td>\n<td width=\"284\">\n<p>22L<\/p>\n<\/td>\n<\/tr>\n<tr>\n<td width=\"284\">\n<p>Potencia ultras\u00f3nica<\/p>\n<\/td>\n<td width=\"284\">\n<p>480W<\/p>\n<\/td>\n<\/tr>\n<tr>\n<td width=\"284\">\n<p>Frecuencia<\/p>\n<\/td>\n<td width=\"284\">\n<p>40KHZ<\/p>\n<\/td>\n<\/tr>\n<tr>\n<td width=\"284\">\n<p>Temporizador<\/p>\n<\/td>\n<td width=\"284\">\n<p>0-30 minutos<\/p>\n<\/td>\n<\/tr>\n<tr>\n<td width=\"284\">\n<p>Tama\u00f1o del tanque<\/p>\n<\/td>\n<td width=\"284\">\n<p>500*300*150 mm L*W*H<\/p>\n<\/td>\n<\/tr>\n<tr>\n<td width=\"284\">\n<p>Tama\u00f1o de la m\u00e1quina<\/p>\n<\/td>\n<td width=\"284\">\n<p>550*330*270 mm L*W*H<\/p>\n<\/td>\n<\/tr>\n<tr>\n<td width=\"284\">\n<p>Drenaje<\/p>\n<\/td>\n<td width=\"284\">\n<p>S\u00ed<\/p>\n<\/td>\n<\/tr>\n<tr>\n<td width=\"284\">\n<p>Tapa<\/p>\n<\/td>\n<td width=\"284\">\n<p>S\u00ed<\/p>\n<\/td>\n<\/tr>\n<tr>\n<td width=\"284\">\n<p>Peso unitario<\/p>\n<\/td>\n<td width=\"284\">\n<p>14kg<\/p>\n<\/td>\n<\/tr>\n<\/tbody>\n<\/table>\n<h3>Funciones<\/h3>\n<ul>\n<li>Temporizador: ajustable de 1 a 30 minutos.<\/li>\n<li>Material: El tanque y la m\u00e1quina son de acero inoxidable.<\/li>\n<li>Ventajas del producto: Tanque de limpieza fabricado por estampado, soldadura impecable.<\/li>\n<li>Calidad de los componentes: Utiliza <a href=\"https:\/\/www.bjultrasonic.com\/es\/category\/ultrasonic-transducer-es\/\">transductor ultras\u00f3nico<\/a> de alta calidad, gran potencia.<\/li>\n<li>Alta calidad del proceso de uni\u00f3n. El transductor ultras\u00f3nico se adhiere utilizando adhesivo epoxi.<\/li>\n<li>Sistema de drenaje: Los modelos de 6L y superiores est\u00e1n equipados con v\u00e1lvula de bola de drenaje.<\/li>\n<li>Sistema de refrigeraci\u00f3n: Los modelos de 10L o m\u00e1s est\u00e1n equipados con ventilador de refrigeraci\u00f3n de alta eficiencia.<\/li>\n<\/ul>\n<p><img loading=\"lazy\" decoding=\"async\" src=\"https:\/\/www.bjultrasonic.com\/wp-content\/uploads\/2018\/12\/Mechanical-Ultrasonic-Cleaner-With-Time-Control-Package-2.jpg\" alt=\"Limpiador ultras\u00f3nico mec\u00e1nico con control de tiempo y paquete\" width=\"742\" height=\"318\" \/><\/p>\n","protected":false},"excerpt":{"rendered":"<p><a href=\"https:\/\/www.bjultrasonic.com\/es\/category\/ultrasonic-cleaning-system-es\/mechanical-ultrasonic-cleaner-es\/\">Lavadora ultras\u00f3nica mec\u00e1nica<\/a> fabricada por Beijing Ultrasonic. Utiliza transductor ultras\u00f3nico de alta calidad. Potencia fuerte.<\/p>\n","protected":false},"featured_media":20090,"comment_status":"open","ping_status":"closed","template":"","meta":[],"product_brand":[],"product_cat":[5982],"product_tag":[],"class_list":{"0":"post-65945","1":"product","2":"type-product","3":"status-publish","4":"has-post-thumbnail","6":"product_cat-mechanical-ultrasonic-cleaner-es","8":"first","9":"instock","10":"shipping-taxable","11":"purchasable","12":"product-type-simple","13":"prodpage-classic"},"aioseo_notices":[],"_links":{"self":[{"href":"https:\/\/www.bjultrasonic.com\/es\/wp-json\/wp\/v2\/product\/65945","targetHints":{"allow":["GET"]}}],"collection":[{"href":"https:\/\/www.bjultrasonic.com\/es\/wp-json\/wp\/v2\/product"}],"about":[{"href":"https:\/\/www.bjultrasonic.com\/es\/wp-json\/wp\/v2\/types\/product"}],"replies":[{"embeddable":true,"href":"https:\/\/www.bjultrasonic.com\/es\/wp-json\/wp\/v2\/comments?post=65945"}],"wp:featuredmedia":[{"embeddable":true,"href":"https:\/\/www.bjultrasonic.com\/es\/wp-json\/wp\/v2\/media\/20090"}],"wp:attachment":[{"href":"https:\/\/www.bjultrasonic.com\/es\/wp-json\/wp\/v2\/media?parent=65945"}],"wp:term":[{"taxonomy":"product_brand","embeddable":true,"href":"https:\/\/www.bjultrasonic.com\/es\/wp-json\/wp\/v2\/product_brand?post=65945"},{"taxonomy":"product_cat","embeddable":true,"href":"https:\/\/www.bjultrasonic.com\/es\/wp-json\/wp\/v2\/product_cat?post=65945"},{"taxonomy":"product_tag","embeddable":true,"href":"https:\/\/www.bjultrasonic.com\/es\/wp-json\/wp\/v2\/product_tag?post=65945"}],"curies":[{"name":"wp","href":"https:\/\/api.w.org\/{rel}","templated":true}]}}