{"id":66225,"date":"2018-12-17T04:11:37","date_gmt":"2018-12-17T09:11:37","guid":{"rendered":"https:\/\/www.bjultrasonic.com\/shop\/1-3l-40khz-ultrasonic-cleaner\/"},"modified":"2026-03-28T20:49:41","modified_gmt":"2026-03-29T01:49:41","slug":"1-3l-40khz-ultrasonic-cleaner","status":"publish","type":"product","link":"https:\/\/www.bjultrasonic.com\/es\/shop\/1-3l-40khz-ultrasonic-cleaner\/","title":{"rendered":"1.3L Limpiador Ultras\u00f3nico Digital de 40 kHz con Control de Tiempo y Temperatura"},"content":{"rendered":"<table class=\"table table-striped table-bordered\">\n<tbody>\n<tr>\n<td width=\"293\">Tipo<\/td>\n<td width=\"356\">BJUCDTH1.3<\/td>\n<\/tr>\n<tr>\n<td width=\"293\">Capacidad del tanque<\/td>\n<td width=\"356\">1.3L<\/td>\n<\/tr>\n<tr>\n<td width=\"293\">Potencia ultras\u00f3nica<\/td>\n<td width=\"356\">60W<\/td>\n<\/tr>\n<tr>\n<td width=\"293\">Frecuencia<\/td>\n<td width=\"356\">40KHz<\/td>\n<\/tr>\n<tr>\n<td width=\"293\">Potencia de calentamiento<\/td>\n<td width=\"356\">50w<\/td>\n<\/tr>\n<tr>\n<td width=\"293\">Tama\u00f1o del tanque (mm)<\/td>\n<td width=\"356\">150*140*65(L*A*H)<\/td>\n<\/tr>\n<tr>\n<td width=\"293\">Tama\u00f1o de la m\u00e1quina (mm)<\/td>\n<td width=\"356\">180*170*140(L*A*H)<\/td>\n<\/tr>\n<tr>\n<td width=\"293\">Voltaje<\/td>\n<td width=\"356\">110VAC\u2014240VAC<\/td>\n<\/tr>\n<tr>\n<td width=\"293\">Temporizador<\/td>\n<td width=\"356\">0-30min<\/td>\n<\/tr>\n<tr>\n<td width=\"293\">Temperatura<\/td>\n<td width=\"356\">&lt; 80 grados C<\/td>\n<\/tr>\n<tr>\n<td width=\"293\">Tapa<\/td>\n<td width=\"356\">S\u00ed<\/td>\n<\/tr>\n<tr>\n<td width=\"293\">Drenaje<\/td>\n<td width=\"356\">NO<\/td>\n<\/tr>\n<tr>\n<td width=\"293\">Peso unitario<\/td>\n<td width=\"356\">2.5kg<\/td>\n<\/tr>\n<\/tbody>\n<\/table>\n<h3>Funci\u00f3n<\/h3>\n<ul>\n<li>Temporizador: Ajustable de 1 a 30 minutos.<\/li>\n<li>Temperatura: Ajustable de 20 a 80\u2103;<\/li>\n<li>Panel de visualizaci\u00f3n: Muestra el tiempo de trabajo y la temperatura.<\/li>\n<li>Material: El tanque y la m\u00e1quina son de acero inoxidable.<\/li>\n<li>Ventajas del producto: Tanque de limpieza por estampado, soldadura sin defectos.<\/li>\n<li>Calidad de los componentes: Utiliza <a href=\"https:\/\/www.bjultrasonic.com\/es\/category\/ultrasonic-transducer-es\/\">transductores ultras\u00f3nicos<\/a> de alta calidad. Gran potencia.<\/li>\n<li>Alta calidad en el proceso de uni\u00f3n. El transductor ultras\u00f3nico se fija con adhesivo epoxi.<\/li>\n<li>Sistema de drenaje: Los modelos de 6L y superiores llevan instalada una v\u00e1lvula de bola de drenaje.<\/li>\n<li>Sistema de refrigeraci\u00f3n: Los de 10L o m\u00e1s llevan instalado un ventilador de refrigeraci\u00f3n de alta eficiencia.<\/li>\n<\/ul>\n<p><img loading=\"lazy\" decoding=\"async\" src=\"https:\/\/www.bjultrasonic.com\/wp-content\/uploads\/2018\/12\/40kHz-Digital-Ultrasonic-Cleaner-Package-2.jpg\" alt=\"40kHz Digital Ultrasonic Cleaner Package\" width=\"742\" height=\"315\" \/><\/p>\n","protected":false},"excerpt":{"rendered":"<p><a href=\"https:\/\/www.bjultrasonic.com\/es\/category\/ultrasonic-cleaning-system-es\/digital-ultrasonic-cleaner-es\/\">Limpieza ultras\u00f3nica digital de 40 kHz<\/a> con control de tiempo y temperatura.<\/p>\n","protected":false},"featured_media":19946,"comment_status":"open","ping_status":"closed","template":"","meta":[],"product_brand":[],"product_cat":[5851],"product_tag":[],"class_list":{"0":"post-66225","1":"product","2":"type-product","3":"status-publish","4":"has-post-thumbnail","6":"product_cat-digital-ultrasonic-cleaner-es","8":"first","9":"instock","10":"shipping-taxable","11":"purchasable","12":"product-type-simple","13":"prodpage-classic"},"aioseo_notices":[],"_links":{"self":[{"href":"https:\/\/www.bjultrasonic.com\/es\/wp-json\/wp\/v2\/product\/66225","targetHints":{"allow":["GET"]}}],"collection":[{"href":"https:\/\/www.bjultrasonic.com\/es\/wp-json\/wp\/v2\/product"}],"about":[{"href":"https:\/\/www.bjultrasonic.com\/es\/wp-json\/wp\/v2\/types\/product"}],"replies":[{"embeddable":true,"href":"https:\/\/www.bjultrasonic.com\/es\/wp-json\/wp\/v2\/comments?post=66225"}],"wp:featuredmedia":[{"embeddable":true,"href":"https:\/\/www.bjultrasonic.com\/es\/wp-json\/wp\/v2\/media\/19946"}],"wp:attachment":[{"href":"https:\/\/www.bjultrasonic.com\/es\/wp-json\/wp\/v2\/media?parent=66225"}],"wp:term":[{"taxonomy":"product_brand","embeddable":true,"href":"https:\/\/www.bjultrasonic.com\/es\/wp-json\/wp\/v2\/product_brand?post=66225"},{"taxonomy":"product_cat","embeddable":true,"href":"https:\/\/www.bjultrasonic.com\/es\/wp-json\/wp\/v2\/product_cat?post=66225"},{"taxonomy":"product_tag","embeddable":true,"href":"https:\/\/www.bjultrasonic.com\/es\/wp-json\/wp\/v2\/product_tag?post=66225"}],"curies":[{"name":"wp","href":"https:\/\/api.w.org\/{rel}","templated":true}]}}