{"id":66245,"date":"2018-12-17T02:20:21","date_gmt":"2018-12-17T07:20:21","guid":{"rendered":"https:\/\/www.bjultrasonic.com\/shop\/power-adjustable-ultrasonic-cleaner-130l\/"},"modified":"2026-03-28T20:49:39","modified_gmt":"2026-03-29T01:49:39","slug":"power-adjustable-ultrasonic-cleaner-130l","status":"publish","type":"product","link":"https:\/\/www.bjultrasonic.com\/es\/shop\/power-adjustable-ultrasonic-cleaner-130l\/","title":{"rendered":"130L Limpiador Ultras\u00f3nico Digital con Ajuste de Potencia"},"content":{"rendered":"<table class=\"table table-striped table-bordered\">\n<tbody>\n<tr>\n<td width=\"284\">\n<p>Tipo<\/p>\n<\/td>\n<td width=\"284\">\n<p>BJUCDPTH130<\/p>\n<\/td>\n<\/tr>\n<tr>\n<td width=\"284\">\n<p>Capacidad del tanque<\/p>\n<\/td>\n<td width=\"284\">\n<p>130L<\/p>\n<\/td>\n<\/tr>\n<tr>\n<td width=\"284\">\n<p>Potencia ultras\u00f3nica<\/p>\n<\/td>\n<td width=\"284\">\n<p>2160W<\/p>\n<\/td>\n<\/tr>\n<tr>\n<td width=\"284\">\n<p>Potencia de calentamiento<\/p>\n<\/td>\n<td width=\"284\">\n<p>3000W<\/p>\n<\/td>\n<\/tr>\n<tr>\n<td width=\"284\">\n<p>Frecuencia<\/p>\n<\/td>\n<td width=\"284\">\n<p>40KHZ\/28KHZ<\/p>\n<\/td>\n<\/tr>\n<tr>\n<td width=\"284\">\n<p>Temporizador<\/p>\n<\/td>\n<td width=\"284\">\n<p>0-30 mins<\/p>\n<\/td>\n<\/tr>\n<tr>\n<td width=\"284\">\n<p>Temperatura<\/p>\n<\/td>\n<td width=\"284\">\n<p>&lt; 80 \u00b0C<\/p>\n<\/td>\n<\/tr>\n<tr>\n<td width=\"284\">\n<p>Tama\u00f1o del tanque<\/p>\n<\/td>\n<td width=\"284\">\n<p>650*450*450 mm L*An*Al<\/p>\n<\/td>\n<\/tr>\n<tr>\n<td width=\"284\">\n<p>Tama\u00f1o de la m\u00e1quina<\/p>\n<\/td>\n<td width=\"284\">\n<p>750*500*720 mm L*An*Al<\/p>\n<\/td>\n<\/tr>\n<tr>\n<td width=\"284\">\n<p>Drenaje<\/p>\n<\/td>\n<td width=\"284\">\n<p>S\u00ed<\/p>\n<\/td>\n<\/tr>\n<tr>\n<td width=\"284\">\n<p>Tapa<\/p>\n<\/td>\n<td width=\"284\">\n<p>S\u00ed<\/p>\n<\/td>\n<\/tr>\n<tr>\n<td width=\"284\">\n<p>Peso unitario<\/p>\n<\/td>\n<td width=\"284\">\n<p>78kg<\/p>\n<\/td>\n<\/tr>\n<\/tbody>\n<\/table>\n<h3>Funciones<\/h3>\n<ul>\n<li>Temporizador: ajuste de 1 a 30 minutos.<\/li>\n<li>Temperatura: ajustable de 20 a 80\u2103;<\/li>\n<li>Tiempo: temperatura y potencia ajustables<\/li>\n<li>Panel de visualizaci\u00f3n: muestra el tiempo de trabajo y la temperatura.<\/li>\n<li>Material: el tanque y la m\u00e1quina son de acero inoxidable.<\/li>\n<li>Ventajas del producto: tanque de limpieza por estampado, soldadura sin defectos.<\/li>\n<li>Calidad de los componentes: uso de <a href=\"https:\/\/www.bjultrasonic.com\/es\/category\/ultrasonic-transducer-es\/\">transductores ultras\u00f3nicos<\/a> de alta calidad. Potencia fuerte.<\/li>\n<li>Alta calidad en el proceso de uni\u00f3n. El transductor ultras\u00f3nico se fija con adhesivo epoxi.<\/li>\n<li>Sistema de drenaje: los modelos de 6 litros y superiores est\u00e1n equipados con v\u00e1lvula de bola de drenaje.<\/li>\n<li>Sistema de refrigeraci\u00f3n: los de 10 litros o m\u00e1s est\u00e1n equipados con un ventilador de refrigeraci\u00f3n de alta eficiencia.<\/li>\n<\/ul>\n<p><img loading=\"lazy\" decoding=\"async\" class=\"alignnone size-full wp-image-19933\" src=\"https:\/\/www.bjultrasonic.com\/wp-content\/uploads\/2013\/01\/Power-Adjustable-Ultrasonic-Cleaner-Package-1.jpg\" alt=\"Paquete de Limpiador Ultras\u00f3nico con Potencia Ajustable\" width=\"742\" height=\"318\" \/><\/p>\n","protected":false},"excerpt":{"rendered":"<p><a href=\"https:\/\/www.bjultrasonic.com\/es\/category\/ultrasonic-cleaning-system-es\/power-adjustable-ultrasonic-cleaner-es\/\">Limpiador ultras\u00f3nico de potencia ajustable<\/a> con potencia, temporizador y temperatura ajustables del fabricante y proveedor de <a href=\"https:\/\/www.bjultrasonic.com\/es\/category\/ultrasonic-cleaning-system-es\/\">m\u00e1quinas de limpieza ultras\u00f3nica<\/a> Beijing Ultrasonic.<\/p>\n","protected":false},"featured_media":19928,"comment_status":"open","ping_status":"closed","template":"","meta":[],"product_brand":[],"product_cat":[6013],"product_tag":[],"class_list":{"0":"post-66245","1":"product","2":"type-product","3":"status-publish","4":"has-post-thumbnail","6":"product_cat-power-adjustable-ultrasonic-cleaner-es","8":"first","9":"instock","10":"shipping-taxable","11":"purchasable","12":"product-type-simple","13":"prodpage-classic"},"aioseo_notices":[],"_links":{"self":[{"href":"https:\/\/www.bjultrasonic.com\/es\/wp-json\/wp\/v2\/product\/66245","targetHints":{"allow":["GET"]}}],"collection":[{"href":"https:\/\/www.bjultrasonic.com\/es\/wp-json\/wp\/v2\/product"}],"about":[{"href":"https:\/\/www.bjultrasonic.com\/es\/wp-json\/wp\/v2\/types\/product"}],"replies":[{"embeddable":true,"href":"https:\/\/www.bjultrasonic.com\/es\/wp-json\/wp\/v2\/comments?post=66245"}],"wp:featuredmedia":[{"embeddable":true,"href":"https:\/\/www.bjultrasonic.com\/es\/wp-json\/wp\/v2\/media\/19928"}],"wp:attachment":[{"href":"https:\/\/www.bjultrasonic.com\/es\/wp-json\/wp\/v2\/media?parent=66245"}],"wp:term":[{"taxonomy":"product_brand","embeddable":true,"href":"https:\/\/www.bjultrasonic.com\/es\/wp-json\/wp\/v2\/product_brand?post=66245"},{"taxonomy":"product_cat","embeddable":true,"href":"https:\/\/www.bjultrasonic.com\/es\/wp-json\/wp\/v2\/product_cat?post=66245"},{"taxonomy":"product_tag","embeddable":true,"href":"https:\/\/www.bjultrasonic.com\/es\/wp-json\/wp\/v2\/product_tag?post=66245"}],"curies":[{"name":"wp","href":"https:\/\/api.w.org\/{rel}","templated":true}]}}