{"id":66425,"date":"2018-12-11T03:47:53","date_gmt":"2018-12-11T08:47:53","guid":{"rendered":"https:\/\/www.bjultrasonic.com\/shop\/3l-dual-frequency-ultrasonic-cleaner\/"},"modified":"2026-03-28T20:47:56","modified_gmt":"2026-03-29T01:47:56","slug":"3l-dual-frequency-ultrasonic-cleaner","status":"publish","type":"product","link":"https:\/\/www.bjultrasonic.com\/es\/shop\/3l-dual-frequency-ultrasonic-cleaner\/","title":{"rendered":"Limpieza ultras\u00f3nica digital de doble frecuencia 3L 28kHz y 40kHz con control de tiempo y temperatura"},"content":{"rendered":"<table class=\"table table-striped table-bordered\">\n<tbody>\n<tr>\n<td width=\"284\">\n<p>Tipo<\/p>\n<\/td>\n<td width=\"284\">\n<p>BJUCDTHD3<\/p>\n<\/td>\n<\/tr>\n<tr>\n<td width=\"284\">\n<p>Capacidad del Tanque<\/p>\n<\/td>\n<td width=\"284\">\n<p>3L<\/p>\n<\/td>\n<\/tr>\n<tr>\n<td width=\"284\">\n<p>Potencia Ultras\u00f3nica<\/p>\n<\/td>\n<td width=\"284\">\n<p>120W<\/p>\n<\/td>\n<\/tr>\n<tr>\n<td width=\"284\">\n<p>Potencia de Calentamiento<\/p>\n<\/td>\n<td width=\"284\">\n<p>100W<\/p>\n<\/td>\n<\/tr>\n<tr>\n<td width=\"284\">\n<p>Frecuencia<\/p>\n<\/td>\n<td width=\"284\">\n<p>28khz y 40khz<\/p>\n<\/td>\n<\/tr>\n<tr>\n<td width=\"284\">\n<p>Temporizador<\/p>\n<\/td>\n<td width=\"284\">\n<p>0-30 minutos<\/p>\n<\/td>\n<\/tr>\n<tr>\n<td width=\"284\">\n<p>Temperatura<\/p>\n<\/td>\n<td width=\"284\">\n<p>&lt; 80 Grados C<\/p>\n<\/td>\n<\/tr>\n<tr>\n<td width=\"284\">\n<p>Tama\u00f1o del Tanque<\/p>\n<\/td>\n<td width=\"284\">\n<p>240*135*100 mm L*An*Al<\/p>\n<\/td>\n<\/tr>\n<tr>\n<td width=\"284\">\n<p>Tama\u00f1o de la M\u00e1quina<\/p>\n<\/td>\n<td width=\"284\">\n<p>270*170*240 mm L*An*Al<\/p>\n<\/td>\n<\/tr>\n<tr>\n<td width=\"284\">\n<p>Drenaje<\/p>\n<\/td>\n<td width=\"284\">\n<p>NO<\/p>\n<\/td>\n<\/tr>\n<tr>\n<td width=\"284\">\n<p>Tapa<\/p>\n<\/td>\n<td width=\"284\">\n<p>S\u00ed<\/p>\n<\/td>\n<\/tr>\n<tr>\n<td width=\"284\">\n<p>Peso de la Unidad<\/p>\n<\/td>\n<td width=\"284\">\n<p>4kg<\/p>\n<\/td>\n<\/tr>\n<\/tbody>\n<\/table>\n<h3>Funciones Principales<\/h3>\n<ul>\n<li>Temporizador: Ajuste de 1-30 minutos.<\/li>\n<li>Temperatura: Ajuste de 20-80\u2103;<\/li>\n<li>Panel de visualizaci\u00f3n: Muestra el tiempo de trabajo y la temperatura.<\/li>\n<li>Material: El tanque y la m\u00e1quina son de acero inoxidable.<\/li>\n<li>Ventajas del producto: Tanque de limpieza por estampado, soldadura sin defectos.<\/li>\n<li>Calidad de los componentes: Uso de <a href=\"https:\/\/www.bjultrasonic.com\/es\/category\/ultrasonic-transducer-es\/\">transductor ultras\u00f3nico<\/a> de alta calidad. Potencia fuerte.<\/li>\n<li>Alta calidad del proceso de uni\u00f3n. El transductor ultras\u00f3nico se adhiere usando pegamento ep\u00f3xico.<\/li>\n<li>Sistema de drenaje: Los modelos de 6 litros y superiores est\u00e1n equipados con v\u00e1lvula de bola de drenaje.<\/li>\n<li>Sistema de enfriamiento: Los modelos de 10L o m\u00e1s est\u00e1n equipados con un ventilador de enfriamiento de alta eficiencia.<\/li>\n<\/ul>\n<p><img loading=\"lazy\" decoding=\"async\" src=\"https:\/\/www.bjultrasonic.com\/wp-content\/uploads\/2018\/12\/Dual-Frequency-Ultrasonic-Cleaner-Package-1.jpg\" alt=\"Dual Frequency Ultrasonic Cleaner Package-1\" width=\"600\" height=\"868\" \/><\/p>\n","protected":false},"excerpt":{"rendered":"<p><a href=\"https:\/\/www.bjultrasonic.com\/es\/category\/ultrasonic-cleaning-system-es\/dual-frequency-ultrasonic-cleaner-es\/\">Lavadora ultras\u00f3nica digital de doble frecuencia<\/a> con control de tiempo y temperatura.<\/p>\n","protected":false},"featured_media":19807,"comment_status":"open","ping_status":"closed","template":"","meta":[],"product_brand":[],"product_cat":[5912],"product_tag":[],"class_list":{"0":"post-66425","1":"product","2":"type-product","3":"status-publish","4":"has-post-thumbnail","6":"product_cat-dual-frequency-ultrasonic-cleaner-es","8":"first","9":"instock","10":"shipping-taxable","11":"purchasable","12":"product-type-simple","13":"prodpage-classic"},"aioseo_notices":[],"_links":{"self":[{"href":"https:\/\/www.bjultrasonic.com\/es\/wp-json\/wp\/v2\/product\/66425","targetHints":{"allow":["GET"]}}],"collection":[{"href":"https:\/\/www.bjultrasonic.com\/es\/wp-json\/wp\/v2\/product"}],"about":[{"href":"https:\/\/www.bjultrasonic.com\/es\/wp-json\/wp\/v2\/types\/product"}],"replies":[{"embeddable":true,"href":"https:\/\/www.bjultrasonic.com\/es\/wp-json\/wp\/v2\/comments?post=66425"}],"wp:featuredmedia":[{"embeddable":true,"href":"https:\/\/www.bjultrasonic.com\/es\/wp-json\/wp\/v2\/media\/19807"}],"wp:attachment":[{"href":"https:\/\/www.bjultrasonic.com\/es\/wp-json\/wp\/v2\/media?parent=66425"}],"wp:term":[{"taxonomy":"product_brand","embeddable":true,"href":"https:\/\/www.bjultrasonic.com\/es\/wp-json\/wp\/v2\/product_brand?post=66425"},{"taxonomy":"product_cat","embeddable":true,"href":"https:\/\/www.bjultrasonic.com\/es\/wp-json\/wp\/v2\/product_cat?post=66425"},{"taxonomy":"product_tag","embeddable":true,"href":"https:\/\/www.bjultrasonic.com\/es\/wp-json\/wp\/v2\/product_tag?post=66425"}],"curies":[{"name":"wp","href":"https:\/\/api.w.org\/{rel}","templated":true}]}}