{"id":66465,"date":"2018-12-11T02:39:14","date_gmt":"2018-12-11T07:39:14","guid":{"rendered":"https:\/\/www.bjultrasonic.com\/shop\/130l-120khz-ultrasonic-cleaner\/"},"modified":"2026-03-28T20:47:53","modified_gmt":"2026-03-29T01:47:53","slug":"130l-120khz-ultrasonic-cleaner","status":"publish","type":"product","link":"https:\/\/www.bjultrasonic.com\/es\/shop\/130l-120khz-ultrasonic-cleaner\/","title":{"rendered":"Limpiador ultras\u00f3nico digital de 130L a 120 kHz con control de tiempo, temperatura y potencia."},"content":{"rendered":"<table class=\"table table-striped table-bordered\">\n<tbody>\n<tr>\n<td width=\"284\">Tipo<\/td>\n<td width=\"284\">BJUCDPTH2130<\/td>\n<\/tr>\n<tr>\n<td width=\"284\">Capacidad del Tanque<\/td>\n<td width=\"284\">130L<\/td>\n<\/tr>\n<tr>\n<td width=\"284\">Potencia Ultras\u00f3nica<\/td>\n<td width=\"284\">2160W<\/td>\n<\/tr>\n<tr>\n<td width=\"284\">Potencia de Calentamiento<\/td>\n<td width=\"284\">3000W<\/td>\n<\/tr>\n<tr>\n<td width=\"284\">Frecuencia<\/td>\n<td width=\"284\">120KHZ<\/td>\n<\/tr>\n<tr>\n<td width=\"284\">Temporizador<\/td>\n<td width=\"284\">0-30 min<\/td>\n<\/tr>\n<tr>\n<td width=\"284\">Temperatura<\/td>\n<td width=\"284\">&lt; 80 \u00b0C<\/td>\n<\/tr>\n<tr>\n<td width=\"284\">Tama\u00f1o del Tanque<\/td>\n<td width=\"284\">650*450*450 mm L*A*H<\/td>\n<\/tr>\n<tr>\n<td width=\"284\">Tama\u00f1o de la M\u00e1quina<\/td>\n<td width=\"284\">750*500*720 mm L*A*H<\/td>\n<\/tr>\n<tr>\n<td width=\"284\">Desag\u00fce<\/td>\n<td width=\"284\">S\u00ed<\/td>\n<\/tr>\n<tr>\n<td width=\"284\">Tapa<\/td>\n<td width=\"284\">S\u00ed<\/td>\n<\/tr>\n<tr>\n<td width=\"284\">Peso de la Unidad<\/td>\n<td width=\"284\">95kg<\/td>\n<\/tr>\n<\/tbody>\n<\/table>\n<h3>Funciones Principales<\/h3>\n<ul>\n<li>Temporizador: Ajuste de 1-30 min.<\/li>\n<li>Temperatura: Ajuste de 20-80\u2103.<\/li>\n<li>Tiempo: Ajuste de temperatura y potencia.<\/li>\n<li>Panel de visualizaci\u00f3n: Muestra el tiempo de trabajo y la temperatura.<\/li>\n<li>Material: El tanque y la m\u00e1quina son de acero inoxidable.<\/li>\n<li>Ventajas del producto: Tanque de limpieza fabricado por estampado, soldadura perfecta.<\/li>\n<li>Calidad de los componentes: Utiliza transductor ultras\u00f3nico de alta calidad. Potencia fuerte.<\/li>\n<li>Alta calidad del proceso de uni\u00f3n. Se pega el transductor ultras\u00f3nico usando adhesivo epoxi.<\/li>\n<li>Sistema de refrigeraci\u00f3n: Los modelos de 10L o m\u00e1s est\u00e1n equipados con un ventilador de refrigeraci\u00f3n de alta eficiencia.<\/li>\n<\/ul>\n<p><img loading=\"lazy\" decoding=\"async\" src=\"https:\/\/www.bjultrasonic.com\/wp-content\/uploads\/2018\/12\/120kHz-Ultrasonic-Cleaner-Package.jpg\" alt=\"Paquete de Limpiador Ultras\u00f3nico 120kHz\" width=\"600\" height=\"863\" \/><\/p>\n","protected":false},"excerpt":{"rendered":"<p><a href=\"https:\/\/www.bjultrasonic.com\/es\/category\/ultrasonic-cleaning-system-es\/120khz-ultrasonic-cleaner-es\/\">Limpiador ultras\u00f3nico digital de 120 kHz<\/a> con control de tiempo, temperatura y potencia.<\/p>\n","protected":false},"featured_media":19787,"comment_status":"open","ping_status":"closed","template":"","meta":[],"product_brand":[],"product_cat":[5895],"product_tag":[],"class_list":{"0":"post-66465","1":"product","2":"type-product","3":"status-publish","4":"has-post-thumbnail","6":"product_cat-120khz-ultrasonic-cleaner-es","8":"first","9":"instock","10":"shipping-taxable","11":"purchasable","12":"product-type-simple","13":"prodpage-classic"},"aioseo_notices":[],"_links":{"self":[{"href":"https:\/\/www.bjultrasonic.com\/es\/wp-json\/wp\/v2\/product\/66465","targetHints":{"allow":["GET"]}}],"collection":[{"href":"https:\/\/www.bjultrasonic.com\/es\/wp-json\/wp\/v2\/product"}],"about":[{"href":"https:\/\/www.bjultrasonic.com\/es\/wp-json\/wp\/v2\/types\/product"}],"replies":[{"embeddable":true,"href":"https:\/\/www.bjultrasonic.com\/es\/wp-json\/wp\/v2\/comments?post=66465"}],"wp:featuredmedia":[{"embeddable":true,"href":"https:\/\/www.bjultrasonic.com\/es\/wp-json\/wp\/v2\/media\/19787"}],"wp:attachment":[{"href":"https:\/\/www.bjultrasonic.com\/es\/wp-json\/wp\/v2\/media?parent=66465"}],"wp:term":[{"taxonomy":"product_brand","embeddable":true,"href":"https:\/\/www.bjultrasonic.com\/es\/wp-json\/wp\/v2\/product_brand?post=66465"},{"taxonomy":"product_cat","embeddable":true,"href":"https:\/\/www.bjultrasonic.com\/es\/wp-json\/wp\/v2\/product_cat?post=66465"},{"taxonomy":"product_tag","embeddable":true,"href":"https:\/\/www.bjultrasonic.com\/es\/wp-json\/wp\/v2\/product_tag?post=66465"}],"curies":[{"name":"wp","href":"https:\/\/api.w.org\/{rel}","templated":true}]}}