{"id":66585,"date":"2018-12-11T02:38:31","date_gmt":"2018-12-11T07:38:31","guid":{"rendered":"https:\/\/www.bjultrasonic.com\/shop\/14l-120khz-ultrasonic-cleaner\/"},"modified":"2026-03-28T20:46:37","modified_gmt":"2026-03-29T01:46:37","slug":"14l-120khz-ultrasonic-cleaner","status":"publish","type":"product","link":"https:\/\/www.bjultrasonic.com\/es\/shop\/14l-120khz-ultrasonic-cleaner\/","title":{"rendered":"Limpiador ultras\u00f3nico digital de 14L a 120 kHz con control de tiempo, temperatura y potencia"},"content":{"rendered":"<table class=\"table table-striped table-bordered\">\n<tbody>\n<tr>\n<td width=\"284\">Tipo<\/td>\n<td width=\"284\">BJUCDPTH214<\/td>\n<\/tr>\n<tr>\n<td width=\"284\">Capacidad del tanque<\/td>\n<td width=\"284\">14L<\/td>\n<\/tr>\n<tr>\n<td width=\"284\">Potencia ultras\u00f3nica<\/td>\n<td width=\"284\">360W<\/td>\n<\/tr>\n<tr>\n<td width=\"284\">Potencia de calentamiento<\/td>\n<td width=\"284\">500W<\/td>\n<\/tr>\n<tr>\n<td width=\"284\">Frecuencia<\/td>\n<td width=\"284\">120KHZ<\/td>\n<\/tr>\n<tr>\n<td width=\"284\">Temporizador<\/td>\n<td width=\"284\">0-30 minutos<\/td>\n<\/tr>\n<tr>\n<td width=\"284\">Temperatura<\/td>\n<td width=\"284\">&lt; 80 Grados C<\/td>\n<\/tr>\n<tr>\n<td width=\"284\">Tama\u00f1o del tanque<\/td>\n<td width=\"284\">300*240*200 mm L*An*Al<\/td>\n<\/tr>\n<tr>\n<td width=\"284\">Tama\u00f1o de la m\u00e1quina<\/td>\n<td width=\"284\">400*300*380 mm L*An*Al<\/td>\n<\/tr>\n<tr>\n<td width=\"284\">Drenaje<\/td>\n<td width=\"284\">S\u00ed<\/td>\n<\/tr>\n<tr>\n<td width=\"284\">Tapa<\/td>\n<td width=\"284\">S\u00ed<\/td>\n<\/tr>\n<tr>\n<td width=\"284\">Peso unitario<\/td>\n<td width=\"284\">16kg<\/td>\n<\/tr>\n<\/tbody>\n<\/table>\n<h3>Funciones principales<\/h3>\n<ul>\n<li>Temporizador: ajuste de 1 a 30 minutos.<\/li>\n<li>Temperatura: ajuste de 20 a 80\u2103.<\/li>\n<li>Tiempo: ajuste de temperatura y potencia.<\/li>\n<li>Panel de visualizaci\u00f3n: muestra el tiempo de trabajo y la temperatura.<\/li>\n<li>Material: tanto el tanque como la m\u00e1quina son de acero inoxidable.<\/li>\n<li>Ventajas del producto: tanque de limpieza por estampado, soldadura sin defectos.<\/li>\n<li>Calidad de los componentes: utiliza transductor ultras\u00f3nico de alta calidad. Potencia fuerte.<\/li>\n<li>Alta calidad del proceso de uni\u00f3n. El transductor ultras\u00f3nico se fija con adhesivo epoxi.<\/li>\n<li>Sistema de refrigeraci\u00f3n: los modelos de 10L o m\u00e1s llevan instalado un ventilador de refrigeraci\u00f3n de alta eficiencia.<\/li>\n<\/ul>\n<p><img loading=\"lazy\" decoding=\"async\" src=\"https:\/\/www.bjultrasonic.com\/wp-content\/uploads\/2018\/12\/120kHz-Ultrasonic-Cleaner-Package.jpg\" alt=\"Paquete del limpiador ultras\u00f3nico de 120kHz\" width=\"600\" height=\"863\" \/><\/p>\n","protected":false},"excerpt":{"rendered":"<p><a href=\"https:\/\/www.bjultrasonic.com\/es\/category\/ultrasonic-cleaning-system-es\/120khz-ultrasonic-cleaner-es\/\">Limpiador ultras\u00f3nico digital de 120 kHz<\/a> con control de tiempo, temperatura y potencia.<\/p>\n","protected":false},"featured_media":19746,"comment_status":"open","ping_status":"closed","template":"","meta":[],"product_brand":[],"product_cat":[5895],"product_tag":[],"class_list":{"0":"post-66585","1":"product","2":"type-product","3":"status-publish","4":"has-post-thumbnail","6":"product_cat-120khz-ultrasonic-cleaner-es","8":"first","9":"instock","10":"shipping-taxable","11":"purchasable","12":"product-type-simple","13":"prodpage-classic"},"aioseo_notices":[],"_links":{"self":[{"href":"https:\/\/www.bjultrasonic.com\/es\/wp-json\/wp\/v2\/product\/66585","targetHints":{"allow":["GET"]}}],"collection":[{"href":"https:\/\/www.bjultrasonic.com\/es\/wp-json\/wp\/v2\/product"}],"about":[{"href":"https:\/\/www.bjultrasonic.com\/es\/wp-json\/wp\/v2\/types\/product"}],"replies":[{"embeddable":true,"href":"https:\/\/www.bjultrasonic.com\/es\/wp-json\/wp\/v2\/comments?post=66585"}],"wp:featuredmedia":[{"embeddable":true,"href":"https:\/\/www.bjultrasonic.com\/es\/wp-json\/wp\/v2\/media\/19746"}],"wp:attachment":[{"href":"https:\/\/www.bjultrasonic.com\/es\/wp-json\/wp\/v2\/media?parent=66585"}],"wp:term":[{"taxonomy":"product_brand","embeddable":true,"href":"https:\/\/www.bjultrasonic.com\/es\/wp-json\/wp\/v2\/product_brand?post=66585"},{"taxonomy":"product_cat","embeddable":true,"href":"https:\/\/www.bjultrasonic.com\/es\/wp-json\/wp\/v2\/product_cat?post=66585"},{"taxonomy":"product_tag","embeddable":true,"href":"https:\/\/www.bjultrasonic.com\/es\/wp-json\/wp\/v2\/product_tag?post=66585"}],"curies":[{"name":"wp","href":"https:\/\/api.w.org\/{rel}","templated":true}]}}