{"id":66745,"date":"2018-12-09T21:33:43","date_gmt":"2018-12-10T02:33:43","guid":{"rendered":"https:\/\/www.bjultrasonic.com\/shop\/14l-80khz-ultrasonic-cleaner\/"},"modified":"2026-03-28T20:45:10","modified_gmt":"2026-03-29T01:45:10","slug":"14l-80khz-ultrasonic-cleaner","status":"publish","type":"product","link":"https:\/\/www.bjultrasonic.com\/es\/shop\/14l-80khz-ultrasonic-cleaner\/","title":{"rendered":"Limpieza ultras\u00f3nica digital de 14L a 80 kHz con control de tiempo, temperatura y potencia."},"content":{"rendered":"<table class=\"table table-striped table-bordered\">\n<tbody>\n<tr>\n<td width=\"284\">Tipo<\/td>\n<td width=\"284\">BJUCDPTH814<\/td>\n<\/tr>\n<tr>\n<td width=\"284\">Capacidad del Tanque<\/td>\n<td width=\"284\">14L<\/td>\n<\/tr>\n<tr>\n<td width=\"284\">Potencia Ultras\u00f3nica<\/td>\n<td width=\"284\">360W<\/td>\n<\/tr>\n<tr>\n<td width=\"284\">Potencia de Calentamiento<\/td>\n<td width=\"284\">500W<\/td>\n<\/tr>\n<tr>\n<td width=\"284\">Frecuencia<\/td>\n<td width=\"284\">80KHZ<\/td>\n<\/tr>\n<tr>\n<td width=\"284\">Temporizador<\/td>\n<td width=\"284\">0-30 mins<\/td>\n<\/tr>\n<tr>\n<td width=\"284\">Temperatura<\/td>\n<td width=\"284\">&lt; 80 Grados C<\/td>\n<\/tr>\n<tr>\n<td width=\"284\">Tama\u00f1o del Tanque<\/td>\n<td width=\"284\">300*240*200 mm L*A*H<\/td>\n<\/tr>\n<tr>\n<td width=\"284\">Tama\u00f1o de la M\u00e1quina<\/td>\n<td width=\"284\">400*300*380 mm L*A*H<\/td>\n<\/tr>\n<tr>\n<td width=\"284\">Drenaje<\/td>\n<td width=\"284\">S\u00ed<\/td>\n<\/tr>\n<tr>\n<td width=\"284\">Tapa<\/td>\n<td width=\"284\">S\u00ed<\/td>\n<\/tr>\n<tr>\n<td width=\"284\">Peso Unitario<\/td>\n<td width=\"284\">16kg<\/td>\n<\/tr>\n<\/tbody>\n<\/table>\n<h3>Funciones Principales del Limpiador Ultras\u00f3nico de 80kHz<\/h3>\n<ul>\n<li>Temporizador: Ajuste de 1-30 minutos.<\/li>\n<li>Temperatura: Ajuste de 20-80\u2103;<\/li>\n<li>Ajuste de tiempo, temperatura y potencia<\/li>\n<li>Panel de Visualizaci\u00f3n: Muestra el tiempo de trabajo y la temperatura.<\/li>\n<li>Material: El tanque y la m\u00e1quina son de acero inoxidable.<\/li>\n<li>Ventajas del producto: tanque de limpieza por estampado, soldadura sin defectos.<\/li>\n<li>Calidad de los componentes: Uso de transductor ultras\u00f3nico de alta calidad. Potencia fuerte.<\/li>\n<li>Alta calidad del proceso de uni\u00f3n. El transductor ultras\u00f3nico se pega con adhesivo epoxi.<\/li>\n<li>Sistema de drenaje: Los modelos de 6 litros y superiores est\u00e1n equipados con v\u00e1lvula de bola de drenaje.<\/li>\n<li>Sistema de refrigeraci\u00f3n: Los modelos de 10L o m\u00e1s est\u00e1n equipados con un ventilador de refrigeraci\u00f3n de alta eficiencia.<\/li>\n<\/ul>\n<p><img loading=\"lazy\" decoding=\"async\" src=\"https:\/\/www.bjultrasonic.com\/wp-content\/uploads\/2018\/12\/80kHz-Ultrasonic-Cleaner-Package.jpg\" alt=\"Limpiador Ultras\u00f3nico de 80kHz\" width=\"600\" height=\"868\" \/><\/p>\n","protected":false},"excerpt":{"rendered":"<p><a href=\"https:\/\/www.bjultrasonic.com\/es\/category\/ultrasonic-cleaning-system-es\/80khz-ultrasonic-cleaner-es\/\">Limpiador ultras\u00f3nico digital de 80kHz<\/a> con control de tiempo, temperatura y potencia, ampliamente utilizado para limpiar joyas, relojes, collares, aretes, anillos, pulseras, monedas, correas de reloj, gafas, gafas de sol, accesorios de lentes de contacto, dentaduras postizas, peines, cepillos de dientes, vajillas, etc.<\/p>\n","protected":false},"featured_media":19686,"comment_status":"open","ping_status":"closed","template":"","meta":[],"product_brand":[],"product_cat":[5868],"product_tag":[],"class_list":{"0":"post-66745","1":"product","2":"type-product","3":"status-publish","4":"has-post-thumbnail","6":"product_cat-80khz-ultrasonic-cleaner-es","8":"first","9":"instock","10":"featured","11":"shipping-taxable","12":"purchasable","13":"product-type-simple","14":"prodpage-classic"},"aioseo_notices":[],"_links":{"self":[{"href":"https:\/\/www.bjultrasonic.com\/es\/wp-json\/wp\/v2\/product\/66745","targetHints":{"allow":["GET"]}}],"collection":[{"href":"https:\/\/www.bjultrasonic.com\/es\/wp-json\/wp\/v2\/product"}],"about":[{"href":"https:\/\/www.bjultrasonic.com\/es\/wp-json\/wp\/v2\/types\/product"}],"replies":[{"embeddable":true,"href":"https:\/\/www.bjultrasonic.com\/es\/wp-json\/wp\/v2\/comments?post=66745"}],"wp:featuredmedia":[{"embeddable":true,"href":"https:\/\/www.bjultrasonic.com\/es\/wp-json\/wp\/v2\/media\/19686"}],"wp:attachment":[{"href":"https:\/\/www.bjultrasonic.com\/es\/wp-json\/wp\/v2\/media?parent=66745"}],"wp:term":[{"taxonomy":"product_brand","embeddable":true,"href":"https:\/\/www.bjultrasonic.com\/es\/wp-json\/wp\/v2\/product_brand?post=66745"},{"taxonomy":"product_cat","embeddable":true,"href":"https:\/\/www.bjultrasonic.com\/es\/wp-json\/wp\/v2\/product_cat?post=66745"},{"taxonomy":"product_tag","embeddable":true,"href":"https:\/\/www.bjultrasonic.com\/es\/wp-json\/wp\/v2\/product_tag?post=66745"}],"curies":[{"name":"wp","href":"https:\/\/api.w.org\/{rel}","templated":true}]}}