{"id":66825,"date":"2018-08-16T05:43:28","date_gmt":"2018-08-16T10:43:28","guid":{"rendered":"https:\/\/www.bjultrasonic.com\/shop\/ultrasonic-atomizing-transducer-bja-900\/"},"modified":"2026-03-28T20:44:19","modified_gmt":"2026-03-29T01:44:19","slug":"ultrasonic-atomizing-transducer-bja-900","status":"publish","type":"product","link":"https:\/\/www.bjultrasonic.com\/es\/shop\/ultrasonic-atomizing-transducer-bja-900\/","title":{"rendered":"900ML 3 Cabezas Creador de Niebla Ultras\u00f3nico Nebulizador Fuente de Agua"},"content":{"rendered":"<table class=\"table table-striped table-bordered\">\n<tbody>\n<tr>\n<td width=\"284\">Tipo<\/td>\n<td width=\"284\">BJA900<\/td>\n<\/tr>\n<tr>\n<td width=\"284\">Cantidad de atomizaci\u00f3n<\/td>\n<td width=\"284\">&gt;900ML<\/td>\n<\/tr>\n<tr>\n<td width=\"284\">Tama\u00f1o<\/td>\n<td width=\"284\">68mm de di\u00e1metro, 27mm de altura<\/td>\n<\/tr>\n<tr>\n<td width=\"284\">Frecuencia de trabajo<\/td>\n<td width=\"284\">1700\u00b150(KHZ)<\/td>\n<\/tr>\n<tr>\n<td width=\"284\">Di\u00e1metro de la cer\u00e1mica piezoel\u00e9ctrica<\/td>\n<td width=\"284\">20mm<\/td>\n<\/tr>\n<tr>\n<td width=\"284\">Temperatura de trabajo<\/td>\n<td width=\"284\">1\uff5e45\u2103<\/td>\n<\/tr>\n<tr>\n<td width=\"284\">Nivel de agua<\/td>\n<td width=\"284\">40mm-80mm<\/td>\n<\/tr>\n<tr>\n<td width=\"284\">Voltaje de trabajo<\/td>\n<td width=\"284\">36V AC<\/td>\n<\/tr>\n<tr>\n<td width=\"284\">Corriente de trabajo<\/td>\n<td width=\"284\">2.2A<\/td>\n<\/tr>\n<tr>\n<td width=\"284\">Potencia:<\/td>\n<td width=\"284\">60W<\/td>\n<\/tr>\n<tr>\n<td width=\"284\">Material<\/td>\n<td width=\"284\">Cobre y acero inoxidable<\/td>\n<\/tr>\n<tr>\n<td width=\"284\">LED<\/td>\n<td width=\"284\">uno<\/td>\n<\/tr>\n<tr>\n<td width=\"284\">Sensor de nivel de agua<\/td>\n<td width=\"284\">Altura 12mm<\/td>\n<\/tr>\n<tr>\n<td width=\"284\">Cable<\/td>\n<td width=\"284\">Longitud 5m<\/td>\n<\/tr>\n<tr>\n<td width=\"284\">Voltaje de entrada<\/td>\n<td width=\"284\">AC 220V\/50HZ<\/p>\n<p>120V\/60HZ<\/td>\n<\/tr>\n<\/tbody>\n<\/table>\n<h3>Funciones Principales<\/h3>\n<ul>\n<li>Carcasa de cobre, niquelada y con recubrimiento de cadmio, buena disipaci\u00f3n de calor.<\/li>\n<li>Funci\u00f3n de protecci\u00f3n por falta de agua y flotaci\u00f3n en el agua, flota autom\u00e1ticamente en el agua.<\/li>\n<li>Aplicable para niebla industrial, agr\u00edcola, paisaj\u00edstica, etc.<\/li>\n<li>Con luces de colores y luces individuales.<\/li>\n<li>Gran cantidad de atomizaci\u00f3n; rendimiento estable; larga vida \u00fatil;<\/li>\n<\/ul>\n<h3>V\u00eddeo<\/h3>\n<p><iframe loading=\"lazy\" title=\"900ml 3 Head Ultrasonic Mist Maker Fogger Water Fountain\" width=\"500\" height=\"281\" src=\"https:\/\/www.youtube.com\/embed\/Zc07JpAh8ic?feature=oembed\" frameborder=\"0\" allow=\"accelerometer; autoplay; clipboard-write; encrypted-media; gyroscope; picture-in-picture; web-share\" referrerpolicy=\"strict-origin-when-cross-origin\" allowfullscreen><\/iframe><\/p>\n<p><iframe loading=\"lazy\" title=\"Ultrasonic Humidifier\" width=\"500\" height=\"281\" src=\"https:\/\/www.youtube.com\/embed\/videoseries?list=PLLrjMYkO0_NEpofnqW3MnsGQ-KMwpBJul\" frameborder=\"0\" allow=\"accelerometer; autoplay; clipboard-write; encrypted-media; gyroscope; picture-in-picture; web-share\" referrerpolicy=\"strict-origin-when-cross-origin\" allowfullscreen><\/iframe><\/p>\n<h3>Preguntas Frecuentes<\/h3>\n<p><strong>1. \u00bfPodemos ajustar la cantidad de atomizaci\u00f3n?<\/strong><\/p>\n<p>No, solo se puede cambiar mediante el nivel de agua.<\/p>\n<p><strong>2. \u00bfPodemos apagar el LED (si lo tiene)?<\/strong><\/p>\n<p>No. Es mejor elegir un atomizador ultras\u00f3nico sin LED para interiores.<\/p>\n<p><strong>3. \u00bfHace ruido?<\/strong><\/p>\n<p>No. La mayor\u00eda de los <a href=\"https:\/\/www.bjultrasonic.com\/es\/category\/ultrasonic-atomizer-es\/\">humidificadores ultras\u00f3nicos<\/a> tienden a operar m\u00e1s silenciosamente que otros modelos. Esto se debe a que no tienen ventilador, como suelen tener los humidificadores evaporativos. Esto mantiene bajos los niveles de ruido.<\/p>\n<p><strong>4. \u00bfPuede haber fugas de electricidad?<\/strong><\/p>\n<p>El principio del atomizador ultras\u00f3nico es que la vibraci\u00f3n ultras\u00f3nica genera niebla, no toque el atomizador con la mano cuando est\u00e9 funcionando, podr\u00eda sentir una sensaci\u00f3n de pinchazo, pero no es electricidad.<\/p>\n<h3>Consideraciones Generales<\/h3>\n<ol>\n<li>Por favor, no voltee el atomizador boca abajo despu\u00e9s de encender la alimentaci\u00f3n, ya que esto da\u00f1ar\u00e1 el atomizador.<\/li>\n<li>Por favor, no lo use durante mucho tiempo o m\u00e1s de 10 horas.<\/li>\n<li>No toque la placa atomizadora cuando el atomizador est\u00e9 en funcionamiento.<\/li>\n<li>Asegure la calidad del agua. Por favor, use agua del grifo limpia. (El deterioro de la calidad del agua afectar\u00e1 la vida \u00fatil)<\/li>\n<li>Por favor, corte la alimentaci\u00f3n antes de mover o reparar.<\/li>\n<li>Las <a href=\"https:\/\/www.bjultrasonic.com\/es\/category\/piezoelectric-ceramic-es\/\">cer\u00e1micas piezoel\u00e9ctricas<\/a> atomizadas pertenecen a consumibles cuya vida \u00fatil es de m\u00e1s de 3600 horas. Si la capacidad de nebulizaci\u00f3n del atomizador se reduce significativamente, por favor limpie la cer\u00e1mica piezoel\u00e9ctrica atomizada (sin ning\u00fan detergente) con un hisopo de algod\u00f3n para mantenerla limpia. Si la cantidad de atomizaci\u00f3n sigue siendo peque\u00f1a despu\u00e9s de la limpieza, por favor reemplace una cer\u00e1mica piezoel\u00e9ctrica de atomizaci\u00f3n. (se sugiere comprar la cer\u00e1mica piezoel\u00e9ctrica de atomizaci\u00f3n junto con el equipo)<\/li>\n<\/ol>\n<p><img loading=\"lazy\" decoding=\"async\" src=\"https:\/\/www.bjultrasonic.com\/wp-content\/uploads\/2018\/08\/Ultrasonic-Humidifier-with-LED.jpg\" alt=\"Ultrasonic-Humidifier-with-LED\" width=\"670\" height=\"925\" \/><\/p>\n","protected":false},"excerpt":{"rendered":"<p><a href=\"https:\/\/www.bjultrasonic.com\/es\/category\/ultrasonic-atomizer-es\/\">Humidificador ultras\u00f3nico<\/a> utiliza energ\u00eda ultras\u00f3nica para transformar l\u00edquidos en part\u00edculas similares a nubes. El humidificador ultras\u00f3nico tambi\u00e9n se denomina <a href=\"https:\/\/www.bjultrasonic.com\/es\/shop\/ultrasonic-atomizing-transducer\/\">atomizador ultras\u00f3nico<\/a>, generador de niebla ultras\u00f3nico, nebulizador ultras\u00f3nico.<\/p>\n","protected":false},"featured_media":19512,"comment_status":"open","ping_status":"closed","template":"","meta":[],"product_brand":[],"product_cat":[6208],"product_tag":[],"class_list":{"0":"post-66825","1":"product","2":"type-product","3":"status-publish","4":"has-post-thumbnail","6":"product_cat-ultrasonic-atomizer-es","8":"first","9":"instock","10":"shipping-taxable","11":"purchasable","12":"product-type-simple","13":"prodpage-classic"},"aioseo_notices":[],"_links":{"self":[{"href":"https:\/\/www.bjultrasonic.com\/es\/wp-json\/wp\/v2\/product\/66825","targetHints":{"allow":["GET"]}}],"collection":[{"href":"https:\/\/www.bjultrasonic.com\/es\/wp-json\/wp\/v2\/product"}],"about":[{"href":"https:\/\/www.bjultrasonic.com\/es\/wp-json\/wp\/v2\/types\/product"}],"replies":[{"embeddable":true,"href":"https:\/\/www.bjultrasonic.com\/es\/wp-json\/wp\/v2\/comments?post=66825"}],"wp:featuredmedia":[{"embeddable":true,"href":"https:\/\/www.bjultrasonic.com\/es\/wp-json\/wp\/v2\/media\/19512"}],"wp:attachment":[{"href":"https:\/\/www.bjultrasonic.com\/es\/wp-json\/wp\/v2\/media?parent=66825"}],"wp:term":[{"taxonomy":"product_brand","embeddable":true,"href":"https:\/\/www.bjultrasonic.com\/es\/wp-json\/wp\/v2\/product_brand?post=66825"},{"taxonomy":"product_cat","embeddable":true,"href":"https:\/\/www.bjultrasonic.com\/es\/wp-json\/wp\/v2\/product_cat?post=66825"},{"taxonomy":"product_tag","embeddable":true,"href":"https:\/\/www.bjultrasonic.com\/es\/wp-json\/wp\/v2\/product_tag?post=66825"}],"curies":[{"name":"wp","href":"https:\/\/api.w.org\/{rel}","templated":true}]}}