{"id":66865,"date":"2018-08-16T05:35:53","date_gmt":"2018-08-16T10:35:53","guid":{"rendered":"https:\/\/www.bjultrasonic.com\/shop\/ultrasonic-atomizing-transducer-bja500-12\/"},"modified":"2026-03-28T20:44:16","modified_gmt":"2026-03-29T01:44:16","slug":"ultrasonic-atomizing-transducer-bja500-12","status":"publish","type":"product","link":"https:\/\/www.bjultrasonic.com\/es\/shop\/ultrasonic-atomizing-transducer-bja500-12\/","title":{"rendered":"500ML Ultrasonic Mist Maker Humidificador 12PCs LED"},"content":{"rendered":"<table class=\"table table-striped table-bordered\">\n<tbody>\n<tr>\n<td width=\"214\">Tipo<\/td>\n<td width=\"413\">BJA500-12<\/td>\n<\/tr>\n<tr>\n<td width=\"214\">Cantidad de atomizaci\u00f3n<\/td>\n<td width=\"413\">&gt;500ML<\/td>\n<\/tr>\n<tr>\n<td width=\"214\">Tama\u00f1o<\/td>\n<td width=\"413\">Di\u00e1metro 46mm * Altura 25mm<\/td>\n<\/tr>\n<tr>\n<td width=\"214\">Frecuencia de trabajo<\/td>\n<td width=\"413\">1700\u00b150(KHZ)<\/td>\n<\/tr>\n<tr>\n<td width=\"214\">Di\u00e1metro de la cer\u00e1mica piezoel\u00e9ctrica<\/td>\n<td width=\"413\">20mm<\/td>\n<\/tr>\n<tr>\n<td width=\"214\">Temperatura de trabajo<\/td>\n<td width=\"413\">5\uff5e45\u2103<\/td>\n<\/tr>\n<tr>\n<td width=\"214\">Nivel de agua<\/td>\n<td width=\"413\">40mm-60mm<\/td>\n<\/tr>\n<tr>\n<td width=\"214\">Voltaje de trabajo<\/td>\n<td width=\"413\">24V AC\/DC 700MA<\/td>\n<\/tr>\n<tr>\n<td width=\"214\">Potencia:<\/td>\n<td width=\"413\">24W<\/td>\n<\/tr>\n<tr>\n<td width=\"214\">Material<\/td>\n<td width=\"413\">Pl\u00e1stico<\/td>\n<\/tr>\n<tr>\n<td width=\"214\">LED<\/td>\n<td width=\"413\">12 LED<\/p>\n<p>Cambio autom\u00e1tico de color Dream7<\/td>\n<\/tr>\n<tr>\n<td width=\"214\">Sensor de nivel de agua<\/td>\n<td width=\"413\">Altura 12mm<\/td>\n<\/tr>\n<tr>\n<td width=\"214\">Cable<\/td>\n<td width=\"413\">PVC negro 3.8mm Longitud 1400\u00b120mm<\/td>\n<\/tr>\n<tr>\n<td width=\"214\">Enchufe<\/td>\n<td width=\"413\">Toma 5.5*2.5mm<\/td>\n<\/tr>\n<\/tbody>\n<\/table>\n<h3>V\u00eddeo<\/h3>\n<p><iframe loading=\"lazy\" title=\"500ml Ultrasonic Mist Maker Humidifier 12PCs LED\" width=\"500\" height=\"281\" src=\"https:\/\/www.youtube.com\/embed\/ObKWUsnUC4Y?feature=oembed\" frameborder=\"0\" allow=\"accelerometer; autoplay; clipboard-write; encrypted-media; gyroscope; picture-in-picture; web-share\" referrerpolicy=\"strict-origin-when-cross-origin\" allowfullscreen><\/iframe><\/p>\n<p><iframe loading=\"lazy\" title=\"Ultrasonic Humidifier\" width=\"500\" height=\"281\" src=\"https:\/\/www.youtube.com\/embed\/videoseries?list=PLLrjMYkO0_NEpofnqW3MnsGQ-KMwpBJul\" frameborder=\"0\" allow=\"accelerometer; autoplay; clipboard-write; encrypted-media; gyroscope; picture-in-picture; web-share\" referrerpolicy=\"strict-origin-when-cross-origin\" allowfullscreen><\/iframe><\/p>\n<h3>Preguntas frecuentes<\/h3>\n<p><strong>1. \u00bfPodemos ajustar la cantidad de atomizaci\u00f3n?<\/strong><\/p>\n<p>No, solo se puede cambiar mediante el nivel de agua.<\/p>\n<p><strong>2. \u00bfPodemos apagar el LED (si lo tiene)?<\/strong><\/p>\n<p>No. Es mejor elegir un atomizador ultras\u00f3nico sin LED para interiores.<\/p>\n<p><strong>3. \u00bfHace ruido?<\/strong><\/p>\n<p>No. La mayor\u00eda de los <a href=\"https:\/\/www.bjultrasonic.com\/es\/category\/ultrasonic-atomizer-es\/\">humidificadores ultras\u00f3nicos<\/a> tienden a funcionar de manera m\u00e1s silenciosa que otros modelos. Esto se debe a que no tienen ventilador, como suelen tener los humidificadores evaporativos. Esto mantiene bajos los niveles de ruido.<\/p>\n<p><strong>4. \u00bfPuede tener fugas de electricidad?<\/strong><\/p>\n<p>El principio del atomizador ultras\u00f3nico es que la vibraci\u00f3n ultras\u00f3nica genera niebla. No toque el atomizador con la mano cuando est\u00e9 funcionando, podr\u00eda tener una sensaci\u00f3n de hormigueo, pero no es electricidad.<\/p>\n<h3>Consideraciones generales<\/h3>\n<ol>\n<li>No voltee el atomizador boca abajo despu\u00e9s de encender la alimentaci\u00f3n, ya que esto da\u00f1ar\u00e1 el atomizador.<\/li>\n<li>No lo use durante mucho tiempo o m\u00e1s de 10 horas seguidas.<\/li>\n<li>No toque la placa atomizadora cuando el atomizador est\u00e9 en funcionamiento.<\/li>\n<li>Asegure la calidad del agua. Utilice agua del grifo limpia. (El deterioro de la calidad del agua afectar\u00e1 la vida \u00fatil)<\/li>\n<li>Desconecte la alimentaci\u00f3n antes de mover o reparar.<\/li>\n<li>Las <a href=\"https:\/\/www.bjultrasonic.com\/es\/category\/piezoelectric-ceramic-es\/\">cer\u00e1micas piezoel\u00e9ctricas<\/a> atomizadas pertenecen a consumibles cuya vida \u00fatil es superior a 3600 horas. Si la capacidad de nebulizaci\u00f3n del atomizador se reduce significativamente, limpie la cer\u00e1mica piezoel\u00e9ctrica atomizada (sin ning\u00fan detergente) con un hisopo de algod\u00f3n para mantenerla limpia. Si la cantidad de atomizaci\u00f3n sigue siendo peque\u00f1a despu\u00e9s de la limpieza, reemplace la cer\u00e1mica piezoel\u00e9ctrica de atomizaci\u00f3n. (Se sugiere comprar la cer\u00e1mica piezoel\u00e9ctrica de atomizaci\u00f3n junto con el producto)<\/li>\n<\/ol>\n<p><img loading=\"lazy\" decoding=\"async\" src=\"https:\/\/www.bjultrasonic.com\/wp-content\/uploads\/2018\/08\/Ultrasonic-Humidifier-with-LED.jpg\" alt=\"Ultrasonic-Humidifier-with-LED\" width=\"670\" height=\"925\" \/><\/p>\n","protected":false},"excerpt":{"rendered":"<p><a href=\"https:\/\/www.bjultrasonic.com\/es\/category\/ultrasonic-atomizer-es\/\">Humidificador ultras\u00f3nico<\/a> utiliza energ\u00eda ultras\u00f3nica para transformar l\u00edquidos en part\u00edculas similares a nubes. El humidificador ultras\u00f3nico tambi\u00e9n se denomina <a href=\"https:\/\/www.bjultrasonic.com\/es\/shop\/ultrasonic-atomizing-transducer\/\">atomizador ultras\u00f3nico<\/a>, creador de niebla ultras\u00f3nico, nebulizador ultras\u00f3nico.<\/p>\n","protected":false},"featured_media":19505,"comment_status":"open","ping_status":"closed","template":"","meta":[],"product_brand":[],"product_cat":[6208],"product_tag":[],"class_list":{"0":"post-66865","1":"product","2":"type-product","3":"status-publish","4":"has-post-thumbnail","6":"product_cat-ultrasonic-atomizer-es","8":"first","9":"instock","10":"shipping-taxable","11":"purchasable","12":"product-type-simple","13":"prodpage-classic"},"aioseo_notices":[],"_links":{"self":[{"href":"https:\/\/www.bjultrasonic.com\/es\/wp-json\/wp\/v2\/product\/66865","targetHints":{"allow":["GET"]}}],"collection":[{"href":"https:\/\/www.bjultrasonic.com\/es\/wp-json\/wp\/v2\/product"}],"about":[{"href":"https:\/\/www.bjultrasonic.com\/es\/wp-json\/wp\/v2\/types\/product"}],"replies":[{"embeddable":true,"href":"https:\/\/www.bjultrasonic.com\/es\/wp-json\/wp\/v2\/comments?post=66865"}],"wp:featuredmedia":[{"embeddable":true,"href":"https:\/\/www.bjultrasonic.com\/es\/wp-json\/wp\/v2\/media\/19505"}],"wp:attachment":[{"href":"https:\/\/www.bjultrasonic.com\/es\/wp-json\/wp\/v2\/media?parent=66865"}],"wp:term":[{"taxonomy":"product_brand","embeddable":true,"href":"https:\/\/www.bjultrasonic.com\/es\/wp-json\/wp\/v2\/product_brand?post=66865"},{"taxonomy":"product_cat","embeddable":true,"href":"https:\/\/www.bjultrasonic.com\/es\/wp-json\/wp\/v2\/product_cat?post=66865"},{"taxonomy":"product_tag","embeddable":true,"href":"https:\/\/www.bjultrasonic.com\/es\/wp-json\/wp\/v2\/product_tag?post=66865"}],"curies":[{"name":"wp","href":"https:\/\/api.w.org\/{rel}","templated":true}]}}