{"id":66985,"date":"2018-08-16T01:49:48","date_gmt":"2018-08-16T06:49:48","guid":{"rendered":"https:\/\/www.bjultrasonic.com\/shop\/500w-ultrasonic-immersible-transducer\/"},"modified":"2026-03-28T20:42:54","modified_gmt":"2026-03-29T01:42:54","slug":"500w-ultrasonic-immersible-transducer","status":"publish","type":"product","link":"https:\/\/www.bjultrasonic.com\/es\/shop\/500w-ultrasonic-immersible-transducer\/","title":{"rendered":"Lavador ultras\u00f3nico de inmersi\u00f3n de 500W, material de acero inoxidable"},"content":{"rendered":"<ul>\n<li><strong>Potencia<\/strong>: 500w (incluye 9 piezas de <a href=\"https:\/\/www.bjultrasonic.com\/es\/category\/ultrasonic-transducer-es\/\">transductor de limpieza ultras\u00f3nica<\/a> de 60w)<\/li>\n<li><strong>Tama\u00f1o<\/strong>: 250*250*100mm L*An*Al<\/li>\n<li><strong>Material<\/strong>: Acero inoxidable 304.<\/li>\n<li>Superficie de vibraci\u00f3n cromada dura.<\/li>\n<li><strong>Frecuencia<\/strong>: 25khz, 28khz o 40khz. Si necesita otra frecuencia, por favor cont\u00e1ctenos.<\/li>\n<\/ul>\n<p><img loading=\"lazy\" decoding=\"async\" src=\"https:\/\/www.bjultrasonic.com\/wp-content\/uploads\/2018\/08\/Waterproof-ultrasonic-immersible-transducers.jpg\" alt=\"\" width=\"600\" height=\"600\" \/><\/p>\n<h3>Observaciones<\/h3>\n<ul>\n<li>Los transductores ultras\u00f3nicos sumergibles son productos personalizados. Para el precio, por favor contacte a nuestro Representante de Ventas (<a href=\"https:\/\/www.bjultrasonic.com\/contact\/\" target=\"_blank\" rel=\"noopener\">Formulario de Contacto<\/a>). Le responderemos pronto.<\/li>\n<li>Podemos dise\u00f1ar y personalizar varios transductores ultras\u00f3nicos sumergibles seg\u00fan los requisitos.<\/li>\n<\/ul>\n<h3>Video del Transductor Ultras\u00f3nico Sumergible<\/h3>\n<p><iframe loading=\"lazy\" title=\"Submersible Ultrasonic Transducer - Beijing Ultrasonic\" width=\"500\" height=\"281\" src=\"https:\/\/www.youtube.com\/embed\/7zQnWPu-HG4?feature=oembed\" frameborder=\"0\" allow=\"accelerometer; autoplay; clipboard-write; encrypted-media; gyroscope; picture-in-picture; web-share\" referrerpolicy=\"strict-origin-when-cross-origin\" allowfullscreen><\/iframe><\/p>\n<h3>Caracter\u00edsticas del Transductor Ultras\u00f3nico Sumergible<\/h3>\n<ul>\n<li>Estructura completamente de acero inoxidable: resistente a \u00e1cidos y \u00e1lcalis, art\u00edstica y duradera.<\/li>\n<li>Adopta estructura de estilo de fisi\u00f3n: se utiliza una conexi\u00f3n de alta frecuencia con conector entre el transductor ultras\u00f3nico sumergible y el generador ultras\u00f3nico, \u00fatil y de mantenimiento conveniente.<\/li>\n<li>Existen muchas formas de instalar el transductor ultras\u00f3nico sumergible: se puede colocar en el <strong>fondo<\/strong>, la <strong>superficie<\/strong>, el <strong>lateral<\/strong> o la <strong>parte superior<\/strong> del tanque de limpieza seg\u00fan sea necesario.\n<div id=\"attachment_853\" style=\"width: 252px\" class=\"wp-caption alignnone\"><img loading=\"lazy\" decoding=\"async\" aria-describedby=\"caption-attachment-853\" class=\"size-full wp-image-853\" title=\"Tipo de Instalaci\u00f3n del Transductor Ultras\u00f3nico Sumergible\" src=\"\/\/www.bjultrasonic.com\/wp-content\/uploads\/2012\/04\/20124274.jpg\" alt=\"tipo de instalaci\u00f3n del transductor ultras\u00f3nico sumergible\" width=\"242\" height=\"155\" \/><p id=\"caption-attachment-853\" class=\"wp-caption-text\">Tipo de Instalaci\u00f3n del Transductor Ultras\u00f3nico Sumergible<\/p><\/div><\/li>\n<\/ul>\n<h3>Aplicaci\u00f3n del Transductor Ultras\u00f3nico Sumergible<\/h3>\n<ul>\n<li>Limpieza previa al revestimiento para piezas a revestir, eliminaci\u00f3n de aceite y suciedad para piezas mec\u00e1nicas met\u00e1licas, limpieza de obleas de silicio semiconductor, monturas de gafas y recipientes de vidrio.<\/li>\n<li>Lentes, gafas de sol, espejos para miopes y prismas, microscopios, c\u00e1maras, equipos de vidrio, etc.<\/li>\n<\/ul>\n<h3>M\u00e1s im\u00e1genes del Transductor Ultras\u00f3nico Sumergible<\/h3>\n<div id=\"attachment_856\" style=\"width: 460px\" class=\"wp-caption alignnone\"><a href=\"https:\/\/www.bjultrasonic.com\/wp-content\/uploads\/2012\/04\/20124272.jpg\" data-lightbox=\"image\"><img loading=\"lazy\" decoding=\"async\" aria-describedby=\"caption-attachment-856\" class=\"size-full wp-image-856 \" title=\"efectos de vibraci\u00f3n del transductor ultras\u00f3nico sumergible\" src=\"\/\/www.bjultrasonic.com\/wp-content\/uploads\/2012\/04\/20124272.jpg\" alt=\"efectos de vibraci\u00f3n del transductor ultras\u00f3nico sumergible\" width=\"450\" height=\"337\" srcset=\"https:\/\/www.bjultrasonic.com\/wp-content\/uploads\/2012\/04\/20124272.jpg 1500w, https:\/\/www.bjultrasonic.com\/wp-content\/uploads\/2012\/04\/20124272-1170x878.jpg 1170w\" sizes=\"auto, (max-width: 450px) 100vw, 450px\" \/><\/a><p id=\"caption-attachment-856\" class=\"wp-caption-text\">efectos de vibraci\u00f3n del Transductor Ultras\u00f3nico Sumergible<\/p><\/div>\n<hr \/>\n<div id=\"attachment_857\" style=\"width: 460px\" class=\"wp-caption alignnone\"><a href=\"https:\/\/www.bjultrasonic.com\/wp-content\/uploads\/2012\/04\/20124273.jpg\" data-lightbox=\"image\"><img loading=\"lazy\" decoding=\"async\" aria-describedby=\"caption-attachment-857\" class=\"size-full wp-image-857 \" title=\"Interior del Transductor Ultras\u00f3nico Sumergible\" src=\"\/\/www.bjultrasonic.com\/wp-content\/uploads\/2012\/04\/20124273.jpg\" alt=\"Interior del Transductor Ultras\u00f3nico Sumergible\" width=\"450\" height=\"350\" \/><\/a><p id=\"caption-attachment-857\" class=\"wp-caption-text\">Interior del Transductor Ultras\u00f3nico Sumergible<\/p><\/div>\n<h3>Pago<\/h3>\n<p>Aceptamos PayPal, T\/T y Western Union.<\/p>\n<h3 class=\"shipping-methods\">Env\u00edo<\/h3>\n<p>La mercanc\u00eda se enviar\u00e1 dentro de las 48 horas posteriores a recibir el pago completo.<\/p>\n<ul>\n<li>Enviamos la mercanc\u00eda a la direcci\u00f3n proporcionada en el pago de PayPal. Por favor, aseg\u00farese de que la direcci\u00f3n en PayPal sea correcta.<\/li>\n<li>Le proporcionaremos el n\u00famero de seguimiento despu\u00e9s de enviar la mercanc\u00eda; en general, recibir\u00e1 los art\u00edculos dentro de cinco d\u00edas.<\/li>\n<li>Si tiene alguna pregunta, por favor cont\u00e1ctenos por correo electr\u00f3nico (nuestra direcci\u00f3n de correo electr\u00f3nico es <a href=\"mailto:support@bjultrasonic.com\">support@bjultrasonic.com<\/a>)<\/li>\n<\/ul>\n<h3 align=\"left\">Garant\u00eda del Producto<\/h3>\n<p>El per\u00edodo de garant\u00eda del producto es de un a\u00f1o. Dentro del per\u00edodo de garant\u00eda, los productos comprados pueden disfrutar de mantenimiento gratuito o cambio.<\/p>\n","protected":false},"excerpt":{"rendered":"<ul>\n<li>Limpiador ultras\u00f3nico de inmersi\u00f3n de 500W<\/li>\n<li>Transductor de matriz de inmersi\u00f3n de 500W<\/li>\n<li>Transductores ultras\u00f3nicos de limpieza sumergibles de 500W<\/li>\n<li>Sistema de transductor ultras\u00f3nico sumergible de 500W<\/li>\n<li>Transductor ultras\u00f3nico de matriz en fase de 500W<\/li>\n<li>Limpiador ultras\u00f3nico sumergible de 500W<\/li>\n<li>Transductor ultras\u00f3nico sumergible de 500W<\/li>\n<li>Transductor piezoel\u00e9ctrico ultras\u00f3nico subacu\u00e1tico de 500W<\/li>\n<li>Placa de transductor ultras\u00f3nico sumergido de 500W<\/li>\n<li>Transductor ultras\u00f3nico sumergible impermeable de 500W<\/li>\n<li>Transductor ultras\u00f3nico piezoel\u00e9ctrico impermeable de 500W<\/li>\n<\/ul>\n","protected":false},"featured_media":19472,"comment_status":"open","ping_status":"closed","template":"","meta":[],"product_brand":[],"product_cat":[5934],"product_tag":[],"class_list":{"0":"post-66985","1":"product","2":"type-product","3":"status-publish","4":"has-post-thumbnail","6":"product_cat-ultrasonic-immersible-transducer-es","8":"first","9":"instock","10":"shipping-taxable","11":"purchasable","12":"product-type-simple","13":"prodpage-classic"},"aioseo_notices":[],"_links":{"self":[{"href":"https:\/\/www.bjultrasonic.com\/es\/wp-json\/wp\/v2\/product\/66985","targetHints":{"allow":["GET"]}}],"collection":[{"href":"https:\/\/www.bjultrasonic.com\/es\/wp-json\/wp\/v2\/product"}],"about":[{"href":"https:\/\/www.bjultrasonic.com\/es\/wp-json\/wp\/v2\/types\/product"}],"replies":[{"embeddable":true,"href":"https:\/\/www.bjultrasonic.com\/es\/wp-json\/wp\/v2\/comments?post=66985"}],"wp:featuredmedia":[{"embeddable":true,"href":"https:\/\/www.bjultrasonic.com\/es\/wp-json\/wp\/v2\/media\/19472"}],"wp:attachment":[{"href":"https:\/\/www.bjultrasonic.com\/es\/wp-json\/wp\/v2\/media?parent=66985"}],"wp:term":[{"taxonomy":"product_brand","embeddable":true,"href":"https:\/\/www.bjultrasonic.com\/es\/wp-json\/wp\/v2\/product_brand?post=66985"},{"taxonomy":"product_cat","embeddable":true,"href":"https:\/\/www.bjultrasonic.com\/es\/wp-json\/wp\/v2\/product_cat?post=66985"},{"taxonomy":"product_tag","embeddable":true,"href":"https:\/\/www.bjultrasonic.com\/es\/wp-json\/wp\/v2\/product_tag?post=66985"}],"curies":[{"name":"wp","href":"https:\/\/api.w.org\/{rel}","templated":true}]}}