{"id":67145,"date":"2018-08-04T01:29:12","date_gmt":"2018-08-04T06:29:12","guid":{"rendered":"https:\/\/www.bjultrasonic.com\/shop\/600w-ultrasonic-generator-pcb-below-45-khz\/"},"modified":"2026-03-28T20:41:29","modified_gmt":"2026-03-29T01:41:29","slug":"600w-ultrasonic-generator-pcb-below-45-khz","status":"publish","type":"product","link":"https:\/\/www.bjultrasonic.com\/es\/shop\/600w-ultrasonic-generator-pcb-below-45-khz\/","title":{"rendered":"Controlador de Transductor Ultras\u00f3nico de 600W por Debajo de 45 KHz"},"content":{"rendered":"<ul>\n<li>Tensi\u00f3n de trabajo: AC 220V\/110V 50\/60Hz \u00b110%<\/li>\n<li>Corriente de trabajo: tenga en cuenta que el equipo no puede trabajar durante mucho tiempo en estado de operaci\u00f3n cuando su corriente es mayor que la corriente nominal.<\/li>\n<li>Entorno de trabajo: la temperatura es de 0\u2103 a 40\u2103<\/li>\n<li>Humedad de trabajo: 40% a 90%<\/li>\n<li>Frecuencia de trabajo: de 17kHz a 135kHz<\/li>\n<li>Tiempo: 0 a 59 minutos y 59 segundos<\/li>\n<\/ul>\n<p><strong>Notas:<\/strong><\/p>\n<ul>\n<li>El <a href=\"https:\/\/www.bjultrasonic.com\/es\/category\/ultrasonic-generator-es\/\">generador ultras\u00f3nico<\/a> no puede encenderse en condiciones de sin carga<\/li>\n<li>Despu\u00e9s de la instalaci\u00f3n, no podemos encender hasta aplicar l\u00edquido de limpieza<\/li>\n<li>El <a href=\"https:\/\/www.bjultrasonic.com\/es\/category\/ultrasonic-transducer-es\/\">transductor ultras\u00f3nico<\/a> tiene dos orejetas. La positiva se encuentra en el medio de dos piezas de cer\u00e1mica. La negativa cerca de la columna met\u00e1lica inferior. Por favor, no cometa errores al cablear.<\/li>\n<li>El lado m\u00e1s grande con orificio para tornillo en el transductor de cer\u00e1mica, que tiene una funci\u00f3n de vibraci\u00f3n, puede fijarse en el fondo de la m\u00e1quina de limpieza. Y aseg\u00farese de que la m\u00e1quina de limpieza est\u00e9 correctamente conectada a tierra.<\/li>\n<li>El transductor de cer\u00e1mica debe pegarse en el fondo de la m\u00e1quina de limpieza utilizando pegamento especializado para transductores o usar barra de pegamento AB, pero el efecto es un poco peor, o usar resina epoxi en proporci\u00f3n 10:4.<\/li>\n<li>La tensi\u00f3n de la placa de circuito de trabajo es de 600V. La tensi\u00f3n de salida al transductor es de 1100 V. Aseg\u00farese de que la m\u00e1quina de limpieza est\u00e9 correctamente conectada a tierra. Aseg\u00farese de que el interruptor de protecci\u00f3n contra fugas est\u00e9 instalado en la fuente de alimentaci\u00f3n para garantizar la seguridad.<\/li>\n<\/ul>\n<h3>Lista de reproducci\u00f3n de video: Controlador de transductor ultras\u00f3nico<\/h3>\n<p><iframe loading=\"lazy\" width=\"560\" height=\"315\" src=\"https:\/\/www.youtube.com\/embed\/videoseries?list=PLLrjMYkO0_NG56zqmQN9W9F1Xf9eev6dc\" frameborder=\"0\" allow=\"autoplay; encrypted-media\" allowfullscreen><\/iframe><\/p>\n","protected":false},"excerpt":{"rendered":"<p>Circuito generador ultras\u00f3nico, tambi\u00e9n llamado circuito de accionamiento de <a href=\"https:\/\/www.bjultrasonic.com\/es\/category\/ultrasonic-transducer-es\/\">transductor ultras\u00f3nico<\/a> o <a href=\"https:\/\/www.bjultrasonic.com\/es\/category\/ultrasonic-generator-es\/ultrasonic-generator-circuits-es\/\">placa de accionamiento de potencia para limpiadores ultras\u00f3nicos<\/a>. Proporciona una <a href=\"https:\/\/www.bjultrasonic.com\/es\/category\/ultrasonic-generator-es\/\">frecuencia ultras\u00f3nica<\/a> para accionar los transductores ultras\u00f3nicos dentro de los <a href=\"https:\/\/www.bjultrasonic.com\/es\/category\/ultrasonic-cleaning-system-es\/\">limpiadores ultras\u00f3nicos<\/a>.<\/p>\n","protected":false},"featured_media":19330,"comment_status":"open","ping_status":"closed","template":"","meta":[],"product_brand":[],"product_cat":[6116],"product_tag":[],"class_list":{"0":"post-67145","1":"product","2":"type-product","3":"status-publish","4":"has-post-thumbnail","6":"product_cat-ultrasonic-generator-circuits-es","8":"first","9":"instock","10":"shipping-taxable","11":"purchasable","12":"product-type-simple","13":"prodpage-classic"},"aioseo_notices":[],"_links":{"self":[{"href":"https:\/\/www.bjultrasonic.com\/es\/wp-json\/wp\/v2\/product\/67145","targetHints":{"allow":["GET"]}}],"collection":[{"href":"https:\/\/www.bjultrasonic.com\/es\/wp-json\/wp\/v2\/product"}],"about":[{"href":"https:\/\/www.bjultrasonic.com\/es\/wp-json\/wp\/v2\/types\/product"}],"replies":[{"embeddable":true,"href":"https:\/\/www.bjultrasonic.com\/es\/wp-json\/wp\/v2\/comments?post=67145"}],"wp:featuredmedia":[{"embeddable":true,"href":"https:\/\/www.bjultrasonic.com\/es\/wp-json\/wp\/v2\/media\/19330"}],"wp:attachment":[{"href":"https:\/\/www.bjultrasonic.com\/es\/wp-json\/wp\/v2\/media?parent=67145"}],"wp:term":[{"taxonomy":"product_brand","embeddable":true,"href":"https:\/\/www.bjultrasonic.com\/es\/wp-json\/wp\/v2\/product_brand?post=67145"},{"taxonomy":"product_cat","embeddable":true,"href":"https:\/\/www.bjultrasonic.com\/es\/wp-json\/wp\/v2\/product_cat?post=67145"},{"taxonomy":"product_tag","embeddable":true,"href":"https:\/\/www.bjultrasonic.com\/es\/wp-json\/wp\/v2\/product_tag?post=67145"}],"curies":[{"name":"wp","href":"https:\/\/api.w.org\/{rel}","templated":true}]}}