{"id":67523,"date":"2018-07-27T02:52:18","date_gmt":"2018-07-27T07:52:18","guid":{"rendered":"https:\/\/www.bjultrasonic.com\/shop\/double-frequency-ultrasonic-generator\/"},"modified":"2026-03-28T20:37:45","modified_gmt":"2026-03-29T01:37:45","slug":"double-frequency-ultrasonic-generator","status":"publish","type":"product","link":"https:\/\/www.bjultrasonic.com\/es\/shop\/double-frequency-ultrasonic-generator\/","title":{"rendered":"Generador Ultras\u00f3nico Digital de Doble Frecuencia"},"content":{"rendered":"<p><strong>Para este tipo de generador, tiene dos frecuencias. Por favor, ind\u00edquenos sus requisitos. Nuestro ingeniero los personalizar\u00e1 para usted.<\/strong><\/p>\n<h3>Para entregar los productos a tiempo:<\/h3>\n<ul>\n<li>Al realizar el pedido, inf\u00f3rmenos qu\u00e9 voltaje (220v o 120v) y qu\u00e9 frecuencia necesitar\u00e1.<\/li>\n<li>Proporcione la direcci\u00f3n de entrega detallada. Incluya direcci\u00f3n, c\u00f3digo postal y n\u00famero de tel\u00e9fono.<\/li>\n<li>Si su pedido pesa m\u00e1s de 21 kg, cont\u00e1ctenos para obtener la tarifa de transporte econ\u00f3mica.<\/li>\n<\/ul>\n<h3>Notas<\/h3>\n<ul>\n<li>Los <a href=\"https:\/\/www.bjultrasonic.com\/es\/category\/ultrasonic-generator-es\/\">Generadores Ultras\u00f3nicos<\/a> son productos personalizados. Para el precio, por favor <a href=\"https:\/\/www.bjultrasonic.com\/contact\/\">contacte a nuestro representante de ventas<\/a>. Le responderemos pronto.<\/li>\n<li>Podemos dise\u00f1ar y personalizar varios Generadores Ultras\u00f3nicos seg\u00fan la <strong>frecuencia<\/strong> y el <strong>voltaje<\/strong>.<\/li>\n<\/ul>\n<p>El Generador Ultras\u00f3nico es una parte indispensable de la <a href=\"https:\/\/www.bjultrasonic.com\/es\/category\/ultrasonic-cleaning-system-es\/\">m\u00e1quina de limpieza ultras\u00f3nica<\/a>. La calidad del Generador Ultras\u00f3nico determina directamente el efecto de limpieza del sistema de limpieza ultras\u00f3nica. Los Generadores Ultras\u00f3nicos Digitales son investigados y desarrollados independientemente por Beijing Ultrasonic.<br \/>\n<img loading=\"lazy\" decoding=\"async\" class=\"alignnone wp-image-5021\" title=\"Generador de Se\u00f1al Ultras\u00f3nica\" src=\"https:\/\/www.bjultrasonic.com\/wp-content\/uploads\/2012\/05\/Ultrasonic-Signal-Generator.jpg\" alt=\"Generador de Se\u00f1al Ultras\u00f3nica\" width=\"600\" height=\"450\" \/><\/p>\n<h3>Estructura Interna del Generador Ultras\u00f3nico Digital<\/h3>\n<p><img loading=\"lazy\" decoding=\"async\" src=\"https:\/\/www.bjultrasonic.com\/wp-content\/uploads\/2018\/07\/Internal-Structure-Of-Digital-Ultrasonic-Generator.png\" alt=\"Estructura Interna del Generador Ultras\u00f3nico Digital\" width=\"650\" height=\"578\" \/><\/p>\n<h3>Caracter\u00edsticas t\u00edpicas del Generador Ultras\u00f3nico<\/h3>\n<ul>\n<li>Control de programaci\u00f3n con botones y pantalla digital de configuraciones, podemos ver el estado de trabajo en el panel de visualizaci\u00f3n (como la frecuencia de trabajo, la corriente de trabajo).<\/li>\n<li>Adopta tecnolog\u00eda de control digital, dise\u00f1o de circuito perfecto, estabilidad de la salida de potencia.<\/li>\n<li>Protecci\u00f3n contra sobrecorriente, sobrecalentamiento y sobretensi\u00f3n.<\/li>\n<li>Circuito de alto y bajo voltaje completamente separado, seguridad operacional.<\/li>\n<li>La Potencia Ultras\u00f3nica, el Temporizador y la Frecuencia se pueden ajustar seg\u00fan se requiera para adaptarse a la limpieza de diferentes productos.<br \/>\n(Control de tiempo: 0-59&#8217;59\u00bb)<br \/>\n(Rango de Control de Potencia: 0-100%)<\/li>\n<li>Sistema de refrigeraci\u00f3n eficiente.<\/li>\n<li>Funci\u00f3n de barrido de frecuencia.<\/li>\n<\/ul>\n<h3>Video del Generador de Frecuencia Ultras\u00f3nica<\/h3>\n<p><iframe loading=\"lazy\" title=\"Ultrasonic Signal Generator Circuit - Beijing Ultrasonic\" width=\"500\" height=\"281\" src=\"https:\/\/www.youtube.com\/embed\/A9JdQN5e5G8?feature=oembed\" frameborder=\"0\" allow=\"accelerometer; autoplay; clipboard-write; encrypted-media; gyroscope; picture-in-picture; web-share\" referrerpolicy=\"strict-origin-when-cross-origin\" allowfullscreen><\/iframe><\/p>\n","protected":false},"excerpt":{"rendered":"<p>Generador <a href=\"https:\/\/www.bjultrasonic.com\/es\/category\/ultrasonic-generator-es\/\">ultras\u00f3nico<\/a> digital, tambi\u00e9n conocido como kit de generador ultras\u00f3nico, adopta avanzada tecnolog\u00eda de control por microcomputadora y nueva geometr\u00eda de circuito, permiti\u00e9ndole ajustar la frecuencia ultras\u00f3nica, temporizador y potencia seg\u00fan sus necesidades.<\/p>\n","protected":false},"featured_media":19238,"comment_status":"open","ping_status":"closed","template":"","meta":[],"product_brand":[],"product_cat":[6063],"product_tag":[],"class_list":{"0":"post-67523","1":"product","2":"type-product","3":"status-publish","4":"has-post-thumbnail","6":"product_cat-ultrasonic-digital-generator-es","8":"first","9":"instock","10":"shipping-taxable","11":"product-type-external","12":"prodpage-classic"},"aioseo_notices":[],"_links":{"self":[{"href":"https:\/\/www.bjultrasonic.com\/es\/wp-json\/wp\/v2\/product\/67523","targetHints":{"allow":["GET"]}}],"collection":[{"href":"https:\/\/www.bjultrasonic.com\/es\/wp-json\/wp\/v2\/product"}],"about":[{"href":"https:\/\/www.bjultrasonic.com\/es\/wp-json\/wp\/v2\/types\/product"}],"replies":[{"embeddable":true,"href":"https:\/\/www.bjultrasonic.com\/es\/wp-json\/wp\/v2\/comments?post=67523"}],"wp:featuredmedia":[{"embeddable":true,"href":"https:\/\/www.bjultrasonic.com\/es\/wp-json\/wp\/v2\/media\/19238"}],"wp:attachment":[{"href":"https:\/\/www.bjultrasonic.com\/es\/wp-json\/wp\/v2\/media?parent=67523"}],"wp:term":[{"taxonomy":"product_brand","embeddable":true,"href":"https:\/\/www.bjultrasonic.com\/es\/wp-json\/wp\/v2\/product_brand?post=67523"},{"taxonomy":"product_cat","embeddable":true,"href":"https:\/\/www.bjultrasonic.com\/es\/wp-json\/wp\/v2\/product_cat?post=67523"},{"taxonomy":"product_tag","embeddable":true,"href":"https:\/\/www.bjultrasonic.com\/es\/wp-json\/wp\/v2\/product_tag?post=67523"}],"curies":[{"name":"wp","href":"https:\/\/api.w.org\/{rel}","templated":true}]}}