{"id":67603,"date":"2014-03-17T10:10:57","date_gmt":"2014-03-17T15:10:57","guid":{"rendered":"https:\/\/www.bjultrasonic.com\/shop\/25khz-100w-ultrasonic-transducer-25khz-100w-ultrasonic-generator\/"},"modified":"2026-03-28T20:37:18","modified_gmt":"2026-03-29T01:37:18","slug":"25khz-100w-ultrasonic-transducer-25khz-100w-ultrasonic-generator","status":"publish","type":"product","link":"https:\/\/www.bjultrasonic.com\/es\/shop\/25khz-100w-ultrasonic-transducer-25khz-100w-ultrasonic-generator\/","title":{"rendered":"[100-120V] Transductor ultras\u00f3nico de 25kHz 100W y circuito de accionamiento de transductor piezoel\u00e9ctrico de 25kHz 100W"},"content":{"rendered":"<h3>Transductor ultras\u00f3nico de 100V-120V 25kHz 100W y Generador PCB ultras\u00f3nico de 25kHz 100W<\/h3>\n<p><strong>Nota: Al realizar su pedido.<\/strong><\/p>\n<ol>\n<li>Por favor, deje un mensaje indicando el est\u00e1ndar de voltaje exacto<\/li>\n<li>Por favor, proporci\u00f3nenos la direcci\u00f3n de entrega exacta y el n\u00famero de tel\u00e9fono de contacto<\/li>\n<li>Por favor, inf\u00f3rmenos si desea que declaremos un valor bajo en la aduana<\/li>\n<li>Por favor, d\u00e9jenos una direcci\u00f3n de correo electr\u00f3nico v\u00e1lida. Le enviaremos el n\u00famero de seguimiento por correo electr\u00f3nico tan pronto como despachemos la mercanc\u00eda<\/li>\n<\/ol>\n<p><strong>Especificaciones:<\/strong><\/p>\n<table class=\"table table-striped table-bordered\" border=\"1\" cellspacing=\"0\" cellpadding=\"0\">\n<tbody>\n<tr>\n<td colspan=\"2\" valign=\"top\" width=\"568\">\n<p align=\"left\">Un Generador PCB ultras\u00f3nico de 120W controla 1 pieza de Transductor ultras\u00f3nico de 25kHz 100W<\/p>\n<\/td>\n<\/tr>\n<tr>\n<td colspan=\"2\" valign=\"top\" width=\"568\">\n<p align=\"left\"><strong>Transductor ultras\u00f3nico:<\/strong><\/p>\n<\/td>\n<\/tr>\n<tr>\n<td valign=\"top\" width=\"163\">\n<p align=\"left\">Frecuencia<\/p>\n<\/td>\n<td valign=\"top\" width=\"405\">\n<p align=\"left\">25kHz \u00b11 KHz<\/p>\n<\/td>\n<\/tr>\n<tr>\n<td valign=\"top\" width=\"163\">\n<p align=\"left\">Potencia<\/p>\n<\/td>\n<td valign=\"top\" width=\"405\">\n<p align=\"left\">100W<\/p>\n<\/td>\n<\/tr>\n<tr>\n<td valign=\"top\" width=\"163\">\n<p align=\"left\">Capacidad<\/p>\n<\/td>\n<td valign=\"top\" width=\"405\">\n<p align=\"left\">6600pf (pzt4)<\/p>\n<\/td>\n<\/tr>\n<tr>\n<td valign=\"top\" width=\"163\">\n<p align=\"left\">Superficie radiante<\/p>\n<\/td>\n<td valign=\"top\" width=\"405\">\n<p align=\"left\">68mm<\/p>\n<\/td>\n<\/tr>\n<tr>\n<td valign=\"top\" width=\"163\">\n<p align=\"left\">Resistencia de resonancia<\/p>\n<\/td>\n<td valign=\"top\" width=\"405\">\n<p align=\"left\">10-20\u03a9<\/p>\n<\/td>\n<\/tr>\n<tr>\n<td valign=\"top\" width=\"163\">\n<p align=\"left\">Tama\u00f1o de la cer\u00e1mica piezoel\u00e9ctrica<\/p>\n<\/td>\n<td valign=\"top\" width=\"405\">\n<p align=\"left\">45*15*5 mm<\/p>\n<\/td>\n<\/tr>\n<tr>\n<td valign=\"top\" width=\"163\">\n<p align=\"left\">Longitud<\/p>\n<\/td>\n<td valign=\"top\" width=\"405\">\n<p align=\"left\">77mm<\/p>\n<\/td>\n<\/tr>\n<tr>\n<td colspan=\"2\" valign=\"top\" width=\"568\">\n<p align=\"left\"><strong>Generador PCB ultras\u00f3nico:<\/strong><\/p>\n<\/td>\n<\/tr>\n<tr>\n<td valign=\"top\" width=\"163\">\n<p align=\"left\">Alimentaci\u00f3n<\/p>\n<\/td>\n<td valign=\"top\" width=\"405\">\n<p align=\"left\">Entrada: 100V-120V<\/p>\n<\/td>\n<\/tr>\n<tr>\n<td valign=\"top\" width=\"163\">\n<p align=\"left\">Frecuencia<\/p>\n<\/td>\n<td valign=\"top\" width=\"405\">\n<p align=\"left\">25kHz \u00b11 KHz<\/p>\n<\/td>\n<\/tr>\n<tr>\n<td valign=\"top\" width=\"163\">\n<p align=\"left\">Potencia<\/p>\n<\/td>\n<td valign=\"top\" width=\"405\">\n<p align=\"left\">100W<\/p>\n<\/td>\n<\/tr>\n<tr>\n<td valign=\"top\" width=\"163\">\n<p align=\"left\">Capacidad<\/p>\n<\/td>\n<td valign=\"top\" width=\"405\">\n<p align=\"left\">6600pf (pzt4)<\/p>\n<\/td>\n<\/tr>\n<tr>\n<td valign=\"top\" width=\"163\">\n<p align=\"left\">Tama\u00f1o<\/p>\n<\/td>\n<td valign=\"top\" width=\"405\">\n<p align=\"left\">52cm*34.5cm*17cm (largo*ancho*alto)<\/p>\n<\/td>\n<\/tr>\n<tr>\n<td colspan=\"2\" valign=\"top\" width=\"568\">\n<p align=\"left\">Peso bruto total: 2kg<\/p>\n<\/td>\n<\/tr>\n<\/tbody>\n<\/table>\n<p>Las siguientes im\u00e1genes muestran c\u00f3mo conectarlos:<\/p>\n<p><a href=\"https:\/\/www.bjultrasonic.com\/wp-content\/uploads\/2014\/03\/25kHz-Ultrasonic-Transducer-and-25kHz-Ultrasonic-PCB-Generator-5.jpg\"><img loading=\"lazy\" decoding=\"async\" class=\"alignnone wp-image-5472\" src=\"\/\/www.bjultrasonic.com\/wp-content\/uploads\/2014\/03\/25kHz-Ultrasonic-Transducer-and-25kHz-Ultrasonic-PCB-Generator-5.jpg\" alt=\"Transductor ultras\u00f3nico de 25kHz y Generador PCB ultras\u00f3nico de 25kHz\" width=\"630\" height=\"413\" \/><\/a><\/p>\n<p><a href=\"https:\/\/www.bjultrasonic.com\/wp-content\/uploads\/2014\/03\/25kHz-Ultrasonic-Transducer-and-25kHz-Ultrasonic-PCB-Generator-4.jpg\"><img loading=\"lazy\" decoding=\"async\" class=\"alignnone wp-image-5471\" src=\"\/\/www.bjultrasonic.com\/wp-content\/uploads\/2014\/03\/25kHz-Ultrasonic-Transducer-and-25kHz-Ultrasonic-PCB-Generator-4.jpg\" alt=\"Transductor ultras\u00f3nico de 25kHz y Generador PCB ultras\u00f3nico de 25kHz\" width=\"630\" height=\"412\" \/><\/a><\/p>\n<p><a href=\"https:\/\/www.bjultrasonic.com\/wp-content\/uploads\/2014\/03\/25kHz-Ultrasonic-Transducer-and-25kHz-Ultrasonic-PCB-Generator-3.jpg\"><img loading=\"lazy\" decoding=\"async\" class=\"alignnone wp-image-5470\" src=\"\/\/www.bjultrasonic.com\/wp-content\/uploads\/2014\/03\/25kHz-Ultrasonic-Transducer-and-25kHz-Ultrasonic-PCB-Generator-3.jpg\" alt=\"Transductor ultras\u00f3nico de 25kHz y Generador PCB ultras\u00f3nico de 25kHz\" width=\"630\" height=\"412\" \/><\/a><\/p>\n<p><a href=\"https:\/\/www.bjultrasonic.com\/wp-content\/uploads\/2014\/03\/25kHz-Ultrasonic-Transducer-and-25kHz-Ultrasonic-PCB-Generator-2.jpg\"><img loading=\"lazy\" decoding=\"async\" class=\"alignnone wp-image-5469\" src=\"\/\/www.bjultrasonic.com\/wp-content\/uploads\/2014\/03\/25kHz-Ultrasonic-Transducer-and-25kHz-Ultrasonic-PCB-Generator-2.jpg\" alt=\"Transductor ultras\u00f3nico de 25kHz y Generador PCB ultras\u00f3nico de 25kHz\" width=\"630\" height=\"412\" \/><\/a><\/p>\n","protected":false},"excerpt":{"rendered":"<p>Paquetes de alta calidad de 100-120V <a href=\"https:\/\/www.bjultrasonic.com\/es\/category\/ultrasonic-generator-es\/ultrasonic-generator-circuits-es\/\">placa de control de potencia para limpiador ultras\u00f3nico<\/a> y <a href=\"https:\/\/www.bjultrasonic.com\/es\/category\/ultrasonic-transducer-es\/\">transductores de limpieza ultras\u00f3nica<\/a>.<\/p>\n","protected":false},"featured_media":24648,"comment_status":"open","ping_status":"closed","template":"","meta":[],"product_brand":[],"product_cat":[6156],"product_tag":[],"class_list":{"0":"post-67603","1":"product","2":"type-product","3":"status-publish","4":"has-post-thumbnail","6":"product_cat-100-120v-ultrasonic-generator-transducer-es","8":"first","9":"instock","10":"shipping-taxable","11":"purchasable","12":"product-type-simple","13":"prodpage-classic"},"aioseo_notices":[],"_links":{"self":[{"href":"https:\/\/www.bjultrasonic.com\/es\/wp-json\/wp\/v2\/product\/67603","targetHints":{"allow":["GET"]}}],"collection":[{"href":"https:\/\/www.bjultrasonic.com\/es\/wp-json\/wp\/v2\/product"}],"about":[{"href":"https:\/\/www.bjultrasonic.com\/es\/wp-json\/wp\/v2\/types\/product"}],"replies":[{"embeddable":true,"href":"https:\/\/www.bjultrasonic.com\/es\/wp-json\/wp\/v2\/comments?post=67603"}],"wp:featuredmedia":[{"embeddable":true,"href":"https:\/\/www.bjultrasonic.com\/es\/wp-json\/wp\/v2\/media\/24648"}],"wp:attachment":[{"href":"https:\/\/www.bjultrasonic.com\/es\/wp-json\/wp\/v2\/media?parent=67603"}],"wp:term":[{"taxonomy":"product_brand","embeddable":true,"href":"https:\/\/www.bjultrasonic.com\/es\/wp-json\/wp\/v2\/product_brand?post=67603"},{"taxonomy":"product_cat","embeddable":true,"href":"https:\/\/www.bjultrasonic.com\/es\/wp-json\/wp\/v2\/product_cat?post=67603"},{"taxonomy":"product_tag","embeddable":true,"href":"https:\/\/www.bjultrasonic.com\/es\/wp-json\/wp\/v2\/product_tag?post=67603"}],"curies":[{"name":"wp","href":"https:\/\/api.w.org\/{rel}","templated":true}]}}