{"id":67823,"date":"2013-07-21T03:55:03","date_gmt":"2013-07-21T08:55:03","guid":{"rendered":"https:\/\/www.bjultrasonic.com\/shop\/120khz-60w-ultrasonic-transducer-120khz-60w-digital-ultrasonic-pcb-generator\/"},"modified":"2026-03-28T20:34:56","modified_gmt":"2026-03-29T01:34:56","slug":"120khz-60w-ultrasonic-transducer-120khz-60w-digital-ultrasonic-pcb-generator","status":"publish","type":"product","link":"https:\/\/www.bjultrasonic.com\/es\/shop\/120khz-60w-ultrasonic-transducer-120khz-60w-digital-ultrasonic-pcb-generator\/","title":{"rendered":"Transductor ultras\u00f3nico de 120kHz 60W y controlador digital de transductor ultras\u00f3nico de 120kHz 60W"},"content":{"rendered":"<p><strong>Nota: Al realizar el pedido.<\/strong><\/p>\n<ol>\n<li>Por favor, deje un mensaje sobre el est\u00e1ndar de voltaje exacto.<\/li>\n<li>Por favor, proporci\u00f3nenos la direcci\u00f3n de entrega exacta y el n\u00famero de tel\u00e9fono de contacto.<\/li>\n<li>Por favor, ind\u00edquenos si desea que declaremos un valor bajo ante la aduana.<\/li>\n<li>Por favor, d\u00e9jenos una direcci\u00f3n de correo electr\u00f3nico v\u00e1lida. Le enviaremos el n\u00famero de seguimiento por correo electr\u00f3nico tan pronto como enviemos la mercanc\u00eda.<\/li>\n<\/ol>\n<p><strong>Especificaciones:<\/strong><\/p>\n<table class=\"table table-striped table-bordered\">\n<tbody>\n<tr>\n<td colspan=\"2\" width=\"568\">Un generador de PCB ultras\u00f3nico digital de 120 kHz 60 W acciona un transductor ultras\u00f3nico de 120 kHz 60 W.<\/td>\n<\/tr>\n<tr>\n<td colspan=\"2\" width=\"568\">Transductor ultras\u00f3nico:<\/td>\n<\/tr>\n<tr>\n<td width=\"163\">Frecuencia<\/td>\n<td width=\"405\">120 kHz \u00b11 kHz<\/td>\n<\/tr>\n<tr>\n<td width=\"163\">Potencia<\/td>\n<td width=\"405\">60 W<\/td>\n<\/tr>\n<tr>\n<td width=\"163\">Capacidad<\/td>\n<td width=\"405\">5400 pF (pzt4)<\/td>\n<\/tr>\n<tr>\n<td width=\"163\">Superficie radiante<\/td>\n<td width=\"405\">40 mm<\/td>\n<\/tr>\n<tr>\n<td width=\"163\">Resistencia de resonancia<\/td>\n<td width=\"405\">10-20 \u03a9<\/td>\n<\/tr>\n<tr>\n<td width=\"163\">Tama\u00f1o de la cer\u00e1mica piezoel\u00e9ctrica<\/td>\n<td width=\"405\">38*15*5 mm<\/td>\n<\/tr>\n<tr>\n<td width=\"163\">Longitud<\/td>\n<td width=\"405\">56 mm<\/td>\n<\/tr>\n<tr>\n<td colspan=\"2\" width=\"568\">Generador de PCB ultras\u00f3nico<\/td>\n<\/tr>\n<tr>\n<td width=\"163\">Fuente de alimentaci\u00f3n<\/td>\n<td width=\"405\">Entrada: 200 V-240 V \/ 100 V-120 V<\/td>\n<\/tr>\n<tr>\n<td width=\"163\">Frecuencia<\/td>\n<td width=\"405\">120 kHz \u00b11 kHz<\/td>\n<\/tr>\n<tr>\n<td width=\"163\">Potencia<\/td>\n<td width=\"405\">60 W<\/td>\n<\/tr>\n<tr>\n<td width=\"163\">Capacidad<\/td>\n<td width=\"405\">5400 pF<\/td>\n<\/tr>\n<tr>\n<td width=\"163\">Tama\u00f1o<\/td>\n<td width=\"405\">18 cm * 13 cm * 6 cm (largo * ancho * alto)<\/td>\n<\/tr>\n<tr>\n<td colspan=\"2\" width=\"568\">Peso bruto total: 4 kg<\/td>\n<\/tr>\n<tr>\n<td colspan=\"2\" width=\"568\">Observaciones: el tiempo y la potencia del generador de PCB ultras\u00f3nico digital pueden ajustarse seg\u00fan sus necesidades.<\/td>\n<\/tr>\n<\/tbody>\n<\/table>\n<p>Las siguientes im\u00e1genes muestran c\u00f3mo conectarlos:<\/p>\n<p><a href=\"https:\/\/www.bjultrasonic.com\/wp-content\/uploads\/2014\/05\/120kHz-60W-Ultrasonic-Transducer-120kHz-60W-Digital-Ultrasonic-PCB-Generator-4.jpg\"><img loading=\"lazy\" decoding=\"async\" class=\"alignnone wp-image-5665\" src=\"\/\/www.bjultrasonic.com\/wp-content\/uploads\/2014\/05\/120kHz-60W-Ultrasonic-Transducer-120kHz-60W-Digital-Ultrasonic-PCB-Generator-4.jpg\" alt=\"Transductor ultras\u00f3nico de 120 kHz 60 W y generador de PCB ultras\u00f3nico digital de 120 kHz 60 W (4)\" width=\"582\" height=\"322\" \/><\/a> <a href=\"https:\/\/www.bjultrasonic.com\/wp-content\/uploads\/2014\/05\/120kHz-60W-Ultrasonic-Transducer-120kHz-60W-Digital-Ultrasonic-PCB-Generator-3.jpg\"><img loading=\"lazy\" decoding=\"async\" class=\"alignnone wp-image-5664\" src=\"\/\/www.bjultrasonic.com\/wp-content\/uploads\/2014\/05\/120kHz-60W-Ultrasonic-Transducer-120kHz-60W-Digital-Ultrasonic-PCB-Generator-3.jpg\" alt=\"Transductor ultras\u00f3nico de 120 kHz 60 W y generador de PCB ultras\u00f3nico digital de 120 kHz 60 W (3)\" width=\"585\" height=\"295\" \/><\/a> <a href=\"https:\/\/www.bjultrasonic.com\/wp-content\/uploads\/2014\/05\/120kHz-60W-Ultrasonic-Transducer-120kHz-60W-Digital-Ultrasonic-PCB-Generator-2.jpg\"><img loading=\"lazy\" decoding=\"async\" class=\"alignnone wp-image-5663\" src=\"\/\/www.bjultrasonic.com\/wp-content\/uploads\/2014\/05\/120kHz-60W-Ultrasonic-Transducer-120kHz-60W-Digital-Ultrasonic-PCB-Generator-2.jpg\" alt=\"Transductor ultras\u00f3nico de 120 kHz 60 W y generador de PCB ultras\u00f3nico digital de 120 kHz 60 W (2)\" width=\"579\" height=\"524\" \/><\/a> <a href=\"https:\/\/www.bjultrasonic.com\/wp-content\/uploads\/2014\/05\/120kHz-60W-Ultrasonic-Transducer-120kHz-60W-Digital-Ultrasonic-PCB-Generator-1.jpg\"><img loading=\"lazy\" decoding=\"async\" class=\"alignnone wp-image-5662\" src=\"\/\/www.bjultrasonic.com\/wp-content\/uploads\/2014\/05\/120kHz-60W-Ultrasonic-Transducer-120kHz-60W-Digital-Ultrasonic-PCB-Generator-1.jpg\" alt=\"Transductor ultras\u00f3nico de 120 kHz 60 W y generador de PCB ultras\u00f3nico digital de 120 kHz 60 W (1)\" width=\"584\" height=\"323\" \/><\/a> <a href=\"https:\/\/www.bjultrasonic.com\/wp-content\/uploads\/2014\/05\/120kHz-60W-Ultrasonic-Transducer-120kHz-60W-Digital-Ultrasonic-PCB-Generator-6.jpg\"><img loading=\"lazy\" decoding=\"async\" class=\"alignnone wp-image-5667\" src=\"\/\/www.bjultrasonic.com\/wp-content\/uploads\/2014\/05\/120kHz-60W-Ultrasonic-Transducer-120kHz-60W-Digital-Ultrasonic-PCB-Generator-6.jpg\" alt=\"Transductor ultras\u00f3nico de 120 kHz 60 W y generador de PCB ultras\u00f3nico digital de 120 kHz 60 W (6)\" width=\"580\" height=\"321\" \/><\/a> <a href=\"https:\/\/www.bjultrasonic.com\/wp-content\/uploads\/2014\/05\/120kHz-60W-Ultrasonic-Transducer-120kHz-60W-Digital-Ultrasonic-PCB-Generator-5.jpg\"><img loading=\"lazy\" decoding=\"async\" class=\"alignnone wp-image-5666\" src=\"\/\/www.bjultrasonic.com\/wp-content\/uploads\/2014\/05\/120kHz-60W-Ultrasonic-Transducer-120kHz-60W-Digital-Ultrasonic-PCB-Generator-5.jpg\" alt=\"Transductor ultras\u00f3nico de 120 kHz 60 W y generador de PCB ultras\u00f3nico digital de 120 kHz 60 W (5)\" width=\"576\" height=\"319\" \/><\/a><\/p>\n","protected":false},"excerpt":{"rendered":"<p>Paquetes de <a href=\"https:\/\/www.bjultrasonic.com\/es\/category\/ultrasonic-generator-es\/ultrasonic-generator-circuits-es\/\">placa de accionamiento de potencia para limpieza ultras\u00f3nica<\/a> con pantalla digital y <a href=\"https:\/\/www.bjultrasonic.com\/es\/category\/ultrasonic-transducer-es\/\">transductores de limpieza ultras\u00f3nica<\/a>.<\/p>\n","protected":false},"featured_media":24655,"comment_status":"open","ping_status":"closed","template":"","meta":[],"product_brand":[],"product_cat":[6081],"product_tag":[],"class_list":{"0":"post-67823","1":"product","2":"type-product","3":"status-publish","4":"has-post-thumbnail","6":"product_cat-digital-ultrasonic-pcb-generator-transducer-es","8":"first","9":"instock","10":"shipping-taxable","11":"purchasable","12":"product-type-simple","13":"prodpage-classic"},"aioseo_notices":[],"_links":{"self":[{"href":"https:\/\/www.bjultrasonic.com\/es\/wp-json\/wp\/v2\/product\/67823","targetHints":{"allow":["GET"]}}],"collection":[{"href":"https:\/\/www.bjultrasonic.com\/es\/wp-json\/wp\/v2\/product"}],"about":[{"href":"https:\/\/www.bjultrasonic.com\/es\/wp-json\/wp\/v2\/types\/product"}],"replies":[{"embeddable":true,"href":"https:\/\/www.bjultrasonic.com\/es\/wp-json\/wp\/v2\/comments?post=67823"}],"wp:featuredmedia":[{"embeddable":true,"href":"https:\/\/www.bjultrasonic.com\/es\/wp-json\/wp\/v2\/media\/24655"}],"wp:attachment":[{"href":"https:\/\/www.bjultrasonic.com\/es\/wp-json\/wp\/v2\/media?parent=67823"}],"wp:term":[{"taxonomy":"product_brand","embeddable":true,"href":"https:\/\/www.bjultrasonic.com\/es\/wp-json\/wp\/v2\/product_brand?post=67823"},{"taxonomy":"product_cat","embeddable":true,"href":"https:\/\/www.bjultrasonic.com\/es\/wp-json\/wp\/v2\/product_cat?post=67823"},{"taxonomy":"product_tag","embeddable":true,"href":"https:\/\/www.bjultrasonic.com\/es\/wp-json\/wp\/v2\/product_tag?post=67823"}],"curies":[{"name":"wp","href":"https:\/\/api.w.org\/{rel}","templated":true}]}}