{"id":67883,"date":"2013-07-21T03:54:56","date_gmt":"2013-07-21T08:54:56","guid":{"rendered":"https:\/\/www.bjultrasonic.com\/shop\/54khz-30w-ultrasonic-transducer-54khz-30w-digital-ultrasonic-pcb-generator\/"},"modified":"2026-03-28T20:34:29","modified_gmt":"2026-03-29T01:34:29","slug":"54khz-30w-ultrasonic-transducer-54khz-30w-digital-ultrasonic-pcb-generator","status":"publish","type":"product","link":"https:\/\/www.bjultrasonic.com\/es\/shop\/54khz-30w-ultrasonic-transducer-54khz-30w-digital-ultrasonic-pcb-generator\/","title":{"rendered":"Transductor ultras\u00f3nico de 54 kHz 30W y controlador digital de transductor ultras\u00f3nico de 54 kHz 30W"},"content":{"rendered":"<p><strong>Observaci\u00f3n: Al realizar el pedido.<\/strong><\/p>\n<ol>\n<li>Por favor, deje un mensaje sobre el est\u00e1ndar de voltaje exacto.<\/li>\n<li>Por favor, proporci\u00f3nenos la direcci\u00f3n de entrega exacta y el n\u00famero de tel\u00e9fono de contacto.<\/li>\n<li>Por favor, inf\u00f3rmenos si desea que declaremos un valor bajo a la aduana.<\/li>\n<li>Por favor, d\u00e9jenos una direcci\u00f3n de correo electr\u00f3nico v\u00e1lida. Le enviaremos el n\u00famero de seguimiento por correo electr\u00f3nico tan pronto como enviemos la mercanc\u00eda.<\/li>\n<\/ol>\n<p><strong>Especificaciones:<\/strong><\/p>\n<table class=\"table table-striped table-bordered\">\n<tbody>\n<tr>\n<td colspan=\"2\" width=\"568\">Un generador PCB ultras\u00f3nico digital de 54 kHz 30 W impulsa un transductor ultras\u00f3nico de 54 kHz 30 W.<\/td>\n<\/tr>\n<tr>\n<td colspan=\"2\" width=\"568\">Transductor ultras\u00f3nico:<\/td>\n<\/tr>\n<tr>\n<td width=\"163\">Frecuencia<\/td>\n<td width=\"405\">54 kHz \u00b11 kHz<\/td>\n<\/tr>\n<tr>\n<td width=\"163\">Potencia<\/td>\n<td width=\"405\">30 W<\/td>\n<\/tr>\n<tr>\n<td width=\"163\">Capacidad<\/td>\n<td width=\"405\">3100 pF (PZT4)<\/td>\n<\/tr>\n<tr>\n<td width=\"163\">Superficie radiante<\/td>\n<td width=\"405\">30 mm<\/td>\n<\/tr>\n<tr>\n<td width=\"163\">Resistencia de resonancia<\/td>\n<td width=\"405\">10-20 \u03a9<\/td>\n<\/tr>\n<tr>\n<td width=\"163\">Tama\u00f1o de la cer\u00e1mica piezoel\u00e9ctrica<\/td>\n<td width=\"405\">38*15*5 mm<\/td>\n<\/tr>\n<tr>\n<td width=\"163\">Longitud<\/td>\n<td width=\"405\">36 mm<\/td>\n<\/tr>\n<tr>\n<td colspan=\"2\" width=\"568\">Generador PCB ultras\u00f3nico<\/td>\n<\/tr>\n<tr>\n<td width=\"163\">Fuente de alimentaci\u00f3n<\/td>\n<td width=\"405\">Entrada: 200 V-240 V \/ 100 V-120 V<\/td>\n<\/tr>\n<tr>\n<td width=\"163\">Frecuencia<\/td>\n<td width=\"405\">54 kHz \u00b11 kHz<\/td>\n<\/tr>\n<tr>\n<td width=\"163\">Potencia<\/td>\n<td width=\"405\">30 W<\/td>\n<\/tr>\n<tr>\n<td width=\"163\">Capacidad<\/td>\n<td width=\"405\">3100 pF<\/td>\n<\/tr>\n<tr>\n<td width=\"163\">Tama\u00f1o<\/td>\n<td width=\"405\">18 cm * 13 cm * 6 cm (largo * ancho * alto)<\/td>\n<\/tr>\n<tr>\n<td colspan=\"2\" width=\"568\">Peso bruto total: 4 kg<\/td>\n<\/tr>\n<tr>\n<td colspan=\"2\" width=\"568\">Observaciones: el tiempo y la potencia del generador PCB ultras\u00f3nico digital se pueden ajustar seg\u00fan sus necesidades.<\/td>\n<\/tr>\n<\/tbody>\n<\/table>\n<p>Las siguientes im\u00e1genes muestran c\u00f3mo conectarlos:<\/p>\n<p><a href=\"https:\/\/www.bjultrasonic.com\/wp-content\/uploads\/2014\/05\/54kHz-30W-Ultrasonic-Transducer-54kHz-30W-Digital-Ultrasonic-PCB-Generator-1.jpg\"><img loading=\"lazy\" decoding=\"async\" class=\"alignnone wp-image-5645\" src=\"\/\/www.bjultrasonic.com\/wp-content\/uploads\/2014\/05\/54kHz-30W-Ultrasonic-Transducer-54kHz-30W-Digital-Ultrasonic-PCB-Generator-1.jpg\" alt=\"Transductor Ultras\u00f3nico 54kHz 30W y Generador PCB Ultras\u00f3nico Digital 54kHz 30W (1)\" width=\"583\" height=\"294\" \/><\/a> <a href=\"https:\/\/www.bjultrasonic.com\/wp-content\/uploads\/2014\/05\/54kHz-30W-Ultrasonic-Transducer-54kHz-30W-Digital-Ultrasonic-PCB-Generator-2.jpg\"><img loading=\"lazy\" decoding=\"async\" class=\"alignnone wp-image-5646\" src=\"\/\/www.bjultrasonic.com\/wp-content\/uploads\/2014\/05\/54kHz-30W-Ultrasonic-Transducer-54kHz-30W-Digital-Ultrasonic-PCB-Generator-2.jpg\" alt=\"Transductor Ultras\u00f3nico 54kHz 30W y Generador PCB Ultras\u00f3nico Digital 54kHz 30W (2)\" width=\"580\" height=\"321\" \/><\/a> <a href=\"https:\/\/www.bjultrasonic.com\/wp-content\/uploads\/2014\/05\/54kHz-30W-Ultrasonic-Transducer-54kHz-30W-Digital-Ultrasonic-PCB-Generator-3.jpg\"><img loading=\"lazy\" decoding=\"async\" class=\"alignnone wp-image-5647\" src=\"\/\/www.bjultrasonic.com\/wp-content\/uploads\/2014\/05\/54kHz-30W-Ultrasonic-Transducer-54kHz-30W-Digital-Ultrasonic-PCB-Generator-3.jpg\" alt=\"Transductor Ultras\u00f3nico 54kHz 30W y Generador PCB Ultras\u00f3nico Digital 54kHz 30W (3)\" width=\"582\" height=\"322\" \/><\/a> <a href=\"https:\/\/www.bjultrasonic.com\/wp-content\/uploads\/2014\/05\/54kHz-30W-Ultrasonic-Transducer-54kHz-30W-Digital-Ultrasonic-PCB-Generator-4.jpg\"><img loading=\"lazy\" decoding=\"async\" class=\"alignnone wp-image-5648\" src=\"\/\/www.bjultrasonic.com\/wp-content\/uploads\/2014\/05\/54kHz-30W-Ultrasonic-Transducer-54kHz-30W-Digital-Ultrasonic-PCB-Generator-4.jpg\" alt=\"Transductor Ultras\u00f3nico 54kHz 30W y Generador PCB Ultras\u00f3nico Digital 54kHz 30W (4)\" width=\"577\" height=\"340\" \/><\/a> <a href=\"https:\/\/www.bjultrasonic.com\/wp-content\/uploads\/2014\/05\/54kHz-30W-Ultrasonic-Transducer-54kHz-30W-Digital-Ultrasonic-PCB-Generator-5.jpg\"><img loading=\"lazy\" decoding=\"async\" class=\"alignnone wp-image-5649\" src=\"\/\/www.bjultrasonic.com\/wp-content\/uploads\/2014\/05\/54kHz-30W-Ultrasonic-Transducer-54kHz-30W-Digital-Ultrasonic-PCB-Generator-5.jpg\" alt=\"Transductor Ultras\u00f3nico 54kHz 30W y Generador PCB Ultras\u00f3nico Digital 54kHz 30W (5)\" width=\"577\" height=\"427\" \/><\/a><\/p>\n","protected":false},"excerpt":{"rendered":"<p>Paquetes de <a href=\"https:\/\/www.bjultrasonic.com\/es\/category\/ultrasonic-generator-es\/ultrasonic-generator-circuits-es\/\">placa de accionamiento de potencia de limpieza ultras\u00f3nica<\/a> con pantalla digital y <a href=\"https:\/\/www.bjultrasonic.com\/es\/category\/ultrasonic-transducer-es\/\">transductores de limpieza ultras\u00f3nica<\/a>.<\/p>\n","protected":false},"featured_media":24654,"comment_status":"open","ping_status":"closed","template":"","meta":[],"product_brand":[],"product_cat":[6081],"product_tag":[],"class_list":{"0":"post-67883","1":"product","2":"type-product","3":"status-publish","4":"has-post-thumbnail","6":"product_cat-digital-ultrasonic-pcb-generator-transducer-es","8":"first","9":"instock","10":"shipping-taxable","11":"purchasable","12":"product-type-simple","13":"prodpage-classic"},"aioseo_notices":[],"_links":{"self":[{"href":"https:\/\/www.bjultrasonic.com\/es\/wp-json\/wp\/v2\/product\/67883","targetHints":{"allow":["GET"]}}],"collection":[{"href":"https:\/\/www.bjultrasonic.com\/es\/wp-json\/wp\/v2\/product"}],"about":[{"href":"https:\/\/www.bjultrasonic.com\/es\/wp-json\/wp\/v2\/types\/product"}],"replies":[{"embeddable":true,"href":"https:\/\/www.bjultrasonic.com\/es\/wp-json\/wp\/v2\/comments?post=67883"}],"wp:featuredmedia":[{"embeddable":true,"href":"https:\/\/www.bjultrasonic.com\/es\/wp-json\/wp\/v2\/media\/24654"}],"wp:attachment":[{"href":"https:\/\/www.bjultrasonic.com\/es\/wp-json\/wp\/v2\/media?parent=67883"}],"wp:term":[{"taxonomy":"product_brand","embeddable":true,"href":"https:\/\/www.bjultrasonic.com\/es\/wp-json\/wp\/v2\/product_brand?post=67883"},{"taxonomy":"product_cat","embeddable":true,"href":"https:\/\/www.bjultrasonic.com\/es\/wp-json\/wp\/v2\/product_cat?post=67883"},{"taxonomy":"product_tag","embeddable":true,"href":"https:\/\/www.bjultrasonic.com\/es\/wp-json\/wp\/v2\/product_tag?post=67883"}],"curies":[{"name":"wp","href":"https:\/\/api.w.org\/{rel}","templated":true}]}}