{"id":67923,"date":"2013-07-21T03:54:51","date_gmt":"2013-07-21T08:54:51","guid":{"rendered":"https:\/\/www.bjultrasonic.com\/shop\/20khz-100w-ultrasonic-transducer-20khz-100w-digital-ultrasonic-pcb-generator\/"},"modified":"2026-03-28T20:34:04","modified_gmt":"2026-03-29T01:34:04","slug":"20khz-100w-ultrasonic-transducer-20khz-100w-digital-ultrasonic-pcb-generator","status":"publish","type":"product","link":"https:\/\/www.bjultrasonic.com\/es\/shop\/20khz-100w-ultrasonic-transducer-20khz-100w-digital-ultrasonic-pcb-generator\/","title":{"rendered":"Transductor ultras\u00f3nico de 20kHz 100W y Controlador digital de transductor ultras\u00f3nico de 20kHz 100W"},"content":{"rendered":"<p><strong>Nota: Al realizar el pedido.<\/strong><\/p>\n<ol>\n<li>Por favor, deje un mensaje sobre el est\u00e1ndar de voltaje exacto.<\/li>\n<li>Por favor, proporci\u00f3nenos la direcci\u00f3n de entrega exacta y el n\u00famero de tel\u00e9fono de contacto.<\/li>\n<li>Por favor, inf\u00f3rmenos si desea que declaremos a la aduana un valor bajo.<\/li>\n<li>Por favor, d\u00e9jenos una direcci\u00f3n de correo electr\u00f3nico v\u00e1lida. Le enviaremos el n\u00famero de seguimiento por correo electr\u00f3nico tan pronto como enviemos la mercanc\u00eda.<\/li>\n<\/ol>\n<p><strong>Especificaciones:<\/strong><\/p>\n<table class=\"table table-striped table-bordered\">\n<tbody>\n<tr>\n<td colspan=\"2\" width=\"568\">Un generador ultras\u00f3nico digital de PCB de 20kHz 100W impulsa un transductor ultras\u00f3nico de 20kHz 100W.<\/td>\n<\/tr>\n<tr>\n<td colspan=\"2\" width=\"568\">Transductor ultras\u00f3nico:<\/td>\n<\/tr>\n<tr>\n<td width=\"163\">Frecuencia<\/td>\n<td width=\"405\">20kHz \u00b1 1 kHz<\/td>\n<\/tr>\n<tr>\n<td width=\"163\">Potencia<\/td>\n<td width=\"405\">100W<\/td>\n<\/tr>\n<tr>\n<td width=\"163\">Capacidad<\/td>\n<td width=\"405\">5100 pF (PZT85)<\/td>\n<\/tr>\n<tr>\n<td width=\"163\">Superficie radiante<\/td>\n<td width=\"405\">68 mm<\/td>\n<\/tr>\n<tr>\n<td width=\"163\">Resistencia de resonancia<\/td>\n<td width=\"405\">10 &#8211; 20 \u03a9<\/td>\n<\/tr>\n<tr>\n<td width=\"163\">Tama\u00f1o de la cer\u00e1mica piezoel\u00e9ctrica<\/td>\n<td width=\"405\">45*15*5 mm<\/td>\n<\/tr>\n<tr>\n<td width=\"163\">Longitud<\/td>\n<td width=\"405\">95 mm<\/td>\n<\/tr>\n<tr>\n<td colspan=\"2\" width=\"568\">Generador ultras\u00f3nico de PCB<\/td>\n<\/tr>\n<tr>\n<td width=\"163\">Alimentaci\u00f3n el\u00e9ctrica<\/td>\n<td width=\"405\">Entrada: 200V &#8211; 240V \/ 100V &#8211; 120V<\/td>\n<\/tr>\n<tr>\n<td width=\"163\">Frecuencia<\/td>\n<td width=\"405\">20kHz \u00b1 1 kHz<\/td>\n<\/tr>\n<tr>\n<td width=\"163\">Potencia<\/td>\n<td width=\"405\">100W<\/td>\n<\/tr>\n<tr>\n<td width=\"163\">Capacidad<\/td>\n<td width=\"405\">5100 pF<\/td>\n<\/tr>\n<tr>\n<td width=\"163\">Tama\u00f1o<\/td>\n<td width=\"405\">18 cm * 13 cm * 6 cm (largo * ancho * alto)<\/td>\n<\/tr>\n<tr>\n<td colspan=\"2\" width=\"568\">Peso bruto total: 4 kg<\/td>\n<\/tr>\n<tr>\n<td colspan=\"2\" width=\"568\">Notas: el tiempo y la potencia del generador ultras\u00f3nico digital de PCB se pueden ajustar seg\u00fan sus necesidades.<\/td>\n<\/tr>\n<\/tbody>\n<\/table>\n<p>Las siguientes im\u00e1genes muestran c\u00f3mo conectarlos:<\/p>\n<p><a href=\"https:\/\/www.bjultrasonic.com\/wp-content\/uploads\/2014\/05\/20kHz-100W-Ultrasonic-Transducer-20kHz-100W-Digital-Ultrasonic-PCB-Generator-5.jpg\"><img loading=\"lazy\" decoding=\"async\" class=\"alignnone wp-image-5639\" src=\"\/\/www.bjultrasonic.com\/wp-content\/uploads\/2014\/05\/20kHz-100W-Ultrasonic-Transducer-20kHz-100W-Digital-Ultrasonic-PCB-Generator-5.jpg\" alt=\"Transductor ultras\u00f3nico 20kHz 100W y Generador ultras\u00f3nico digital de PCB 20kHz 100W (5)\" width=\"585\" height=\"324\" \/><\/a> <a href=\"https:\/\/www.bjultrasonic.com\/wp-content\/uploads\/2014\/05\/20kHz-100W-Ultrasonic-Transducer-20kHz-100W-Digital-Ultrasonic-PCB-Generator-4.jpg\"><img loading=\"lazy\" decoding=\"async\" class=\"alignnone wp-image-5638\" src=\"\/\/www.bjultrasonic.com\/wp-content\/uploads\/2014\/05\/20kHz-100W-Ultrasonic-Transducer-20kHz-100W-Digital-Ultrasonic-PCB-Generator-4.jpg\" alt=\"Transductor ultras\u00f3nico 20kHz 100W y Generador ultras\u00f3nico digital de PCB 20kHz 100W (4)\" width=\"585\" height=\"324\" \/><\/a> <a href=\"https:\/\/www.bjultrasonic.com\/wp-content\/uploads\/2014\/05\/20kHz-100W-Ultrasonic-Transducer-20kHz-100W-Digital-Ultrasonic-PCB-Generator-3.jpg\"><img loading=\"lazy\" decoding=\"async\" class=\"alignnone wp-image-5637\" src=\"\/\/www.bjultrasonic.com\/wp-content\/uploads\/2014\/05\/20kHz-100W-Ultrasonic-Transducer-20kHz-100W-Digital-Ultrasonic-PCB-Generator-3.jpg\" alt=\"Transductor ultras\u00f3nico 20kHz 100W y Generador ultras\u00f3nico digital de PCB 20kHz 100W (3)\" width=\"582\" height=\"322\" \/><\/a> <a href=\"https:\/\/www.bjultrasonic.com\/wp-content\/uploads\/2014\/05\/20kHz-100W-Ultrasonic-Transducer-20kHz-100W-Digital-Ultrasonic-PCB-Generator-2.jpg\"><img loading=\"lazy\" decoding=\"async\" class=\"alignnone wp-image-5636\" src=\"\/\/www.bjultrasonic.com\/wp-content\/uploads\/2014\/05\/20kHz-100W-Ultrasonic-Transducer-20kHz-100W-Digital-Ultrasonic-PCB-Generator-2.jpg\" alt=\"Transductor ultras\u00f3nico 20kHz 100W y Generador ultras\u00f3nico digital de PCB 20kHz 100W (2)\" width=\"587\" height=\"296\" \/><\/a> <a href=\"https:\/\/www.bjultrasonic.com\/wp-content\/uploads\/2014\/05\/20kHz-100W-Ultrasonic-Transducer-20kHz-100W-Digital-Ultrasonic-PCB-Generator-1.jpg\"><img loading=\"lazy\" decoding=\"async\" class=\"alignnone wp-image-5635\" src=\"\/\/www.bjultrasonic.com\/wp-content\/uploads\/2014\/05\/20kHz-100W-Ultrasonic-Transducer-20kHz-100W-Digital-Ultrasonic-PCB-Generator-1.jpg\" alt=\"Transductor ultras\u00f3nico 20kHz 100W y Generador ultras\u00f3nico digital de PCB 20kHz 100W (1)\" width=\"584\" height=\"323\" \/><\/a><\/p>\n<p>&nbsp;<\/p>\n","protected":false},"excerpt":{"rendered":"<p>Paquetes de <a href=\"https:\/\/www.bjultrasonic.com\/es\/category\/ultrasonic-generator-es\/ultrasonic-generator-circuits-es\/\">placa de accionamiento de potencia para limpieza ultras\u00f3nica<\/a> con pantalla digital y <a href=\"https:\/\/www.bjultrasonic.com\/es\/category\/ultrasonic-transducer-es\/\">transductores de limpieza ultras\u00f3nica<\/a>.<\/p>\n","protected":false},"featured_media":24651,"comment_status":"open","ping_status":"closed","template":"","meta":[],"product_brand":[],"product_cat":[6081],"product_tag":[],"class_list":{"0":"post-67923","1":"product","2":"type-product","3":"status-publish","4":"has-post-thumbnail","6":"product_cat-digital-ultrasonic-pcb-generator-transducer-es","8":"first","9":"instock","10":"shipping-taxable","11":"purchasable","12":"product-type-simple","13":"prodpage-classic"},"aioseo_notices":[],"_links":{"self":[{"href":"https:\/\/www.bjultrasonic.com\/es\/wp-json\/wp\/v2\/product\/67923","targetHints":{"allow":["GET"]}}],"collection":[{"href":"https:\/\/www.bjultrasonic.com\/es\/wp-json\/wp\/v2\/product"}],"about":[{"href":"https:\/\/www.bjultrasonic.com\/es\/wp-json\/wp\/v2\/types\/product"}],"replies":[{"embeddable":true,"href":"https:\/\/www.bjultrasonic.com\/es\/wp-json\/wp\/v2\/comments?post=67923"}],"wp:featuredmedia":[{"embeddable":true,"href":"https:\/\/www.bjultrasonic.com\/es\/wp-json\/wp\/v2\/media\/24651"}],"wp:attachment":[{"href":"https:\/\/www.bjultrasonic.com\/es\/wp-json\/wp\/v2\/media?parent=67923"}],"wp:term":[{"taxonomy":"product_brand","embeddable":true,"href":"https:\/\/www.bjultrasonic.com\/es\/wp-json\/wp\/v2\/product_brand?post=67923"},{"taxonomy":"product_cat","embeddable":true,"href":"https:\/\/www.bjultrasonic.com\/es\/wp-json\/wp\/v2\/product_cat?post=67923"},{"taxonomy":"product_tag","embeddable":true,"href":"https:\/\/www.bjultrasonic.com\/es\/wp-json\/wp\/v2\/product_tag?post=67923"}],"curies":[{"name":"wp","href":"https:\/\/api.w.org\/{rel}","templated":true}]}}