{"id":67983,"date":"2013-06-21T02:02:41","date_gmt":"2013-06-21T07:02:41","guid":{"rendered":"https:\/\/www.bjultrasonic.com\/shop\/80khz-60w-ultrasonic-transducer-80khz-60w-ultrasonic-pcb-generator\/"},"modified":"2026-03-28T20:33:36","modified_gmt":"2026-03-29T01:33:36","slug":"80khz-60w-ultrasonic-transducer-80khz-60w-ultrasonic-pcb-generator","status":"publish","type":"product","link":"https:\/\/www.bjultrasonic.com\/es\/shop\/80khz-60w-ultrasonic-transducer-80khz-60w-ultrasonic-pcb-generator\/","title":{"rendered":"Transductor ultras\u00f3nico de 80 kHz 60 W y controlador de transductor ultras\u00f3nico de 80 kHz 60 W"},"content":{"rendered":"<p><strong>Nota: Al realizar el pedido.<\/strong><\/p>\n<ol>\n<li>Por favor, deje un mensaje sobre el est\u00e1ndar de voltaje exacto.<\/li>\n<li>Por favor, proporcione la direcci\u00f3n de entrega exacta y el n\u00famero de tel\u00e9fono de contacto.<\/li>\n<li>Por favor, ind\u00edquenos si desea que declaremos un valor bajo en la aduana.<\/li>\n<li>Por favor, d\u00e9jenos una direcci\u00f3n de correo electr\u00f3nico v\u00e1lida. Le enviaremos el n\u00famero de seguimiento por correo electr\u00f3nico tan pronto como despachemos la mercanc\u00eda.<\/li>\n<\/ol>\n<p><strong>Especificaciones:<\/strong><\/p>\n<table class=\"table table-striped table-bordered\">\n<tbody>\n<tr>\n<td colspan=\"2\" width=\"568\">Un generador PCB ultras\u00f3nico de 80 kHz 60 W impulsa un transductor ultras\u00f3nico de 80 kHz 60 W.<\/td>\n<\/tr>\n<tr>\n<td colspan=\"2\" width=\"568\"><strong>Transductor ultras\u00f3nico:<\/strong><\/td>\n<\/tr>\n<tr>\n<td width=\"163\">Frecuencia<\/td>\n<td width=\"405\">80 kHz \u00b11 kHz<\/td>\n<\/tr>\n<tr>\n<td width=\"163\">Potencia<\/td>\n<td width=\"405\">60 W<\/td>\n<\/tr>\n<tr>\n<td width=\"163\">Capacidad<\/td>\n<td width=\"405\">5400 pF (PZT4)<\/td>\n<\/tr>\n<tr>\n<td width=\"163\">Superficie radiante<\/td>\n<td width=\"405\">40 mm<\/td>\n<\/tr>\n<tr>\n<td width=\"163\">Resistencia de resonancia<\/td>\n<td width=\"405\">10-20 \u03a9<\/td>\n<\/tr>\n<tr>\n<td width=\"163\">Tama\u00f1o de la cer\u00e1mica piezoel\u00e9ctrica<\/td>\n<td width=\"405\">38*15*5 mm<\/td>\n<\/tr>\n<tr>\n<td width=\"163\">Longitud<\/td>\n<td width=\"405\">60 mm<\/td>\n<\/tr>\n<tr>\n<td colspan=\"2\" width=\"568\"><strong>Generador PCB ultras\u00f3nico<\/strong><\/td>\n<\/tr>\n<tr>\n<td width=\"163\">Fuente de alimentaci\u00f3n<\/td>\n<td width=\"405\">Entrada: 200 V-240 V \/ 100 V-120 V<\/td>\n<\/tr>\n<tr>\n<td width=\"163\">Frecuencia<\/td>\n<td width=\"405\">80 kHz \u00b11 kHz<\/td>\n<\/tr>\n<tr>\n<td width=\"163\">Potencia<\/td>\n<td width=\"405\">60 W<\/td>\n<\/tr>\n<tr>\n<td width=\"163\">Capacidad<\/td>\n<td width=\"405\">5400 pF<\/td>\n<\/tr>\n<tr>\n<td width=\"163\">Tama\u00f1o<\/td>\n<td width=\"405\">18 cm * 13 cm * 6 cm (largo * ancho * alto)<\/td>\n<\/tr>\n<tr>\n<td colspan=\"2\" width=\"568\">Peso bruto total: 4 kg<\/td>\n<\/tr>\n<\/tbody>\n<\/table>\n<p>Las siguientes im\u00e1genes muestran c\u00f3mo conectarlos:<\/p>\n<p><a href=\"https:\/\/www.bjultrasonic.com\/wp-content\/uploads\/2013\/06\/80kHz-60W-Ultrasonic-Transducer-80kHz-60W-Ultrasonic-PCB-Generator-1.jpg\"><img loading=\"lazy\" decoding=\"async\" class=\"alignnone wp-image-5613\" src=\"\/\/www.bjultrasonic.com\/wp-content\/uploads\/2013\/06\/80kHz-60W-Ultrasonic-Transducer-80kHz-60W-Ultrasonic-PCB-Generator-1.jpg\" alt=\"Transductor ultras\u00f3nico 80 kHz 60 W y generador PCB ultras\u00f3nico 80 kHz 60 W (1)\" width=\"593\" height=\"299\" \/><\/a> <a href=\"https:\/\/www.bjultrasonic.com\/wp-content\/uploads\/2013\/06\/80kHz-60W-Ultrasonic-Transducer-80kHz-60W-Ultrasonic-PCB-Generator-2.jpg\"><img loading=\"lazy\" decoding=\"async\" class=\"alignnone wp-image-5614\" src=\"\/\/www.bjultrasonic.com\/wp-content\/uploads\/2013\/06\/80kHz-60W-Ultrasonic-Transducer-80kHz-60W-Ultrasonic-PCB-Generator-2.jpg\" alt=\"Transductor ultras\u00f3nico 80 kHz 60 W y generador PCB ultras\u00f3nico 80 kHz 60 W (2)\" width=\"592\" height=\"328\" \/><\/a> <a href=\"https:\/\/www.bjultrasonic.com\/wp-content\/uploads\/2013\/06\/80kHz-60W-Ultrasonic-Transducer-80kHz-60W-Ultrasonic-PCB-Generator-3.jpg\"><img loading=\"lazy\" decoding=\"async\" class=\"alignnone wp-image-5615\" src=\"\/\/www.bjultrasonic.com\/wp-content\/uploads\/2013\/06\/80kHz-60W-Ultrasonic-Transducer-80kHz-60W-Ultrasonic-PCB-Generator-3.jpg\" alt=\"Transductor ultras\u00f3nico 80 kHz 60 W y generador PCB ultras\u00f3nico 80 kHz 60 W (3)\" width=\"587\" height=\"325\" \/><\/a> <a href=\"https:\/\/www.bjultrasonic.com\/wp-content\/uploads\/2013\/06\/80kHz-60W-Ultrasonic-Transducer-80kHz-60W-Ultrasonic-PCB-Generator-4.jpg\"><img loading=\"lazy\" decoding=\"async\" class=\"alignnone wp-image-5616\" src=\"\/\/www.bjultrasonic.com\/wp-content\/uploads\/2013\/06\/80kHz-60W-Ultrasonic-Transducer-80kHz-60W-Ultrasonic-PCB-Generator-4.jpg\" alt=\"Transductor ultras\u00f3nico 80 kHz 60 W y generador PCB ultras\u00f3nico 80 kHz 60 W (4)\" width=\"585\" height=\"433\" \/><\/a> <a href=\"https:\/\/www.bjultrasonic.com\/wp-content\/uploads\/2013\/06\/80kHz-60W-Ultrasonic-Transducer-80kHz-60W-Ultrasonic-PCB-Generator-5.jpg\"><img loading=\"lazy\" decoding=\"async\" class=\"alignnone wp-image-5617\" src=\"\/\/www.bjultrasonic.com\/wp-content\/uploads\/2013\/06\/80kHz-60W-Ultrasonic-Transducer-80kHz-60W-Ultrasonic-PCB-Generator-5.jpg\" alt=\"Transductor ultras\u00f3nico 80 kHz 60 W y generador PCB ultras\u00f3nico 80 kHz 60 W (5)\" width=\"585\" height=\"534\" \/><\/a><\/p>\n","protected":false},"excerpt":{"rendered":"<p>Paquetes de alta calidad de <a href=\"https:\/\/www.bjultrasonic.com\/es\/category\/ultrasonic-generator-es\/ultrasonic-generator-circuits-es\/\">placa de control de potencia para limpieza ultras\u00f3nica<\/a> [100-120V\/200-240V] y <a href=\"https:\/\/www.bjultrasonic.com\/es\/category\/ultrasonic-transducer-es\/\">transductores de limpieza ultras\u00f3nica<\/a>.<\/p>\n","protected":false},"featured_media":42287,"comment_status":"open","ping_status":"closed","template":"","meta":[],"product_brand":[],"product_cat":[6120],"product_tag":[],"class_list":{"0":"post-67983","1":"product","2":"type-product","3":"status-publish","4":"has-post-thumbnail","6":"product_cat-100-120v-200-240v-ultrasonic-generator-transducer-es","8":"first","9":"instock","10":"shipping-taxable","11":"purchasable","12":"product-type-simple","13":"prodpage-classic"},"aioseo_notices":[],"_links":{"self":[{"href":"https:\/\/www.bjultrasonic.com\/es\/wp-json\/wp\/v2\/product\/67983","targetHints":{"allow":["GET"]}}],"collection":[{"href":"https:\/\/www.bjultrasonic.com\/es\/wp-json\/wp\/v2\/product"}],"about":[{"href":"https:\/\/www.bjultrasonic.com\/es\/wp-json\/wp\/v2\/types\/product"}],"replies":[{"embeddable":true,"href":"https:\/\/www.bjultrasonic.com\/es\/wp-json\/wp\/v2\/comments?post=67983"}],"wp:featuredmedia":[{"embeddable":true,"href":"https:\/\/www.bjultrasonic.com\/es\/wp-json\/wp\/v2\/media\/42287"}],"wp:attachment":[{"href":"https:\/\/www.bjultrasonic.com\/es\/wp-json\/wp\/v2\/media?parent=67983"}],"wp:term":[{"taxonomy":"product_brand","embeddable":true,"href":"https:\/\/www.bjultrasonic.com\/es\/wp-json\/wp\/v2\/product_brand?post=67983"},{"taxonomy":"product_cat","embeddable":true,"href":"https:\/\/www.bjultrasonic.com\/es\/wp-json\/wp\/v2\/product_cat?post=67983"},{"taxonomy":"product_tag","embeddable":true,"href":"https:\/\/www.bjultrasonic.com\/es\/wp-json\/wp\/v2\/product_tag?post=67983"}],"curies":[{"name":"wp","href":"https:\/\/api.w.org\/{rel}","templated":true}]}}