{"id":68043,"date":"2013-06-21T02:00:57","date_gmt":"2013-06-21T07:00:57","guid":{"rendered":"https:\/\/www.bjultrasonic.com\/shop\/30khz-100w-ultrasonic-transducer-30khz-100w-ultrasonic-pcb-generator\/"},"modified":"2026-03-28T20:33:09","modified_gmt":"2026-03-29T01:33:09","slug":"30khz-100w-ultrasonic-transducer-30khz-100w-ultrasonic-pcb-generator","status":"publish","type":"product","link":"https:\/\/www.bjultrasonic.com\/es\/shop\/30khz-100w-ultrasonic-transducer-30khz-100w-ultrasonic-pcb-generator\/","title":{"rendered":"Transductor ultras\u00f3nico de 30kHz 100W y Controlador de transductor ultras\u00f3nico de 30kHz 100W"},"content":{"rendered":"<p><strong>Observaci\u00f3n: Al realizar el pedido.<\/strong><\/p>\n<ol>\n<li>Por favor, deje un mensaje sobre el est\u00e1ndar de voltaje exacto.<\/li>\n<li>Por favor, proporcione la direcci\u00f3n de entrega exacta y el n\u00famero de tel\u00e9fono de contacto.<\/li>\n<li>Por favor, ind\u00edquenos si desea que declaremos un valor bajo en la aduana.<\/li>\n<li>Por favor, d\u00e9jenos una direcci\u00f3n de correo electr\u00f3nico v\u00e1lida. Le enviaremos el n\u00famero de seguimiento por correo electr\u00f3nico tan pronto como enviemos la mercanc\u00eda.<\/li>\n<\/ol>\n<p><strong>Especificaciones:<\/strong><\/p>\n<table class=\"table table-striped table-bordered\">\n<tbody>\n<tr>\n<td colspan=\"2\" width=\"568\">Un generador de PCB ultras\u00f3nico de 30 kHz 100 W impulsa un transductor ultras\u00f3nico de 30 kHz 100 W<\/td>\n<\/tr>\n<tr>\n<td colspan=\"2\" width=\"568\"><strong>Transductor ultras\u00f3nico:<\/strong><\/td>\n<\/tr>\n<tr>\n<td width=\"163\">Frecuencia<\/td>\n<td width=\"405\">30 kHz \u00b1 1 kHz<\/td>\n<\/tr>\n<tr>\n<td width=\"163\">Potencia<\/td>\n<td width=\"405\">100 W<\/td>\n<\/tr>\n<tr>\n<td width=\"163\">Capacidad<\/td>\n<td width=\"405\">5200 pF (PZT8)<\/td>\n<\/tr>\n<tr>\n<td width=\"163\">Superficie radiante<\/td>\n<td width=\"405\">68 mm<\/td>\n<\/tr>\n<tr>\n<td width=\"163\">Resistencia de resonancia<\/td>\n<td width=\"405\">10 &#8211; 20 \u03a9<\/td>\n<\/tr>\n<tr>\n<td width=\"163\">Tama\u00f1o de la cer\u00e1mica piezoel\u00e9ctrica<\/td>\n<td width=\"405\">45 * 15 * 5 mm<\/td>\n<\/tr>\n<tr>\n<td width=\"163\">Longitud<\/td>\n<td width=\"405\">61 mm<\/td>\n<\/tr>\n<tr>\n<td colspan=\"2\" width=\"568\"><strong>Generador de PCB ultras\u00f3nico<\/strong><\/td>\n<\/tr>\n<tr>\n<td width=\"163\">Fuente de alimentaci\u00f3n<\/td>\n<td width=\"405\">Entrada: 200 V &#8211; 240 V \/ 100 V &#8211; 120 V<\/td>\n<\/tr>\n<tr>\n<td width=\"163\">Frecuencia<\/td>\n<td width=\"405\">30 kHz \u00b1 1 kHz<\/td>\n<\/tr>\n<tr>\n<td width=\"163\">Potencia<\/td>\n<td width=\"405\">100 W<\/td>\n<\/tr>\n<tr>\n<td width=\"163\">Capacidad<\/td>\n<td width=\"405\">5200 pF<\/td>\n<\/tr>\n<tr>\n<td width=\"163\">Tama\u00f1o<\/td>\n<td width=\"405\">18 cm * 13 cm * 6 cm (largo * ancho * alto)<\/td>\n<\/tr>\n<tr>\n<td colspan=\"2\" width=\"568\">Peso bruto total: 4 kg<\/td>\n<\/tr>\n<\/tbody>\n<\/table>\n<p>Las siguientes im\u00e1genes muestran c\u00f3mo conectarlos:<\/p>\n<p><a href=\"https:\/\/www.bjultrasonic.com\/wp-content\/uploads\/2013\/06\/30kHz-100W-Ultrasonic-Transducer-30kHz-100W-Ultrasonic-PCB-Generator-4.jpg\"><img loading=\"lazy\" decoding=\"async\" class=\"alignnone  wp-image-5601\" src=\"\/\/www.bjultrasonic.com\/wp-content\/uploads\/2013\/06\/30kHz-100W-Ultrasonic-Transducer-30kHz-100W-Ultrasonic-PCB-Generator-4.jpg\" alt=\"Transductor ultras\u00f3nico de 30 kHz 100 W y generador de PCB ultras\u00f3nico de 30 kHz 100 W (4)\" width=\"587\" height=\"325\" \/><\/a> <a href=\"https:\/\/www.bjultrasonic.com\/wp-content\/uploads\/2013\/06\/30kHz-100W-Ultrasonic-Transducer-30kHz-100W-Ultrasonic-PCB-Generator-3.jpg\"><img loading=\"lazy\" decoding=\"async\" class=\"alignnone  wp-image-5600\" src=\"\/\/www.bjultrasonic.com\/wp-content\/uploads\/2013\/06\/30kHz-100W-Ultrasonic-Transducer-30kHz-100W-Ultrasonic-PCB-Generator-3.jpg\" alt=\"Transductor ultras\u00f3nico de 30 kHz 100 W y generador de PCB ultras\u00f3nico de 30 kHz 100 W (3)\" width=\"582\" height=\"455\" \/><\/a> <a href=\"https:\/\/www.bjultrasonic.com\/wp-content\/uploads\/2013\/06\/30kHz-100W-Ultrasonic-Transducer-30kHz-100W-Ultrasonic-PCB-Generator-2.jpg\"><img loading=\"lazy\" decoding=\"async\" class=\"alignnone  wp-image-5599\" src=\"\/\/www.bjultrasonic.com\/wp-content\/uploads\/2013\/06\/30kHz-100W-Ultrasonic-Transducer-30kHz-100W-Ultrasonic-PCB-Generator-2.jpg\" alt=\"Transductor ultras\u00f3nico de 30 kHz 100 W y generador de PCB ultras\u00f3nico de 30 kHz 100 W (2)\" width=\"582\" height=\"322\" \/><\/a> <a href=\"https:\/\/www.bjultrasonic.com\/wp-content\/uploads\/2013\/06\/30kHz-100W-Ultrasonic-Transducer-30kHz-100W-Ultrasonic-PCB-Generator-1.jpg\"><img loading=\"lazy\" decoding=\"async\" class=\"alignnone  wp-image-5598\" src=\"\/\/www.bjultrasonic.com\/wp-content\/uploads\/2013\/06\/30kHz-100W-Ultrasonic-Transducer-30kHz-100W-Ultrasonic-PCB-Generator-1.jpg\" alt=\"Transductor ultras\u00f3nico de 30 kHz 100 W y generador de PCB ultras\u00f3nico de 30 kHz 100 W (1)\" width=\"578\" height=\"449\" \/><\/a><\/p>\n","protected":false},"excerpt":{"rendered":"<p>Paquetes de <a href=\"https:\/\/www.bjultrasonic.com\/es\/category\/ultrasonic-generator-es\/ultrasonic-generator-circuits-es\/\">placas de control de potencia para limpieza ultras\u00f3nica<\/a> y <a href=\"https:\/\/www.bjultrasonic.com\/es\/category\/ultrasonic-transducer-es\/\">transductores de limpieza ultras\u00f3nica<\/a> de alta calidad [100-120V\/200-240V].<\/p>\n","protected":false},"featured_media":42289,"comment_status":"open","ping_status":"closed","template":"","meta":[],"product_brand":[],"product_cat":[6120],"product_tag":[],"class_list":{"0":"post-68043","1":"product","2":"type-product","3":"status-publish","4":"has-post-thumbnail","6":"product_cat-100-120v-200-240v-ultrasonic-generator-transducer-es","8":"first","9":"instock","10":"shipping-taxable","11":"purchasable","12":"product-type-simple","13":"prodpage-classic"},"aioseo_notices":[],"_links":{"self":[{"href":"https:\/\/www.bjultrasonic.com\/es\/wp-json\/wp\/v2\/product\/68043","targetHints":{"allow":["GET"]}}],"collection":[{"href":"https:\/\/www.bjultrasonic.com\/es\/wp-json\/wp\/v2\/product"}],"about":[{"href":"https:\/\/www.bjultrasonic.com\/es\/wp-json\/wp\/v2\/types\/product"}],"replies":[{"embeddable":true,"href":"https:\/\/www.bjultrasonic.com\/es\/wp-json\/wp\/v2\/comments?post=68043"}],"wp:featuredmedia":[{"embeddable":true,"href":"https:\/\/www.bjultrasonic.com\/es\/wp-json\/wp\/v2\/media\/42289"}],"wp:attachment":[{"href":"https:\/\/www.bjultrasonic.com\/es\/wp-json\/wp\/v2\/media?parent=68043"}],"wp:term":[{"taxonomy":"product_brand","embeddable":true,"href":"https:\/\/www.bjultrasonic.com\/es\/wp-json\/wp\/v2\/product_brand?post=68043"},{"taxonomy":"product_cat","embeddable":true,"href":"https:\/\/www.bjultrasonic.com\/es\/wp-json\/wp\/v2\/product_cat?post=68043"},{"taxonomy":"product_tag","embeddable":true,"href":"https:\/\/www.bjultrasonic.com\/es\/wp-json\/wp\/v2\/product_tag?post=68043"}],"curies":[{"name":"wp","href":"https:\/\/api.w.org\/{rel}","templated":true}]}}