{"id":68343,"date":"2013-05-14T17:09:47","date_gmt":"2013-05-14T22:09:47","guid":{"rendered":"https:\/\/www.bjultrasonic.com\/shop\/ultrasonic-horn\/"},"modified":"2026-03-28T20:30:23","modified_gmt":"2026-03-29T01:30:23","slug":"ultrasonic-horn","status":"publish","type":"product","link":"https:\/\/www.bjultrasonic.com\/es\/shop\/ultrasonic-horn\/","title":{"rendered":"Cuerno de soldadura ultras\u00f3nica"},"content":{"rendered":"<p>La boquilla de soldadura ultras\u00f3nica \/ Sonotrodo ultras\u00f3nico \/ Molde de soldadura ultras\u00f3nica se utiliza ampliamente en la <a href=\"https:\/\/www.bjultrasonic.com\/es\/shop\/ultrasonic-welding-machine\/\">m\u00e1quina de soldadura ultras\u00f3nica<\/a>. Es clave para soldar diversos productos pl\u00e1sticos, met\u00e1licos o de tela. Adem\u00e1s, la M\u00e1quina de Soldadura Ultras\u00f3nica es un soldador ultras\u00f3nico dise\u00f1ado para soldar varios pl\u00e1sticos (ABS, PVC, PP, PE, PC, PS, HDPE, LDPE, PET, PMMA, acetal, etc.) y telas (poli\u00e9ster, no tejido, nailon, etc.). Podemos fabricar cabezales y puntas de soldadura de acero y titanio a cualquier frecuencia, y pueden combinarse con productos de otras empresas. Podemos proporcionar moldes personalizados seg\u00fan sus requerimientos.<\/p>\n<p><img loading=\"lazy\" decoding=\"async\" class=\"alignnone size-full wp-image-24647\" src=\"https:\/\/www.bjultrasonic.com\/wp-content\/uploads\/2013\/05\/Ultrasonic-Welding-Horn-4.jpg\" alt=\"Ultrasonic Welding Horn (4)\" width=\"559\" height=\"578\" \/><\/p>\n<h3>Nuestras Ventajas<\/h3>\n<ul>\n<li>Una variedad de especificaciones para diferentes tipos de equipos de soldadura ultras\u00f3nica.<\/li>\n<li>Mayor precisi\u00f3n de soldadura<\/li>\n<li>Mejor experiencia de usuario<\/li>\n<li>Rendimiento estable<\/li>\n<li>Mayor capacidad de producci\u00f3n<\/li>\n<li>Eficiente y estable, larga garant\u00eda y entrega r\u00e1pida<\/li>\n<\/ul>\n<p>&nbsp;<\/p>\n<p><iframe loading=\"lazy\" title=\"Ultrasonic Welding Machine for Face Mask Manufacturing\" width=\"500\" height=\"375\" src=\"https:\/\/www.youtube.com\/embed\/6luA2gpAZdU?feature=oembed\" frameborder=\"0\" allow=\"accelerometer; autoplay; clipboard-write; encrypted-media; gyroscope; picture-in-picture; web-share\" referrerpolicy=\"strict-origin-when-cross-origin\" allowfullscreen><\/iframe><\/p>\n<p><iframe loading=\"lazy\" title=\"Ultrasonic Plastic Welder | Ultrasonic Plastic Welding\" width=\"500\" height=\"281\" src=\"https:\/\/www.youtube.com\/embed\/3H2GRdGeOGM?feature=oembed\" frameborder=\"0\" allow=\"accelerometer; autoplay; clipboard-write; encrypted-media; gyroscope; picture-in-picture; web-share\" referrerpolicy=\"strict-origin-when-cross-origin\" allowfullscreen><\/iframe><\/p>\n<h3>Principios del Maquinado Ultras\u00f3nico<\/h3>\n<p>El maquinado ultras\u00f3nico es una t\u00e9cnica de mecanizado que utiliza una suspensi\u00f3n abrasiva suministrada al espacio entre la pieza de trabajo y una herramienta que vibra a una frecuencia ultras\u00f3nica. El equipo de maquinado ultras\u00f3nico consta de <a href=\"https:\/\/www.bjultrasonic.com\/es\/shop\/ultrasonic-welding-generator\/\" target=\"_blank\" rel=\"noopener noreferrer\">Generador de Soldadura Ultras\u00f3nica<\/a>, <a href=\"https:\/\/www.bjultrasonic.com\/es\/category\/ultrasonic-transducer-es\/\" target=\"_blank\" rel=\"noopener noreferrer\">Transductores Ultras\u00f3nicos<\/a> y <strong>Boquilla Ultras\u00f3nica<\/strong>.<\/p>\n<p><img loading=\"lazy\" decoding=\"async\" class=\"size-full wp-image-1577 alignnone\" title=\"Principles of Ultrasonic Machining\" src=\"\/\/www.bjultrasonic.com\/wp-content\/uploads\/2013\/05\/Principles-of-Ultrasonic-Machining.jpg\" alt=\"Principles of Ultrasonic Machining\" width=\"650\" height=\"371\" \/><\/p>\n<h3>Pago<\/h3>\n<p>Aceptamos Paypal, Transferencia Bancaria (T\/T) y Western Union.<\/p>\n<h3 class=\"shipping-methods\">Env\u00edo<\/h3>\n<p>La mercanc\u00eda se enviar\u00e1 dentro de las 48 horas posteriores a recibir el pago completo.<\/p>\n<ul>\n<li>Enviamos los productos a la direcci\u00f3n proporcionada en el pago de PayPal. Por favor, aseg\u00farese de que la direcci\u00f3n en PayPal sea correcta.<\/li>\n<li>Le proporcionaremos el n\u00famero de seguimiento una vez enviemos los productos; en general, recibir\u00e1 la mercanc\u00eda dentro de cinco d\u00edas.<\/li>\n<li>Si tiene alguna pregunta, por favor cont\u00e1ctenos por correo electr\u00f3nico (nuestra direcci\u00f3n de correo es <a href=\"mailto:support@bjultrasonic.com\">support@bjultrasonic.com<\/a>)<\/li>\n<\/ul>\n<h3 align=\"left\">Garant\u00eda del Producto<\/h3>\n<p>El per\u00edodo de garant\u00eda del producto es de un a\u00f1o. Durante el per\u00edodo de garant\u00eda, los productos adquiridos pueden disfrutar de mantenimiento o cambio gratuitos.<\/p>\n","protected":false},"excerpt":{"rendered":"<p>Una bocina de soldadura ultras\u00f3nica (tambi\u00e9n conocida como cuerno ac\u00fastico, sonotrodo, gu\u00eda de ondas ac\u00fasticas, sonda ultras\u00f3nica) es una barra met\u00e1lica que se estrecha y que, normalmente, se utiliza para <strong>amplificar la amplitud del desplazamiento de oscilaci\u00f3n<\/strong> en la <strong>soldadura ultras\u00f3nica<\/strong> y el <strong>mecanizado ultras\u00f3nico<\/strong>.<\/p>\n<p>Podemos personalizar diferentes tama\u00f1os y frecuencias de bocina ultras\u00f3nica seg\u00fan los requisitos.<\/p>\n","protected":false},"featured_media":42269,"comment_status":"open","ping_status":"closed","template":"","meta":[],"product_brand":[],"product_cat":[5620],"product_tag":[],"class_list":{"0":"post-68343","1":"product","2":"type-product","3":"status-publish","4":"has-post-thumbnail","6":"product_cat-ultrasonic-welding-equipment-es","8":"first","9":"instock","10":"shipping-taxable","11":"product-type-external","12":"prodpage-classic"},"aioseo_notices":[],"_links":{"self":[{"href":"https:\/\/www.bjultrasonic.com\/es\/wp-json\/wp\/v2\/product\/68343","targetHints":{"allow":["GET"]}}],"collection":[{"href":"https:\/\/www.bjultrasonic.com\/es\/wp-json\/wp\/v2\/product"}],"about":[{"href":"https:\/\/www.bjultrasonic.com\/es\/wp-json\/wp\/v2\/types\/product"}],"replies":[{"embeddable":true,"href":"https:\/\/www.bjultrasonic.com\/es\/wp-json\/wp\/v2\/comments?post=68343"}],"wp:featuredmedia":[{"embeddable":true,"href":"https:\/\/www.bjultrasonic.com\/es\/wp-json\/wp\/v2\/media\/42269"}],"wp:attachment":[{"href":"https:\/\/www.bjultrasonic.com\/es\/wp-json\/wp\/v2\/media?parent=68343"}],"wp:term":[{"taxonomy":"product_brand","embeddable":true,"href":"https:\/\/www.bjultrasonic.com\/es\/wp-json\/wp\/v2\/product_brand?post=68343"},{"taxonomy":"product_cat","embeddable":true,"href":"https:\/\/www.bjultrasonic.com\/es\/wp-json\/wp\/v2\/product_cat?post=68343"},{"taxonomy":"product_tag","embeddable":true,"href":"https:\/\/www.bjultrasonic.com\/es\/wp-json\/wp\/v2\/product_tag?post=68343"}],"curies":[{"name":"wp","href":"https:\/\/api.w.org\/{rel}","templated":true}]}}