{"id":68363,"date":"2013-05-14T02:32:29","date_gmt":"2013-05-14T07:32:29","guid":{"rendered":"https:\/\/www.bjultrasonic.com\/shop\/ultrasonic-welding-generator\/"},"modified":"2026-03-28T20:30:22","modified_gmt":"2026-03-29T01:30:22","slug":"ultrasonic-welding-generator","status":"publish","type":"product","link":"https:\/\/www.bjultrasonic.com\/es\/shop\/ultrasonic-welding-generator\/","title":{"rendered":"Generador de soldadura ultras\u00f3nica"},"content":{"rendered":"<p><iframe loading=\"lazy\" title=\"Ultrasonic Welding Generator\" width=\"500\" height=\"281\" src=\"https:\/\/www.youtube.com\/embed\/AieAouAI6i4?feature=oembed\" frameborder=\"0\" allow=\"accelerometer; autoplay; clipboard-write; encrypted-media; gyroscope; picture-in-picture; web-share\" referrerpolicy=\"strict-origin-when-cross-origin\" allowfullscreen><\/iframe><\/p>\n<p><iframe loading=\"lazy\" title=\"Ultrasonic Welding Machine for Face Mask Manufacturing\" width=\"500\" height=\"375\" src=\"https:\/\/www.youtube.com\/embed\/6luA2gpAZdU?feature=oembed\" frameborder=\"0\" allow=\"accelerometer; autoplay; clipboard-write; encrypted-media; gyroscope; picture-in-picture; web-share\" referrerpolicy=\"strict-origin-when-cross-origin\" allowfullscreen><\/iframe><\/p>\n<p><strong>El Generador de Soldadura Ultras\u00f3nica<\/strong> es utilizado por una variedad de productos de calidad, por ejemplo, <strong>la m\u00e1quina de soldadura termopl\u00e1stica, soldadura por puntos, piezas de m\u00e1quinas de mosaico entre metal y pl\u00e1stico, m\u00e1quina ultras\u00f3nica, amoladora ultras\u00f3nica y procesador de pl\u00e1stico ultras\u00f3nico.<\/strong><\/p>\n<h3>Especificaciones del Generador de Soldadura Ultras\u00f3nica<\/h3>\n<table class=\"table table-striped table-bordered\">\n<tbody>\n<tr>\n<td valign=\"top\" width=\"194\">Potencia de Salida Est\u00e1ndar<\/td>\n<td valign=\"top\" width=\"420\">500W, 1000W, 1400W, 1800W, 2200W, 2600W<\/td>\n<\/tr>\n<tr>\n<td valign=\"top\" width=\"194\">Voltaje de Entrada<\/td>\n<td valign=\"top\" width=\"420\">220V ~ 230Vac \u00b110% \/ 110V ~ 130Vac \u00b110%<\/td>\n<\/tr>\n<tr>\n<td valign=\"top\" width=\"194\">Frecuencia de Operaci\u00f3n<\/td>\n<td valign=\"top\" width=\"420\">15KHz, 20KHz, 30KHz, 35KHz, 38KHz<\/td>\n<\/tr>\n<tr>\n<td valign=\"top\" width=\"194\">Indicaci\u00f3n<\/td>\n<td valign=\"top\" width=\"420\">\n<ul>\n<li>Indicaci\u00f3n de p\u00e9rdida de amplitud de potencia. Indicaci\u00f3n de sobrecarga de amplitud.<\/li>\n<li>Indicaci\u00f3n de encendido\/apagado de potencia.<\/li>\n<\/ul>\n<\/td>\n<\/tr>\n<tr>\n<td valign=\"top\" width=\"194\">Protecci\u00f3n contra Sobrecarga<\/td>\n<td valign=\"top\" width=\"420\">\n<ul>\n<li>Sobrecarga t\u00e9rmica<\/li>\n<li>Sobrecarga de corriente<\/li>\n<li>Sobretensi\u00f3n<\/li>\n<\/ul>\n<\/td>\n<\/tr>\n<tr>\n<td valign=\"top\" width=\"194\">Configuraci\u00f3n de Control<\/td>\n<td valign=\"top\" width=\"420\">\n<ul>\n<li>Temporizador digital para control del tiempo de soldadura. Temporizador digital para control del tiempo de mantenimiento.<\/li>\n<li>Temporizador digital para control del tiempo de retardo. Bot\u00f3n de verificaci\u00f3n de frecuencia.<\/li>\n<li>Perilla de ajuste de sintonizaci\u00f3n de frecuencia.<\/li>\n<\/ul>\n<\/td>\n<\/tr>\n<tr>\n<td valign=\"top\" width=\"194\">Temperatura de Operaci\u00f3n<\/td>\n<td valign=\"top\" width=\"420\">0 ~ 50\u2103<\/td>\n<\/tr>\n<tr>\n<td valign=\"top\" width=\"194\">Humedad de Operaci\u00f3n<\/td>\n<td valign=\"top\" width=\"420\">0 ~ 80%<\/td>\n<\/tr>\n<tr>\n<td valign=\"top\" width=\"194\">Peso<\/td>\n<td valign=\"top\" width=\"420\">32kg<\/td>\n<\/tr>\n<\/tbody>\n<\/table>\n<p><img loading=\"lazy\" decoding=\"async\" class=\"alignnone size-full wp-image-5271\" src=\"\/\/www.bjultrasonic.com\/wp-content\/uploads\/2013\/05\/Ultrasonic-Welding-Generator1.jpg\" alt=\"Generador de Soldadura Ultras\u00f3nica\" width=\"558\" height=\"334\" \/><\/p>\n<p>Una de las t\u00e9cnicas famosas a nivel industrial es la soldadura ultras\u00f3nica, en la cual se aplican vibraciones de alta frecuencia, bajo alta presi\u00f3n, a las piezas de material que necesitan unirse o fusionarse \u00edntimamente. De esta manera se prepara una nueva soldadura. Este m\u00e9todo se utiliza para pl\u00e1sticos y materiales de naturaleza diferente. En esta t\u00e9cnica moderna, no se necesitar\u00edan tuercas, tornillos o materiales de soldadura para unir las piezas.<\/p>\n<p><iframe loading=\"lazy\" title=\"Ultrasonic Metal Welding - Beijing Ultrasonic\" width=\"500\" height=\"281\" src=\"https:\/\/www.youtube.com\/embed\/vjeLMI_nqdA?feature=oembed\" frameborder=\"0\" allow=\"accelerometer; autoplay; clipboard-write; encrypted-media; gyroscope; picture-in-picture; web-share\" referrerpolicy=\"strict-origin-when-cross-origin\" allowfullscreen><\/iframe><\/p>\n<p>La habilidad de la soldadura ultras\u00f3nica se utiliza ampliamente en varios campos. Una de las principales utilizaciones es soldar termopl\u00e1sticos en las industrias de alimentos, textiles, qu\u00edmicos, petr\u00f3leo y agua. Tambi\u00e9n tiene un amplio uso en el desperdicio de materiales y en la soldadura y perforaci\u00f3n de metales. Los dispositivos de potencia ultras\u00f3nica tambi\u00e9n se utilizan en los inversores. Hoy en d\u00eda, los dise\u00f1os de circuitos han mejorado; se han desarrollado nuevas topolog\u00edas y los dispositivos de potencia ultras\u00f3nica se han hecho m\u00e1s confiables. La adaptabilidad de la carga se ha mejorado y la consistencia del producto tambi\u00e9n es mejor. La eficiencia energ\u00e9tica tambi\u00e9n es un hito inolvidable junto con la reducci\u00f3n del volumen de los aparatos. Tambi\u00e9n se logra el escaneo autom\u00e1tico, la detecci\u00f3n y el seguimiento de frecuencia. La protecci\u00f3n y detecci\u00f3n de fallas tambi\u00e9n est\u00e1 automatizada. El ajuste de potencia e impedancia tambi\u00e9n es posible. El di\u00e1logo hombre-m\u00e1quina, las actualizaciones de software y otras funciones tambi\u00e9n se han desarrollado.<\/p>\n<h3>Principios de la Soldadura Ultras\u00f3nica<\/h3>\n<p><img loading=\"lazy\" decoding=\"async\" class=\"size-full wp-image-1578 alignnone\" title=\"Principios de la Soldadura Ultras\u00f3nica\" src=\"\/\/www.bjultrasonic.com\/wp-content\/uploads\/2012\/08\/Principles-of-Ultrasonic-Welding.jpg\" alt=\"Principios de la Soldadura Ultras\u00f3nica\" width=\"573\" height=\"266\" \/><\/p>\n<p><strong>El equipo de soldadura ultras\u00f3nica<\/strong> consiste en una prensa, <strong>Generador de Soldadura Ultras\u00f3nica<\/strong>, <a href=\"https:\/\/www.bjultrasonic.com\/es\/shop\/ultrasonic-welding-transducer\/\" target=\"_blank\" rel=\"noopener\">Transductor de Soldadura Ultras\u00f3nica<\/a>, <a href=\"https:\/\/www.bjultrasonic.com\/es\/shop\/ultrasonic-horn\/\" target=\"_blank\" rel=\"noopener\">Cuerno Ultras\u00f3nico<\/a>, y herramientas de soporte de componentes y amplificador.<\/p>\n<h3>Caracter\u00edsticas del Generador de Soldadura Ultras\u00f3nica:<\/h3>\n<ul>\n<li>Seguimiento autom\u00e1tico de frecuencia (tambi\u00e9n disponible ajuste manual)<\/li>\n<li>Funci\u00f3n de doble protecci\u00f3n para carga excesiva, con falla del transductor.<\/li>\n<li>La potencia de salida se ajusta de acuerdo con la carga<\/li>\n<li>Tambi\u00e9n se implementan transductores con diferentes par\u00e1metros<\/li>\n<li>Doble lubricaci\u00f3n y organizaci\u00f3n vertical<\/li>\n<\/ul>\n<h3>Pago<\/h3>\n<p>Aceptamos Paypal, Transferencia Bancaria (T\/T) y Western Union.<\/p>\n<h3 class=\"shipping-methods\">Env\u00edo<\/h3>\n<p>Los bienes ser\u00e1n enviados dentro de las 48 horas posteriores a recibir el pago completo.<\/p>\n<ul>\n<li>Enviamos los bienes a la direcci\u00f3n proporcionada en el pago de PayPal. Por favor, aseg\u00farese de que la direcci\u00f3n en PayPal sea correcta.<\/li>\n<li>Le daremos el n\u00famero de seguimiento despu\u00e9s de enviar los bienes; en general, recibir\u00e1 los bienes dentro de cinco d\u00edas.<\/li>\n<li>Si tiene alguna pregunta, por favor cont\u00e1ctenos por correo electr\u00f3nico (nuestra direcci\u00f3n de correo es <a href=\"mailto:support@bjultrasonic.com\">support@bjultrasonic.com<\/a>)<\/li>\n<\/ul>\n<h3 align=\"left\">Garant\u00eda del Producto<\/h3>\n<p>El per\u00edodo de garant\u00eda del producto es de un a\u00f1o. Dentro del per\u00edodo de garant\u00eda, los productos comprados pueden disfrutar de mantenimiento gratuito o intercambio.<\/p>\n","protected":false},"excerpt":{"rendered":"<p>El Generador de Soldadura Ultras\u00f3nica es utilizado por una variedad de productos de calidad, por ejemplo, la m\u00e1quina de soldadura termopl\u00e1stica, soldadura por puntos, piezas de m\u00e1quinas de mosaico entre metal y pl\u00e1stico, m\u00e1quina ultras\u00f3nica, amoladora ultras\u00f3nica y procesador de pl\u00e1stico ultras\u00f3nico. Especificaciones del Generador de Soldadura Ultras\u00f3nica Potencia de Salida Est\u00e1ndar 500W, 1000W, 1400W,<\/p>\n","protected":false},"featured_media":42271,"comment_status":"open","ping_status":"closed","template":"","meta":[],"product_brand":[],"product_cat":[5620],"product_tag":[],"class_list":{"0":"post-68363","1":"product","2":"type-product","3":"status-publish","4":"has-post-thumbnail","6":"product_cat-ultrasonic-welding-equipment-es","8":"first","9":"instock","10":"shipping-taxable","11":"product-type-external","12":"prodpage-classic"},"aioseo_notices":[],"_links":{"self":[{"href":"https:\/\/www.bjultrasonic.com\/es\/wp-json\/wp\/v2\/product\/68363","targetHints":{"allow":["GET"]}}],"collection":[{"href":"https:\/\/www.bjultrasonic.com\/es\/wp-json\/wp\/v2\/product"}],"about":[{"href":"https:\/\/www.bjultrasonic.com\/es\/wp-json\/wp\/v2\/types\/product"}],"replies":[{"embeddable":true,"href":"https:\/\/www.bjultrasonic.com\/es\/wp-json\/wp\/v2\/comments?post=68363"}],"wp:featuredmedia":[{"embeddable":true,"href":"https:\/\/www.bjultrasonic.com\/es\/wp-json\/wp\/v2\/media\/42271"}],"wp:attachment":[{"href":"https:\/\/www.bjultrasonic.com\/es\/wp-json\/wp\/v2\/media?parent=68363"}],"wp:term":[{"taxonomy":"product_brand","embeddable":true,"href":"https:\/\/www.bjultrasonic.com\/es\/wp-json\/wp\/v2\/product_brand?post=68363"},{"taxonomy":"product_cat","embeddable":true,"href":"https:\/\/www.bjultrasonic.com\/es\/wp-json\/wp\/v2\/product_cat?post=68363"},{"taxonomy":"product_tag","embeddable":true,"href":"https:\/\/www.bjultrasonic.com\/es\/wp-json\/wp\/v2\/product_tag?post=68363"}],"curies":[{"name":"wp","href":"https:\/\/api.w.org\/{rel}","templated":true}]}}